{"id":733,"date":"2021-09-17T12:20:38","date_gmt":"2021-09-17T10:20:38","guid":{"rendered":"https:\/\/www.chu-tours.fr\/vieillissement\/?page_id=733"},"modified":"2021-09-17T13:01:06","modified_gmt":"2021-09-17T11:01:06","slug":"actualites-1er-salon-des-seniors-de-tours","status":"publish","type":"page","link":"https:\/\/www.chu-tours.fr\/vieillissement\/actualites-1er-salon-des-seniors-de-tours\/","title":{"rendered":"Actualit\u00e9s &#8211; 1er Salon des s\u00e9niors de Tours"},"content":{"rendered":"\t\t<div data-elementor-type=\"wp-page\" data-elementor-id=\"733\" class=\"elementor elementor-733\" data-elementor-post-type=\"page\">\n\t\t\t\t\t\t<section class=\"elementor-section elementor-top-section elementor-element elementor-element-0622968 elementor-section-boxed elementor-section-height-default elementor-section-height-default\" data-id=\"0622968\" data-element_type=\"section\">\n\t\t\t\t\t\t<div class=\"elementor-container elementor-column-gap-default\">\n\t\t\t\t\t<div class=\"elementor-column elementor-col-100 elementor-top-column elementor-element elementor-element-18c0862\" data-id=\"18c0862\" data-element_type=\"column\">\n\t\t\t<div class=\"elementor-widget-wrap elementor-element-populated\">\n\t\t\t\t\t\t<div class=\"elementor-element elementor-element-4bc138b elementor-widget elementor-widget-text-editor\" data-id=\"4bc138b\" data-element_type=\"widget\" data-widget_type=\"text-editor.default\">\n\t\t\t\t<div class=\"elementor-widget-container\">\n\t\t\t\t\t\t\t<blockquote><p>L\u2019ERVMA pr\u00e9sent au 1er salon des s\u00e9niors de Tours du 8 au 10 Octobre au parc des expositions.<\/p><\/blockquote>\t\t\t\t\t\t<\/div>\n\t\t\t\t<\/div>\n\t\t\t\t\t<\/div>\n\t\t<\/div>\n\t\t\t\t\t<\/div>\n\t\t<\/section>\n\t\t\t\t<section class=\"elementor-section elementor-top-section elementor-element elementor-element-35cafa2 elementor-section-boxed elementor-section-height-default elementor-section-height-default\" data-id=\"35cafa2\" data-element_type=\"section\">\n\t\t\t\t\t\t<div class=\"elementor-container elementor-column-gap-default\">\n\t\t\t\t\t<div class=\"elementor-column elementor-col-100 elementor-top-column elementor-element elementor-element-0736137\" data-id=\"0736137\" data-element_type=\"column\">\n\t\t\t<div class=\"elementor-widget-wrap elementor-element-populated\">\n\t\t\t\t\t\t<div class=\"elementor-element elementor-element-a22616e elementor-widget elementor-widget-text-editor\" data-id=\"a22616e\" data-element_type=\"widget\" data-widget_type=\"text-editor.default\">\n\t\t\t\t<div class=\"elementor-widget-container\">\n\t\t\t\t\t\t\t<p><span style=\"font-size: 14pt;\">\u00c0 cette occasion, l\u2019ERVMA animera deux ateliers, sur l\u2019\u00e2gisme et sur les proches aidants en partenariat avec la plateforme de r\u00e9pit bulle d\u2019R<\/span><br \/><span style=\"font-size: 14pt;\">et le Pr Foug\u00e8re, g\u00e9riatre, Chef du p\u00f4le interhospitalier Vieillissement interviendra pour une allocution sur le bien vieillir.<\/span><\/p><ul><li><a href=\"https:\/\/senior-attitude.fr\/\" target=\"_blank\" rel=\"noopener\">https:\/\/senior-attitude.fr\/<\/a>.<\/li><\/ul>\t\t\t\t\t\t<\/div>\n\t\t\t\t<\/div>\n\t\t\t\t\t<\/div>\n\t\t<\/div>\n\t\t\t\t\t<\/div>\n\t\t<\/section>\n\t\t\t\t<section class=\"elementor-section elementor-top-section elementor-element elementor-element-adb4840 elementor-section-boxed elementor-section-height-default elementor-section-height-default\" data-id=\"adb4840\" data-element_type=\"section\">\n\t\t\t\t\t\t<div class=\"elementor-container elementor-column-gap-default\">\n\t\t\t\t\t<div class=\"elementor-column elementor-col-100 elementor-top-column elementor-element elementor-element-7ba4705\" data-id=\"7ba4705\" data-element_type=\"column\">\n\t\t\t<div class=\"elementor-widget-wrap elementor-element-populated\">\n\t\t\t\t\t\t<div class=\"elementor-element elementor-element-c086c6d elementor-widget elementor-widget-image\" data-id=\"c086c6d\" data-element_type=\"widget\" data-widget_type=\"image.default\">\n\t\t\t\t<div class=\"elementor-widget-container\">\n\t\t\t\t\t\t\t\t\t\t\t\t\t\t<a href=\"https:\/\/www.chu-tours.fr\/vieillissement\/wp-content\/uploads\/sites\/11\/2021\/09\/salon-senior-affiche.jpg\" data-elementor-open-lightbox=\"yes\" data-elementor-lightbox-title=\"salon-senior-affiche\" data-e-action-hash=\"#elementor-action%3Aaction%3Dlightbox%26settings%3DeyJpZCI6NzQ5LCJ1cmwiOiJodHRwczpcL1wvd3d3LmNodS10b3Vycy5mclwvdmllaWxsaXNzZW1lbnRcL3dwLWNvbnRlbnRcL3VwbG9hZHNcL3NpdGVzXC8xMVwvMjAyMVwvMDlcL3NhbG9uLXNlbmlvci1hZmZpY2hlLmpwZyJ9\">\n\t\t\t\t\t\t\t<img fetchpriority=\"high\" decoding=\"async\" width=\"235\" height=\"300\" src=\"https:\/\/www.chu-tours.fr\/vieillissement\/wp-content\/uploads\/sites\/11\/2021\/09\/salon-senior-affiche-235x300.jpg\" class=\"attachment-medium size-medium wp-image-749\" alt=\"1er Salon des s\u00e9niors de Tours\" srcset=\"https:\/\/www.chu-tours.fr\/vieillissement\/wp-content\/uploads\/sites\/11\/2021\/09\/salon-senior-affiche-235x300.jpg 235w, https:\/\/www.chu-tours.fr\/vieillissement\/wp-content\/uploads\/sites\/11\/2021\/09\/salon-senior-affiche.jpg 716w\" sizes=\"(max-width: 235px) 100vw, 235px\" \/>\t\t\t\t\t\t\t\t<\/a>\n\t\t\t\t\t\t\t\t\t\t\t\t\t<\/div>\n\t\t\t\t<\/div>\n\t\t\t\t\t<\/div>\n\t\t<\/div>\n\t\t\t\t\t<\/div>\n\t\t<\/section>\n\t\t\t\t<\/div>\n\t\t","protected":false},"excerpt":{"rendered":"<p>L\u2019ERVMA pr\u00e9sent au 1er salon des s\u00e9niors de Tours du 8 au 10 Octobre au parc des expositions. \u00c0 cette occasion, l\u2019ERVMA animera deux ateliers, sur l\u2019\u00e2gisme et sur les proches aidants en partenariat avec la plateforme de r\u00e9pit bulle d\u2019Ret le Pr Foug\u00e8re, g\u00e9riatre, Chef du p\u00f4le interhospitalier Vieillissement interviendra pour une allocution sur [&hellip;]<\/p>\n","protected":false},"author":4,"featured_media":750,"parent":0,"menu_order":0,"comment_status":"closed","ping_status":"closed","template":"","meta":{"_seopress_robots_primary_cat":"","_seopress_titles_title":"Actualit\u00e9s - 1er salon des s\u00e9niors de Tours","_seopress_titles_desc":"Les actualit\u00e9s du p\u00f4le Vieillissement. Le 1er salon des s\u00e9niors de Tours se d\u00e9roulera du 8 au 10 octobre 2021 au parc des expositions.","_seopress_robots_index":"","_exactmetrics_skip_tracking":false,"_exactmetrics_sitenote_active":false,"_exactmetrics_sitenote_note":"","_exactmetrics_sitenote_category":0,"_genesis_hide_title":false,"_genesis_hide_breadcrumbs":false,"_genesis_hide_singular_image":false,"_genesis_hide_footer_widgets":false,"_genesis_custom_body_class":"","_genesis_custom_post_class":"","_genesis_layout":"","footnotes":""},"publishpress_future_action":{"enabled":false,"date":"2026-04-24 08:43:22","action":"change-status","newStatus":"draft","terms":[],"taxonomy":""},"_links":{"self":[{"href":"https:\/\/www.chu-tours.fr\/vieillissement\/wp-json\/wp\/v2\/pages\/733"}],"collection":[{"href":"https:\/\/www.chu-tours.fr\/vieillissement\/wp-json\/wp\/v2\/pages"}],"about":[{"href":"https:\/\/www.chu-tours.fr\/vieillissement\/wp-json\/wp\/v2\/types\/page"}],"author":[{"embeddable":true,"href":"https:\/\/www.chu-tours.fr\/vieillissement\/wp-json\/wp\/v2\/users\/4"}],"replies":[{"embeddable":true,"href":"https:\/\/www.chu-tours.fr\/vieillissement\/wp-json\/wp\/v2\/comments?post=733"}],"version-history":[{"count":11,"href":"https:\/\/www.chu-tours.fr\/vieillissement\/wp-json\/wp\/v2\/pages\/733\/revisions"}],"predecessor-version":[{"id":774,"href":"https:\/\/www.chu-tours.fr\/vieillissement\/wp-json\/wp\/v2\/pages\/733\/revisions\/774"}],"wp:featuredmedia":[{"embeddable":true,"href":"https:\/\/www.chu-tours.fr\/vieillissement\/wp-json\/wp\/v2\/media\/750"}],"wp:attachment":[{"href":"https:\/\/www.chu-tours.fr\/vieillissement\/wp-json\/wp\/v2\/media?parent=733"}],"curies":[{"name":"wp","href":"https:\/\/api.w.org\/{rel}","templated":true}]}}