{"id":730,"date":"2021-09-17T12:19:00","date_gmt":"2021-09-17T10:19:00","guid":{"rendered":"https:\/\/www.chu-tours.fr\/vieillissement\/?page_id=730"},"modified":"2021-09-20T16:03:05","modified_gmt":"2021-09-20T14:03:05","slug":"actualites-la-semaine-bleue","status":"publish","type":"page","link":"https:\/\/www.chu-tours.fr\/vieillissement\/actualites-la-semaine-bleue\/","title":{"rendered":"Actualit\u00e9s &#8211; La semaine bleue"},"content":{"rendered":"\t\t<div data-elementor-type=\"wp-page\" data-elementor-id=\"730\" class=\"elementor elementor-730\" data-elementor-post-type=\"page\">\n\t\t\t\t\t\t<section class=\"elementor-section elementor-top-section elementor-element elementor-element-6404394 elementor-section-boxed elementor-section-height-default elementor-section-height-default\" data-id=\"6404394\" data-element_type=\"section\">\n\t\t\t\t\t\t<div class=\"elementor-container elementor-column-gap-default\">\n\t\t\t\t\t<div class=\"elementor-column elementor-col-100 elementor-top-column elementor-element elementor-element-5160108\" data-id=\"5160108\" data-element_type=\"column\">\n\t\t\t<div class=\"elementor-widget-wrap elementor-element-populated\">\n\t\t\t\t\t\t<div class=\"elementor-element elementor-element-a313a44 elementor-widget elementor-widget-text-editor\" data-id=\"a313a44\" data-element_type=\"widget\" data-widget_type=\"text-editor.default\">\n\t\t\t\t<div class=\"elementor-widget-container\">\n\t\t\t\t\t\t\t<blockquote><p><strong>Du 4 au 10 octobre<\/strong>, l\u2019\u00c9quipe R\u00e9gionale Vieillissement et Maintien de l\u2019Autonomie participe \u00e0 la Semaine bleue, l\u2019occasion de mettre \u00e0 l\u2019honneur les a\u00een\u00e9s et de renforcer les liens entre g\u00e9n\u00e9rations.<\/p><\/blockquote>\t\t\t\t\t\t<\/div>\n\t\t\t\t<\/div>\n\t\t\t\t\t<\/div>\n\t\t<\/div>\n\t\t\t\t\t<\/div>\n\t\t<\/section>\n\t\t\t\t<section class=\"elementor-section elementor-top-section elementor-element elementor-element-c6c2627 elementor-section-boxed elementor-section-height-default elementor-section-height-default\" data-id=\"c6c2627\" data-element_type=\"section\">\n\t\t\t\t\t\t<div class=\"elementor-container elementor-column-gap-default\">\n\t\t\t\t\t<div class=\"elementor-column elementor-col-100 elementor-top-column elementor-element elementor-element-7013129\" data-id=\"7013129\" data-element_type=\"column\">\n\t\t\t<div class=\"elementor-widget-wrap elementor-element-populated\">\n\t\t\t\t\t\t<div class=\"elementor-element elementor-element-6a54e3c elementor-widget elementor-widget-text-editor\" data-id=\"6a54e3c\" data-element_type=\"widget\" data-widget_type=\"text-editor.default\">\n\t\t\t\t<div class=\"elementor-widget-container\">\n\t\t\t\t\t\t\t<p><span style=\"font-size: 14pt;\"><strong>Le projet \u00ab Une cr\u00e9ation pour nos a\u00een\u00e9s \u00bb<\/strong><\/span><br \/><span style=\"font-size: 14pt;\">L\u2019ERVMA propose \u00e0 tous d\u2019offrir un dessin, une peinture ou un message \u00e0 un patient \u00e2g\u00e9 hospitalis\u00e9 au CHRU ou r\u00e9sident de l\u2019EHPAD. L\u2019objectif : \u00e9gayer le quotidien des personnes \u00e2g\u00e9es et leur rappeler que le grand<\/span><br \/><span style=\"font-size: 14pt;\">public a conscience de son importance. cette initiative simple et gratuite trouve tout naturellement sa place dans les nombreuses actions que les professionnels du grand \u00e2ge m\u00e8nent toute l\u2019ann\u00e9e pour destigmatiser la vieillesse et les personnes \u00e2g\u00e9es.<\/span><\/p><p><span style=\"font-size: 14pt;\">Quelques mots, un dessin &#8230; les r\u00e9alisations du public sont \u00e0 adresser au secr\u00e9tariat de l\u2019ERVMA<span style=\"color: #ed1164;\">*<\/span> et seront offertes aux patients et r\u00e9sidents.<\/span><\/p><p><span style=\"font-size: 14pt;\">Parmi les plus belles r\u00e9alisations, certaines seront reproduites pour \u00eatre affich\u00e9es dans les services g\u00e9riatriques du CHRU.<\/span><\/p><p><strong><span style=\"color: #ed1164;\">*<\/span>Les cr\u00e9ations sont \u00e0 adresser \u00e0 :<\/strong><\/p><ul><li>ERVMA &#8211; P\u00f4le G\u00e9riatrie &#8211; CHRU de Tours &#8211; 37044 Tours cedex 9<\/li><li><a href=\"mailto:contact@ervma.fr\">contact@ervma.fr<\/a><\/li><\/ul>\t\t\t\t\t\t<\/div>\n\t\t\t\t<\/div>\n\t\t\t\t\t<\/div>\n\t\t<\/div>\n\t\t\t\t\t<\/div>\n\t\t<\/section>\n\t\t\t\t<section class=\"elementor-section elementor-top-section elementor-element elementor-element-79f3e79 elementor-section-boxed elementor-section-height-default elementor-section-height-default\" data-id=\"79f3e79\" data-element_type=\"section\">\n\t\t\t\t\t\t<div class=\"elementor-container elementor-column-gap-default\">\n\t\t\t\t\t<div class=\"elementor-column elementor-col-100 elementor-top-column elementor-element elementor-element-45a790e\" data-id=\"45a790e\" data-element_type=\"column\">\n\t\t\t<div class=\"elementor-widget-wrap elementor-element-populated\">\n\t\t\t\t\t\t<div class=\"elementor-element elementor-element-13c023a elementor-widget elementor-widget-image\" data-id=\"13c023a\" data-element_type=\"widget\" data-widget_type=\"image.default\">\n\t\t\t\t<div class=\"elementor-widget-container\">\n\t\t\t\t\t\t\t\t\t\t\t\t\t\t<a href=\"https:\/\/www.chu-tours.fr\/vieillissement\/wp-content\/uploads\/sites\/11\/2021\/09\/semaine-bleue-affiche_2021.jpg\" data-elementor-open-lightbox=\"yes\" data-elementor-lightbox-title=\"semaine-bleue-affiche_2021\" data-e-action-hash=\"#elementor-action%3Aaction%3Dlightbox%26settings%3DeyJpZCI6NzQ4LCJ1cmwiOiJodHRwczpcL1wvd3d3LmNodS10b3Vycy5mclwvdmllaWxsaXNzZW1lbnRcL3dwLWNvbnRlbnRcL3VwbG9hZHNcL3NpdGVzXC8xMVwvMjAyMVwvMDlcL3NlbWFpbmUtYmxldWUtYWZmaWNoZV8yMDIxLmpwZyJ9\">\n\t\t\t\t\t\t\t<img fetchpriority=\"high\" decoding=\"async\" width=\"212\" height=\"300\" src=\"https:\/\/www.chu-tours.fr\/vieillissement\/wp-content\/uploads\/sites\/11\/2021\/09\/semaine-bleue-affiche_2021-212x300.jpg\" class=\"attachment-medium size-medium wp-image-748\" alt=\"4 au 10 octobre, l\u2019Equipe R\u00e9gionale Vieillissement et Maintien de l\u2019Autonomie participe \u00e0 la Semaine bleue\" srcset=\"https:\/\/www.chu-tours.fr\/vieillissement\/wp-content\/uploads\/sites\/11\/2021\/09\/semaine-bleue-affiche_2021-212x300.jpg 212w, https:\/\/www.chu-tours.fr\/vieillissement\/wp-content\/uploads\/sites\/11\/2021\/09\/semaine-bleue-affiche_2021.jpg 424w\" sizes=\"(max-width: 212px) 100vw, 212px\" \/>\t\t\t\t\t\t\t\t<\/a>\n\t\t\t\t\t\t\t\t\t\t\t\t\t<\/div>\n\t\t\t\t<\/div>\n\t\t\t\t\t<\/div>\n\t\t<\/div>\n\t\t\t\t\t<\/div>\n\t\t<\/section>\n\t\t\t\t<\/div>\n\t\t","protected":false},"excerpt":{"rendered":"<p>Du 4 au 10 octobre, l\u2019\u00c9quipe R\u00e9gionale Vieillissement et Maintien de l\u2019Autonomie participe \u00e0 la Semaine bleue, l\u2019occasion de mettre \u00e0 l\u2019honneur les a\u00een\u00e9s et de renforcer les liens entre g\u00e9n\u00e9rations. Le projet \u00ab Une cr\u00e9ation pour nos a\u00een\u00e9s \u00bb L\u2019ERVMA propose \u00e0 tous d\u2019offrir un dessin, une peinture ou un message \u00e0 un patient [&hellip;]<\/p>\n","protected":false},"author":4,"featured_media":784,"parent":0,"menu_order":0,"comment_status":"closed","ping_status":"closed","template":"","meta":{"_seopress_robots_primary_cat":"","_seopress_titles_title":"Actualit\u00e9s - La semaine bleue","_seopress_titles_desc":"Les actualit\u00e9s du p\u00f4le Vieillissement. 4 au 10 octobre, l\u2019\u00c9quipe R\u00e9gionale Vieillissement et Maintien de l\u2019Autonomie participe \u00e0 la Semaine bleue.","_seopress_robots_index":"","_exactmetrics_skip_tracking":false,"_exactmetrics_sitenote_active":false,"_exactmetrics_sitenote_note":"","_exactmetrics_sitenote_category":0,"_genesis_hide_title":false,"_genesis_hide_breadcrumbs":false,"_genesis_hide_singular_image":false,"_genesis_hide_footer_widgets":false,"_genesis_custom_body_class":"","_genesis_custom_post_class":"","_genesis_layout":"","footnotes":""},"publishpress_future_action":{"enabled":false,"date":"2026-04-24 06:19:14","action":"change-status","newStatus":"draft","terms":[],"taxonomy":""},"_links":{"self":[{"href":"https:\/\/www.chu-tours.fr\/vieillissement\/wp-json\/wp\/v2\/pages\/730"}],"collection":[{"href":"https:\/\/www.chu-tours.fr\/vieillissement\/wp-json\/wp\/v2\/pages"}],"about":[{"href":"https:\/\/www.chu-tours.fr\/vieillissement\/wp-json\/wp\/v2\/types\/page"}],"author":[{"embeddable":true,"href":"https:\/\/www.chu-tours.fr\/vieillissement\/wp-json\/wp\/v2\/users\/4"}],"replies":[{"embeddable":true,"href":"https:\/\/www.chu-tours.fr\/vieillissement\/wp-json\/wp\/v2\/comments?post=730"}],"version-history":[{"count":11,"href":"https:\/\/www.chu-tours.fr\/vieillissement\/wp-json\/wp\/v2\/pages\/730\/revisions"}],"predecessor-version":[{"id":785,"href":"https:\/\/www.chu-tours.fr\/vieillissement\/wp-json\/wp\/v2\/pages\/730\/revisions\/785"}],"wp:featuredmedia":[{"embeddable":true,"href":"https:\/\/www.chu-tours.fr\/vieillissement\/wp-json\/wp\/v2\/media\/784"}],"wp:attachment":[{"href":"https:\/\/www.chu-tours.fr\/vieillissement\/wp-json\/wp\/v2\/media?parent=730"}],"curies":[{"name":"wp","href":"https:\/\/api.w.org\/{rel}","templated":true}]}}