{"id":726,"date":"2021-09-17T12:06:39","date_gmt":"2021-09-17T10:06:39","guid":{"rendered":"https:\/\/www.chu-tours.fr\/vieillissement\/?page_id=726"},"modified":"2024-09-25T11:14:58","modified_gmt":"2024-09-25T09:14:58","slug":"actualites-du-pole-vieillissement","status":"publish","type":"page","link":"https:\/\/www.chu-tours.fr\/vieillissement\/actualites-du-pole-vieillissement\/","title":{"rendered":"Actualit\u00e9s du p\u00f4le Vieillissement"},"content":{"rendered":"\t\t<div data-elementor-type=\"wp-page\" data-elementor-id=\"726\" class=\"elementor elementor-726\" data-elementor-post-type=\"page\">\n\t\t\t\t\t\t<section class=\"elementor-section elementor-top-section elementor-element elementor-element-bc38e16 elementor-section-boxed elementor-section-height-default elementor-section-height-default\" data-id=\"bc38e16\" data-element_type=\"section\">\n\t\t\t\t\t\t<div class=\"elementor-container elementor-column-gap-default\">\n\t\t\t\t\t<div class=\"elementor-column elementor-col-100 elementor-top-column elementor-element elementor-element-d18dc79\" data-id=\"d18dc79\" data-element_type=\"column\">\n\t\t\t<div class=\"elementor-widget-wrap elementor-element-populated\">\n\t\t\t\t\t\t<div class=\"elementor-element elementor-element-d26faa6 elementor-view-default elementor-widget elementor-widget-icon\" data-id=\"d26faa6\" data-element_type=\"widget\" data-widget_type=\"icon.default\">\n\t\t\t\t<div class=\"elementor-widget-container\">\n\t\t\t\t\t<div class=\"elementor-icon-wrapper\">\n\t\t\t<div class=\"elementor-icon\">\n\t\t\t<i aria-hidden=\"true\" class=\"far fa-newspaper\"><\/i>\t\t\t<\/div>\n\t\t<\/div>\n\t\t\t\t<\/div>\n\t\t\t\t<\/div>\n\t\t\t\t<div class=\"elementor-element elementor-element-c755f7f elementor-widget elementor-widget-heading\" data-id=\"c755f7f\" data-element_type=\"widget\" data-widget_type=\"heading.default\">\n\t\t\t\t<div class=\"elementor-widget-container\">\n\t\t\t<h2 class=\"elementor-heading-title elementor-size-default\">Les actualit\u00e9s du P\u00f4le Vieillissement du CHRU de Tours<\/h2>\t\t<\/div>\n\t\t\t\t<\/div>\n\t\t\t\t<div class=\"elementor-element elementor-element-be13898 elementor-grid-2 elementor-grid-tablet-2 elementor-grid-mobile-1 elementor-posts--thumbnail-top elementor-posts--show-avatar elementor-card-shadow-yes elementor-posts__hover-gradient elementor-invisible elementor-widget elementor-widget-posts\" data-id=\"be13898\" data-element_type=\"widget\" data-settings=\"{&quot;pagination_type&quot;:&quot;prev_next&quot;,&quot;cards_masonry&quot;:&quot;yes&quot;,&quot;_animation&quot;:&quot;fadeInDown&quot;,&quot;cards_columns&quot;:&quot;2&quot;,&quot;cards_columns_tablet&quot;:&quot;2&quot;,&quot;cards_columns_mobile&quot;:&quot;1&quot;,&quot;cards_row_gap&quot;:{&quot;unit&quot;:&quot;px&quot;,&quot;size&quot;:35,&quot;sizes&quot;:[]},&quot;cards_row_gap_tablet&quot;:{&quot;unit&quot;:&quot;px&quot;,&quot;size&quot;:&quot;&quot;,&quot;sizes&quot;:[]},&quot;cards_row_gap_mobile&quot;:{&quot;unit&quot;:&quot;px&quot;,&quot;size&quot;:&quot;&quot;,&quot;sizes&quot;:[]}}\" data-widget_type=\"posts.cards\">\n\t\t\t\t<div class=\"elementor-widget-container\">\n\t\t\t\t\t<div class=\"elementor-posts-container elementor-posts elementor-posts--skin-cards elementor-grid\">\n\t\t\t\t<article class=\"elementor-post elementor-grid-item post-1236 page type-page status-publish has-post-thumbnail entry\">\n\t\t\t<div class=\"elementor-post__card\">\n\t\t\t\t<a class=\"elementor-post__thumbnail__link\" href=\"https:\/\/www.chu-tours.fr\/vieillissement\/1-2-avril-2026-7e-journees-vieillissement-et-maintien-de-lautonomie\/\" tabindex=\"-1\" target=\"_blank\"><div class=\"elementor-post__thumbnail\"><img decoding=\"async\" width=\"300\" height=\"165\" src=\"https:\/\/www.chu-tours.fr\/vieillissement\/wp-content\/uploads\/sites\/11\/2025\/12\/JVMA26_510x281-300x165.png\" class=\"attachment-medium size-medium wp-image-2743\" alt=\"Journ\u00e9es Vieillissement &amp; Maintien de l&#039;Autonomie\" srcset=\"https:\/\/www.chu-tours.fr\/vieillissement\/wp-content\/uploads\/sites\/11\/2025\/12\/JVMA26_510x281-300x165.png 300w, https:\/\/www.chu-tours.fr\/vieillissement\/wp-content\/uploads\/sites\/11\/2025\/12\/JVMA26_510x281-490x270.png 490w, https:\/\/www.chu-tours.fr\/vieillissement\/wp-content\/uploads\/sites\/11\/2025\/12\/JVMA26_510x281.png 510w\" sizes=\"(max-width: 300px) 100vw, 300px\" \/><\/div><\/a>\n\t\t\t\t<div class=\"elementor-post__avatar\">\n\t\t\t<img alt='Thierry HENIN' src='https:\/\/secure.gravatar.com\/avatar\/c898b75024df620eaa5026c58e5ba772?s=128&#038;d=mm&#038;r=g' srcset='https:\/\/secure.gravatar.com\/avatar\/c898b75024df620eaa5026c58e5ba772?s=256&#038;d=mm&#038;r=g 2x' class='avatar avatar-128 photo' height='128' width='128' \/>\t\t<\/div>\n\t\t\t\t<div class=\"elementor-post__text\">\n\t\t\t\t<h3 class=\"elementor-post__title\">\n\t\t\t<a href=\"https:\/\/www.chu-tours.fr\/vieillissement\/1-2-avril-2026-7e-journees-vieillissement-et-maintien-de-lautonomie\/\" target=&quot;_blank&quot;>\n\t\t\t\t1 &#038; 2 avril 2026 &#8211; 7e Journ\u00e9es Vieillissement et Maintien de l\u2019Autonomie\t\t\t<\/a>\n\t\t<\/h3>\n\t\t\t\t<div class=\"elementor-post__excerpt\">\n\t\t\t<p>Acc\u00e9dez au site de l&#8217;\u00e9v\u00e8nement<\/p>\n\t\t<\/div>\n\t\t\n\t\t<a class=\"elementor-post__read-more\" href=\"https:\/\/www.chu-tours.fr\/vieillissement\/1-2-avril-2026-7e-journees-vieillissement-et-maintien-de-lautonomie\/\" aria-label=\"En savoir plus sur 1 &#038; 2 avril 2026 &#8211; 7e Journ\u00e9es Vieillissement et Maintien de l\u2019Autonomie\" tabindex=\"-1\" target=\"_blank\">\n\t\t\tLire la suite \u00bb\t\t<\/a>\n\n\t\t\t\t<\/div>\n\t\t\t\t<div class=\"elementor-post__meta-data\">\n\t\t\t\t\t<span class=\"elementor-post-date\">\n\t\t\t9 juin 2022\t\t<\/span>\n\t\t\t\t<\/div>\n\t\t\t\t\t<\/div>\n\t\t<\/article>\n\t\t\t\t<article class=\"elementor-post elementor-grid-item post-1313 page type-page status-publish has-post-thumbnail entry\">\n\t\t\t<div class=\"elementor-post__card\">\n\t\t\t\t<a class=\"elementor-post__thumbnail__link\" href=\"https:\/\/www.chu-tours.fr\/vieillissement\/actualites-ehpad-ermitage-1er-pique-nique\/\" tabindex=\"-1\" target=\"_blank\"><div class=\"elementor-post__thumbnail\"><img decoding=\"async\" width=\"300\" height=\"165\" src=\"https:\/\/www.chu-tours.fr\/vieillissement\/wp-content\/uploads\/sites\/11\/2022\/06\/img-actu-pique-nique-510x281-1-300x165.png\" class=\"attachment-medium size-medium wp-image-1312\" alt=\"\" srcset=\"https:\/\/www.chu-tours.fr\/vieillissement\/wp-content\/uploads\/sites\/11\/2022\/06\/img-actu-pique-nique-510x281-1-300x165.png 300w, https:\/\/www.chu-tours.fr\/vieillissement\/wp-content\/uploads\/sites\/11\/2022\/06\/img-actu-pique-nique-510x281-1.png 510w, https:\/\/www.chu-tours.fr\/vieillissement\/wp-content\/uploads\/sites\/11\/2022\/06\/img-actu-pique-nique-510x281-1-490x270.png 490w\" sizes=\"(max-width: 300px) 100vw, 300px\" \/><\/div><\/a>\n\t\t\t\t<div class=\"elementor-post__avatar\">\n\t\t\t<img alt='Thierry HENIN' src='https:\/\/secure.gravatar.com\/avatar\/c898b75024df620eaa5026c58e5ba772?s=128&#038;d=mm&#038;r=g' srcset='https:\/\/secure.gravatar.com\/avatar\/c898b75024df620eaa5026c58e5ba772?s=256&#038;d=mm&#038;r=g 2x' class='avatar avatar-128 photo' height='128' width='128' \/>\t\t<\/div>\n\t\t\t\t<div class=\"elementor-post__text\">\n\t\t\t\t<h3 class=\"elementor-post__title\">\n\t\t\t<a href=\"https:\/\/www.chu-tours.fr\/vieillissement\/actualites-ehpad-ermitage-1er-pique-nique\/\" target=&quot;_blank&quot;>\n\t\t\t\tActualit\u00e9s &#8211; EHPAD Ermitage &#8211; 1er pique-nique\t\t\t<\/a>\n\t\t<\/h3>\n\t\t\t\t<div class=\"elementor-post__excerpt\">\n\t\t\t<p>1er PIQUE-NIQUE Jeudi 19 Mai 2022<\/p>\n\t\t<\/div>\n\t\t\n\t\t<a class=\"elementor-post__read-more\" href=\"https:\/\/www.chu-tours.fr\/vieillissement\/actualites-ehpad-ermitage-1er-pique-nique\/\" aria-label=\"En savoir plus sur Actualit\u00e9s &#8211; EHPAD Ermitage &#8211; 1er pique-nique\" tabindex=\"-1\" target=\"_blank\">\n\t\t\tLire la suite \u00bb\t\t<\/a>\n\n\t\t\t\t<\/div>\n\t\t\t\t<div class=\"elementor-post__meta-data\">\n\t\t\t\t\t<span class=\"elementor-post-date\">\n\t\t\t8 juin 2022\t\t<\/span>\n\t\t\t\t<\/div>\n\t\t\t\t\t<\/div>\n\t\t<\/article>\n\t\t\t\t<article class=\"elementor-post elementor-grid-item post-1247 page type-page status-publish has-post-thumbnail entry\">\n\t\t\t<div class=\"elementor-post__card\">\n\t\t\t\t<a class=\"elementor-post__thumbnail__link\" href=\"https:\/\/www.chu-tours.fr\/vieillissement\/actualites-17-fevrier-2022-inauguration-du-service-de-medecine-aigue-geriatrique-par-brigitte-bourguignon-ministre-de-lautonomie\/\" tabindex=\"-1\" target=\"_blank\"><div class=\"elementor-post__thumbnail\"><img decoding=\"async\" width=\"300\" height=\"165\" src=\"https:\/\/www.chu-tours.fr\/vieillissement\/wp-content\/uploads\/sites\/11\/2022\/04\/CHRU_VisiteMinisterielle_510x281-300x165.png\" class=\"attachment-medium size-medium wp-image-1235\" alt=\"\" srcset=\"https:\/\/www.chu-tours.fr\/vieillissement\/wp-content\/uploads\/sites\/11\/2022\/04\/CHRU_VisiteMinisterielle_510x281-300x165.png 300w, https:\/\/www.chu-tours.fr\/vieillissement\/wp-content\/uploads\/sites\/11\/2022\/04\/CHRU_VisiteMinisterielle_510x281.png 510w, https:\/\/www.chu-tours.fr\/vieillissement\/wp-content\/uploads\/sites\/11\/2022\/04\/CHRU_VisiteMinisterielle_510x281-490x270.png 490w\" sizes=\"(max-width: 300px) 100vw, 300px\" \/><\/div><\/a>\n\t\t\t\t<div class=\"elementor-post__avatar\">\n\t\t\t<img alt='Thierry HENIN' src='https:\/\/secure.gravatar.com\/avatar\/c898b75024df620eaa5026c58e5ba772?s=128&#038;d=mm&#038;r=g' srcset='https:\/\/secure.gravatar.com\/avatar\/c898b75024df620eaa5026c58e5ba772?s=256&#038;d=mm&#038;r=g 2x' class='avatar avatar-128 photo' height='128' width='128' \/>\t\t<\/div>\n\t\t\t\t<div class=\"elementor-post__text\">\n\t\t\t\t<h3 class=\"elementor-post__title\">\n\t\t\t<a href=\"https:\/\/www.chu-tours.fr\/vieillissement\/actualites-17-fevrier-2022-inauguration-du-service-de-medecine-aigue-geriatrique-par-brigitte-bourguignon-ministre-de-lautonomie\/\" target=&quot;_blank&quot;>\n\t\t\t\tActualit\u00e9s &#8211; 17 f\u00e9vrier 2022 : Inauguration du service de M\u00e9decine Aigu\u00eb G\u00e9riatrique  par Brigitte Bourguignon, Ministre de l\u2019Autonomie\t\t\t<\/a>\n\t\t<\/h3>\n\t\t\t\t<div class=\"elementor-post__excerpt\">\n\t\t\t<p>Le 17 f\u00e9vrier 2022, Brigitte Bourguignon, Ministre d\u00e9l\u00e9gu\u00e9e aupr\u00e8s du Ministre des Solidarit\u00e9s et de la Sant\u00e9, charg\u00e9e de l\u2019Autonomie,<\/p>\n\t\t<\/div>\n\t\t\n\t\t<a class=\"elementor-post__read-more\" href=\"https:\/\/www.chu-tours.fr\/vieillissement\/actualites-17-fevrier-2022-inauguration-du-service-de-medecine-aigue-geriatrique-par-brigitte-bourguignon-ministre-de-lautonomie\/\" aria-label=\"En savoir plus sur Actualit\u00e9s &#8211; 17 f\u00e9vrier 2022 : Inauguration du service de M\u00e9decine Aigu\u00eb G\u00e9riatrique  par Brigitte Bourguignon, Ministre de l\u2019Autonomie\" tabindex=\"-1\" target=\"_blank\">\n\t\t\tLire la suite \u00bb\t\t<\/a>\n\n\t\t\t\t<\/div>\n\t\t\t\t<div class=\"elementor-post__meta-data\">\n\t\t\t\t\t<span class=\"elementor-post-date\">\n\t\t\t20 avril 2022\t\t<\/span>\n\t\t\t\t<\/div>\n\t\t\t\t\t<\/div>\n\t\t<\/article>\n\t\t\t\t<article class=\"elementor-post elementor-grid-item post-733 page type-page status-publish has-post-thumbnail entry\">\n\t\t\t<div class=\"elementor-post__card\">\n\t\t\t\t<a class=\"elementor-post__thumbnail__link\" href=\"https:\/\/www.chu-tours.fr\/vieillissement\/actualites-1er-salon-des-seniors-de-tours\/\" tabindex=\"-1\" target=\"_blank\"><div class=\"elementor-post__thumbnail\"><img loading=\"lazy\" decoding=\"async\" width=\"300\" height=\"158\" src=\"https:\/\/www.chu-tours.fr\/vieillissement\/wp-content\/uploads\/sites\/11\/2021\/09\/salon-senior-header-300x158.jpg\" class=\"attachment-medium size-medium wp-image-750\" alt=\"1er salon des s\u00e9niors de Tours\" srcset=\"https:\/\/www.chu-tours.fr\/vieillissement\/wp-content\/uploads\/sites\/11\/2021\/09\/salon-senior-header-300x158.jpg 300w, https:\/\/www.chu-tours.fr\/vieillissement\/wp-content\/uploads\/sites\/11\/2021\/09\/salon-senior-header-1024x538.jpg 1024w, https:\/\/www.chu-tours.fr\/vieillissement\/wp-content\/uploads\/sites\/11\/2021\/09\/salon-senior-header-768x403.jpg 768w, https:\/\/www.chu-tours.fr\/vieillissement\/wp-content\/uploads\/sites\/11\/2021\/09\/salon-senior-header.jpg 1200w\" sizes=\"(max-width: 300px) 100vw, 300px\" \/><\/div><\/a>\n\t\t\t\t<div class=\"elementor-post__avatar\">\n\t\t\t<img alt='Thierry HENIN' src='https:\/\/secure.gravatar.com\/avatar\/c898b75024df620eaa5026c58e5ba772?s=128&#038;d=mm&#038;r=g' srcset='https:\/\/secure.gravatar.com\/avatar\/c898b75024df620eaa5026c58e5ba772?s=256&#038;d=mm&#038;r=g 2x' class='avatar avatar-128 photo' height='128' width='128' \/>\t\t<\/div>\n\t\t\t\t<div class=\"elementor-post__text\">\n\t\t\t\t<h3 class=\"elementor-post__title\">\n\t\t\t<a href=\"https:\/\/www.chu-tours.fr\/vieillissement\/actualites-1er-salon-des-seniors-de-tours\/\" target=&quot;_blank&quot;>\n\t\t\t\tActualit\u00e9s &#8211; 1er Salon des s\u00e9niors de Tours\t\t\t<\/a>\n\t\t<\/h3>\n\t\t\t\t<div class=\"elementor-post__excerpt\">\n\t\t\t<p>L\u2019ERVMA pr\u00e9sent au 1er salon des s\u00e9niors de Tours du 8 au 10 Octobre au parc des expositions. \u00c0 cette<\/p>\n\t\t<\/div>\n\t\t\n\t\t<a class=\"elementor-post__read-more\" href=\"https:\/\/www.chu-tours.fr\/vieillissement\/actualites-1er-salon-des-seniors-de-tours\/\" aria-label=\"En savoir plus sur Actualit\u00e9s &#8211; 1er Salon des s\u00e9niors de Tours\" tabindex=\"-1\" target=\"_blank\">\n\t\t\tLire la suite \u00bb\t\t<\/a>\n\n\t\t\t\t<\/div>\n\t\t\t\t<div class=\"elementor-post__meta-data\">\n\t\t\t\t\t<span class=\"elementor-post-date\">\n\t\t\t17 septembre 2021\t\t<\/span>\n\t\t\t\t<\/div>\n\t\t\t\t\t<\/div>\n\t\t<\/article>\n\t\t\t\t<\/div>\n\t\t\n\t\t\t\t<div class=\"e-load-more-anchor\" data-page=\"1\" data-max-page=\"2\" data-next-page=\"https:\/\/www.chu-tours.fr\/vieillissement\/wp-json\/wp\/v2\/pages\/726\/page\/2\/\"><\/div>\n\t\t\t\t<nav class=\"elementor-pagination\" aria-label=\"Pagination\">\n\t\t\t<span class=\"page-numbers prev\">&laquo; Pr\u00e9c\u00e9dent<\/span>\n<a class=\"page-numbers next\" href=\"https:\/\/www.chu-tours.fr\/vieillissement\/wp-json\/wp\/v2\/pages\/726\/page\/2\/\">Suivant &raquo;<\/a>\t\t<\/nav>\n\t\t\t\t<\/div>\n\t\t\t\t<\/div>\n\t\t\t\t\t<\/div>\n\t\t<\/div>\n\t\t\t\t\t<\/div>\n\t\t<\/section>\n\t\t\t\t<\/div>\n\t\t","protected":false},"excerpt":{"rendered":"<p>Les actualit\u00e9s du P\u00f4le Vieillissement du CHRU de Tours<\/p>\n","protected":false},"author":4,"featured_media":0,"parent":0,"menu_order":0,"comment_status":"closed","ping_status":"closed","template":"","meta":{"_seopress_robots_primary_cat":"","_seopress_titles_title":"Les actualit\u00e9s du p\u00f4le Vieillissement.","_seopress_titles_desc":"Les actualit\u00e9s du p\u00f4le Vieillissement du CHRU de Tours.","_seopress_robots_index":"","_exactmetrics_skip_tracking":false,"_exactmetrics_sitenote_active":false,"_exactmetrics_sitenote_note":"","_exactmetrics_sitenote_category":0,"_genesis_hide_title":false,"_genesis_hide_breadcrumbs":false,"_genesis_hide_singular_image":false,"_genesis_hide_footer_widgets":false,"_genesis_custom_body_class":"","_genesis_custom_post_class":"","_genesis_layout":"","footnotes":""},"publishpress_future_action":{"enabled":false,"date":"2026-04-24 03:22:09","action":"change-status","newStatus":"draft","terms":[],"taxonomy":""},"_links":{"self":[{"href":"https:\/\/www.chu-tours.fr\/vieillissement\/wp-json\/wp\/v2\/pages\/726"}],"collection":[{"href":"https:\/\/www.chu-tours.fr\/vieillissement\/wp-json\/wp\/v2\/pages"}],"about":[{"href":"https:\/\/www.chu-tours.fr\/vieillissement\/wp-json\/wp\/v2\/types\/page"}],"author":[{"embeddable":true,"href":"https:\/\/www.chu-tours.fr\/vieillissement\/wp-json\/wp\/v2\/users\/4"}],"replies":[{"embeddable":true,"href":"https:\/\/www.chu-tours.fr\/vieillissement\/wp-json\/wp\/v2\/comments?post=726"}],"version-history":[{"count":53,"href":"https:\/\/www.chu-tours.fr\/vieillissement\/wp-json\/wp\/v2\/pages\/726\/revisions"}],"predecessor-version":[{"id":2165,"href":"https:\/\/www.chu-tours.fr\/vieillissement\/wp-json\/wp\/v2\/pages\/726\/revisions\/2165"}],"wp:attachment":[{"href":"https:\/\/www.chu-tours.fr\/vieillissement\/wp-json\/wp\/v2\/media?parent=726"}],"curies":[{"name":"wp","href":"https:\/\/api.w.org\/{rel}","templated":true}]}}