{"id":206,"date":"2021-06-02T14:12:24","date_gmt":"2021-06-02T12:12:24","guid":{"rendered":"https:\/\/www.chu-tours.fr\/vieillissement\/?page_id=206"},"modified":"2022-02-04T15:13:54","modified_gmt":"2022-02-04T14:13:54","slug":"pole-vieillissement-plateforme-ambulatoire-du-vieillissement-les-consultations-et-la-telemedecine","status":"publish","type":"page","link":"https:\/\/www.chu-tours.fr\/vieillissement\/pole-vieillissement-plateforme-ambulatoire-du-vieillissement-les-consultations-et-la-telemedecine\/","title":{"rendered":"P\u00f4le Vieillissement &#8211; Plateforme Ambulatoire du Vieillissement &#8211; Les consultations et la t\u00e9l\u00e9m\u00e9decine"},"content":{"rendered":"\t\t<div data-elementor-type=\"wp-page\" data-elementor-id=\"206\" class=\"elementor elementor-206\" data-elementor-post-type=\"page\">\n\t\t\t\t\t\t<section class=\"elementor-section elementor-top-section elementor-element elementor-element-ce9aa84 elementor-section-boxed elementor-section-height-default elementor-section-height-default\" data-id=\"ce9aa84\" data-element_type=\"section\">\n\t\t\t\t\t\t<div class=\"elementor-container elementor-column-gap-default\">\n\t\t\t\t\t<div class=\"elementor-column elementor-col-100 elementor-top-column elementor-element elementor-element-d31b70a\" data-id=\"d31b70a\" data-element_type=\"column\">\n\t\t\t<div class=\"elementor-widget-wrap elementor-element-populated\">\n\t\t\t\t\t\t<div class=\"elementor-element elementor-element-36850c5 elementor-widget elementor-widget-image\" data-id=\"36850c5\" data-element_type=\"widget\" data-widget_type=\"image.default\">\n\t\t\t\t<div class=\"elementor-widget-container\">\n\t\t\t\t\t\t\t\t\t\t\t\t\t<img fetchpriority=\"high\" decoding=\"async\" width=\"768\" height=\"298\" src=\"https:\/\/www.chu-tours.fr\/vieillissement\/wp-content\/uploads\/sites\/11\/2021\/08\/logo_pavie-768x298.png\" class=\"attachment-medium_large size-medium_large wp-image-635\" alt=\"Plateforme Ambulatoire du Vieillissement\" srcset=\"https:\/\/www.chu-tours.fr\/vieillissement\/wp-content\/uploads\/sites\/11\/2021\/08\/logo_pavie-768x298.png 768w, https:\/\/www.chu-tours.fr\/vieillissement\/wp-content\/uploads\/sites\/11\/2021\/08\/logo_pavie-300x116.png 300w, https:\/\/www.chu-tours.fr\/vieillissement\/wp-content\/uploads\/sites\/11\/2021\/08\/logo_pavie-1024x397.png 1024w, https:\/\/www.chu-tours.fr\/vieillissement\/wp-content\/uploads\/sites\/11\/2021\/08\/logo_pavie.png 1052w\" sizes=\"(max-width: 768px) 100vw, 768px\" \/>\t\t\t\t\t\t\t\t\t\t\t\t\t<\/div>\n\t\t\t\t<\/div>\n\t\t\t\t\t<\/div>\n\t\t<\/div>\n\t\t\t\t\t<\/div>\n\t\t<\/section>\n\t\t\t\t<section class=\"elementor-section elementor-top-section elementor-element elementor-element-ccb435f elementor-section-boxed elementor-section-height-default elementor-section-height-default\" data-id=\"ccb435f\" data-element_type=\"section\">\n\t\t\t\t\t\t<div class=\"elementor-container elementor-column-gap-default\">\n\t\t\t\t\t<div class=\"elementor-column elementor-col-100 elementor-top-column elementor-element elementor-element-2085889\" data-id=\"2085889\" data-element_type=\"column\">\n\t\t\t<div class=\"elementor-widget-wrap elementor-element-populated\">\n\t\t\t\t\t\t<div class=\"elementor-element elementor-element-96b2486 elementor-widget elementor-widget-text-editor\" data-id=\"96b2486\" data-element_type=\"widget\" data-widget_type=\"text-editor.default\">\n\t\t\t\t<div class=\"elementor-widget-container\">\n\t\t\t\t\t\t\t<h2>Les Consultations<\/h2><blockquote><p>Les m\u00e9decins du p\u00f4le Vieillissement proposent des consultations g\u00e9riatrie, m\u00e9moire, troubles de la marche et de l\u2019\u00e9quilibre, fragilit\u00e9, oncog\u00e9riatrie, diab\u00e9tologie, nutrition, psycho-cognition, cardiog\u00e9riatrie et \u00e9chographie.<\/p><p>De m\u00eame les infirmi\u00e8res du service Pavie r\u00e9alisent des \u00e9valuations g\u00e9rontologiques multi modales en consultation.<\/p><\/blockquote><p><span style=\"font-size: 14pt;\">Les consultations ont lieu sur les sites de <strong>Bretonneau<\/strong> et de <strong>l\u2019Ermitage<\/strong> <strong>du <span style=\"color: #ed1164;\">lundi au vendredi de 9h \u00e0 17H<\/span><\/strong>.<\/span><\/p><ul><li><i class=\"fas fa-phone\"><\/i> <span style=\"font-size: 14pt;\"><strong>Contact<\/strong> :\u00a0 <span style=\"color: #ed1164;\"><strong>02.47.47.97.02<\/strong><\/span><\/span><\/li><li><i class=\"fas fa-phone\"><\/i> <span style=\"font-size: 14pt;\"><strong>Contact<\/strong> :\u00a0 <span style=\"color: #ed1164;\"><strong>02.47.47.37.13<\/strong><\/span><\/span><\/li><\/ul>\t\t\t\t\t\t<\/div>\n\t\t\t\t<\/div>\n\t\t\t\t<div class=\"elementor-element elementor-element-f8cbffb elementor-widget elementor-widget-text-editor\" data-id=\"f8cbffb\" data-element_type=\"widget\" data-widget_type=\"text-editor.default\">\n\t\t\t\t<div class=\"elementor-widget-container\">\n\t\t\t\t\t\t\t<h2>La T\u00e9l\u00e9m\u00e9decine<\/h2><blockquote><p>L\u2019activit\u00e9 de t\u00e9l\u00e9m\u00e9decine s\u2019adresse aussi bien aux professionnels des EHPAD qu\u2019au secteur lib\u00e9ral. Nous proposons des t\u00e9l\u00e9-expertises ainsi que des t\u00e9l\u00e9staffs.<\/p><\/blockquote>\t\t\t\t\t\t<\/div>\n\t\t\t\t<\/div>\n\t\t\t\t<section class=\"elementor-section elementor-inner-section elementor-element elementor-element-a7e43f3 elementor-section-boxed elementor-section-height-default elementor-section-height-default\" data-id=\"a7e43f3\" data-element_type=\"section\">\n\t\t\t\t\t\t<div class=\"elementor-container elementor-column-gap-default\">\n\t\t\t\t\t<div class=\"elementor-column elementor-col-50 elementor-inner-column elementor-element elementor-element-b12cb57\" data-id=\"b12cb57\" data-element_type=\"column\">\n\t\t\t<div class=\"elementor-widget-wrap elementor-element-populated\">\n\t\t\t\t\t\t<div class=\"elementor-element elementor-element-10a655c elementor-widget elementor-widget-text-editor\" data-id=\"10a655c\" data-element_type=\"widget\" data-widget_type=\"text-editor.default\">\n\t\t\t\t<div class=\"elementor-widget-container\">\n\t\t\t\t\t\t\t<p><strong>Cette activit\u00e9 s\u2019inscrit dans le parcours de soin du patient \u00e2g\u00e9 en lui offrant une prise en charge dans son environnement.<\/strong><\/p><p><strong>R\u00e9f\u00e9rente m\u00e9dicale : <span style=\"color: #ed1164;\">Dr Jo\u00eblle BLEUET<\/span><\/strong><\/p><ul><li><i class=\"fas fa-phone\"><\/i> <span style=\"font-size: 14pt;\"><strong>Contact<\/strong> :\u00a0 <span style=\"color: #ed1164;\"><strong>02.47.47.97.02<\/strong><\/span><\/span><\/li><\/ul>\t\t\t\t\t\t<\/div>\n\t\t\t\t<\/div>\n\t\t\t\t<div class=\"elementor-element elementor-element-d649a9d elementor-widget elementor-widget-text-editor\" data-id=\"d649a9d\" data-element_type=\"widget\" data-widget_type=\"text-editor.default\">\n\t\t\t\t<div class=\"elementor-widget-container\">\n\t\t\t\t\t\t\t<h3><b>Consultants :<\/b><\/h3><p><strong>Dr A. AIDOUD<\/strong><\/p><ul><li>Consultations <strong>mercredi matin<\/strong> : g\u00e9riatrie \/ cognition \/ troubles de la marche et de l&#8217;\u00e9quilibre \/ vieillissement en sant\u00e9<\/li><\/ul><p><strong>Dr J. BLEUET <\/strong><\/p><ul><li>Consultations <strong>lundi apr\u00e8s-midi<\/strong> : g\u00e9riatrie \/ pr\u00e9-greffe \/ vieillissement en sant\u00e9<\/li><\/ul><p><strong>Dr M. COULONGEAT <\/strong><\/p><ul><li>Consultations <strong>lundi matin<\/strong> : g\u00e9riatrie \/ infectiologie<\/li><\/ul><p><strong>Dr V. DARDAINE-GIRAUD<\/strong><\/p><ul><li>Consultations <strong>mardi matin<\/strong>\u00a0: oncog\u00e9riatrie<\/li><\/ul><p><strong>Dr C. DEBACQ <\/strong><\/p><ul><li>Consultations <strong>vendredi matin et apr\u00e8s-midi<\/strong> : g\u00e9riatrie \/ cognition \/ vieillissement en sant\u00e9<\/li><\/ul><p><strong>Pr B. FOUGERE<\/strong><\/p><ul><li>Consultations <strong>mercredi apr\u00e8s-midi<\/strong> : g\u00e9riatrie \/ cognition \/ troubles de la marche et de l&#8217;\u00e9quilibre \/ vieillissement en sant\u00e9<\/li><\/ul><p><strong>Dr W. GANA<\/strong><\/p><ul><li>Consultations <strong>jeudi apr\u00e8s-midi<\/strong><span style=\"color: #ff0000;\"><em>\u00a0<\/em><\/span>:\u00a0g\u00e9riatrie \/ cognition \/ troubles de la marche et de l&#8217;\u00e9quilibre \/ \u00e9chographie \/ vieillissement en sant\u00e9<\/li><\/ul><p><strong>M. MENNECART <\/strong><\/p><ul><li>Consultations <strong>mardi apr\u00e8s-midi<\/strong> : g\u00e9riatrie \/ diab\u00e9tologie \/ nutrition<\/li><\/ul><p><strong>Dr JA. NKODO (G\u00e9rontopsychiatre)<br \/><\/strong><\/p><ul><li>Consultations <strong>mardi matin et jeudi matin<\/strong> : psycho-cognition \/ t\u00e9l\u00e9m\u00e9decine<\/li><\/ul><p><strong>Dr F. POITAU<\/strong><\/p><ul><li>Consultations <strong>jeudi apr\u00e8s-midi<\/strong> : g\u00e9riatrie \/ cognition \/ troubles de la marche et de l&#8217;\u00e9quilibre \/ cardiog\u00e9riatrie \/ vieillissement en sant\u00e9<\/li><\/ul>\t\t\t\t\t\t<\/div>\n\t\t\t\t<\/div>\n\t\t\t\t\t<\/div>\n\t\t<\/div>\n\t\t\t\t<div class=\"elementor-column elementor-col-50 elementor-inner-column elementor-element elementor-element-e86e97f\" data-id=\"e86e97f\" data-element_type=\"column\">\n\t\t\t<div class=\"elementor-widget-wrap elementor-element-populated\">\n\t\t\t\t\t\t<div class=\"elementor-element elementor-element-1d9ee1c elementor-widget elementor-widget-image\" data-id=\"1d9ee1c\" data-element_type=\"widget\" data-widget_type=\"image.default\">\n\t\t\t\t<div class=\"elementor-widget-container\">\n\t\t\t\t\t\t\t\t\t\t\t\t\t\t<a href=\"https:\/\/www.chu-tours.fr\/vieillissement\/wp-content\/uploads\/sites\/11\/2021\/06\/telemedecine.png\" data-elementor-open-lightbox=\"yes\" data-elementor-lightbox-title=\"telemedecine\" data-e-action-hash=\"#elementor-action%3Aaction%3Dlightbox%26settings%3DeyJpZCI6MjIyLCJ1cmwiOiJodHRwczpcL1wvd3d3LmNodS10b3Vycy5mclwvdmllaWxsaXNzZW1lbnRcL3dwLWNvbnRlbnRcL3VwbG9hZHNcL3NpdGVzXC8xMVwvMjAyMVwvMDZcL3RlbGVtZWRlY2luZS5wbmcifQ%3D%3D\">\n\t\t\t\t\t\t\t<img decoding=\"async\" width=\"626\" height=\"887\" src=\"https:\/\/www.chu-tours.fr\/vieillissement\/wp-content\/uploads\/sites\/11\/2021\/06\/telemedecine.png\" class=\"attachment-large size-large wp-image-222\" alt=\"\" srcset=\"https:\/\/www.chu-tours.fr\/vieillissement\/wp-content\/uploads\/sites\/11\/2021\/06\/telemedecine.png 626w, https:\/\/www.chu-tours.fr\/vieillissement\/wp-content\/uploads\/sites\/11\/2021\/06\/telemedecine-212x300.png 212w\" sizes=\"(max-width: 626px) 100vw, 626px\" \/>\t\t\t\t\t\t\t\t<\/a>\n\t\t\t\t\t\t\t\t\t\t\t\t\t<\/div>\n\t\t\t\t<\/div>\n\t\t\t\t\t<\/div>\n\t\t<\/div>\n\t\t\t\t\t<\/div>\n\t\t<\/section>\n\t\t\t\t\t<\/div>\n\t\t<\/div>\n\t\t\t\t\t<\/div>\n\t\t<\/section>\n\t\t\t\t<\/div>\n\t\t","protected":false},"excerpt":{"rendered":"<p>Les Consultations Les m\u00e9decins du p\u00f4le Vieillissement proposent des consultations g\u00e9riatrie, m\u00e9moire, troubles de la marche et de l\u2019\u00e9quilibre, fragilit\u00e9, oncog\u00e9riatrie, diab\u00e9tologie, nutrition, psycho-cognition, cardiog\u00e9riatrie et \u00e9chographie. De m\u00eame les infirmi\u00e8res du service Pavie r\u00e9alisent des \u00e9valuations g\u00e9rontologiques multi modales en consultation. Les consultations ont lieu sur les sites de Bretonneau et de l\u2019Ermitage du [&hellip;]<\/p>\n","protected":false},"author":4,"featured_media":0,"parent":0,"menu_order":0,"comment_status":"closed","ping_status":"closed","template":"","meta":{"_seopress_robots_primary_cat":"","_seopress_titles_title":"CHRU de Tours. P\u00f4le Vieillissement - Plateforme Ambulatoire du Vieillissement. Les consultations et la t\u00e9l\u00e9m\u00e9decine.","_seopress_titles_desc":"Les m\u00e9decins du p\u00f4le Vieillissement proposent des consultations g\u00e9riatrie, m\u00e9moire, troubles de la marche et de l\u2019\u00e9quilibre, fragilit\u00e9, oncog\u00e9riatrie, diab\u00e9tologie, nutrition, psycho-cognition, cardiog\u00e9riatrie et \u00e9chographie.","_seopress_robots_index":"","_exactmetrics_skip_tracking":false,"_exactmetrics_sitenote_active":false,"_exactmetrics_sitenote_note":"","_exactmetrics_sitenote_category":0,"_genesis_hide_title":false,"_genesis_hide_breadcrumbs":false,"_genesis_hide_singular_image":false,"_genesis_hide_footer_widgets":false,"_genesis_custom_body_class":"","_genesis_custom_post_class":"","_genesis_layout":"","footnotes":""},"publishpress_future_action":{"enabled":false,"date":"2026-05-20 20:01:12","action":"change-status","newStatus":"draft","terms":[],"taxonomy":""},"_links":{"self":[{"href":"https:\/\/www.chu-tours.fr\/vieillissement\/wp-json\/wp\/v2\/pages\/206"}],"collection":[{"href":"https:\/\/www.chu-tours.fr\/vieillissement\/wp-json\/wp\/v2\/pages"}],"about":[{"href":"https:\/\/www.chu-tours.fr\/vieillissement\/wp-json\/wp\/v2\/types\/page"}],"author":[{"embeddable":true,"href":"https:\/\/www.chu-tours.fr\/vieillissement\/wp-json\/wp\/v2\/users\/4"}],"replies":[{"embeddable":true,"href":"https:\/\/www.chu-tours.fr\/vieillissement\/wp-json\/wp\/v2\/comments?post=206"}],"version-history":[{"count":34,"href":"https:\/\/www.chu-tours.fr\/vieillissement\/wp-json\/wp\/v2\/pages\/206\/revisions"}],"predecessor-version":[{"id":1198,"href":"https:\/\/www.chu-tours.fr\/vieillissement\/wp-json\/wp\/v2\/pages\/206\/revisions\/1198"}],"wp:attachment":[{"href":"https:\/\/www.chu-tours.fr\/vieillissement\/wp-json\/wp\/v2\/media?parent=206"}],"curies":[{"name":"wp","href":"https:\/\/api.w.org\/{rel}","templated":true}]}}