{"id":1979,"date":"2023-11-24T11:41:32","date_gmt":"2023-11-24T10:41:32","guid":{"rendered":"https:\/\/www.chu-tours.fr\/vieillissement\/?page_id=1979"},"modified":"2024-08-13T12:29:44","modified_gmt":"2024-08-13T10:29:44","slug":"cartographie-des-formations-en-geriatrie-et-gerontologie","status":"publish","type":"page","link":"https:\/\/www.chu-tours.fr\/vieillissement\/cartographie-des-formations-en-geriatrie-et-gerontologie\/","title":{"rendered":"Cartographie des formations en g\u00e9riatrie et g\u00e9rontologie"},"content":{"rendered":"\t\t<div data-elementor-type=\"wp-page\" data-elementor-id=\"1979\" class=\"elementor elementor-1979\" data-elementor-post-type=\"page\">\n\t\t\t\t\t\t<section class=\"elementor-section elementor-top-section elementor-element elementor-element-85ab9e0 elementor-section-boxed elementor-section-height-default elementor-section-height-default\" data-id=\"85ab9e0\" data-element_type=\"section\">\n\t\t\t\t\t\t<div class=\"elementor-container elementor-column-gap-default\">\n\t\t\t\t\t<div class=\"elementor-column elementor-col-100 elementor-top-column elementor-element elementor-element-7451195\" data-id=\"7451195\" data-element_type=\"column\">\n\t\t\t<div class=\"elementor-widget-wrap elementor-element-populated\">\n\t\t\t\t\t\t<div class=\"elementor-element elementor-element-2b156db elementor-widget elementor-widget-image\" data-id=\"2b156db\" data-element_type=\"widget\" data-widget_type=\"image.default\">\n\t\t\t\t<div class=\"elementor-widget-container\">\n\t\t\t\t\t\t\t\t\t\t\t\t\t<img fetchpriority=\"high\" decoding=\"async\" width=\"463\" height=\"248\" src=\"https:\/\/www.chu-tours.fr\/vieillissement\/wp-content\/uploads\/sites\/11\/2022\/12\/logo_ERVMA_ARS_CHRU.png\" class=\"attachment-medium_large size-medium_large wp-image-1706\" alt=\"\u00c9quipe R\u00e9gionale Vieillissement et Maintien de l\u2019Autonomie (ERVMA)\" srcset=\"https:\/\/www.chu-tours.fr\/vieillissement\/wp-content\/uploads\/sites\/11\/2022\/12\/logo_ERVMA_ARS_CHRU.png 463w, https:\/\/www.chu-tours.fr\/vieillissement\/wp-content\/uploads\/sites\/11\/2022\/12\/logo_ERVMA_ARS_CHRU-300x161.png 300w\" sizes=\"(max-width: 463px) 100vw, 463px\" \/>\t\t\t\t\t\t\t\t\t\t\t\t\t<\/div>\n\t\t\t\t<\/div>\n\t\t\t\t\t<\/div>\n\t\t<\/div>\n\t\t\t\t\t<\/div>\n\t\t<\/section>\n\t\t\t\t<section class=\"elementor-section elementor-top-section elementor-element elementor-element-b234809 elementor-section-boxed elementor-section-height-default elementor-section-height-default\" data-id=\"b234809\" data-element_type=\"section\">\n\t\t\t\t\t\t<div class=\"elementor-container elementor-column-gap-default\">\n\t\t\t\t\t<div class=\"elementor-column elementor-col-100 elementor-top-column elementor-element elementor-element-24a35fb\" data-id=\"24a35fb\" data-element_type=\"column\">\n\t\t\t<div class=\"elementor-widget-wrap elementor-element-populated\">\n\t\t\t\t\t\t<div class=\"elementor-element elementor-element-8f31643 elementor-widget elementor-widget-spacer\" data-id=\"8f31643\" data-element_type=\"widget\" data-widget_type=\"spacer.default\">\n\t\t\t\t<div class=\"elementor-widget-container\">\n\t\t\t\t\t<div class=\"elementor-spacer\">\n\t\t\t<div class=\"elementor-spacer-inner\"><\/div>\n\t\t<\/div>\n\t\t\t\t<\/div>\n\t\t\t\t<\/div>\n\t\t\t\t\t<\/div>\n\t\t<\/div>\n\t\t\t\t\t<\/div>\n\t\t<\/section>\n\t\t\t\t<section class=\"elementor-section elementor-top-section elementor-element elementor-element-870f463 elementor-section-boxed elementor-section-height-default elementor-section-height-default\" data-id=\"870f463\" data-element_type=\"section\">\n\t\t\t\t\t\t<div class=\"elementor-container elementor-column-gap-default\">\n\t\t\t\t\t<div class=\"elementor-column elementor-col-100 elementor-top-column elementor-element elementor-element-63a149d\" data-id=\"63a149d\" data-element_type=\"column\">\n\t\t\t<div class=\"elementor-widget-wrap elementor-element-populated\">\n\t\t\t\t\t\t<div class=\"elementor-element elementor-element-ebc452b elementor-widget elementor-widget-heading\" data-id=\"ebc452b\" data-element_type=\"widget\" data-widget_type=\"heading.default\">\n\t\t\t\t<div class=\"elementor-widget-container\">\n\t\t\t<h2 class=\"elementor-heading-title elementor-size-default\">Formation existantes en g\u00e9riatrie et g\u00e9rontologie (initiales et continues) sur la r\u00e9gion Centre-Val de Loire.<\/h2>\t\t<\/div>\n\t\t\t\t<\/div>\n\t\t\t\t<div class=\"elementor-element elementor-element-de5ab9c elementor-widget elementor-widget-text-editor\" data-id=\"de5ab9c\" data-element_type=\"widget\" data-widget_type=\"text-editor.default\">\n\t\t\t\t<div class=\"elementor-widget-container\">\n\t\t\t\t\t\t\t<p>L&#8217;ERVMA a \u00e9tabli un \u00e9tat des lieux des formations en g\u00e9riatrie et g\u00e9rontologie existantes en r\u00e9gion centre-Val de Loire<span style=\"color: #ed1164;\"><strong>*<\/strong><\/span>.<\/p><p>Il s&#8217;agit de formations initiales et continues \u00e0 destination des professionnels travaillant au sein du domaine du vieillissement. Vous trouverez par point identifi\u00e9 sur la carte g\u00e9ographique, les informations n\u00e9cessaires \u00e0 chaque formations propos\u00e9e (lieu, dur\u00e9e et co\u00fbt de la formation ainsi que la population cible&#8230;).<\/p><p><strong><span style=\"color: #ed1164;\">*<\/span><\/strong><em>actualisation ao\u00fbt 2024<\/em>.<\/p>\t\t\t\t\t\t<\/div>\n\t\t\t\t<\/div>\n\t\t\t\t<div class=\"elementor-element elementor-element-68a37f1 elementor-widget elementor-widget-html\" data-id=\"68a37f1\" data-element_type=\"widget\" data-widget_type=\"html.default\">\n\t\t\t\t<div class=\"elementor-widget-container\">\n\t\t\t<iframe src=\"https:\/\/www.google.com\/maps\/d\/u\/0\/embed?mid=1kHqFkUByfQlLvncBxe25vyu3Ax2XWEQ&ehbc=2E312F\" width=\"640\" height=\"600\"><\/iframe>\n\t\t<\/div>\n\t\t\t\t<\/div>\n\t\t\t\t\t<\/div>\n\t\t<\/div>\n\t\t\t\t\t<\/div>\n\t\t<\/section>\n\t\t\t\t<section class=\"elementor-section elementor-top-section elementor-element elementor-element-73a3c05 elementor-section-boxed elementor-section-height-default elementor-section-height-default\" data-id=\"73a3c05\" data-element_type=\"section\">\n\t\t\t\t\t\t<div class=\"elementor-container elementor-column-gap-default\">\n\t\t\t\t\t<div class=\"elementor-column elementor-col-100 elementor-top-column elementor-element elementor-element-498af71\" data-id=\"498af71\" data-element_type=\"column\">\n\t\t\t<div class=\"elementor-widget-wrap elementor-element-populated\">\n\t\t\t\t\t\t<div class=\"elementor-element elementor-element-7cc3afd elementor-widget elementor-widget-text-editor\" data-id=\"7cc3afd\" data-element_type=\"widget\" data-widget_type=\"text-editor.default\">\n\t\t\t\t<div class=\"elementor-widget-container\">\n\t\t\t\t\t\t\t<p><strong><u>Contact<\/u>\u00a0:<\/strong><\/p><ul><li><i class=\"fas fa-phone\"><\/i> <span style=\"color: #ed1164;\"><strong>02.47.47.74.30<\/strong><\/span><\/li><li><i class=\"far fa-envelope\"><\/i> <a href=\"mailto:contact@ervma.fr\">contact@ervma.fr<\/a><\/li><\/ul>\t\t\t\t\t\t<\/div>\n\t\t\t\t<\/div>\n\t\t\t\t\t<\/div>\n\t\t<\/div>\n\t\t\t\t\t<\/div>\n\t\t<\/section>\n\t\t\t\t<\/div>\n\t\t","protected":false},"excerpt":{"rendered":"<p>Formation existantes en g\u00e9riatrie et g\u00e9rontologie (initiales et continues) sur la r\u00e9gion Centre-Val de Loire. L&#8217;ERVMA a \u00e9tabli un \u00e9tat des lieux des formations en g\u00e9riatrie et g\u00e9rontologie existantes en r\u00e9gion centre-Val de Loire*. Il s&#8217;agit de formations initiales et continues \u00e0 destination des professionnels travaillant au sein du domaine du vieillissement. Vous trouverez par [&hellip;]<\/p>\n","protected":false},"author":4,"featured_media":0,"parent":0,"menu_order":0,"comment_status":"closed","ping_status":"closed","template":"","meta":{"_seopress_robots_primary_cat":"","_seopress_titles_title":"CHRU de Tours. P\u00f4le Vieillissement - \u00c9quipe R\u00e9gionale Vieillissement et Maintien de l\u2019Autonomie (ERVMA).","_seopress_titles_desc":"Cartographie des formations en g\u00e9riatrie et g\u00e9rontologie en r\u00e9gion Centre-Val de Loire.","_seopress_robots_index":"","_exactmetrics_skip_tracking":false,"_exactmetrics_sitenote_active":false,"_exactmetrics_sitenote_note":"","_exactmetrics_sitenote_category":0,"_genesis_hide_title":false,"_genesis_hide_breadcrumbs":false,"_genesis_hide_singular_image":false,"_genesis_hide_footer_widgets":false,"_genesis_custom_body_class":"","_genesis_custom_post_class":"","_genesis_layout":"","footnotes":""},"publishpress_future_action":{"enabled":false,"date":"2026-05-09 13:15:46","action":"change-status","newStatus":"draft","terms":[],"taxonomy":""},"_links":{"self":[{"href":"https:\/\/www.chu-tours.fr\/vieillissement\/wp-json\/wp\/v2\/pages\/1979"}],"collection":[{"href":"https:\/\/www.chu-tours.fr\/vieillissement\/wp-json\/wp\/v2\/pages"}],"about":[{"href":"https:\/\/www.chu-tours.fr\/vieillissement\/wp-json\/wp\/v2\/types\/page"}],"author":[{"embeddable":true,"href":"https:\/\/www.chu-tours.fr\/vieillissement\/wp-json\/wp\/v2\/users\/4"}],"replies":[{"embeddable":true,"href":"https:\/\/www.chu-tours.fr\/vieillissement\/wp-json\/wp\/v2\/comments?post=1979"}],"version-history":[{"count":20,"href":"https:\/\/www.chu-tours.fr\/vieillissement\/wp-json\/wp\/v2\/pages\/1979\/revisions"}],"predecessor-version":[{"id":2145,"href":"https:\/\/www.chu-tours.fr\/vieillissement\/wp-json\/wp\/v2\/pages\/1979\/revisions\/2145"}],"wp:attachment":[{"href":"https:\/\/www.chu-tours.fr\/vieillissement\/wp-json\/wp\/v2\/media?parent=1979"}],"curies":[{"name":"wp","href":"https:\/\/api.w.org\/{rel}","templated":true}]}}