{"id":1086,"date":"2022-02-03T12:26:09","date_gmt":"2022-02-03T11:26:09","guid":{"rendered":"https:\/\/www.chu-tours.fr\/vieillissement\/?page_id=1086"},"modified":"2024-11-05T12:06:12","modified_gmt":"2024-11-05T11:06:12","slug":"equipe-mobile-geriatrique-intra-hospitaliere-emgih","status":"publish","type":"page","link":"https:\/\/www.chu-tours.fr\/vieillissement\/equipe-mobile-geriatrique-intra-hospitaliere-emgih\/","title":{"rendered":"L\u2019\u00c9quipe Mobile G\u00e9riatrique Intra-Hospitali\u00e8re (EMGIH)"},"content":{"rendered":"\t\t<div data-elementor-type=\"wp-page\" data-elementor-id=\"1086\" class=\"elementor elementor-1086\" data-elementor-post-type=\"page\">\n\t\t\t\t\t\t<section class=\"elementor-section elementor-top-section elementor-element elementor-element-8cfd03e elementor-section-boxed elementor-section-height-default elementor-section-height-default\" data-id=\"8cfd03e\" data-element_type=\"section\">\n\t\t\t\t\t\t<div class=\"elementor-container elementor-column-gap-default\">\n\t\t\t\t\t<div class=\"elementor-column elementor-col-100 elementor-top-column elementor-element elementor-element-e0b08f8\" data-id=\"e0b08f8\" data-element_type=\"column\">\n\t\t\t<div class=\"elementor-widget-wrap elementor-element-populated\">\n\t\t\t\t\t\t<div class=\"elementor-element elementor-element-8272378 elementor-widget elementor-widget-text-editor\" data-id=\"8272378\" data-element_type=\"widget\" data-widget_type=\"text-editor.default\">\n\t\t\t\t<div class=\"elementor-widget-container\">\n\t\t\t\t\t\t\t<h2>L&#8217;\u00c9quipe Mobile G\u00e9riatrique Intra-Hospitali\u00e8re (EMGIH)<\/h2><h3><strong>Patients concern\u00e9s<\/strong>\u00a0:<\/h3><ul><li>Personnes \u00e2g\u00e9es de 75 ans et plus<\/li><li>Admis aux urgences ou hospitalis\u00e9s au CHRU de Tours<\/li><li>En perte d\u2019autonomie, situations complexes ou r\u00e9pondant \u00e0 au moins 2 crit\u00e8res de la TRST (lien vers l\u2019\u00e9chelle TRST + l\u2019\u00e9chelle ADL)<\/li><\/ul><h3><strong>Une \u00e9quipe pluridisciplinaire<\/strong>\u00a0:<\/h3><ul><li>G\u00e9riatre<\/li><li>IDE<\/li><li>Secr\u00e9taire<\/li><\/ul><h3><strong>Objectifs<\/strong>\u00a0:<\/h3><ul><li>Orienter le patient dans la fili\u00e8re g\u00e9riatrique et fluidifier son parcours de soins<\/li><li>Accompagner le retour \u00e0 domicile de la personne \u00e2g\u00e9e hospitalis\u00e9e<\/li><li>Intervenir pr\u00e9cocement pour limiter les complications li\u00e9es \u00e0 l&#8217;hospitalisation (confusion, d\u00e9nutrition, incontinence, chutes et perte d\u2019autonomie\u2026)<\/li><li>\u00c9viter les hospitalisations et\/ou les passages aux urgences inappropri\u00e9es<\/li><\/ul><h3><strong>Missions et actions<\/strong>\u00a0:<\/h3><ul><li>Dispenser des \u00c9valuations G\u00e9riatriques Standardis\u00e9es : autonomie, nutrition, cognition, thymie, risque de chutes (\u2026) afin de donner des avis et proposer des recommandations ICOPE.<\/li><li>\u00c9valuation avec l&#8217;aide du programme ICOPE ciblant les 6 capacit\u00e9s intrins\u00e8ques consid\u00e9r\u00e9es comme essentielles (la mobilit\u00e9, la m\u00e9moire, la nutrition, l\u2019humeur, la vue et l\u2019audition) et dont la prise en charge pr\u00e9coce appara\u00eet indispensable pour permettre un vieillissement en sant\u00e9.<\/li><li>Proposer des formations internes aux \u00e9quipes soignantes sur les sp\u00e9cificit\u00e9s g\u00e9riatriques.<\/li><li>R\u00e9aliser des \u00e9valuations p\u00e9ri-op\u00e9ratoires de personnes \u00e2g\u00e9es fragiles<\/li><\/ul>\t\t\t\t\t\t<\/div>\n\t\t\t\t<\/div>\n\t\t\t\t\t<\/div>\n\t\t<\/div>\n\t\t\t\t\t<\/div>\n\t\t<\/section>\n\t\t\t\t<section class=\"elementor-section elementor-top-section elementor-element elementor-element-813f637 elementor-section-boxed elementor-section-height-default elementor-section-height-default\" data-id=\"813f637\" data-element_type=\"section\">\n\t\t\t\t\t\t<div class=\"elementor-container elementor-column-gap-default\">\n\t\t\t\t\t<div class=\"elementor-column elementor-col-100 elementor-top-column elementor-element elementor-element-7904aa3\" data-id=\"7904aa3\" data-element_type=\"column\">\n\t\t\t<div class=\"elementor-widget-wrap elementor-element-populated\">\n\t\t\t\t\t\t<div class=\"elementor-element elementor-element-ceb486e elementor-widget elementor-widget-text-editor\" data-id=\"ceb486e\" data-element_type=\"widget\" data-widget_type=\"text-editor.default\">\n\t\t\t\t<div class=\"elementor-widget-container\">\n\t\t\t\t\t\t\t<h2><strong>Mode d\u2019intervention<\/strong>\u00a0:<\/h2><p><strong>L\u2019EMGIH intervient,\u00a0sur les sites de Trousseau et Bretonneau, sur demande du m\u00e9decin r\u00e9f\u00e9rent ou du cadre infirmier\/infirmier en accord avec l\u2019\u00e9quipe m\u00e9dicale, apr\u00e8s :<\/strong><\/p>\t\t\t\t\t\t<\/div>\n\t\t\t\t<\/div>\n\t\t\t\t<section class=\"elementor-section elementor-inner-section elementor-element elementor-element-3f26b3a elementor-section-boxed elementor-section-height-default elementor-section-height-default\" data-id=\"3f26b3a\" data-element_type=\"section\">\n\t\t\t\t\t\t<div class=\"elementor-container elementor-column-gap-default\">\n\t\t\t\t\t<div class=\"elementor-column elementor-col-50 elementor-inner-column elementor-element elementor-element-2cf3345\" data-id=\"2cf3345\" data-element_type=\"column\">\n\t\t\t<div class=\"elementor-widget-wrap elementor-element-populated\">\n\t\t\t\t\t\t<div class=\"elementor-element elementor-element-b73d599 elementor-widget elementor-widget-text-editor\" data-id=\"b73d599\" data-element_type=\"widget\" data-widget_type=\"text-editor.default\">\n\t\t\t\t<div class=\"elementor-widget-container\">\n\t\t\t\t\t\t\t<ul><li>R\u00e9ception du formulaire de demande d\u2019intervention de l\u2019EMGIH.<ul><li><i class=\"fas fa-download\"><\/i> <a href=\"https:\/\/www.chu-tours.fr\/vieillissement\/wp-content\/uploads\/sites\/11\/2024\/11\/Demande-Intervention-EMG.pdf\" target=\"_blank\" rel=\"noopener\"><em><span style=\"color: #ff0000;\">Formulaire de demande d\u2019intervention<\/span><\/em><\/a><\/li><\/ul><\/li><li>Demande re\u00e7ue (cf. coordonn\u00e9es ci-dessous) :<ul><li>par t\u00e9l\u00e9phone<\/li><li>par fax<\/li><li>par email<\/li><\/ul><\/li><\/ul>\t\t\t\t\t\t<\/div>\n\t\t\t\t<\/div>\n\t\t\t\t\t<\/div>\n\t\t<\/div>\n\t\t\t\t<div class=\"elementor-column elementor-col-50 elementor-inner-column elementor-element elementor-element-c0f57b1\" data-id=\"c0f57b1\" data-element_type=\"column\">\n\t\t\t<div class=\"elementor-widget-wrap\">\n\t\t\t\t\t\t\t<\/div>\n\t\t<\/div>\n\t\t\t\t\t<\/div>\n\t\t<\/section>\n\t\t\t\t\t<\/div>\n\t\t<\/div>\n\t\t\t\t\t<\/div>\n\t\t<\/section>\n\t\t\t\t<section class=\"elementor-section elementor-top-section elementor-element elementor-element-c9c4b3e elementor-section-boxed elementor-section-height-default elementor-section-height-default\" data-id=\"c9c4b3e\" data-element_type=\"section\">\n\t\t\t\t\t\t<div class=\"elementor-container elementor-column-gap-default\">\n\t\t\t\t\t<div class=\"elementor-column elementor-col-100 elementor-top-column elementor-element elementor-element-6479d7c\" data-id=\"6479d7c\" data-element_type=\"column\">\n\t\t\t<div class=\"elementor-widget-wrap elementor-element-populated\">\n\t\t\t\t\t\t<section class=\"elementor-section elementor-inner-section elementor-element elementor-element-558607f elementor-section-boxed elementor-section-height-default elementor-section-height-default\" data-id=\"558607f\" data-element_type=\"section\">\n\t\t\t\t\t\t<div class=\"elementor-container elementor-column-gap-default\">\n\t\t\t\t\t<div class=\"elementor-column elementor-col-50 elementor-inner-column elementor-element elementor-element-45a8cb2\" data-id=\"45a8cb2\" data-element_type=\"column\">\n\t\t\t<div class=\"elementor-widget-wrap elementor-element-populated\">\n\t\t\t\t\t\t<div class=\"elementor-element elementor-element-7cc3afd elementor-widget elementor-widget-text-editor\" data-id=\"7cc3afd\" data-element_type=\"widget\" data-widget_type=\"text-editor.default\">\n\t\t\t\t<div class=\"elementor-widget-container\">\n\t\t\t\t\t\t\t<p><span style=\"font-size: 18pt;\"><strong><u>Secr\u00e9tariat<\/u>\u00a0:<\/strong><\/span><\/p><ul><li><span style=\"font-size: 18pt;\"><i class=\"fas fa-phone\"><\/i> <span style=\"color: #ed1164;\"><strong>02.47.47.97.02<\/strong><\/span><\/span><\/li><li><span style=\"font-size: 18pt;\"><i class=\"fas fa-fax\"><\/i> <span style=\"color: #ed1164;\"><strong>02.34.38.95.36<\/strong><\/span><\/span><\/li><li><span style=\"font-size: 18pt;\"><i class=\"far fa-envelope\"><\/i>\u00a0<a href=\"mailto:emg@chu-tours.fr\">emg@chu-tours.fr<\/a><\/span><\/li><\/ul>\t\t\t\t\t\t<\/div>\n\t\t\t\t<\/div>\n\t\t\t\t\t<\/div>\n\t\t<\/div>\n\t\t\t\t<div class=\"elementor-column elementor-col-50 elementor-inner-column elementor-element elementor-element-3bf47ec\" data-id=\"3bf47ec\" data-element_type=\"column\">\n\t\t\t<div class=\"elementor-widget-wrap elementor-element-populated\">\n\t\t\t\t\t\t<div class=\"elementor-element elementor-element-8365f19 elementor-widget elementor-widget-text-editor\" data-id=\"8365f19\" data-element_type=\"widget\" data-widget_type=\"text-editor.default\">\n\t\t\t\t<div class=\"elementor-widget-container\">\n\t\t\t\t\t\t\t<p style=\"text-align: center;\"><strong> <i class=\"fas fa-download\"><\/i> Documents<\/strong><\/p><ul><li><a href=\"https:\/\/www.chu-tours.fr\/vieillissement\/wp-content\/uploads\/sites\/11\/2022\/08\/EMGIH_plaquette-service_Des_Urgences_25082022.pdf\" target=\"_blank\" rel=\"noopener\">Plaquette \u00c9quipe Mobile Intra Hospitali\u00e8re \u2013 Service des Urgences<\/a><\/li><li><a href=\"https:\/\/www.chu-tours.fr\/vieillissement\/wp-content\/uploads\/sites\/11\/2022\/08\/EMGIH_plaquette-service_Hors_Urgences_25082022.pdf\" target=\"_blank\" rel=\"noopener\">Plaquette \u00c9quipe Mobile Intra Hospitali\u00e8re \u2013 Service Hors Urgences<\/a><\/li><li><a href=\"https:\/\/www.chu-tours.fr\/vieillissement\/wp-content\/uploads\/sites\/11\/2024\/11\/Demande-Intervention-EMG.pdf\" target=\"_blank\" rel=\"noopener\">Formulaire de demande d&#8217;intervention<\/a><\/li><\/ul>\t\t\t\t\t\t<\/div>\n\t\t\t\t<\/div>\n\t\t\t\t\t<\/div>\n\t\t<\/div>\n\t\t\t\t\t<\/div>\n\t\t<\/section>\n\t\t\t\t\t<\/div>\n\t\t<\/div>\n\t\t\t\t\t<\/div>\n\t\t<\/section>\n\t\t\t\t<section class=\"elementor-section elementor-top-section elementor-element elementor-element-27df307 elementor-section-boxed elementor-section-height-default elementor-section-height-default\" data-id=\"27df307\" data-element_type=\"section\">\n\t\t\t\t\t\t<div class=\"elementor-container elementor-column-gap-default\">\n\t\t\t\t\t<div class=\"elementor-column elementor-col-100 elementor-top-column elementor-element elementor-element-f35e851\" data-id=\"f35e851\" data-element_type=\"column\">\n\t\t\t<div class=\"elementor-widget-wrap elementor-element-populated\">\n\t\t\t\t\t\t<div class=\"elementor-element elementor-element-868d171 elementor-widget elementor-widget-text-editor\" data-id=\"868d171\" data-element_type=\"widget\" data-widget_type=\"text-editor.default\">\n\t\t\t\t<div class=\"elementor-widget-container\">\n\t\t\t\t\t\t\t<p><span style=\"color: #ed1164;\">L&#8217;\u00e9quipe est pr\u00e9sente tous les matins du lundi au vendredi aux urgences et intervient dans tous les services de l&#8217;h\u00f4pital \u00e0 vis\u00e9e non g\u00e9riatrique sur demande du r\u00e9f\u00e9rent m\u00e9dical o\u00f9 il n&#8217;y a pas de g\u00e9riatre.<\/span><\/p>\t\t\t\t\t\t<\/div>\n\t\t\t\t<\/div>\n\t\t\t\t<div class=\"elementor-element elementor-element-9a220fa elementor-align-right elementor-widget elementor-widget-global elementor-global-2198 elementor-widget-post-info\" data-id=\"9a220fa\" data-element_type=\"widget\" data-widget_type=\"post-info.default\">\n\t\t\t\t<div class=\"elementor-widget-container\">\n\t\t\t\t\t<ul class=\"elementor-inline-items elementor-icon-list-items elementor-post-info\">\n\t\t\t\t\t\t\t\t<li class=\"elementor-icon-list-item elementor-repeater-item-d4ae4a4 elementor-inline-item\">\n\t\t\t\t\t\t\t\t\t\t<span class=\"elementor-icon-list-icon\">\n\t\t\t\t\t\t\t\t<i aria-hidden=\"true\" class=\"far fa-calendar-alt\"><\/i>\t\t\t\t\t\t\t<\/span>\n\t\t\t\t\t\t\t\t\t<span class=\"elementor-icon-list-text elementor-post-info__item elementor-post-info__item--type-custom\">\n\t\t\t\t\t\t\t\t\t\tMis \u00e0 jour le : 05\/11\/2024\t\t\t\t\t<\/span>\n\t\t\t\t\t\t\t\t<\/li>\n\t\t\t\t<\/ul>\n\t\t\t\t<\/div>\n\t\t\t\t<\/div>\n\t\t\t\t\t<\/div>\n\t\t<\/div>\n\t\t\t\t\t<\/div>\n\t\t<\/section>\n\t\t\t\t<\/div>\n\t\t","protected":false},"excerpt":{"rendered":"<p>L&#8217;\u00c9quipe Mobile G\u00e9riatrique Intra-Hospitali\u00e8re (EMGIH) Patients concern\u00e9s\u00a0: Personnes \u00e2g\u00e9es de 75 ans et plus Admis aux urgences ou hospitalis\u00e9s au CHRU de Tours En perte d\u2019autonomie, situations complexes ou r\u00e9pondant \u00e0 au moins 2 crit\u00e8res de la TRST (lien vers l\u2019\u00e9chelle TRST + l\u2019\u00e9chelle ADL) Une \u00e9quipe pluridisciplinaire\u00a0: G\u00e9riatre IDE Secr\u00e9taire Objectifs\u00a0: Orienter le patient [&hellip;]<\/p>\n","protected":false},"author":4,"featured_media":0,"parent":0,"menu_order":0,"comment_status":"closed","ping_status":"closed","template":"","meta":{"_seopress_robots_primary_cat":"","_seopress_titles_title":"CHRU de Tours. P\u00f4le Vieillissement. L\u2019\u00c9quipe Mobile G\u00e9riatrique Intra-Hospitali\u00e8re (EMGIH).","_seopress_titles_desc":"Les Equipes Mobiles G\u00e9riatrique intra et extra hospitali\u00e8re du CHRU De Tours interviennent dans les services de l&#039;h\u00f4pital, en particulier les urgences, dans le cadre de la prise en charge des  personnes \u00e2g\u00e9es de plus de 75 ans fragiles, ainsi qu\u2019au domicile des patients.","_seopress_robots_index":"","_exactmetrics_skip_tracking":false,"_exactmetrics_sitenote_active":false,"_exactmetrics_sitenote_note":"","_exactmetrics_sitenote_category":0,"_genesis_hide_title":false,"_genesis_hide_breadcrumbs":false,"_genesis_hide_singular_image":false,"_genesis_hide_footer_widgets":false,"_genesis_custom_body_class":"","_genesis_custom_post_class":"","_genesis_layout":"","footnotes":""},"publishpress_future_action":{"enabled":false,"date":"2026-04-24 10:47:05","action":"change-status","newStatus":"draft","terms":[],"taxonomy":""},"_links":{"self":[{"href":"https:\/\/www.chu-tours.fr\/vieillissement\/wp-json\/wp\/v2\/pages\/1086"}],"collection":[{"href":"https:\/\/www.chu-tours.fr\/vieillissement\/wp-json\/wp\/v2\/pages"}],"about":[{"href":"https:\/\/www.chu-tours.fr\/vieillissement\/wp-json\/wp\/v2\/types\/page"}],"author":[{"embeddable":true,"href":"https:\/\/www.chu-tours.fr\/vieillissement\/wp-json\/wp\/v2\/users\/4"}],"replies":[{"embeddable":true,"href":"https:\/\/www.chu-tours.fr\/vieillissement\/wp-json\/wp\/v2\/comments?post=1086"}],"version-history":[{"count":20,"href":"https:\/\/www.chu-tours.fr\/vieillissement\/wp-json\/wp\/v2\/pages\/1086\/revisions"}],"predecessor-version":[{"id":2209,"href":"https:\/\/www.chu-tours.fr\/vieillissement\/wp-json\/wp\/v2\/pages\/1086\/revisions\/2209"}],"wp:attachment":[{"href":"https:\/\/www.chu-tours.fr\/vieillissement\/wp-json\/wp\/v2\/media?parent=1086"}],"curies":[{"name":"wp","href":"https:\/\/api.w.org\/{rel}","templated":true}]}}