{"id":5,"date":"2022-06-09T14:41:19","date_gmt":"2022-06-09T12:41:19","guid":{"rendered":"https:\/\/www.chu-tours.fr\/seretablir37\/?page_id=5"},"modified":"2022-08-09T11:18:25","modified_gmt":"2022-08-09T09:18:25","slug":"se-retablir-37","status":"publish","type":"page","link":"https:\/\/www.chu-tours.fr\/seretablir37\/","title":{"rendered":"Se r\u00e9tablir 37"},"content":{"rendered":"\t\t<div data-elementor-type=\"wp-page\" data-elementor-id=\"5\" class=\"elementor elementor-5\" data-elementor-post-type=\"page\">\n\t\t\t\t\t\t<section class=\"elementor-section elementor-top-section elementor-element elementor-element-c25aeb6 elementor-section-boxed elementor-section-height-default elementor-section-height-default\" data-id=\"c25aeb6\" data-element_type=\"section\">\n\t\t\t\t\t\t<div class=\"elementor-container elementor-column-gap-default\">\n\t\t\t\t\t<div class=\"elementor-column elementor-col-100 elementor-top-column elementor-element elementor-element-c9ab25e\" data-id=\"c9ab25e\" data-element_type=\"column\">\n\t\t\t<div class=\"elementor-widget-wrap elementor-element-populated\">\n\t\t\t\t\t\t<div class=\"elementor-element elementor-element-c007fc9 elementor-widget elementor-widget-image\" data-id=\"c007fc9\" data-element_type=\"widget\" data-widget_type=\"image.default\">\n\t\t\t\t<div class=\"elementor-widget-container\">\n\t\t\t\t\t\t\t\t\t\t\t\t\t<img decoding=\"async\" src=\"https:\/\/www.chu-tours.fr\/psychiatrie-addictologie\/wp-content\/uploads\/sites\/9\/2022\/06\/photos_locaux.jpg\" title=\"\" alt=\"\" loading=\"lazy\" \/>\t\t\t\t\t\t\t\t\t\t\t\t\t<\/div>\n\t\t\t\t<\/div>\n\t\t\t\t\t<\/div>\n\t\t<\/div>\n\t\t\t\t\t<\/div>\n\t\t<\/section>\n\t\t\t\t<section class=\"elementor-section elementor-top-section elementor-element elementor-element-1922577 elementor-section-boxed elementor-section-height-default elementor-section-height-default\" data-id=\"1922577\" data-element_type=\"section\">\n\t\t\t\t\t\t<div class=\"elementor-container elementor-column-gap-default\">\n\t\t\t\t\t<div class=\"elementor-column elementor-col-100 elementor-top-column elementor-element elementor-element-4fb8535\" data-id=\"4fb8535\" data-element_type=\"column\">\n\t\t\t<div class=\"elementor-widget-wrap elementor-element-populated\">\n\t\t\t\t\t\t<div class=\"elementor-element elementor-element-dafde47 elementor-widget elementor-widget-text-editor\" data-id=\"dafde47\" data-element_type=\"widget\" data-widget_type=\"text-editor.default\">\n\t\t\t\t<div class=\"elementor-widget-container\">\n\t\t\t\t\t\t\t<blockquote>\u00ab <strong>Se r\u00e9tablir 37<\/strong> \u00bb est un dispositif intersectoriel de soins orient\u00e9s vers le r\u00e9tablissement et de r\u00e9habilitation psychosociale. Il s\u2019agit \u00e0 la fois d\u2019un dispositif structurant les soins de r\u00e9habilitation psychosociale de proximit\u00e9 et d\u2019un centre de &ldquo;&nbsp;support&nbsp;&rdquo; r\u00e9gional labellis\u00e9 par l\u2019ARS Centre Val de Loire. Il se compose de diff\u00e9rentes \u00e9quipes poursuivant diff\u00e9rentes missions.<\/blockquote>\t\t\t\t\t\t<\/div>\n\t\t\t\t<\/div>\n\t\t\t\t\t<\/div>\n\t\t<\/div>\n\t\t\t\t\t<\/div>\n\t\t<\/section>\n\t\t\t\t<section class=\"elementor-section elementor-top-section elementor-element elementor-element-797689d elementor-section-boxed elementor-section-height-default elementor-section-height-default\" data-id=\"797689d\" data-element_type=\"section\">\n\t\t\t\t\t\t<div class=\"elementor-container elementor-column-gap-default\">\n\t\t\t\t\t<div class=\"elementor-column elementor-col-100 elementor-top-column elementor-element elementor-element-9ef51c0\" data-id=\"9ef51c0\" data-element_type=\"column\">\n\t\t\t<div class=\"elementor-widget-wrap elementor-element-populated\">\n\t\t\t\t\t\t<div class=\"elementor-element elementor-element-f684fea elementor-widget elementor-widget-image\" data-id=\"f684fea\" data-element_type=\"widget\" data-widget_type=\"image.default\">\n\t\t\t\t<div class=\"elementor-widget-container\">\n\t\t\t\t\t\t\t\t\t\t\t\t\t\t<a href=\"https:\/\/www.chu-tours.fr\/seretablir37\/wp-content\/uploads\/sites\/13\/2022\/06\/photos_locaux.jpg\" data-elementor-open-lightbox=\"yes\" data-elementor-lightbox-title=\"photos_locaux\" data-e-action-hash=\"#elementor-action%3Aaction%3Dlightbox%26settings%3DeyJpZCI6OSwidXJsIjoiaHR0cHM6XC9cL3d3dy5jaHUtdG91cnMuZnJcL3NlcmV0YWJsaXIzN1wvd3AtY29udGVudFwvdXBsb2Fkc1wvc2l0ZXNcLzEzXC8yMDIyXC8wNlwvcGhvdG9zX2xvY2F1eC5qcGcifQ%3D%3D\">\n\t\t\t\t\t\t\t<img fetchpriority=\"high\" decoding=\"async\" width=\"768\" height=\"432\" src=\"https:\/\/www.chu-tours.fr\/seretablir37\/wp-content\/uploads\/sites\/13\/2022\/06\/photos_locaux-768x432.jpg\" class=\"attachment-medium_large size-medium_large wp-image-9\" alt=\"Nos locaux\" srcset=\"https:\/\/www.chu-tours.fr\/seretablir37\/wp-content\/uploads\/sites\/13\/2022\/06\/photos_locaux-768x432.jpg 768w, https:\/\/www.chu-tours.fr\/seretablir37\/wp-content\/uploads\/sites\/13\/2022\/06\/photos_locaux-300x169.jpg 300w, https:\/\/www.chu-tours.fr\/seretablir37\/wp-content\/uploads\/sites\/13\/2022\/06\/photos_locaux-1024x576.jpg 1024w, https:\/\/www.chu-tours.fr\/seretablir37\/wp-content\/uploads\/sites\/13\/2022\/06\/photos_locaux-388x219.jpg 388w, https:\/\/www.chu-tours.fr\/seretablir37\/wp-content\/uploads\/sites\/13\/2022\/06\/photos_locaux-656x369.jpg 656w, https:\/\/www.chu-tours.fr\/seretablir37\/wp-content\/uploads\/sites\/13\/2022\/06\/photos_locaux.jpg 1280w\" sizes=\"(max-width: 768px) 100vw, 768px\" \/>\t\t\t\t\t\t\t\t<\/a>\n\t\t\t\t\t\t\t\t\t\t\t\t\t<\/div>\n\t\t\t\t<\/div>\n\t\t\t\t<div class=\"elementor-element elementor-element-e7e526f elementor-widget elementor-widget-text-editor\" data-id=\"e7e526f\" data-element_type=\"widget\" data-widget_type=\"text-editor.default\">\n\t\t\t\t<div class=\"elementor-widget-container\">\n\t\t\t\t\t\t\t<p>Locaux &#8211; 7 rue Valentin Ha\u00fcy &#8211; 37100 Tours<\/p>\t\t\t\t\t\t<\/div>\n\t\t\t\t<\/div>\n\t\t\t\t\t<\/div>\n\t\t<\/div>\n\t\t\t\t\t<\/div>\n\t\t<\/section>\n\t\t\t\t<section class=\"elementor-section elementor-top-section elementor-element elementor-element-fc6d657 elementor-section-boxed elementor-section-height-default elementor-section-height-default\" data-id=\"fc6d657\" data-element_type=\"section\">\n\t\t\t\t\t\t<div class=\"elementor-container elementor-column-gap-default\">\n\t\t\t\t\t<div class=\"elementor-column elementor-col-100 elementor-top-column elementor-element elementor-element-e9e18f8\" data-id=\"e9e18f8\" data-element_type=\"column\">\n\t\t\t<div class=\"elementor-widget-wrap elementor-element-populated\">\n\t\t\t\t\t\t<div class=\"elementor-element elementor-element-00638cd elementor-widget elementor-widget-heading\" data-id=\"00638cd\" data-element_type=\"widget\" data-widget_type=\"heading.default\">\n\t\t\t\t<div class=\"elementor-widget-container\">\n\t\t\t<h2 class=\"elementor-heading-title elementor-size-default\">Le r\u00e9tablissement : d\u00e9finition<\/h2>\t\t<\/div>\n\t\t\t\t<\/div>\n\t\t\t\t<div class=\"elementor-element elementor-element-8b39894 elementor-blockquote--skin-quotation elementor-blockquote--align-left elementor-blockquote--button-color-official elementor-widget elementor-widget-blockquote\" data-id=\"8b39894\" data-element_type=\"widget\" data-widget_type=\"blockquote.default\">\n\t\t\t\t<div class=\"elementor-widget-container\">\n\t\t\t\t\t<blockquote class=\"elementor-blockquote\">\n\t\t\t<p class=\"elementor-blockquote__content\">\n\t\t\t\t<div id=\"gauche\">C\u2019est une d\u00e9marche personnelle et unique visant \u00e0 changer l\u2019attitude, les valeurs, les sentiments, les objectifs, les capacit\u00e9s et les r\u00f4les de chacun. C\u2019est la fa\u00e7on de vivre une vie satisfaisante et utile o\u00f9 l\u2019espoir a sa place malgr\u00e9 les limites impos\u00e9es par la maladie. Pour gu\u00e9rir, le malade doit donner un nouveau sens \u00e0 sa vie et passer outre les effets d\u00e9l\u00e9t\u00e8res de la maladie mentale.<\/div>\n<br><br><div id=\"droite\">William Anthony<\/div>\t\t\t<\/p>\n\t\t\t\t\t<\/blockquote>\n\t\t\t\t<\/div>\n\t\t\t\t<\/div>\n\t\t\t\t\t<\/div>\n\t\t<\/div>\n\t\t\t\t\t<\/div>\n\t\t<\/section>\n\t\t\t\t<section class=\"elementor-section elementor-top-section elementor-element elementor-element-14a822d elementor-section-boxed elementor-section-height-default elementor-section-height-default\" data-id=\"14a822d\" data-element_type=\"section\">\n\t\t\t\t\t\t<div class=\"elementor-container elementor-column-gap-default\">\n\t\t\t\t\t<div class=\"elementor-column elementor-col-100 elementor-top-column elementor-element elementor-element-d428b58\" data-id=\"d428b58\" data-element_type=\"column\">\n\t\t\t<div class=\"elementor-widget-wrap elementor-element-populated\">\n\t\t\t\t\t\t<div class=\"elementor-element elementor-element-2baecdb elementor-widget elementor-widget-heading\" data-id=\"2baecdb\" data-element_type=\"widget\" data-widget_type=\"heading.default\">\n\t\t\t\t<div class=\"elementor-widget-container\">\n\t\t\t<h2 class=\"elementor-heading-title elementor-size-default\">Le r\u00e9tablissement : les 5 principes cl\u00e9s \u00e0 retenir<\/h2>\t\t<\/div>\n\t\t\t\t<\/div>\n\t\t\t\t<section class=\"elementor-section elementor-inner-section elementor-element elementor-element-93f8f07 elementor-section-boxed elementor-section-height-default elementor-section-height-default\" data-id=\"93f8f07\" data-element_type=\"section\">\n\t\t\t\t\t\t<div class=\"elementor-container elementor-column-gap-default\">\n\t\t\t\t\t<div class=\"elementor-column elementor-col-33 elementor-inner-column elementor-element elementor-element-c2bae0c\" data-id=\"c2bae0c\" data-element_type=\"column\">\n\t\t\t<div class=\"elementor-widget-wrap elementor-element-populated\">\n\t\t\t\t\t\t<div class=\"elementor-element elementor-element-89f4cf3 elementor-flip-box--3d elementor-flip-box--effect-flip elementor-flip-box--direction-up elementor-widget elementor-widget-flip-box\" data-id=\"89f4cf3\" data-element_type=\"widget\" data-widget_type=\"flip-box.default\">\n\t\t\t\t<div class=\"elementor-widget-container\">\n\t\t\t\t\t<div class=\"elementor-flip-box\" tabindex=\"0\">\n\t\t\t<div class=\"elementor-flip-box__layer elementor-flip-box__front\">\n\t\t\t\t<div class=\"elementor-flip-box__layer__overlay\">\n\t\t\t\t\t<div class=\"elementor-flip-box__layer__inner\">\n\t\t\t\t\t\t\t\t\t\t\t\t\t<div class=\"elementor-icon-wrapper elementor-view-default\">\n\t\t\t\t\t\t\t\t<div class=\"elementor-icon\">\n\t\t\t\t\t\t\t\t\t<i class=\"fas fa-info\"><\/i>\t\t\t\t\t\t\t\t<\/div>\n\t\t\t\t\t\t\t<\/div>\n\t\t\t\t\t\t\n\t\t\t\t\t\t\t\t\t\t\t\t\t<h3 class=\"elementor-flip-box__layer__title\">\n\t\t\t\t\t\t\t\tPRINCIPE #1\t\t\t\t\t\t\t<\/h3>\n\t\t\t\t\t\t\n\t\t\t\t\t\t\t\t\t\t\t<\/div>\n\t\t\t\t<\/div>\n\t\t\t<\/div>\n\t\t\t<div class=\"elementor-flip-box__layer elementor-flip-box__back\">\n\t\t\t<div class=\"elementor-flip-box__layer__overlay\">\n\t\t\t\t<div class=\"elementor-flip-box__layer__inner\">\n\t\t\t\t\t\t\t\t\t\t\t<h3 class=\"elementor-flip-box__layer__title\">\n\t\t\t\t\t\t\tESPOIR\t\t\t\t\t\t<\/h3>\n\t\t\t\t\t\n\t\t\t\t\t\t\t\t\t\t\t<div class=\"elementor-flip-box__layer__description\">\n\t\t\t\t\t\t\tD\u00e9velopper l\u2019espoir de fa\u00e7on globale dans la vie de la personne. <br \/>L\u2019associer \u00e0 la possibilit\u00e9 de r\u00eaver, \u00e0 l\u2019esp\u00e9rance d\u2019un avenir meilleur.\t\t\t\t\t\t<\/div>\n\t\t\t\t\t\n\t\t\t\t\t\t\t\t<\/div>\n\t\t<\/div>\n\t\t<\/div>\n\t\t<\/div>\n\t\t\t\t<\/div>\n\t\t\t\t<\/div>\n\t\t\t\t\t<\/div>\n\t\t<\/div>\n\t\t\t\t<div class=\"elementor-column elementor-col-33 elementor-inner-column elementor-element elementor-element-64c28ff\" data-id=\"64c28ff\" data-element_type=\"column\">\n\t\t\t<div class=\"elementor-widget-wrap elementor-element-populated\">\n\t\t\t\t\t\t<div class=\"elementor-element elementor-element-820ff96 elementor-flip-box--3d elementor-flip-box--effect-flip elementor-flip-box--direction-up elementor-widget elementor-widget-flip-box\" data-id=\"820ff96\" data-element_type=\"widget\" data-widget_type=\"flip-box.default\">\n\t\t\t\t<div class=\"elementor-widget-container\">\n\t\t\t\t\t<div class=\"elementor-flip-box\" tabindex=\"0\">\n\t\t\t<div class=\"elementor-flip-box__layer elementor-flip-box__front\">\n\t\t\t\t<div class=\"elementor-flip-box__layer__overlay\">\n\t\t\t\t\t<div class=\"elementor-flip-box__layer__inner\">\n\t\t\t\t\t\t\t\t\t\t\t\t\t<div class=\"elementor-icon-wrapper elementor-view-default\">\n\t\t\t\t\t\t\t\t<div class=\"elementor-icon\">\n\t\t\t\t\t\t\t\t\t<i class=\"fas fa-info\"><\/i>\t\t\t\t\t\t\t\t<\/div>\n\t\t\t\t\t\t\t<\/div>\n\t\t\t\t\t\t\n\t\t\t\t\t\t\t\t\t\t\t\t\t<h3 class=\"elementor-flip-box__layer__title\">\n\t\t\t\t\t\t\t\tPRINCIPE #2\t\t\t\t\t\t\t<\/h3>\n\t\t\t\t\t\t\n\t\t\t\t\t\t\t\t\t\t\t<\/div>\n\t\t\t\t<\/div>\n\t\t\t<\/div>\n\t\t\t<div class=\"elementor-flip-box__layer elementor-flip-box__back\">\n\t\t\t<div class=\"elementor-flip-box__layer__overlay\">\n\t\t\t\t<div class=\"elementor-flip-box__layer__inner\">\n\t\t\t\t\t\t\t\t\t\t\t<h3 class=\"elementor-flip-box__layer__title\">\n\t\t\t\t\t\t\tSOUTIEN \t\t\t\t\t\t<\/h3>\n\t\t\t\t\t\n\t\t\t\t\t\t\t\t\t\t\t<div class=\"elementor-flip-box__layer__description\">\n\t\t\t\t\t\t\tD\u00e9velopper un r\u00e9seau de soutien, aupr\u00e8s des soignants, de ses proches, comme aupr\u00e8s de ses pairs, au sein duquel la personne pourra recevoir et proposer du soutien. \t\t\t\t\t\t<\/div>\n\t\t\t\t\t\n\t\t\t\t\t\t\t\t<\/div>\n\t\t<\/div>\n\t\t<\/div>\n\t\t<\/div>\n\t\t\t\t<\/div>\n\t\t\t\t<\/div>\n\t\t\t\t\t<\/div>\n\t\t<\/div>\n\t\t\t\t<div class=\"elementor-column elementor-col-33 elementor-inner-column elementor-element elementor-element-2781316\" data-id=\"2781316\" data-element_type=\"column\">\n\t\t\t<div class=\"elementor-widget-wrap elementor-element-populated\">\n\t\t\t\t\t\t<div class=\"elementor-element elementor-element-6213f1c elementor-flip-box--3d elementor-flip-box--effect-flip elementor-flip-box--direction-up elementor-widget elementor-widget-flip-box\" data-id=\"6213f1c\" data-element_type=\"widget\" data-widget_type=\"flip-box.default\">\n\t\t\t\t<div class=\"elementor-widget-container\">\n\t\t\t\t\t<div class=\"elementor-flip-box\" tabindex=\"0\">\n\t\t\t<div class=\"elementor-flip-box__layer elementor-flip-box__front\">\n\t\t\t\t<div class=\"elementor-flip-box__layer__overlay\">\n\t\t\t\t\t<div class=\"elementor-flip-box__layer__inner\">\n\t\t\t\t\t\t\t\t\t\t\t\t\t<div class=\"elementor-icon-wrapper elementor-view-default\">\n\t\t\t\t\t\t\t\t<div class=\"elementor-icon\">\n\t\t\t\t\t\t\t\t\t<i class=\"fas fa-info\"><\/i>\t\t\t\t\t\t\t\t<\/div>\n\t\t\t\t\t\t\t<\/div>\n\t\t\t\t\t\t\n\t\t\t\t\t\t\t\t\t\t\t\t\t<h3 class=\"elementor-flip-box__layer__title\">\n\t\t\t\t\t\t\t\tPRINCIPE #3\t\t\t\t\t\t\t<\/h3>\n\t\t\t\t\t\t\n\t\t\t\t\t\t\t\t\t\t\t<\/div>\n\t\t\t\t<\/div>\n\t\t\t<\/div>\n\t\t\t<div class=\"elementor-flip-box__layer elementor-flip-box__back\">\n\t\t\t<div class=\"elementor-flip-box__layer__overlay\">\n\t\t\t\t<div class=\"elementor-flip-box__layer__inner\">\n\t\t\t\t\t\t\t\t\t\t\t<h3 class=\"elementor-flip-box__layer__title\">\n\t\t\t\t\t\t\tPLAIDOYER POUR SOI-M\u00caME\t\t\t\t\t\t<\/h3>\n\t\t\t\t\t\n\t\t\t\t\t\t\t\t\t\t\t<div class=\"elementor-flip-box__layer__description\">\n\t\t\t\t\t\t\t\u00catre en mesure de se faire entendre, pouvoir repr\u00e9senter ses propres int\u00e9r\u00eats, et parler en son nom propre. N\u00e9cessit\u00e9 de savoir se d\u00e9fendre.\t\t\t\t\t\t<\/div>\n\t\t\t\t\t\n\t\t\t\t\t\t\t\t<\/div>\n\t\t<\/div>\n\t\t<\/div>\n\t\t<\/div>\n\t\t\t\t<\/div>\n\t\t\t\t<\/div>\n\t\t\t\t\t<\/div>\n\t\t<\/div>\n\t\t\t\t\t<\/div>\n\t\t<\/section>\n\t\t\t\t<section class=\"elementor-section elementor-inner-section elementor-element elementor-element-83c754f elementor-section-boxed elementor-section-height-default elementor-section-height-default\" data-id=\"83c754f\" data-element_type=\"section\">\n\t\t\t\t\t\t<div class=\"elementor-container elementor-column-gap-default\">\n\t\t\t\t\t<div class=\"elementor-column elementor-col-50 elementor-inner-column elementor-element elementor-element-378cbc8\" data-id=\"378cbc8\" data-element_type=\"column\">\n\t\t\t<div class=\"elementor-widget-wrap elementor-element-populated\">\n\t\t\t\t\t\t<div class=\"elementor-element elementor-element-3a79263 elementor-flip-box--3d elementor-flip-box--effect-flip elementor-flip-box--direction-up elementor-widget elementor-widget-flip-box\" data-id=\"3a79263\" data-element_type=\"widget\" data-widget_type=\"flip-box.default\">\n\t\t\t\t<div class=\"elementor-widget-container\">\n\t\t\t\t\t<div class=\"elementor-flip-box\" tabindex=\"0\">\n\t\t\t<div class=\"elementor-flip-box__layer elementor-flip-box__front\">\n\t\t\t\t<div class=\"elementor-flip-box__layer__overlay\">\n\t\t\t\t\t<div class=\"elementor-flip-box__layer__inner\">\n\t\t\t\t\t\t\t\t\t\t\t\t\t<div class=\"elementor-icon-wrapper elementor-view-default\">\n\t\t\t\t\t\t\t\t<div class=\"elementor-icon\">\n\t\t\t\t\t\t\t\t\t<i class=\"fas fa-info\"><\/i>\t\t\t\t\t\t\t\t<\/div>\n\t\t\t\t\t\t\t<\/div>\n\t\t\t\t\t\t\n\t\t\t\t\t\t\t\t\t\t\t\t\t<h3 class=\"elementor-flip-box__layer__title\">\n\t\t\t\t\t\t\t\tPRINCIPE #4\t\t\t\t\t\t\t<\/h3>\n\t\t\t\t\t\t\n\t\t\t\t\t\t\t\t\t\t\t<\/div>\n\t\t\t\t<\/div>\n\t\t\t<\/div>\n\t\t\t<div class=\"elementor-flip-box__layer elementor-flip-box__back\">\n\t\t\t<div class=\"elementor-flip-box__layer__overlay\">\n\t\t\t\t<div class=\"elementor-flip-box__layer__inner\">\n\t\t\t\t\t\t\t\t\t\t\t<h3 class=\"elementor-flip-box__layer__title\">\n\t\t\t\t\t\t\tEMPOWERMENT\t\t\t\t\t\t<\/h3>\n\t\t\t\t\t\n\t\t\t\t\t\t\t\t\t\t\t<div class=\"elementor-flip-box__layer__description\">\n\t\t\t\t\t\t\tD\u00e9velopper des connaissances sur sa maladie, ses droits et son traitement, acc\u00e9der \u00e0 une formation tout au long de sa vie, afin de pouvoir d\u00e9velopper son autonomie au sein de la prise en charge\t\t\t\t\t\t<\/div>\n\t\t\t\t\t\n\t\t\t\t\t\t\t\t<\/div>\n\t\t<\/div>\n\t\t<\/div>\n\t\t<\/div>\n\t\t\t\t<\/div>\n\t\t\t\t<\/div>\n\t\t\t\t\t<\/div>\n\t\t<\/div>\n\t\t\t\t<div class=\"elementor-column elementor-col-50 elementor-inner-column elementor-element elementor-element-cd09e03\" data-id=\"cd09e03\" data-element_type=\"column\">\n\t\t\t<div class=\"elementor-widget-wrap elementor-element-populated\">\n\t\t\t\t\t\t<div class=\"elementor-element elementor-element-0baad41 elementor-flip-box--3d elementor-flip-box--effect-flip elementor-flip-box--direction-up elementor-widget elementor-widget-flip-box\" data-id=\"0baad41\" data-element_type=\"widget\" data-widget_type=\"flip-box.default\">\n\t\t\t\t<div class=\"elementor-widget-container\">\n\t\t\t\t\t<div class=\"elementor-flip-box\" tabindex=\"0\">\n\t\t\t<div class=\"elementor-flip-box__layer elementor-flip-box__front\">\n\t\t\t\t<div class=\"elementor-flip-box__layer__overlay\">\n\t\t\t\t\t<div class=\"elementor-flip-box__layer__inner\">\n\t\t\t\t\t\t\t\t\t\t\t\t\t<div class=\"elementor-icon-wrapper elementor-view-default\">\n\t\t\t\t\t\t\t\t<div class=\"elementor-icon\">\n\t\t\t\t\t\t\t\t\t<i class=\"fas fa-info\"><\/i>\t\t\t\t\t\t\t\t<\/div>\n\t\t\t\t\t\t\t<\/div>\n\t\t\t\t\t\t\n\t\t\t\t\t\t\t\t\t\t\t\t\t<h3 class=\"elementor-flip-box__layer__title\">\n\t\t\t\t\t\t\t\tPRINCIPE #5\t\t\t\t\t\t\t<\/h3>\n\t\t\t\t\t\t\n\t\t\t\t\t\t\t\t\t\t\t<\/div>\n\t\t\t\t<\/div>\n\t\t\t<\/div>\n\t\t\t<div class=\"elementor-flip-box__layer elementor-flip-box__back\">\n\t\t\t<div class=\"elementor-flip-box__layer__overlay\">\n\t\t\t\t<div class=\"elementor-flip-box__layer__inner\">\n\t\t\t\t\t\t\t\t\t\t\t<h3 class=\"elementor-flip-box__layer__title\">\n\t\t\t\t\t\t\tRESPONSABILISATION\t\t\t\t\t\t<\/h3>\n\t\t\t\t\t\n\t\t\t\t\t\t\t\t\t\t\t<div class=\"elementor-flip-box__layer__description\">\n\t\t\t\t\t\t\tPrendre conscience de sa propre responsabilit\u00e9 dans son parcours de soin, \u00eatre en mesure de prendre ses propres d\u00e9cisions, et d\u2019en g\u00e9rer les r\u00e9percussions.\t\t\t\t\t\t<\/div>\n\t\t\t\t\t\n\t\t\t\t\t\t\t\t<\/div>\n\t\t<\/div>\n\t\t<\/div>\n\t\t<\/div>\n\t\t\t\t<\/div>\n\t\t\t\t<\/div>\n\t\t\t\t\t<\/div>\n\t\t<\/div>\n\t\t\t\t\t<\/div>\n\t\t<\/section>\n\t\t\t\t\t<\/div>\n\t\t<\/div>\n\t\t\t\t\t<\/div>\n\t\t<\/section>\n\t\t\t\t<section class=\"elementor-section elementor-top-section elementor-element elementor-element-ea60309 elementor-section-boxed elementor-section-height-default elementor-section-height-default\" data-id=\"ea60309\" data-element_type=\"section\">\n\t\t\t\t\t\t<div class=\"elementor-container elementor-column-gap-default\">\n\t\t\t\t\t<div class=\"elementor-column elementor-col-100 elementor-top-column elementor-element elementor-element-358f514\" data-id=\"358f514\" data-element_type=\"column\">\n\t\t\t<div class=\"elementor-widget-wrap elementor-element-populated\">\n\t\t\t\t\t\t<div class=\"elementor-element elementor-element-859499c elementor-widget elementor-widget-text-editor\" data-id=\"859499c\" data-element_type=\"widget\" data-widget_type=\"text-editor.default\">\n\t\t\t\t<div class=\"elementor-widget-container\">\n\t\t\t\t\t\t\t<p><strong>Se R\u00e9tablir 37 est un ensemble d\u2019\u00e9quipes pluridisciplinaires qui adh\u00e8re \u00e0 l\u2019approche orient\u00e9e r\u00e9tablissement. Au sein du dispositif Se r\u00e9tablir 37, on distingue :<\/strong><\/p><ul><li>Une <a href=\"https:\/\/www.chu-tours.fr\/seretablir37\/evaluation-fonctionnelle\/\" target=\"_blank\" rel=\"noopener\">\u00e9quipe intersectorielle d\u2019<strong>\u00e9valuation fonctionnelle<\/strong><\/a> \u00e0 disposition du territoire du 37<\/li><li>Une \u00e9quipe d\u2019intervention pr\u00e9coce dans les formes prodromiques ou d\u00e9butantes de psychose (<a href=\"https:\/\/www.chu-tours.fr\/seretablir37\/equipe-avenir\/\" target=\"_blank\" rel=\"noopener\">\u00e9quipe <strong>A\u2019venir<\/strong><\/a>)<\/li><li>Une \u00e9quipe de r\u00e9habilitation psychosociale d\u00e9di\u00e9e aux personnes avec Trouble du spectre de l\u2019autisme (<a href=\"https:\/\/www.chu-tours.fr\/seretablir37\/equipe-emergence\/\" target=\"_blank\" rel=\"noopener\">\u00e9quipe <strong>\u00c9mergence<\/strong><\/a>)<\/li><li>Une \u00e9quipe de \u00ab\u00a0<em>jobcoaching<\/em>\u00a0\u00bb qui travaille selon la m\u00e9thode \u00ab\u00a0<em>Individual Placement and Support<\/em>\u00a0\u00bb (<a href=\"https:\/\/www.chu-tours.fr\/seretablir37\/interface-37\/\" target=\"_blank\" rel=\"noopener\">\u00e9quipe <strong>interFACE 37<\/strong><\/a>)<\/li><li>Une \u00e9quipe de rem\u00e9diation cognitive pour les personnes alcoolo-d\u00e9pendantes (<a href=\"https:\/\/www.chu-tours.fr\/seretablir37\/perspectives\/\" target=\"_blank\" rel=\"noopener\">\u00e9quipe <strong>Perspectives<\/strong><\/a>)<\/li><li>Une \u00e9quipe r\u00e9gionale d\u2019appui pour la structuration des offres de proximit\u00e9, l\u2019organisation de la formation, l\u2019expertise pour les situations complexes et le d\u00e9veloppement de la recherche dans le champ de la <a href=\"https:\/\/www.chu-tours.fr\/seretablir37\/support-regional-rps\/\" target=\"_blank\" rel=\"noopener\"><strong>r\u00e9habilitation psychosociale<\/strong><\/a>.<\/li><\/ul><p>Des moyens ont \u00e9t\u00e9 \u00e9galement mis en commun avec l\u2019<strong>unit\u00e9 de th\u00e9rapie familiale<\/strong> et le l\u2019unit\u00e9 de consultation p\u00e9nitentiaire et post p\u00e9nale (<strong>UC3P<\/strong>) pour d\u00e9velopper des approches de r\u00e9habilitation psychosociale ou r\u00e9tablissement dans ces deux champs.<\/p>\t\t\t\t\t\t<\/div>\n\t\t\t\t<\/div>\n\t\t\t\t\t<\/div>\n\t\t<\/div>\n\t\t\t\t\t<\/div>\n\t\t<\/section>\n\t\t\t\t<\/div>\n\t\t","protected":false},"excerpt":{"rendered":"<p>Accueil \u00ab Se r\u00e9tablir 37 \u00bb est un dispositif intersectoriel de soins orient\u00e9s vers le r\u00e9tablissement et de r\u00e9habilitation psychosociale. Il s\u2019agit \u00e0 la fois d\u2019un dispositif structurant les soins de r\u00e9habilitation psychosociale de proximit\u00e9 et d\u2019un centre de &ldquo;&nbsp;support&nbsp;&rdquo; r\u00e9gional labellis\u00e9 par l\u2019ARS Centre Val de Loire. Il se compose de diff\u00e9rentes \u00e9quipes poursuivant [&hellip;]<\/p>\n","protected":false},"author":4,"featured_media":0,"parent":0,"menu_order":0,"comment_status":"closed","ping_status":"closed","template":"","meta":{"_seopress_robots_primary_cat":"","_seopress_titles_title":"CHRU de Tours. P\u00f4le de Psychiatrie-Addictologie. Se r\u00e9tablir 37.","_seopress_titles_desc":"\u00ab Se r\u00e9tablir 37 \u00bb est un dispositif intersectoriel de soins orient\u00e9s vers le r\u00e9tablissement et de r\u00e9habilitation psychosociale. ","_seopress_robots_index":"","_exactmetrics_skip_tracking":false,"_exactmetrics_sitenote_active":false,"_exactmetrics_sitenote_note":"","_exactmetrics_sitenote_category":0,"_genesis_hide_title":false,"_genesis_hide_breadcrumbs":false,"_genesis_hide_singular_image":false,"_genesis_hide_footer_widgets":false,"_genesis_custom_body_class":"","_genesis_custom_post_class":"","_genesis_layout":"","footnotes":""},"publishpress_future_action":{"enabled":false,"date":"2026-04-20 19:12:27","action":"change-status","newStatus":"draft","terms":[],"taxonomy":""},"_links":{"self":[{"href":"https:\/\/www.chu-tours.fr\/seretablir37\/wp-json\/wp\/v2\/pages\/5"}],"collection":[{"href":"https:\/\/www.chu-tours.fr\/seretablir37\/wp-json\/wp\/v2\/pages"}],"about":[{"href":"https:\/\/www.chu-tours.fr\/seretablir37\/wp-json\/wp\/v2\/types\/page"}],"author":[{"embeddable":true,"href":"https:\/\/www.chu-tours.fr\/seretablir37\/wp-json\/wp\/v2\/users\/4"}],"replies":[{"embeddable":true,"href":"https:\/\/www.chu-tours.fr\/seretablir37\/wp-json\/wp\/v2\/comments?post=5"}],"version-history":[{"count":64,"href":"https:\/\/www.chu-tours.fr\/seretablir37\/wp-json\/wp\/v2\/pages\/5\/revisions"}],"predecessor-version":[{"id":215,"href":"https:\/\/www.chu-tours.fr\/seretablir37\/wp-json\/wp\/v2\/pages\/5\/revisions\/215"}],"wp:attachment":[{"href":"https:\/\/www.chu-tours.fr\/seretablir37\/wp-json\/wp\/v2\/media?parent=5"}],"curies":[{"name":"wp","href":"https:\/\/api.w.org\/{rel}","templated":true}]}}