{"id":163,"date":"2022-08-08T16:07:44","date_gmt":"2022-08-08T14:07:44","guid":{"rendered":"https:\/\/www.chu-tours.fr\/seretablir37\/?page_id=163"},"modified":"2023-04-18T12:14:59","modified_gmt":"2023-04-18T10:14:59","slug":"support-regional-rps","status":"publish","type":"page","link":"https:\/\/www.chu-tours.fr\/seretablir37\/support-regional-rps\/","title":{"rendered":"Support r\u00e9gional RPS"},"content":{"rendered":"\t\t<div data-elementor-type=\"wp-page\" data-elementor-id=\"163\" class=\"elementor elementor-163\" data-elementor-post-type=\"page\">\n\t\t\t\t\t\t<section class=\"elementor-section elementor-top-section elementor-element elementor-element-c25aeb6 elementor-section-boxed elementor-section-height-default elementor-section-height-default\" data-id=\"c25aeb6\" data-element_type=\"section\">\n\t\t\t\t\t\t<div class=\"elementor-container elementor-column-gap-default\">\n\t\t\t\t\t<div class=\"elementor-column elementor-col-100 elementor-top-column elementor-element elementor-element-c9ab25e\" data-id=\"c9ab25e\" data-element_type=\"column\">\n\t\t\t<div class=\"elementor-widget-wrap elementor-element-populated\">\n\t\t\t\t\t\t<div class=\"elementor-element elementor-element-c007fc9 elementor-widget elementor-widget-image\" data-id=\"c007fc9\" data-element_type=\"widget\" data-widget_type=\"image.default\">\n\t\t\t\t<div class=\"elementor-widget-container\">\n\t\t\t\t\t\t\t\t\t\t\t\t\t<img decoding=\"async\" src=\"https:\/\/www.chu-tours.fr\/psychiatrie-addictologie\/wp-content\/uploads\/sites\/9\/2022\/06\/photos_locaux.jpg\" title=\"\" alt=\"\" loading=\"lazy\" \/>\t\t\t\t\t\t\t\t\t\t\t\t\t<\/div>\n\t\t\t\t<\/div>\n\t\t\t\t\t<\/div>\n\t\t<\/div>\n\t\t\t\t\t<\/div>\n\t\t<\/section>\n\t\t\t\t<section class=\"elementor-section elementor-top-section elementor-element elementor-element-1922577 elementor-section-boxed elementor-section-height-default elementor-section-height-default\" data-id=\"1922577\" data-element_type=\"section\">\n\t\t\t\t\t\t<div class=\"elementor-container elementor-column-gap-default\">\n\t\t\t\t\t<div class=\"elementor-column elementor-col-100 elementor-top-column elementor-element elementor-element-4fb8535\" data-id=\"4fb8535\" data-element_type=\"column\" data-settings=\"{&quot;background_background&quot;:&quot;classic&quot;}\">\n\t\t\t<div class=\"elementor-widget-wrap elementor-element-populated\">\n\t\t\t\t\t\t<div class=\"elementor-element elementor-element-dafde47 elementor-widget elementor-widget-text-editor\" data-id=\"dafde47\" data-element_type=\"widget\" data-widget_type=\"text-editor.default\">\n\t\t\t\t<div class=\"elementor-widget-container\">\n\t\t\t\t\t\t\t<blockquote><p>L\u2019\u00e9quipe de support r\u00e9gional de r\u00e9habilitation psychosociale a pour objectif de fournir une aide \u00e0 la structuration et \u00e0 l\u2019organisation de nouveaux dispositifs de r\u00e9habilitation psychosociale au sein des \u00e9tablissements de sant\u00e9 de la r\u00e9gion Centre-Val de Loire en vue de leur labellisation comme centres de proximit\u00e9 de r\u00e9habilitation psychosociale par l\u2019Agence R\u00e9gionale de Sant\u00e9.<\/p><\/blockquote>\t\t\t\t\t\t<\/div>\n\t\t\t\t<\/div>\n\t\t\t\t\t<\/div>\n\t\t<\/div>\n\t\t\t\t\t<\/div>\n\t\t<\/section>\n\t\t\t\t<section class=\"elementor-section elementor-top-section elementor-element elementor-element-bc1c3ec elementor-section-boxed elementor-section-height-default elementor-section-height-default\" data-id=\"bc1c3ec\" data-element_type=\"section\">\n\t\t\t\t\t\t<div class=\"elementor-container elementor-column-gap-default\">\n\t\t\t\t\t<div class=\"elementor-column elementor-col-100 elementor-top-column elementor-element elementor-element-19e8a38\" data-id=\"19e8a38\" data-element_type=\"column\">\n\t\t\t<div class=\"elementor-widget-wrap elementor-element-populated\">\n\t\t\t\t\t\t<div class=\"elementor-element elementor-element-22b8fd0 elementor-widget elementor-widget-image\" data-id=\"22b8fd0\" data-element_type=\"widget\" data-widget_type=\"image.default\">\n\t\t\t\t<div class=\"elementor-widget-container\">\n\t\t\t\t\t\t\t\t\t\t\t\t\t<img fetchpriority=\"high\" decoding=\"async\" width=\"1024\" height=\"684\" src=\"https:\/\/www.chu-tours.fr\/seretablir37\/wp-content\/uploads\/sites\/13\/2023\/04\/Equipe-de-support-regionale_web-1024x684.jpg\" class=\"attachment-large size-large wp-image-234\" alt=\"Equipe de support r\u00e9gionale\" srcset=\"https:\/\/www.chu-tours.fr\/seretablir37\/wp-content\/uploads\/sites\/13\/2023\/04\/Equipe-de-support-regionale_web-1024x684.jpg 1024w, https:\/\/www.chu-tours.fr\/seretablir37\/wp-content\/uploads\/sites\/13\/2023\/04\/Equipe-de-support-regionale_web-300x200.jpg 300w, https:\/\/www.chu-tours.fr\/seretablir37\/wp-content\/uploads\/sites\/13\/2023\/04\/Equipe-de-support-regionale_web-768x513.jpg 768w, https:\/\/www.chu-tours.fr\/seretablir37\/wp-content\/uploads\/sites\/13\/2023\/04\/Equipe-de-support-regionale_web-1536x1027.jpg 1536w, https:\/\/www.chu-tours.fr\/seretablir37\/wp-content\/uploads\/sites\/13\/2023\/04\/Equipe-de-support-regionale_web.jpg 1616w\" sizes=\"(max-width: 1024px) 100vw, 1024px\" \/>\t\t\t\t\t\t\t\t\t\t\t\t\t<\/div>\n\t\t\t\t<\/div>\n\t\t\t\t\t<\/div>\n\t\t<\/div>\n\t\t\t\t\t<\/div>\n\t\t<\/section>\n\t\t\t\t<section class=\"elementor-section elementor-top-section elementor-element elementor-element-ea60309 elementor-section-boxed elementor-section-height-default elementor-section-height-default\" data-id=\"ea60309\" data-element_type=\"section\">\n\t\t\t\t\t\t<div class=\"elementor-container elementor-column-gap-default\">\n\t\t\t\t\t<div class=\"elementor-column elementor-col-100 elementor-top-column elementor-element elementor-element-358f514\" data-id=\"358f514\" data-element_type=\"column\">\n\t\t\t<div class=\"elementor-widget-wrap elementor-element-populated\">\n\t\t\t\t\t\t<div class=\"elementor-element elementor-element-12fde9f elementor-widget elementor-widget-text-editor\" data-id=\"12fde9f\" data-element_type=\"widget\" data-widget_type=\"text-editor.default\">\n\t\t\t\t<div class=\"elementor-widget-container\">\n\t\t\t\t\t\t\t<p>L\u2019\u00e9quipe de support r\u00e9gional a aussi pour missions de d\u00e9velopper des offres de formation et des projets de recherche dans le champ de la r\u00e9habilitation psychosociale et des soins orient\u00e9s r\u00e9tablissement.<\/p><p>Elle s\u2019appuie sur une collaboration entre le dispositif <strong>Se R\u00e9tablir 37<\/strong> du Centre Hospitalier R\u00e9gional Universitaire de Tours et du dispositif <strong>PRISM 45<\/strong> du Centre Hospitalier D\u00e9partemental Georges Daumezon \u00e0 Fleury-les-Aubrais.<\/p>\t\t\t\t\t\t<\/div>\n\t\t\t\t<\/div>\n\t\t\t\t\t<\/div>\n\t\t<\/div>\n\t\t\t\t\t<\/div>\n\t\t<\/section>\n\t\t\t\t<\/div>\n\t\t","protected":false},"excerpt":{"rendered":"<p>Accueil L\u2019\u00e9quipe de support r\u00e9gional de r\u00e9habilitation psychosociale a pour objectif de fournir une aide \u00e0 la structuration et \u00e0 l\u2019organisation de nouveaux dispositifs de r\u00e9habilitation psychosociale au sein des \u00e9tablissements de sant\u00e9 de la r\u00e9gion Centre-Val de Loire en vue de leur labellisation comme centres de proximit\u00e9 de r\u00e9habilitation psychosociale par l\u2019Agence R\u00e9gionale de [&hellip;]<\/p>\n","protected":false},"author":4,"featured_media":0,"parent":0,"menu_order":0,"comment_status":"closed","ping_status":"closed","template":"","meta":{"_seopress_robots_primary_cat":"","_seopress_titles_title":"CHRU de Tours. P\u00f4le de Psychiatrie-Addictologie. Se r\u00e9tablir 37. Support r\u00e9gional RPS.","_seopress_titles_desc":"L\u2019\u00e9quipe de support r\u00e9gional de r\u00e9habilitation psychosociale a pour objectif de fournir une aide \u00e0 la structuration et \u00e0 l\u2019organisation de nouveaux dispositifs de r\u00e9habilitation psychosociale au sein des \u00e9tablissements de sant\u00e9 de la r\u00e9gion Centre-Val de Loire en vue de leur labellisation comme centres de proximit\u00e9 de r\u00e9habilitation psychosociale par l\u2019Agence R\u00e9gionale de Sant\u00e9.","_seopress_robots_index":"","_exactmetrics_skip_tracking":false,"_exactmetrics_sitenote_active":false,"_exactmetrics_sitenote_note":"","_exactmetrics_sitenote_category":0,"_genesis_hide_title":false,"_genesis_hide_breadcrumbs":false,"_genesis_hide_singular_image":false,"_genesis_hide_footer_widgets":false,"_genesis_custom_body_class":"","_genesis_custom_post_class":"","_genesis_layout":"","footnotes":""},"publishpress_future_action":{"enabled":false,"date":"2026-04-20 19:10:32","action":"change-status","newStatus":"draft","terms":[],"taxonomy":""},"_links":{"self":[{"href":"https:\/\/www.chu-tours.fr\/seretablir37\/wp-json\/wp\/v2\/pages\/163"}],"collection":[{"href":"https:\/\/www.chu-tours.fr\/seretablir37\/wp-json\/wp\/v2\/pages"}],"about":[{"href":"https:\/\/www.chu-tours.fr\/seretablir37\/wp-json\/wp\/v2\/types\/page"}],"author":[{"embeddable":true,"href":"https:\/\/www.chu-tours.fr\/seretablir37\/wp-json\/wp\/v2\/users\/4"}],"replies":[{"embeddable":true,"href":"https:\/\/www.chu-tours.fr\/seretablir37\/wp-json\/wp\/v2\/comments?post=163"}],"version-history":[{"count":7,"href":"https:\/\/www.chu-tours.fr\/seretablir37\/wp-json\/wp\/v2\/pages\/163\/revisions"}],"predecessor-version":[{"id":243,"href":"https:\/\/www.chu-tours.fr\/seretablir37\/wp-json\/wp\/v2\/pages\/163\/revisions\/243"}],"wp:attachment":[{"href":"https:\/\/www.chu-tours.fr\/seretablir37\/wp-json\/wp\/v2\/media?parent=163"}],"curies":[{"name":"wp","href":"https:\/\/api.w.org\/{rel}","templated":true}]}}