{"id":144,"date":"2022-08-08T15:50:57","date_gmt":"2022-08-08T13:50:57","guid":{"rendered":"https:\/\/www.chu-tours.fr\/seretablir37\/?page_id=144"},"modified":"2022-08-08T16:53:21","modified_gmt":"2022-08-08T14:53:21","slug":"perspectives","status":"publish","type":"page","link":"https:\/\/www.chu-tours.fr\/seretablir37\/perspectives\/","title":{"rendered":"Perspectives"},"content":{"rendered":"\t\t<div data-elementor-type=\"wp-page\" data-elementor-id=\"144\" class=\"elementor elementor-144\" data-elementor-post-type=\"page\">\n\t\t\t\t\t\t<section class=\"elementor-section elementor-top-section elementor-element elementor-element-c25aeb6 elementor-section-boxed elementor-section-height-default elementor-section-height-default\" data-id=\"c25aeb6\" data-element_type=\"section\">\n\t\t\t\t\t\t<div class=\"elementor-container elementor-column-gap-default\">\n\t\t\t\t\t<div class=\"elementor-column elementor-col-100 elementor-top-column elementor-element elementor-element-c9ab25e\" data-id=\"c9ab25e\" data-element_type=\"column\">\n\t\t\t<div class=\"elementor-widget-wrap elementor-element-populated\">\n\t\t\t\t\t\t<div class=\"elementor-element elementor-element-c007fc9 elementor-widget elementor-widget-image\" data-id=\"c007fc9\" data-element_type=\"widget\" data-widget_type=\"image.default\">\n\t\t\t\t<div class=\"elementor-widget-container\">\n\t\t\t\t\t\t\t\t\t\t\t\t\t<img decoding=\"async\" src=\"https:\/\/www.chu-tours.fr\/psychiatrie-addictologie\/wp-content\/uploads\/sites\/9\/2022\/06\/photos_locaux.jpg\" title=\"\" alt=\"\" loading=\"lazy\" \/>\t\t\t\t\t\t\t\t\t\t\t\t\t<\/div>\n\t\t\t\t<\/div>\n\t\t\t\t\t<\/div>\n\t\t<\/div>\n\t\t\t\t\t<\/div>\n\t\t<\/section>\n\t\t\t\t<section class=\"elementor-section elementor-top-section elementor-element elementor-element-1922577 elementor-section-boxed elementor-section-height-default elementor-section-height-default\" data-id=\"1922577\" data-element_type=\"section\">\n\t\t\t\t\t\t<div class=\"elementor-container elementor-column-gap-default\">\n\t\t\t\t\t<div class=\"elementor-column elementor-col-100 elementor-top-column elementor-element elementor-element-4fb8535\" data-id=\"4fb8535\" data-element_type=\"column\" data-settings=\"{&quot;background_background&quot;:&quot;classic&quot;}\">\n\t\t\t<div class=\"elementor-widget-wrap elementor-element-populated\">\n\t\t\t\t\t\t<div class=\"elementor-element elementor-element-dafde47 elementor-widget elementor-widget-text-editor\" data-id=\"dafde47\" data-element_type=\"widget\" data-widget_type=\"text-editor.default\">\n\t\t\t\t<div class=\"elementor-widget-container\">\n\t\t\t\t\t\t\t<blockquote><p>L\u2019\u00e9quipe Perspectives a pour objectif de d\u00e9velopper et mettre en \u0153uvre un programme de rem\u00e9diation cognitive destin\u00e9 aux personnes ayant des difficult\u00e9s cognitives li\u00e9es \u00e0 un trouble de l\u2019usage de l\u2019alcool. Ce programme a pour objectif de favoriser le maintien de l\u2019abstinence et limiter l\u2019impact des atteintes cognitives dans les activit\u00e9s de vie quotidienne.<\/p><\/blockquote>\t\t\t\t\t\t<\/div>\n\t\t\t\t<\/div>\n\t\t\t\t\t<\/div>\n\t\t<\/div>\n\t\t\t\t\t<\/div>\n\t\t<\/section>\n\t\t\t\t<section class=\"elementor-section elementor-top-section elementor-element elementor-element-ea60309 elementor-section-boxed elementor-section-height-default elementor-section-height-default\" data-id=\"ea60309\" data-element_type=\"section\">\n\t\t\t\t\t\t<div class=\"elementor-container elementor-column-gap-default\">\n\t\t\t\t\t<div class=\"elementor-column elementor-col-100 elementor-top-column elementor-element elementor-element-358f514\" data-id=\"358f514\" data-element_type=\"column\">\n\t\t\t<div class=\"elementor-widget-wrap elementor-element-populated\">\n\t\t\t\t\t\t<div class=\"elementor-element elementor-element-12fde9f elementor-widget elementor-widget-text-editor\" data-id=\"12fde9f\" data-element_type=\"widget\" data-widget_type=\"text-editor.default\">\n\t\t\t\t<div class=\"elementor-widget-container\">\n\t\t\t\t\t\t\t<p>Cette activit\u00e9 est le fruit d\u2019une collaboration avec :<\/p><ul><li>le <strong>C<\/strong>entre de <strong>S<\/strong>oins, d\u2019<strong>A<\/strong>ccompagnement et de <strong>P<\/strong>r\u00e9vention en <strong>A<\/strong>ddictologie (<strong>CSAPA 37<\/strong>),<\/li><li>l\u2019<strong>\u00c9<\/strong>quipe de <strong>L<\/strong>iaison et de <strong>S<\/strong>oins en <strong>A<\/strong>ddictologie (<strong>ELSA 37<\/strong>)<\/li><li>et le service de <strong>S<\/strong>oins de <strong>S<\/strong>uite et de <strong>R<\/strong>\u00e9adaptation en <strong>A<\/strong>ddictologie (<strong>Louis Sevestre<\/strong>).<\/li><\/ul><p><strong>T\u00e9l\u00e9chargements<\/strong> :<\/p><ul><li><a href=\"\/seretablir37\/wp-content\/uploads\/sites\/13\/2022\/08\/perspectives-plaquette.pdf\" target=\"_blank\" rel=\"noopener\">Plaquette &#8220;Perspectives&#8221;<\/a><\/li><\/ul><p><span style=\"color: #ff0000;\">\u00a0<\/span><\/p>\t\t\t\t\t\t<\/div>\n\t\t\t\t<\/div>\n\t\t\t\t\t<\/div>\n\t\t<\/div>\n\t\t\t\t\t<\/div>\n\t\t<\/section>\n\t\t\t\t<\/div>\n\t\t","protected":false},"excerpt":{"rendered":"<p>Accueil L\u2019\u00e9quipe Perspectives a pour objectif de d\u00e9velopper et mettre en \u0153uvre un programme de rem\u00e9diation cognitive destin\u00e9 aux personnes ayant des difficult\u00e9s cognitives li\u00e9es \u00e0 un trouble de l\u2019usage de l\u2019alcool. Ce programme a pour objectif de favoriser le maintien de l\u2019abstinence et limiter l\u2019impact des atteintes cognitives dans les activit\u00e9s de vie quotidienne. [&hellip;]<\/p>\n","protected":false},"author":4,"featured_media":0,"parent":0,"menu_order":0,"comment_status":"closed","ping_status":"closed","template":"","meta":{"_seopress_robots_primary_cat":"","_seopress_titles_title":"CHRU de Tours. P\u00f4le de Psychiatrie-Addictologie. Se r\u00e9tablir 37. Perspectives.","_seopress_titles_desc":"L\u2019\u00e9quipe Perspectives a pour objectif de d\u00e9velopper et mettre en \u0153uvre un programme de rem\u00e9diation cognitive destin\u00e9 aux personnes ayant des difficult\u00e9s cognitives li\u00e9es \u00e0 un trouble de l\u2019usage de l\u2019alcool.","_seopress_robots_index":"","_exactmetrics_skip_tracking":false,"_exactmetrics_sitenote_active":false,"_exactmetrics_sitenote_note":"","_exactmetrics_sitenote_category":0,"_genesis_hide_title":false,"_genesis_hide_breadcrumbs":false,"_genesis_hide_singular_image":false,"_genesis_hide_footer_widgets":false,"_genesis_custom_body_class":"","_genesis_custom_post_class":"","_genesis_layout":"","footnotes":""},"publishpress_future_action":{"enabled":false,"date":"2026-04-20 19:22:23","action":"change-status","newStatus":"draft","terms":[],"taxonomy":""},"_links":{"self":[{"href":"https:\/\/www.chu-tours.fr\/seretablir37\/wp-json\/wp\/v2\/pages\/144"}],"collection":[{"href":"https:\/\/www.chu-tours.fr\/seretablir37\/wp-json\/wp\/v2\/pages"}],"about":[{"href":"https:\/\/www.chu-tours.fr\/seretablir37\/wp-json\/wp\/v2\/types\/page"}],"author":[{"embeddable":true,"href":"https:\/\/www.chu-tours.fr\/seretablir37\/wp-json\/wp\/v2\/users\/4"}],"replies":[{"embeddable":true,"href":"https:\/\/www.chu-tours.fr\/seretablir37\/wp-json\/wp\/v2\/comments?post=144"}],"version-history":[{"count":10,"href":"https:\/\/www.chu-tours.fr\/seretablir37\/wp-json\/wp\/v2\/pages\/144\/revisions"}],"predecessor-version":[{"id":190,"href":"https:\/\/www.chu-tours.fr\/seretablir37\/wp-json\/wp\/v2\/pages\/144\/revisions\/190"}],"wp:attachment":[{"href":"https:\/\/www.chu-tours.fr\/seretablir37\/wp-json\/wp\/v2\/media?parent=144"}],"curies":[{"name":"wp","href":"https:\/\/api.w.org\/{rel}","templated":true}]}}