{"id":138,"date":"2022-08-08T15:44:43","date_gmt":"2022-08-08T13:44:43","guid":{"rendered":"https:\/\/www.chu-tours.fr\/seretablir37\/?page_id=138"},"modified":"2023-04-18T12:13:19","modified_gmt":"2023-04-18T10:13:19","slug":"interface-37","status":"publish","type":"page","link":"https:\/\/www.chu-tours.fr\/seretablir37\/interface-37\/","title":{"rendered":"interFACE 37"},"content":{"rendered":"\t\t<div data-elementor-type=\"wp-page\" data-elementor-id=\"138\" class=\"elementor elementor-138\" data-elementor-post-type=\"page\">\n\t\t\t\t\t\t<section class=\"elementor-section elementor-top-section elementor-element elementor-element-c25aeb6 elementor-section-boxed elementor-section-height-default elementor-section-height-default\" data-id=\"c25aeb6\" data-element_type=\"section\">\n\t\t\t\t\t\t<div class=\"elementor-container elementor-column-gap-default\">\n\t\t\t\t\t<div class=\"elementor-column elementor-col-100 elementor-top-column elementor-element elementor-element-c9ab25e\" data-id=\"c9ab25e\" data-element_type=\"column\">\n\t\t\t<div class=\"elementor-widget-wrap elementor-element-populated\">\n\t\t\t\t\t\t<div class=\"elementor-element elementor-element-c007fc9 elementor-widget elementor-widget-image\" data-id=\"c007fc9\" data-element_type=\"widget\" data-widget_type=\"image.default\">\n\t\t\t\t<div class=\"elementor-widget-container\">\n\t\t\t\t\t\t\t\t\t\t\t\t\t<img decoding=\"async\" src=\"https:\/\/www.chu-tours.fr\/psychiatrie-addictologie\/wp-content\/uploads\/sites\/9\/2022\/06\/photos_locaux.jpg\" title=\"\" alt=\"\" loading=\"lazy\" \/>\t\t\t\t\t\t\t\t\t\t\t\t\t<\/div>\n\t\t\t\t<\/div>\n\t\t\t\t\t<\/div>\n\t\t<\/div>\n\t\t\t\t\t<\/div>\n\t\t<\/section>\n\t\t\t\t<section class=\"elementor-section elementor-top-section elementor-element elementor-element-1922577 elementor-section-boxed elementor-section-height-default elementor-section-height-default\" data-id=\"1922577\" data-element_type=\"section\">\n\t\t\t\t\t\t<div class=\"elementor-container elementor-column-gap-default\">\n\t\t\t\t\t<div class=\"elementor-column elementor-col-100 elementor-top-column elementor-element elementor-element-4fb8535\" data-id=\"4fb8535\" data-element_type=\"column\">\n\t\t\t<div class=\"elementor-widget-wrap elementor-element-populated\">\n\t\t\t\t\t\t<div class=\"elementor-element elementor-element-dafde47 elementor-widget elementor-widget-text-editor\" data-id=\"dafde47\" data-element_type=\"widget\" data-widget_type=\"text-editor.default\">\n\t\t\t\t<div class=\"elementor-widget-container\">\n\t\t\t\t\t\t\t<blockquote><p><strong>InterFACE 37<\/strong> est un dispositif de soutien vers et dans l\u2019emploi. L&#8217;\u00e9quipe applique la m\u00e9thode \u00ab <em>Individual Placement and Support<\/em> \u00bb (ou m\u00e9thode IPS), m\u00e9thode qui a d\u00e9montr\u00e9e dans de nombreux pays \u00e0 travers le monde son efficacit\u00e9 dans des \u00e9tudes scientifiques par rapport aux m\u00e9thodes traditionnelles d\u2019accompagnement \u00e0 l\u2019emploi.<\/p><p>Cette m\u00e9thode permet un accompagnement personnalis\u00e9 et intensif en milieu ordinaire de travail, en lien avec le projet professionnel de la personne.<\/p><\/blockquote>\t\t\t\t\t\t<\/div>\n\t\t\t\t<\/div>\n\t\t\t\t\t<\/div>\n\t\t<\/div>\n\t\t\t\t\t<\/div>\n\t\t<\/section>\n\t\t\t\t<section class=\"elementor-section elementor-top-section elementor-element elementor-element-6fb15d7 elementor-section-boxed elementor-section-height-default elementor-section-height-default\" data-id=\"6fb15d7\" data-element_type=\"section\">\n\t\t\t\t\t\t<div class=\"elementor-container elementor-column-gap-default\">\n\t\t\t\t\t<div class=\"elementor-column elementor-col-100 elementor-top-column elementor-element elementor-element-4daaeb0\" data-id=\"4daaeb0\" data-element_type=\"column\">\n\t\t\t<div class=\"elementor-widget-wrap elementor-element-populated\">\n\t\t\t\t\t\t<div class=\"elementor-element elementor-element-9a1a200 elementor-widget elementor-widget-image\" data-id=\"9a1a200\" data-element_type=\"widget\" data-widget_type=\"image.default\">\n\t\t\t\t<div class=\"elementor-widget-container\">\n\t\t\t\t\t\t\t\t\t\t\t\t\t<img decoding=\"async\" width=\"300\" height=\"80\" src=\"https:\/\/www.chu-tours.fr\/seretablir37\/wp-content\/uploads\/sites\/13\/2022\/08\/logo_interface37-300x80.png\" class=\"attachment-medium size-medium wp-image-127\" alt=\"interFACE 37\" srcset=\"https:\/\/www.chu-tours.fr\/seretablir37\/wp-content\/uploads\/sites\/13\/2022\/08\/logo_interface37-300x80.png 300w, https:\/\/www.chu-tours.fr\/seretablir37\/wp-content\/uploads\/sites\/13\/2022\/08\/logo_interface37.png 407w\" sizes=\"(max-width: 300px) 100vw, 300px\" \/>\t\t\t\t\t\t\t\t\t\t\t\t\t<\/div>\n\t\t\t\t<\/div>\n\t\t\t\t\t<\/div>\n\t\t<\/div>\n\t\t\t\t\t<\/div>\n\t\t<\/section>\n\t\t\t\t<section class=\"elementor-section elementor-top-section elementor-element elementor-element-ea60309 elementor-section-boxed elementor-section-height-default elementor-section-height-default\" data-id=\"ea60309\" data-element_type=\"section\">\n\t\t\t\t\t\t<div class=\"elementor-container elementor-column-gap-default\">\n\t\t\t\t\t<div class=\"elementor-column elementor-col-100 elementor-top-column elementor-element elementor-element-358f514\" data-id=\"358f514\" data-element_type=\"column\">\n\t\t\t<div class=\"elementor-widget-wrap elementor-element-populated\">\n\t\t\t\t\t\t<div class=\"elementor-element elementor-element-c58352d elementor-widget elementor-widget-image\" data-id=\"c58352d\" data-element_type=\"widget\" data-widget_type=\"image.default\">\n\t\t\t\t<div class=\"elementor-widget-container\">\n\t\t\t\t\t\t\t\t\t\t\t\t\t<img fetchpriority=\"high\" decoding=\"async\" width=\"1024\" height=\"684\" src=\"https:\/\/www.chu-tours.fr\/seretablir37\/wp-content\/uploads\/sites\/13\/2023\/04\/Equipe-Interface_web-1024x684.jpg\" class=\"attachment-large size-large wp-image-232\" alt=\"Equipe Interface\" srcset=\"https:\/\/www.chu-tours.fr\/seretablir37\/wp-content\/uploads\/sites\/13\/2023\/04\/Equipe-Interface_web-1024x684.jpg 1024w, https:\/\/www.chu-tours.fr\/seretablir37\/wp-content\/uploads\/sites\/13\/2023\/04\/Equipe-Interface_web-300x200.jpg 300w, https:\/\/www.chu-tours.fr\/seretablir37\/wp-content\/uploads\/sites\/13\/2023\/04\/Equipe-Interface_web-768x513.jpg 768w, https:\/\/www.chu-tours.fr\/seretablir37\/wp-content\/uploads\/sites\/13\/2023\/04\/Equipe-Interface_web-1536x1027.jpg 1536w, https:\/\/www.chu-tours.fr\/seretablir37\/wp-content\/uploads\/sites\/13\/2023\/04\/Equipe-Interface_web.jpg 1616w\" sizes=\"(max-width: 1024px) 100vw, 1024px\" \/>\t\t\t\t\t\t\t\t\t\t\t\t\t<\/div>\n\t\t\t\t<\/div>\n\t\t\t\t\t<\/div>\n\t\t<\/div>\n\t\t\t\t\t<\/div>\n\t\t<\/section>\n\t\t\t\t<\/div>\n\t\t","protected":false},"excerpt":{"rendered":"<p>Accueil InterFACE 37 est un dispositif de soutien vers et dans l\u2019emploi. L&#8217;\u00e9quipe applique la m\u00e9thode \u00ab Individual Placement and Support \u00bb (ou m\u00e9thode IPS), m\u00e9thode qui a d\u00e9montr\u00e9e dans de nombreux pays \u00e0 travers le monde son efficacit\u00e9 dans des \u00e9tudes scientifiques par rapport aux m\u00e9thodes traditionnelles d\u2019accompagnement \u00e0 l\u2019emploi. Cette m\u00e9thode permet un [&hellip;]<\/p>\n","protected":false},"author":4,"featured_media":0,"parent":0,"menu_order":0,"comment_status":"closed","ping_status":"closed","template":"","meta":{"_seopress_robots_primary_cat":"","_seopress_titles_title":"CHRU de Tours. P\u00f4le de Psychiatrie-Addictologie. Se r\u00e9tablir 37.  interFACE 37.","_seopress_titles_desc":"InterFACE 37 est un dispositif de soutien vers et dans l\u2019emploi. L&#039;\u00e9quipe applique la m\u00e9thode \u00ab Individual Placement and Support \u00bb (ou m\u00e9thode IPS), m\u00e9thode qui a d\u00e9montr\u00e9 dans de nombreux pays \u00e0 travers le monde son efficacit\u00e9 dans des \u00e9tudes scientifiques par rapport aux m\u00e9thodes traditionnelles d\u2019accompagnement \u00e0 l\u2019emploi.","_seopress_robots_index":"","_exactmetrics_skip_tracking":false,"_exactmetrics_sitenote_active":false,"_exactmetrics_sitenote_note":"","_exactmetrics_sitenote_category":0,"_genesis_hide_title":false,"_genesis_hide_breadcrumbs":false,"_genesis_hide_singular_image":false,"_genesis_hide_footer_widgets":false,"_genesis_custom_body_class":"","_genesis_custom_post_class":"","_genesis_layout":"","footnotes":""},"publishpress_future_action":{"enabled":false,"date":"2026-05-09 19:04:16","action":"change-status","newStatus":"draft","terms":[],"taxonomy":""},"_links":{"self":[{"href":"https:\/\/www.chu-tours.fr\/seretablir37\/wp-json\/wp\/v2\/pages\/138"}],"collection":[{"href":"https:\/\/www.chu-tours.fr\/seretablir37\/wp-json\/wp\/v2\/pages"}],"about":[{"href":"https:\/\/www.chu-tours.fr\/seretablir37\/wp-json\/wp\/v2\/types\/page"}],"author":[{"embeddable":true,"href":"https:\/\/www.chu-tours.fr\/seretablir37\/wp-json\/wp\/v2\/users\/4"}],"replies":[{"embeddable":true,"href":"https:\/\/www.chu-tours.fr\/seretablir37\/wp-json\/wp\/v2\/comments?post=138"}],"version-history":[{"count":13,"href":"https:\/\/www.chu-tours.fr\/seretablir37\/wp-json\/wp\/v2\/pages\/138\/revisions"}],"predecessor-version":[{"id":240,"href":"https:\/\/www.chu-tours.fr\/seretablir37\/wp-json\/wp\/v2\/pages\/138\/revisions\/240"}],"wp:attachment":[{"href":"https:\/\/www.chu-tours.fr\/seretablir37\/wp-json\/wp\/v2\/media?parent=138"}],"curies":[{"name":"wp","href":"https:\/\/api.w.org\/{rel}","templated":true}]}}