{"id":109,"date":"2022-08-08T15:03:38","date_gmt":"2022-08-08T13:03:38","guid":{"rendered":"https:\/\/www.chu-tours.fr\/seretablir37\/?page_id=109"},"modified":"2023-04-18T12:11:58","modified_gmt":"2023-04-18T10:11:58","slug":"equipe-avenir","status":"publish","type":"page","link":"https:\/\/www.chu-tours.fr\/seretablir37\/equipe-avenir\/","title":{"rendered":"\u00c9quipe A\u2019Venir"},"content":{"rendered":"\t\t<div data-elementor-type=\"wp-page\" data-elementor-id=\"109\" class=\"elementor elementor-109\" data-elementor-post-type=\"page\">\n\t\t\t\t\t\t<section class=\"elementor-section elementor-top-section elementor-element elementor-element-c25aeb6 elementor-section-boxed elementor-section-height-default elementor-section-height-default\" data-id=\"c25aeb6\" data-element_type=\"section\">\n\t\t\t\t\t\t<div class=\"elementor-container elementor-column-gap-default\">\n\t\t\t\t\t<div class=\"elementor-column elementor-col-100 elementor-top-column elementor-element elementor-element-c9ab25e\" data-id=\"c9ab25e\" data-element_type=\"column\">\n\t\t\t<div class=\"elementor-widget-wrap elementor-element-populated\">\n\t\t\t\t\t\t<div class=\"elementor-element elementor-element-c007fc9 elementor-widget elementor-widget-image\" data-id=\"c007fc9\" data-element_type=\"widget\" data-widget_type=\"image.default\">\n\t\t\t\t<div class=\"elementor-widget-container\">\n\t\t\t\t\t\t\t\t\t\t\t\t\t<img decoding=\"async\" src=\"https:\/\/www.chu-tours.fr\/psychiatrie-addictologie\/wp-content\/uploads\/sites\/9\/2022\/06\/photos_locaux.jpg\" title=\"\" alt=\"\" loading=\"lazy\" \/>\t\t\t\t\t\t\t\t\t\t\t\t\t<\/div>\n\t\t\t\t<\/div>\n\t\t\t\t\t<\/div>\n\t\t<\/div>\n\t\t\t\t\t<\/div>\n\t\t<\/section>\n\t\t\t\t<section class=\"elementor-section elementor-top-section elementor-element elementor-element-1922577 elementor-section-boxed elementor-section-height-default elementor-section-height-default\" data-id=\"1922577\" data-element_type=\"section\">\n\t\t\t\t\t\t<div class=\"elementor-container elementor-column-gap-default\">\n\t\t\t\t\t<div class=\"elementor-column elementor-col-100 elementor-top-column elementor-element elementor-element-4fb8535\" data-id=\"4fb8535\" data-element_type=\"column\">\n\t\t\t<div class=\"elementor-widget-wrap elementor-element-populated\">\n\t\t\t\t\t\t<div class=\"elementor-element elementor-element-dafde47 elementor-widget elementor-widget-text-editor\" data-id=\"dafde47\" data-element_type=\"widget\" data-widget_type=\"text-editor.default\">\n\t\t\t\t<div class=\"elementor-widget-container\">\n\t\t\t\t\t\t\t<blockquote><p>L\u2019\u00e9quipe de pr\u00e9vention et intervention pr\u00e9coce pour les psychoses d\u00e9butantes (\u00e9quipe A\u2019Venir) est charg\u00e9e de d\u00e9pister et d\u2019accompagner les personnes \u00e2g\u00e9es de 16 \u00e0 30 ans pr\u00e9sentant soit des sympt\u00f4mes psychotiques att\u00e9nu\u00e9s en fr\u00e9quence ou intensit\u00e9 associ\u00e9s \u00e0 un d\u00e9clin fonctionnel (sujets \u00e0 \u00ab ultra haut risques \u00bb), soit un premier \u00e9pisode psychotique trait\u00e9 depuis moins d\u2019un an.<\/p><\/blockquote>\t\t\t\t\t\t<\/div>\n\t\t\t\t<\/div>\n\t\t\t\t\t<\/div>\n\t\t<\/div>\n\t\t\t\t\t<\/div>\n\t\t<\/section>\n\t\t\t\t<section class=\"elementor-section elementor-top-section elementor-element elementor-element-561aaf1 elementor-section-boxed elementor-section-height-default elementor-section-height-default\" data-id=\"561aaf1\" data-element_type=\"section\">\n\t\t\t\t\t\t<div class=\"elementor-container elementor-column-gap-default\">\n\t\t\t\t\t<div class=\"elementor-column elementor-col-100 elementor-top-column elementor-element elementor-element-43c085b\" data-id=\"43c085b\" data-element_type=\"column\">\n\t\t\t<div class=\"elementor-widget-wrap elementor-element-populated\">\n\t\t\t\t\t\t<div class=\"elementor-element elementor-element-8a0cb93 elementor-widget elementor-widget-image\" data-id=\"8a0cb93\" data-element_type=\"widget\" data-widget_type=\"image.default\">\n\t\t\t\t<div class=\"elementor-widget-container\">\n\t\t\t\t\t\t\t\t\t\t\t\t\t<img fetchpriority=\"high\" decoding=\"async\" width=\"1024\" height=\"684\" src=\"https:\/\/www.chu-tours.fr\/seretablir37\/wp-content\/uploads\/sites\/13\/2023\/04\/Equipe-a-venir_web-1024x684.jpg\" class=\"attachment-large size-large wp-image-233\" alt=\"Equipe A&#039;venir\" srcset=\"https:\/\/www.chu-tours.fr\/seretablir37\/wp-content\/uploads\/sites\/13\/2023\/04\/Equipe-a-venir_web-1024x684.jpg 1024w, https:\/\/www.chu-tours.fr\/seretablir37\/wp-content\/uploads\/sites\/13\/2023\/04\/Equipe-a-venir_web-300x200.jpg 300w, https:\/\/www.chu-tours.fr\/seretablir37\/wp-content\/uploads\/sites\/13\/2023\/04\/Equipe-a-venir_web-768x513.jpg 768w, https:\/\/www.chu-tours.fr\/seretablir37\/wp-content\/uploads\/sites\/13\/2023\/04\/Equipe-a-venir_web-1536x1027.jpg 1536w, https:\/\/www.chu-tours.fr\/seretablir37\/wp-content\/uploads\/sites\/13\/2023\/04\/Equipe-a-venir_web.jpg 1616w\" sizes=\"(max-width: 1024px) 100vw, 1024px\" \/>\t\t\t\t\t\t\t\t\t\t\t\t\t<\/div>\n\t\t\t\t<\/div>\n\t\t\t\t\t<\/div>\n\t\t<\/div>\n\t\t\t\t\t<\/div>\n\t\t<\/section>\n\t\t\t\t<section class=\"elementor-section elementor-top-section elementor-element elementor-element-ea60309 elementor-section-boxed elementor-section-height-default elementor-section-height-default\" data-id=\"ea60309\" data-element_type=\"section\">\n\t\t\t\t\t\t<div class=\"elementor-container elementor-column-gap-default\">\n\t\t\t\t\t<div class=\"elementor-column elementor-col-100 elementor-top-column elementor-element elementor-element-358f514\" data-id=\"358f514\" data-element_type=\"column\">\n\t\t\t<div class=\"elementor-widget-wrap elementor-element-populated\">\n\t\t\t\t\t\t<div class=\"elementor-element elementor-element-859499c elementor-widget elementor-widget-text-editor\" data-id=\"859499c\" data-element_type=\"widget\" data-widget_type=\"text-editor.default\">\n\t\t\t\t<div class=\"elementor-widget-container\">\n\t\t\t\t\t\t\t<p><strong>10 Objectifs cl\u00e9s :<\/strong><\/p><ol><li>Limiter le caract\u00e8re traumatisant des premiers contacts avec la prise en charge psychiatrique,<\/li><li>\u00c9tablir une relation psychoth\u00e9rapeutique,<\/li><li>Diminuer la dur\u00e9e de dysfonctionnement,<\/li><li>Stimuler et faciliter une r\u00e9int\u00e9gration rapide et meilleure,<\/li><li>Mettre en place un traitement m\u00e9dicamenteux adapt\u00e9 de fa\u00e7on pr\u00e9coce<\/li><li>Diminuer la dur\u00e9e de psychose non trait\u00e9e,<\/li><li>Offrir une psycho\u00e9ducation concernant les troubles,<\/li><li>Limiter les rechutes et am\u00e9liorer le fonctionnement global en proposant des soins pr\u00e9coces et intensifs<\/li><li>Engager la famille dans la prise en charge d\u00e8s le d\u00e9but des soins,<\/li><li>Pr\u00e9venir et diminuer la stigmatisation.<\/li><\/ol>\t\t\t\t\t\t<\/div>\n\t\t\t\t<\/div>\n\t\t\t\t<div class=\"elementor-element elementor-element-9592a2d elementor-widget elementor-widget-toggle\" data-id=\"9592a2d\" data-element_type=\"widget\" data-widget_type=\"toggle.default\">\n\t\t\t\t<div class=\"elementor-widget-container\">\n\t\t\t\t\t<div class=\"elementor-toggle\">\n\t\t\t\t\t\t\t<div class=\"elementor-toggle-item\">\n\t\t\t\t\t<div id=\"elementor-tab-title-1561\" class=\"elementor-tab-title\" data-tab=\"1\" role=\"button\" aria-controls=\"elementor-tab-content-1561\" aria-expanded=\"false\">\n\t\t\t\t\t\t\t\t\t\t\t\t<span class=\"elementor-toggle-icon elementor-toggle-icon-left\" aria-hidden=\"true\">\n\t\t\t\t\t\t\t\t\t\t\t\t\t\t\t<span class=\"elementor-toggle-icon-closed\"><i class=\"fas fa-caret-right\"><\/i><\/span>\n\t\t\t\t\t\t\t\t<span class=\"elementor-toggle-icon-opened\"><i class=\"elementor-toggle-icon-opened fas fa-caret-up\"><\/i><\/span>\n\t\t\t\t\t\t\t\t\t\t\t\t\t<\/span>\n\t\t\t\t\t\t\t\t\t\t\t\t<a class=\"elementor-toggle-title\" tabindex=\"0\">Quel adressage et accompagnement ?<\/a>\n\t\t\t\t\t<\/div>\n\n\t\t\t\t\t<div id=\"elementor-tab-content-1561\" class=\"elementor-tab-content elementor-clearfix\" data-tab=\"1\" role=\"region\" aria-labelledby=\"elementor-tab-title-1561\"><ul><li><p>L\u2019adressage se fait par un professionnel du soin ou la personne elle-m\u00eame aupr\u00e8s du secr\u00e9tariat de <strong>Se R\u00e9tablir 37<\/strong> par mail (<a href=\"mailto:seretablir37@chu-tours.fr\">seretablir37@chu-tours.fr<\/a>) ou t\u00e9l\u00e9phone : <span style=\"color: #ed1164;\"><strong>02.47.47.71.60<\/strong><\/span> avec les \u00e9l\u00e9ments cliniques, le nom et les coordonn\u00e9es du patient.<\/p><p>Nous recontactons la personne pour organiser une premi\u00e8re rencontre sous 7-15 jours maximum avec un \u00ab\u00a0case manager\u00a0\u00bb (selon l\u2019urgence de la situation clinique). Un premier temps d\u2019\u00e9valuation permet d\u2019\u00e9valuer et de r\u00e9orienter le cas \u00e9ch\u00e9ant. L\u2019accompagnement est ensuite individualis\u00e9 en fonction des besoins, avec une intensit\u00e9 adaptable. Il est assur\u00e9 par une \u00e9quipe pluridisciplinaire : psychiatre, infirmier, assistant social, ergoth\u00e9rapeute, psychologue, neuropsychologue.<\/p><p>Les soins sont compos\u00e9s de suivis individuels (ergoth\u00e9rapie, rem\u00e9diation cognitive, soins infirmiers, psychiatrique, assistant social&#8230;) et\/ ou groupaux (psycho\u00e9ducation, gestion du stress, th\u00e9rapie cognitive et comportementale (TCC) des psychoses &#8230;).<\/p><p>\u00c0 l\u2019issue du temps de suivi le relais sera organis\u00e9 sur des soins lib\u00e9raux ou de secteurs en fonction de l\u2019\u00e9volution.\u00a0<\/p><\/li><\/ul><\/div>\n\t\t\t\t<\/div>\n\t\t\t\t\t\t\t<div class=\"elementor-toggle-item\">\n\t\t\t\t\t<div id=\"elementor-tab-title-1562\" class=\"elementor-tab-title\" data-tab=\"2\" role=\"button\" aria-controls=\"elementor-tab-content-1562\" aria-expanded=\"false\">\n\t\t\t\t\t\t\t\t\t\t\t\t<span class=\"elementor-toggle-icon elementor-toggle-icon-left\" aria-hidden=\"true\">\n\t\t\t\t\t\t\t\t\t\t\t\t\t\t\t<span class=\"elementor-toggle-icon-closed\"><i class=\"fas fa-caret-right\"><\/i><\/span>\n\t\t\t\t\t\t\t\t<span class=\"elementor-toggle-icon-opened\"><i class=\"elementor-toggle-icon-opened fas fa-caret-up\"><\/i><\/span>\n\t\t\t\t\t\t\t\t\t\t\t\t\t<\/span>\n\t\t\t\t\t\t\t\t\t\t\t\t<a class=\"elementor-toggle-title\" tabindex=\"0\">Pour combien de temps ?<\/a>\n\t\t\t\t\t<\/div>\n\n\t\t\t\t\t<div id=\"elementor-tab-content-1562\" class=\"elementor-tab-content elementor-clearfix\" data-tab=\"2\" role=\"region\" aria-labelledby=\"elementor-tab-title-1562\"><ul><li><p>Accompagnement d\u2019une dur\u00e9e maximum de 5 ans.<\/p><\/li><\/ul><\/div>\n\t\t\t\t<\/div>\n\t\t\t\t\t\t\t<div class=\"elementor-toggle-item\">\n\t\t\t\t\t<div id=\"elementor-tab-title-1563\" class=\"elementor-tab-title\" data-tab=\"3\" role=\"button\" aria-controls=\"elementor-tab-content-1563\" aria-expanded=\"false\">\n\t\t\t\t\t\t\t\t\t\t\t\t<span class=\"elementor-toggle-icon elementor-toggle-icon-left\" aria-hidden=\"true\">\n\t\t\t\t\t\t\t\t\t\t\t\t\t\t\t<span class=\"elementor-toggle-icon-closed\"><i class=\"fas fa-caret-right\"><\/i><\/span>\n\t\t\t\t\t\t\t\t<span class=\"elementor-toggle-icon-opened\"><i class=\"elementor-toggle-icon-opened fas fa-caret-up\"><\/i><\/span>\n\t\t\t\t\t\t\t\t\t\t\t\t\t<\/span>\n\t\t\t\t\t\t\t\t\t\t\t\t<a class=\"elementor-toggle-title\" tabindex=\"0\">P\u00e9rim\u00e8tre d\u2019intervention de l\u2019\u00e9quipe<\/a>\n\t\t\t\t\t<\/div>\n\n\t\t\t\t\t<div id=\"elementor-tab-content-1563\" class=\"elementor-tab-content elementor-clearfix\" data-tab=\"3\" role=\"region\" aria-labelledby=\"elementor-tab-title-1563\"><p>Tours et sa premi\u00e8re couronne :<\/p><ul><li>Fondettes<\/li><li>Saint-Cyr-sur-Loire<\/li><li>La Riche<\/li><li>Jou\u00e9-l\u00e8s-Tours<\/li><li>Saint-Avertin<\/li><li>Saint-Pierre-des-Corps<\/li><li>Rochecorbon<\/li><li>Parcay-Meslay<\/li><li>Notre-Dame-d\u2019O\u00e9<\/li><li>Ballan-Mir\u00e9<\/li><li>Chambray-l\u00e8s-Tours<\/li><li>Mettray<\/li><\/ul><\/div>\n\t\t\t\t<\/div>\n\t\t\t\t\t\t\t\t<\/div>\n\t\t\t\t<\/div>\n\t\t\t\t<\/div>\n\t\t\t\t\t<\/div>\n\t\t<\/div>\n\t\t\t\t\t<\/div>\n\t\t<\/section>\n\t\t\t\t<\/div>\n\t\t","protected":false},"excerpt":{"rendered":"<p>Accueil L\u2019\u00e9quipe de pr\u00e9vention et intervention pr\u00e9coce pour les psychoses d\u00e9butantes (\u00e9quipe A\u2019Venir) est charg\u00e9e de d\u00e9pister et d\u2019accompagner les personnes \u00e2g\u00e9es de 16 \u00e0 30 ans pr\u00e9sentant soit des sympt\u00f4mes psychotiques att\u00e9nu\u00e9s en fr\u00e9quence ou intensit\u00e9 associ\u00e9s \u00e0 un d\u00e9clin fonctionnel (sujets \u00e0 \u00ab ultra haut risques \u00bb), soit un premier \u00e9pisode psychotique trait\u00e9 [&hellip;]<\/p>\n","protected":false},"author":4,"featured_media":0,"parent":0,"menu_order":0,"comment_status":"closed","ping_status":"closed","template":"","meta":{"_seopress_robots_primary_cat":"","_seopress_titles_title":"CHRU de Tours. P\u00f4le de Psychiatrie-Addictologie. Se r\u00e9tablir 37. \u00c9quipe A\u2019Venir.","_seopress_titles_desc":"L\u2019\u00e9quipe de pr\u00e9vention et intervention pr\u00e9coce pour les psychoses d\u00e9butantes (\u00e9quipe A\u2019Venir) est charg\u00e9e de d\u00e9pister et d\u2019accompagner les personnes \u00e2g\u00e9es de 16 \u00e0 30 ans pr\u00e9sentant soit des sympt\u00f4mes psychotiques att\u00e9nu\u00e9s en fr\u00e9quence ou intensit\u00e9 associ\u00e9s \u00e0 un d\u00e9clin fonctionnel (sujets \u00e0 \u00ab ultra haut risques \u00bb), soit un premier \u00e9pisode psychotique trait\u00e9 depuis moins d\u2019un an.","_seopress_robots_index":"","_exactmetrics_skip_tracking":false,"_exactmetrics_sitenote_active":false,"_exactmetrics_sitenote_note":"","_exactmetrics_sitenote_category":0,"_genesis_hide_title":false,"_genesis_hide_breadcrumbs":false,"_genesis_hide_singular_image":false,"_genesis_hide_footer_widgets":false,"_genesis_custom_body_class":"","_genesis_custom_post_class":"","_genesis_layout":"","footnotes":""},"publishpress_future_action":{"enabled":false,"date":"2026-04-20 19:22:48","action":"change-status","newStatus":"draft","terms":[],"taxonomy":""},"_links":{"self":[{"href":"https:\/\/www.chu-tours.fr\/seretablir37\/wp-json\/wp\/v2\/pages\/109"}],"collection":[{"href":"https:\/\/www.chu-tours.fr\/seretablir37\/wp-json\/wp\/v2\/pages"}],"about":[{"href":"https:\/\/www.chu-tours.fr\/seretablir37\/wp-json\/wp\/v2\/types\/page"}],"author":[{"embeddable":true,"href":"https:\/\/www.chu-tours.fr\/seretablir37\/wp-json\/wp\/v2\/users\/4"}],"replies":[{"embeddable":true,"href":"https:\/\/www.chu-tours.fr\/seretablir37\/wp-json\/wp\/v2\/comments?post=109"}],"version-history":[{"count":16,"href":"https:\/\/www.chu-tours.fr\/seretablir37\/wp-json\/wp\/v2\/pages\/109\/revisions"}],"predecessor-version":[{"id":237,"href":"https:\/\/www.chu-tours.fr\/seretablir37\/wp-json\/wp\/v2\/pages\/109\/revisions\/237"}],"wp:attachment":[{"href":"https:\/\/www.chu-tours.fr\/seretablir37\/wp-json\/wp\/v2\/media?parent=109"}],"curies":[{"name":"wp","href":"https:\/\/api.w.org\/{rel}","templated":true}]}}