{"id":839,"date":"2023-04-11T09:26:17","date_gmt":"2023-04-11T07:26:17","guid":{"rendered":"https:\/\/www.chu-tours.fr\/psychiatrie-addictologie\/?page_id=839"},"modified":"2023-04-11T09:35:31","modified_gmt":"2023-04-11T07:35:31","slug":"nouvel-hopital-psychiatrique-le-projet-presente-aux-equipes-du-pole-psychiatrie","status":"publish","type":"page","link":"https:\/\/www.chu-tours.fr\/psychiatrie-addictologie\/nouvel-hopital-psychiatrique-le-projet-presente-aux-equipes-du-pole-psychiatrie\/","title":{"rendered":"Nouvel H\u00f4pital Psychiatrique : le projet pr\u00e9sent\u00e9 aux \u00e9quipes du p\u00f4le Psychiatrie"},"content":{"rendered":"<p>Le 20 mars dernier, les \u00e9quipes de psychiatrie \u00e9taient convi\u00e9es \u00e0 une r\u00e9union d\u2019information sur le projet architectural du futur Nouvel H\u00f4pital de Psychiatrie.<\/p>\n<p>Ivy Mouchel, Directeur des Services techniques et du Patrimoine et Directeur r\u00e9f\u00e9rent du p\u00f4le Psychiatrie et Julien Bouloizeau, charg\u00e9 de missions projets immobiliers, ont pr\u00e9sent\u00e9 les principes architecturaux qui ont \u00e9t\u00e9 retenus et qui traduisent les besoins et attentes d\u00e9finis pr\u00e9alablement par les groupes de travail.<\/p>\n<p>En pr\u00e9ambule, le Professeur Camus avait rappel\u00e9 la volont\u00e9 initiale des \u00e9quipes m\u00e9dicales et soignantes de profiter de ce nouveau b\u00e2timent pour int\u00e9grer l\u2019\u00e9volution des pratiques des soins psychiatriques tout en int\u00e9grant l\u2019amont et l\u2019aval afin d\u2019optimiser la prise en charge ambulatoire.<\/p>\n<p>L\u2019op\u00e9ration NHP consiste au regroupement dans une construction neuve de<\/p>\n<ul>\n<li>170 lits d\u2019hospitalisation r\u00e9parties en 10 unit\u00e9s :<\/li>\n<li>6 unit\u00e9s de psychiatrie g\u00e9n\u00e9rale adultes<\/li>\n<li>3 secteurs compos\u00e9s de 2 unit\u00e9s de 20 lits,<\/li>\n<li>4 unit\u00e9s de psychiatrie sp\u00e9cialis\u00e9es<\/li>\n<li>1 unit\u00e9 de 20 lits pour la prise en charge des personnes \u00e2g\u00e9es<\/li>\n<li>1 unit\u00e9 de 12 pour le sevrage complexe en addictologie<\/li>\n<li>1 unit\u00e9 de 6 lits pour adultes avec trouble du spectre de l\u2019autisme<\/li>\n<li>1 unit\u00e9 de 12 lits pour la prise en charge des adolescents<\/li>\n<\/ul>\n<p>Les principes du projet m\u00e9dical a \u00e9t\u00e9 travaill\u00e9 par les \u00e9quipes pour r\u00e9pondre \u00e0 :<\/p>\n<ul>\n<li>Qualit\u00e9 &amp; s\u00e9curit\u00e9 des soins pour les patients et les personnels<\/li>\n<li>Respect des droits et des nouvelles dispositions r\u00e9glementaires (isolement, contention, libert\u00e9 d\u2019aller et venir]<\/li>\n<li>Hospitalisation au temps limit\u00e9 du soin (\u00e0 la phase aig\u00fce de la pathologie)<\/li>\n<li>Prise en compte de nouvelles pratiques (interventions pr\u00e9coces, soins intensifs psychiatriques \u00e0 domicile)<\/li>\n<li>R\u00e9ponse \u00e0 des besoins non couverts (personnes avec troubles du spectre de l\u2019autisme, troubles psychiatriques du vieillissement, addictologie)<\/li>\n<\/ul>\n<p>L\u2019implantation du NHP sur le site de Trousseau doit permettre d\u2019apporter une\u00a0r\u00e9ponse m\u00e9dicale coh\u00e9rente et efficace :<\/p>\n<ul>\n<li>Proximit\u00e9 du service d\u2019accueil des urgences du Nouvel H\u00f4pital Trousseau (qui accueillera les boxes de prise en charge des urgences psychiatriques)<\/li>\n<li>Proximit\u00e9 avec l\u2019ensemble des moyens du plateau technique et des sp\u00e9cialit\u00e9s somatiques<\/li>\n<li>Liens fonctionnels \u00e9troits avec la psychiatrie ambulatoire (la Douzilli\u00e8re, la Chevalerie, les Fontaines).<\/li>\n<\/ul>\n<p><img fetchpriority=\"high\" decoding=\"async\" class=\"aligncenter wp-image-840 size-full\" src=\"https:\/\/www.chu-tours.fr\/psychiatrie-addictologie\/wp-content\/uploads\/sites\/9\/2023\/04\/nhp.jpg\" alt=\"\" width=\"500\" height=\"190\" srcset=\"https:\/\/www.chu-tours.fr\/psychiatrie-addictologie\/wp-content\/uploads\/sites\/9\/2023\/04\/nhp.jpg 500w, https:\/\/www.chu-tours.fr\/psychiatrie-addictologie\/wp-content\/uploads\/sites\/9\/2023\/04\/nhp-300x114.jpg 300w\" sizes=\"(max-width: 500px) 100vw, 500px\" \/><\/p>\n","protected":false},"excerpt":{"rendered":"<p>Le 20 mars dernier, les \u00e9quipes de psychiatrie \u00e9taient convi\u00e9es \u00e0 une r\u00e9union d\u2019information sur le projet architectural du futur Nouvel H\u00f4pital de Psychiatrie. Ivy Mouchel, Directeur des Services techniques et du Patrimoine et Directeur r\u00e9f\u00e9rent du p\u00f4le Psychiatrie et Julien Bouloizeau, charg\u00e9 de missions projets immobiliers, ont pr\u00e9sent\u00e9 les principes architecturaux qui ont \u00e9t\u00e9 [&hellip;]<\/p>\n","protected":false},"author":4,"featured_media":837,"parent":0,"menu_order":0,"comment_status":"closed","ping_status":"closed","template":"","meta":{"_seopress_robots_primary_cat":"","_seopress_titles_title":"Les actualit\u00e9s du p\u00f4le Psychiatrie-Addictologie. NHP.","_seopress_titles_desc":"Le 20 mars dernier, les \u00e9quipes de psychiatrie \u00e9taient convi\u00e9es \u00e0 une r\u00e9union d\u2019information sur le projet architectural du futur Nouvel H\u00f4pital de Psychiatrie.","_seopress_robots_index":"","_exactmetrics_skip_tracking":false,"_exactmetrics_sitenote_active":false,"_exactmetrics_sitenote_note":"","_exactmetrics_sitenote_category":0,"_genesis_hide_title":false,"_genesis_hide_breadcrumbs":false,"_genesis_hide_singular_image":false,"_genesis_hide_footer_widgets":false,"_genesis_custom_body_class":"","_genesis_custom_post_class":"","_genesis_layout":"","footnotes":""},"publishpress_future_action":{"enabled":false,"date":"2026-05-20 21:27:04","action":"change-status","newStatus":"draft","terms":[],"taxonomy":""},"_links":{"self":[{"href":"https:\/\/www.chu-tours.fr\/psychiatrie-addictologie\/wp-json\/wp\/v2\/pages\/839"}],"collection":[{"href":"https:\/\/www.chu-tours.fr\/psychiatrie-addictologie\/wp-json\/wp\/v2\/pages"}],"about":[{"href":"https:\/\/www.chu-tours.fr\/psychiatrie-addictologie\/wp-json\/wp\/v2\/types\/page"}],"author":[{"embeddable":true,"href":"https:\/\/www.chu-tours.fr\/psychiatrie-addictologie\/wp-json\/wp\/v2\/users\/4"}],"replies":[{"embeddable":true,"href":"https:\/\/www.chu-tours.fr\/psychiatrie-addictologie\/wp-json\/wp\/v2\/comments?post=839"}],"version-history":[{"count":1,"href":"https:\/\/www.chu-tours.fr\/psychiatrie-addictologie\/wp-json\/wp\/v2\/pages\/839\/revisions"}],"predecessor-version":[{"id":841,"href":"https:\/\/www.chu-tours.fr\/psychiatrie-addictologie\/wp-json\/wp\/v2\/pages\/839\/revisions\/841"}],"wp:featuredmedia":[{"embeddable":true,"href":"https:\/\/www.chu-tours.fr\/psychiatrie-addictologie\/wp-json\/wp\/v2\/media\/837"}],"wp:attachment":[{"href":"https:\/\/www.chu-tours.fr\/psychiatrie-addictologie\/wp-json\/wp\/v2\/media?parent=839"}],"curies":[{"name":"wp","href":"https:\/\/api.w.org\/{rel}","templated":true}]}}