{"id":640,"date":"2022-05-20T16:10:05","date_gmt":"2022-05-20T14:10:05","guid":{"rendered":"https:\/\/www.chu-tours.fr\/psychiatrie-addictologie\/?page_id=640"},"modified":"2023-04-11T12:05:44","modified_gmt":"2023-04-11T10:05:44","slug":"espace-de-la-chevalerie","status":"publish","type":"page","link":"https:\/\/www.chu-tours.fr\/psychiatrie-addictologie\/espace-de-la-chevalerie\/","title":{"rendered":"Espace de la Chevalerie"},"content":{"rendered":"\t\t<div data-elementor-type=\"wp-page\" data-elementor-id=\"640\" class=\"elementor elementor-640\" data-elementor-post-type=\"page\">\n\t\t\t\t\t\t<section class=\"elementor-section elementor-top-section elementor-element elementor-element-55952ea elementor-section-boxed elementor-section-height-default elementor-section-height-default\" data-id=\"55952ea\" data-element_type=\"section\">\n\t\t\t\t\t\t<div class=\"elementor-container elementor-column-gap-default\">\n\t\t\t\t\t<div class=\"elementor-column elementor-col-100 elementor-top-column elementor-element elementor-element-1a974e1\" data-id=\"1a974e1\" data-element_type=\"column\">\n\t\t\t<div class=\"elementor-widget-wrap elementor-element-populated\">\n\t\t\t\t\t\t<div class=\"elementor-element elementor-element-9897a2b elementor-widget elementor-widget-text-editor\" data-id=\"9897a2b\" data-element_type=\"widget\" data-widget_type=\"text-editor.default\">\n\t\t\t\t<div class=\"elementor-widget-container\">\n\t\t\t\t\t\t\t<blockquote>\n<p>L\u2019Espace de la Chevalerie regroupe l\u2019activit\u00e9 ambulatoire de psychiatrie (consultations externes, espace de jour) des secteurs de la Clinique Psychiatrique Universitaire (CPU) situ\u00e9e \u00e0 St Cyr sur Loire et du service de Psychiatrie D situ\u00e9 \u00e0 l\u2019h\u00f4pital Bretonneau.<\/p>\n<p>L\u2019Espace de la Chevalerie accueille ainsi un centre de consultation externe pour adulte (Centre m\u00e9dico-psychologique ou CMP), un h\u00f4pital de jour adulte de 41 places, une unit\u00e9 de th\u00e9rapie familiale pour les adultes et les adolescents, des th\u00e9rapies de groupes pour adulte.<\/p>\n<p>La mutualisation des ressources de deux secteurs de psychiatrie du CHRU de Tours sur un m\u00eame site permet aux personnes recevant des soins l\u2019acc\u00e8s \u00e0 une tr\u00e8s large palette de soins pluriprofessionnelles, sp\u00e9cialis\u00e9s, individuels ou groupaux.<\/p>\n<\/blockquote>\t\t\t\t\t\t<\/div>\n\t\t\t\t<\/div>\n\t\t\t\t\t<\/div>\n\t\t<\/div>\n\t\t\t\t\t<\/div>\n\t\t<\/section>\n\t\t\t\t<section class=\"elementor-section elementor-top-section elementor-element elementor-element-63d2055 elementor-section-boxed elementor-section-height-default elementor-section-height-default\" data-id=\"63d2055\" data-element_type=\"section\">\n\t\t\t\t\t\t<div class=\"elementor-container elementor-column-gap-default\">\n\t\t\t\t\t<div class=\"elementor-column elementor-col-100 elementor-top-column elementor-element elementor-element-69238c7\" data-id=\"69238c7\" data-element_type=\"column\">\n\t\t\t<div class=\"elementor-widget-wrap elementor-element-populated\">\n\t\t\t\t\t\t<div class=\"elementor-element elementor-element-2a03b36 elementor-widget elementor-widget-image\" data-id=\"2a03b36\" data-element_type=\"widget\" data-widget_type=\"image.default\">\n\t\t\t\t<div class=\"elementor-widget-container\">\n\t\t\t\t\t\t\t\t\t\t\t\t\t<img fetchpriority=\"high\" decoding=\"async\" width=\"1024\" height=\"576\" src=\"https:\/\/www.chu-tours.fr\/psychiatrie-addictologie\/wp-content\/uploads\/sites\/9\/2022\/05\/locaux_chevalerie-1024x576.jpg\" class=\"attachment-large size-large wp-image-662\" alt=\"La Chevalerie\" srcset=\"https:\/\/www.chu-tours.fr\/psychiatrie-addictologie\/wp-content\/uploads\/sites\/9\/2022\/05\/locaux_chevalerie-1024x576.jpg 1024w, https:\/\/www.chu-tours.fr\/psychiatrie-addictologie\/wp-content\/uploads\/sites\/9\/2022\/05\/locaux_chevalerie-300x169.jpg 300w, https:\/\/www.chu-tours.fr\/psychiatrie-addictologie\/wp-content\/uploads\/sites\/9\/2022\/05\/locaux_chevalerie-768x432.jpg 768w, https:\/\/www.chu-tours.fr\/psychiatrie-addictologie\/wp-content\/uploads\/sites\/9\/2022\/05\/locaux_chevalerie-388x219.jpg 388w, https:\/\/www.chu-tours.fr\/psychiatrie-addictologie\/wp-content\/uploads\/sites\/9\/2022\/05\/locaux_chevalerie-656x369.jpg 656w, https:\/\/www.chu-tours.fr\/psychiatrie-addictologie\/wp-content\/uploads\/sites\/9\/2022\/05\/locaux_chevalerie.jpg 1280w\" sizes=\"(max-width: 1024px) 100vw, 1024px\" \/>\t\t\t\t\t\t\t\t\t\t\t\t\t<\/div>\n\t\t\t\t<\/div>\n\t\t\t\t\t<\/div>\n\t\t<\/div>\n\t\t\t\t\t<\/div>\n\t\t<\/section>\n\t\t\t\t<section class=\"elementor-section elementor-top-section elementor-element elementor-element-6b2045a elementor-section-boxed elementor-section-height-default elementor-section-height-default\" data-id=\"6b2045a\" data-element_type=\"section\">\n\t\t\t\t\t\t<div class=\"elementor-container elementor-column-gap-default\">\n\t\t\t\t\t<div class=\"elementor-column elementor-col-100 elementor-top-column elementor-element elementor-element-59cbc68\" data-id=\"59cbc68\" data-element_type=\"column\">\n\t\t\t<div class=\"elementor-widget-wrap elementor-element-populated\">\n\t\t\t\t\t\t<div class=\"elementor-element elementor-element-9c9c1c9 elementor-widget elementor-widget-text-editor\" data-id=\"9c9c1c9\" data-element_type=\"widget\" data-widget_type=\"text-editor.default\">\n\t\t\t\t<div class=\"elementor-widget-container\">\n\t\t\t\t\t\t\t<h2>Liste des activit\u00e9s sp\u00e9cifiques propos\u00e9es sur l\u2019espace de la Chevalerie du CHRU de Tours avec documentation :<\/h2><ul><li>Groupe d\u2019affirmation de soi\u00a0: <a href=\"https:\/\/www.chu-tours.fr\/psychiatrie-addictologie\/wp-content\/uploads\/sites\/9\/2022\/05\/CPU_japprends_a_maffirmer.pdf\" target=\"_blank\" rel=\"noopener\">J\u2019apprends \u00e0 m\u2019affirmer\u00a0!<\/a><\/li><li><a href=\"https:\/\/www.chu-tours.fr\/psychiatrie-addictologie\/wp-content\/uploads\/sites\/9\/2022\/05\/dixiludo-2022.pdf\" target=\"_blank\" rel=\"noopener\">Groupe d\u2019habilet\u00e9 conversationnelle (Dixiludo)<\/a><\/li><li><a href=\"https:\/\/www.chu-tours.fr\/psychiatrie-addictologie\/wp-content\/uploads\/sites\/9\/2022\/05\/depliant-ruminations.pdf\" target=\"_blank\" rel=\"noopener\">Groupe sur les ruminations<\/a><\/li><li><a href=\"https:\/\/www.chu-tours.fr\/psychiatrie-addictologie\/wp-content\/uploads\/sites\/9\/2022\/05\/Programme-BOOST-2022.pdf\" target=\"_blank\" rel=\"noopener\">Groupe sur le renforcement du bien-\u00eatre et de l&#8217;estime de soi (BOOST)<\/a><\/li><li>M\u00e9diation animale<\/li><li>Groupe sur la r\u00e9gulation \u00e9motionnelle\u00a0: <a href=\"https:\/\/www.chu-tours.fr\/psychiatrie-addictologie\/wp-content\/uploads\/sites\/9\/2022\/05\/Japprends-a-reguler-et-a-tolerer-mes-emotions.pdf\" target=\"_blank\" rel=\"noopener\">J&#8217;apprends \u00e0 r\u00e9guler et \u00e0 tol\u00e9rer mes \u00e9motions<\/a><\/li><li>Groupe Gestion des sympt\u00f4mes, Traitements et R\u00e9tablissement pour les personnes avec une schizophr\u00e9nie<\/li><li>Programme en Activit\u00e9s Physiques Adapt\u00e9es pour des personnes avec troubles cognitifs<\/li><li><a href=\"https:\/\/www.chu-tours.fr\/psychiatrie-addictologie\/wp-content\/uploads\/sites\/9\/2023\/04\/Flyer-accept-voices.pdf\" target=\"_blank\" rel=\"noopener\">Groupe de parole &#8221; Accept Voices &#8220;<\/a><\/li><li><a href=\"https:\/\/www.chu-tours.fr\/psychiatrie-addictologie\/wp-content\/uploads\/sites\/9\/2023\/04\/TCA_plaquette_groupe_Vsept2022.pdf\" target=\"_blank\" rel=\"noopener\">Groupe de parole : j&#8217;apprends \u00e0 r\u00e9guler mes conduites alimentaires<\/a><\/li><li><a href=\"https:\/\/www.chu-tours.fr\/psychiatrie-addictologie\/wp-content\/uploads\/sites\/9\/2022\/05\/CPU_plaquette_PEPS_2019.pdf\" target=\"_blank\" rel=\"noopener\">Programme d\u2019\u00c9motions Positives pour la Schizophr\u00e9nie (PEPS)<\/a><\/li><li><a href=\"https:\/\/www.chu-tours.fr\/psychiatrie-addictologie\/wp-content\/uploads\/sites\/9\/2022\/05\/plaquette_entrainement-metacognitif-pour-les-personnes-avec-schizophrenie-ou-troubles-apparentes_2018.pdf\" target=\"_blank\" rel=\"noopener\">Groupe d\u2019entra\u00eenement m\u00e9tacognitif pour les personnes avec schizophr\u00e9nie ou troubles apparent\u00e9s<\/a><\/li><li><a href=\"https:\/\/www.chu-tours.fr\/psychiatrie-addictologie\/wp-content\/uploads\/sites\/9\/2022\/05\/plaquette_entrainement-metacognitif-avec-trouble-de-personnalite-borderline-2021.pdf\" target=\"_blank\" rel=\"noopener\">Groupe d\u2019entra\u00eenement m\u00e9tacognitif avec trouble de personnalit\u00e9 borderline ou troubles apparent\u00e9s<\/a><\/li><li><a href=\"https:\/\/www.chu-tours.fr\/psychiatrie-addictologie\/wp-content\/uploads\/sites\/9\/2022\/05\/Plaquette-sommeil-PEPASE-2020.pdf\" target=\"_blank\" rel=\"noopener\">Groupe de psycho\u00e9ducation pour l&#8217;am\u00e9lioration de l&#8217;\u00e9veil et du sommeil (PEPASE) \u00a0<\/a><\/li><li>Groupe de psycho\u00e9ducation des troubles de l&#8217;humeur bipolaire\u00a0\u00a0\u00a0\u00a0\u00a0\u00a0\u00a0\u00a0\u00a0\u00a0\u00a0\u00a0<\/li><li><a href=\"https:\/\/www.chu-tours.fr\/psychiatrie-addictologie\/wp-content\/uploads\/sites\/9\/2022\/05\/profamille-flyer-CHU-avril-2021-definitif.pdf\" target=\"_blank\" rel=\"noopener\">Groupe Profamille<\/a><\/li><li>Cannabis : et si on en parlait?<\/li><li><a href=\"https:\/\/www.chu-tours.fr\/psychiatrie-addictologie\/wp-content\/uploads\/sites\/9\/2022\/05\/Groupe-daccompagnement-du-fumeur-vers-le-sevrage-tabagique.pdf\" target=\"_blank\" rel=\"noopener\">Accompagnement du fumeur vers un sevrage tabagique<\/a><\/li><li>Programme d\u2019\u00e9ducation th\u00e9rapeutique\u00a0: <a href=\"https:\/\/www.chu-tours.fr\/psychiatrie-addictologie\/wp-content\/uploads\/sites\/9\/2022\/05\/plaquette-TEMPO-.pdf\" target=\"_blank\" rel=\"noopener\">troubles m\u00e9taboliques, surpoids, ob\u00e9sit\u00e9 (TEMPO)<\/a><\/li><li>Programme de rem\u00e9diation cognitive dans schizophr\u00e9nie (RECOS)<\/li><li><a href=\"https:\/\/www.chu-tours.fr\/psychiatrie-addictologie\/wp-content\/uploads\/sites\/9\/2022\/05\/Plaquette-CRT.pdf\" target=\"_blank\" rel=\"noopener\">Programme de rem\u00e9diation cognitive (CRT)<\/a><\/li><li>Programme de rem\u00e9diation de la cognition sociale en groupe (SCIT)<\/li><li><a href=\"https:\/\/www.chu-tours.fr\/psychiatrie-addictologie\/wp-content\/uploads\/sites\/9\/2022\/05\/plaquette-RC2S.pdf\" target=\"_blank\" rel=\"noopener\">Programme de rem\u00e9diation de la cognition sociale dans la schizophr\u00e9nie (RC2S)<\/a><\/li><li>M\u00e9thode de rem\u00e9diation cognitive en groupe : Neuropsychological Educational Approach to Remediation (NEAR)<\/li><li>Programme de rem\u00e9diation cognitive des troubles de la reconnaissance des \u00e9motions faciales (Ga\u00efa)<\/li><li><a href=\"https:\/\/www.chu-tours.fr\/psychiatrie-addictologie\/wp-content\/uploads\/sites\/9\/2022\/05\/plaquette_PRACS_psy_D.pdf\" target=\"_blank\" rel=\"noopener\">Programme de Renforcement de l&#8217;Autonomie et des Capacit\u00e9s Sociales (PRACS)<\/a><\/li><li><a href=\"https:\/\/www.chu-tours.fr\/psychiatrie-addictologie\/wp-content\/uploads\/sites\/9\/2022\/05\/Plaquette-michael_game.pdf\" target=\"_blank\" rel=\"noopener\">Michael&#8217;s Game, le jeu des hypoth\u00e8ses<\/a><\/li><li><a href=\"https:\/\/www.chu-tours.fr\/psychiatrie-addictologie\/wp-content\/uploads\/sites\/9\/2023\/04\/Plaquette-therapie-familiale-psy_D-V2022.pdf\" target=\"_blank\" rel=\"noopener\">Th\u00e9rapie familiale<\/a><\/li><\/ul>\t\t\t\t\t\t<\/div>\n\t\t\t\t<\/div>\n\t\t\t\t\t<\/div>\n\t\t<\/div>\n\t\t\t\t\t<\/div>\n\t\t<\/section>\n\t\t\t\t<\/div>\n\t\t","protected":false},"excerpt":{"rendered":"<p>L\u2019Espace de la Chevalerie regroupe l\u2019activit\u00e9 ambulatoire de psychiatrie (consultations externes, espace de jour) des secteurs de la Clinique Psychiatrique Universitaire (CPU) situ\u00e9e \u00e0 St Cyr sur Loire et du service de Psychiatrie D situ\u00e9 \u00e0 l\u2019h\u00f4pital Bretonneau. L\u2019Espace de la Chevalerie accueille ainsi un centre de consultation externe pour adulte (Centre m\u00e9dico-psychologique ou CMP), [&hellip;]<\/p>\n","protected":false},"author":4,"featured_media":0,"parent":0,"menu_order":0,"comment_status":"closed","ping_status":"closed","template":"","meta":{"_seopress_robots_primary_cat":"","_seopress_titles_title":"CHRU de Tours. P\u00f4le de Psychiatrie-Addictologie. La Chevalerie.","_seopress_titles_desc":"L\u2019Espace de la Chevalerie regroupe l\u2019activit\u00e9 ambulatoire de psychiatrie (consultations externes, espace de jour) des secteurs de la Clinique Psychiatrique Universitaire (CPU) situ\u00e9e \u00e0 St Cyr sur Loire et du service de Psychiatrie D situ\u00e9 \u00e0 l\u2019h\u00f4pital Bretonneau. ","_seopress_robots_index":"","_exactmetrics_skip_tracking":false,"_exactmetrics_sitenote_active":false,"_exactmetrics_sitenote_note":"","_exactmetrics_sitenote_category":0,"_genesis_hide_title":false,"_genesis_hide_breadcrumbs":false,"_genesis_hide_singular_image":false,"_genesis_hide_footer_widgets":false,"_genesis_custom_body_class":"","_genesis_custom_post_class":"","_genesis_layout":"","footnotes":""},"publishpress_future_action":{"enabled":false,"date":"2026-05-01 18:34:18","action":"change-status","newStatus":"draft","terms":[],"taxonomy":""},"_links":{"self":[{"href":"https:\/\/www.chu-tours.fr\/psychiatrie-addictologie\/wp-json\/wp\/v2\/pages\/640"}],"collection":[{"href":"https:\/\/www.chu-tours.fr\/psychiatrie-addictologie\/wp-json\/wp\/v2\/pages"}],"about":[{"href":"https:\/\/www.chu-tours.fr\/psychiatrie-addictologie\/wp-json\/wp\/v2\/types\/page"}],"author":[{"embeddable":true,"href":"https:\/\/www.chu-tours.fr\/psychiatrie-addictologie\/wp-json\/wp\/v2\/users\/4"}],"replies":[{"embeddable":true,"href":"https:\/\/www.chu-tours.fr\/psychiatrie-addictologie\/wp-json\/wp\/v2\/comments?post=640"}],"version-history":[{"count":13,"href":"https:\/\/www.chu-tours.fr\/psychiatrie-addictologie\/wp-json\/wp\/v2\/pages\/640\/revisions"}],"predecessor-version":[{"id":923,"href":"https:\/\/www.chu-tours.fr\/psychiatrie-addictologie\/wp-json\/wp\/v2\/pages\/640\/revisions\/923"}],"wp:attachment":[{"href":"https:\/\/www.chu-tours.fr\/psychiatrie-addictologie\/wp-json\/wp\/v2\/media?parent=640"}],"curies":[{"name":"wp","href":"https:\/\/api.w.org\/{rel}","templated":true}]}}