{"id":628,"date":"2022-05-09T09:20:11","date_gmt":"2022-05-09T07:20:11","guid":{"rendered":"https:\/\/www.chu-tours.fr\/psychiatrie-addictologie\/?page_id=628"},"modified":"2022-12-19T10:40:06","modified_gmt":"2022-12-19T09:40:06","slug":"actualites-pour-tout-savoir-sur-le-csapa-37","status":"publish","type":"page","link":"https:\/\/www.chu-tours.fr\/psychiatrie-addictologie\/actualites-pour-tout-savoir-sur-le-csapa-37\/","title":{"rendered":"Pour tout savoir sur le CSAPA 37"},"content":{"rendered":"\t\t<div data-elementor-type=\"wp-page\" data-elementor-id=\"628\" class=\"elementor elementor-628\" data-elementor-post-type=\"page\">\n\t\t\t\t\t\t<section class=\"elementor-section elementor-top-section elementor-element elementor-element-f3bd27e elementor-section-boxed elementor-section-height-default elementor-section-height-default\" data-id=\"f3bd27e\" data-element_type=\"section\">\n\t\t\t\t\t\t<div class=\"elementor-container elementor-column-gap-default\">\n\t\t\t\t\t<div class=\"elementor-column elementor-col-100 elementor-top-column elementor-element elementor-element-84593d0\" data-id=\"84593d0\" data-element_type=\"column\">\n\t\t\t<div class=\"elementor-widget-wrap elementor-element-populated\">\n\t\t\t\t\t\t<div class=\"elementor-element elementor-element-9443885 elementor-widget elementor-widget-heading\" data-id=\"9443885\" data-element_type=\"widget\" data-widget_type=\"heading.default\">\n\t\t\t\t<div class=\"elementor-widget-container\">\n\t\t\t<h2 class=\"elementor-heading-title elementor-size-default\">Pour tout savoir sur le CSAPA 37<\/h2>\t\t<\/div>\n\t\t\t\t<\/div>\n\t\t\t\t<section class=\"elementor-section elementor-inner-section elementor-element elementor-element-2972217 elementor-section-boxed elementor-section-height-default elementor-section-height-default\" data-id=\"2972217\" data-element_type=\"section\">\n\t\t\t\t\t\t<div class=\"elementor-container elementor-column-gap-default\">\n\t\t\t\t\t<div class=\"elementor-column elementor-col-33 elementor-inner-column elementor-element elementor-element-89515dd\" data-id=\"89515dd\" data-element_type=\"column\">\n\t\t\t<div class=\"elementor-widget-wrap elementor-element-populated\">\n\t\t\t\t\t\t<div class=\"elementor-element elementor-element-6877e95 elementor-widget elementor-widget-text-editor\" data-id=\"6877e95\" data-element_type=\"widget\" data-widget_type=\"text-editor.default\">\n\t\t\t\t<div class=\"elementor-widget-container\">\n\t\t\t\t\t\t\t<p style=\"text-align: center;\"><em>Les nouveaux locaux avenue Maginot<\/em><\/p>\t\t\t\t\t\t<\/div>\n\t\t\t\t<\/div>\n\t\t\t\t<div class=\"elementor-element elementor-element-a5b5ee6 elementor-widget elementor-widget-image\" data-id=\"a5b5ee6\" data-element_type=\"widget\" data-widget_type=\"image.default\">\n\t\t\t\t<div class=\"elementor-widget-container\">\n\t\t\t\t\t\t\t\t\t\t\t\t\t\t<a href=\"https:\/\/www.chu-tours.fr\/psychiatrie-addictologie\/wp-content\/uploads\/sites\/9\/2022\/05\/csapa2-scaled.jpg\" data-elementor-open-lightbox=\"yes\" data-elementor-lightbox-title=\"csapa2\" data-e-action-hash=\"#elementor-action%3Aaction%3Dlightbox%26settings%3DeyJpZCI6NjI2LCJ1cmwiOiJodHRwczpcL1wvd3d3LmNodS10b3Vycy5mclwvcHN5Y2hpYXRyaWUtYWRkaWN0b2xvZ2llXC93cC1jb250ZW50XC91cGxvYWRzXC9zaXRlc1wvOVwvMjAyMlwvMDVcL2NzYXBhMi1zY2FsZWQuanBnIn0%3D\">\n\t\t\t\t\t\t\t<img fetchpriority=\"high\" decoding=\"async\" width=\"300\" height=\"169\" src=\"https:\/\/www.chu-tours.fr\/psychiatrie-addictologie\/wp-content\/uploads\/sites\/9\/2022\/05\/csapa2-300x169.jpg\" class=\"attachment-medium size-medium wp-image-626\" alt=\"CSAPA 37\" srcset=\"https:\/\/www.chu-tours.fr\/psychiatrie-addictologie\/wp-content\/uploads\/sites\/9\/2022\/05\/csapa2-300x169.jpg 300w, https:\/\/www.chu-tours.fr\/psychiatrie-addictologie\/wp-content\/uploads\/sites\/9\/2022\/05\/csapa2-1024x576.jpg 1024w, https:\/\/www.chu-tours.fr\/psychiatrie-addictologie\/wp-content\/uploads\/sites\/9\/2022\/05\/csapa2-768x432.jpg 768w, https:\/\/www.chu-tours.fr\/psychiatrie-addictologie\/wp-content\/uploads\/sites\/9\/2022\/05\/csapa2-1536x864.jpg 1536w, https:\/\/www.chu-tours.fr\/psychiatrie-addictologie\/wp-content\/uploads\/sites\/9\/2022\/05\/csapa2-2048x1152.jpg 2048w, https:\/\/www.chu-tours.fr\/psychiatrie-addictologie\/wp-content\/uploads\/sites\/9\/2022\/05\/csapa2-388x219.jpg 388w, https:\/\/www.chu-tours.fr\/psychiatrie-addictologie\/wp-content\/uploads\/sites\/9\/2022\/05\/csapa2-656x369.jpg 656w\" sizes=\"(max-width: 300px) 100vw, 300px\" \/>\t\t\t\t\t\t\t\t<\/a>\n\t\t\t\t\t\t\t\t\t\t\t\t\t<\/div>\n\t\t\t\t<\/div>\n\t\t\t\t<div class=\"elementor-element elementor-element-9e66e55 elementor-widget elementor-widget-text-editor\" data-id=\"9e66e55\" data-element_type=\"widget\" data-widget_type=\"text-editor.default\">\n\t\t\t\t<div class=\"elementor-widget-container\">\n\t\t\t\t\t\t\t<p style=\"text-align: justify;\">Fin de 2021, le CSAPA (Centre de Soins, d\u2019accompagnement et de Pr\u00e9vention en addictologie d\u2019Indre-et-Loire) a quitt\u00e9 les locaux qu\u2019il occupait dans le quartier de la Rotonde dans le centre de Tours, pour de nouveaux locaux \u00e0 Tours Nord (112 avenue Maginot). L\u2019occasion de faire le point sur les missions de cette structure, port\u00e9e par le CHRU, au sein du p\u00f4le de psychiatrie-addictologie, le CSAPA 37 qui est l\u2019une des composantes du d\u00e9partement universitaire d\u2019addictologie.<\/p>\t\t\t\t\t\t<\/div>\n\t\t\t\t<\/div>\n\t\t\t\t\t<\/div>\n\t\t<\/div>\n\t\t\t\t<div class=\"elementor-column elementor-col-33 elementor-inner-column elementor-element elementor-element-9ba7d82\" data-id=\"9ba7d82\" data-element_type=\"column\">\n\t\t\t<div class=\"elementor-widget-wrap elementor-element-populated\">\n\t\t\t\t\t\t<div class=\"elementor-element elementor-element-a107be3 elementor-widget elementor-widget-text-editor\" data-id=\"a107be3\" data-element_type=\"widget\" data-widget_type=\"text-editor.default\">\n\t\t\t\t<div class=\"elementor-widget-container\">\n\t\t\t\t\t\t\t<p style=\"text-align: justify;\">Cr\u00e9\u00e9 en 2010, Le CSAPA 37 est la structure de r\u00e9f\u00e9rence des prises en charge ambulatoires en addictologie pour le secteur m\u00e9dico-social. Sa file active est de plus de 3000 usagers par an.<\/p><p style=\"text-align: justify;\">Le CSAPA 37 est constitu\u00e9 de quatre antennes :<\/p><ul style=\"text-align: justify;\"><li>Le CSAPA Tours Centre, 26 rue Richelieu (anciennement Port Bretagne) ;<\/li><li>Le CSAPA Tours Nord, 112 avenue Maginot, (anciennement La Rotonde) ;<\/li><li>Le CSAPA de Chinon, au Centre Hospitalier du Chinonais;<\/li><li>Le CSAPA de Loches, 8 rue Descartes \u00e0 Loches.<\/li><\/ul><p style=\"text-align: justify;\">Une permanence \u00e0 Amboise, s\u2019ajoute \u00e0 ces diff\u00e9rentes \u00e9quipes.<\/p><p style=\"text-align: justify;\">Le CSAPA 37 est \u00e9galement r\u00e9f\u00e9rent en milieu carc\u00e9ral au sein de la Maison d\u2019Arr\u00eat de Tours.<\/p><p style=\"text-align: justify;\">Il est possible de venir au CSAPA 37 \u00e9voquer ses consommations, demander conseil ou s\u2019informer, sans sectorisation ni orientation m\u00e9dicale syst\u00e9matique. L\u2019accompagnement est gratuit et peut \u00eatre anonyme<br \/>pour ceux qui le souhaitent. L\u2019abstinence n\u2019est ni exig\u00e9e, ni impos\u00e9e : un accompagnement m\u00e9dico-social est propos\u00e9 sur la base du projet et des ressources de chacun.<\/p>\t\t\t\t\t\t<\/div>\n\t\t\t\t<\/div>\n\t\t\t\t\t<\/div>\n\t\t<\/div>\n\t\t\t\t<div class=\"elementor-column elementor-col-33 elementor-inner-column elementor-element elementor-element-493839c\" data-id=\"493839c\" data-element_type=\"column\">\n\t\t\t<div class=\"elementor-widget-wrap elementor-element-populated\">\n\t\t\t\t\t\t<div class=\"elementor-element elementor-element-6c9bd29 elementor-widget elementor-widget-text-editor\" data-id=\"6c9bd29\" data-element_type=\"widget\" data-widget_type=\"text-editor.default\">\n\t\t\t\t<div class=\"elementor-widget-container\">\n\t\t\t\t\t\t\t<p style=\"text-align: justify;\">Les sp\u00e9cificit\u00e9s du CSAPA 37 :<\/p><ul><li style=\"text-align: justify;\">Des \u00e9quipes pluridisciplinaires de m\u00e9decins addictologues, de psychologues, d\u2019infirmiers, de travailleurs sociaux et de secr\u00e9taires ;<\/li><li style=\"text-align: justify;\">Une \u00e9quipe mobile Aller Vers pour atteindre des populations \u00e9loign\u00e9es du soin en zone rurale et p\u00e9riurbaine ;<\/li><li style=\"text-align: justify;\">Un accueil sp\u00e9cialis\u00e9 \u00ab jeunes consommateurs \u00bb pour les moins de 25 ans (y compris mineurs), sur place ou dans un lieu tiers (espace Sant\u00e9 Jeunes ; Maison des Adolescents) ;<\/li><li style=\"text-align: justify;\">Du soutien aux proches, membres de la famille et de l\u2019entourage de personnes en soin ou non souffrant d\u2019addictions ;<\/li><li style=\"text-align: justify;\">Des actions de pr\u00e9vention, de formation ou de sensibilisation aupr\u00e8s de publics divers ;<\/li><li style=\"text-align: justify;\">La prise en charge de toutes les addictions, y compris sans produits ;<\/li><li style=\"text-align: justify;\">Une priorit\u00e9 donn\u00e9e \u00e0 la r\u00e9duction des risques et des dommages ;<\/li><li style=\"text-align: justify;\">Des r\u00e9f\u00e9rents \u00ab violences faites aux femmes \u00bb ;<\/li><li style=\"text-align: justify;\">Des liens avec la recherche et la formation universitaire.<\/li><\/ul>\t\t\t\t\t\t<\/div>\n\t\t\t\t<\/div>\n\t\t\t\t\t<\/div>\n\t\t<\/div>\n\t\t\t\t\t<\/div>\n\t\t<\/section>\n\t\t\t\t\t<\/div>\n\t\t<\/div>\n\t\t\t\t\t<\/div>\n\t\t<\/section>\n\t\t\t\t<section class=\"elementor-section elementor-top-section elementor-element elementor-element-fc75aca elementor-section-boxed elementor-section-height-default elementor-section-height-default\" data-id=\"fc75aca\" data-element_type=\"section\">\n\t\t\t\t\t\t<div class=\"elementor-container elementor-column-gap-default\">\n\t\t\t\t\t<div class=\"elementor-column elementor-col-50 elementor-top-column elementor-element elementor-element-92f21ce\" data-id=\"92f21ce\" data-element_type=\"column\">\n\t\t\t<div class=\"elementor-widget-wrap elementor-element-populated\">\n\t\t\t\t\t\t<div class=\"elementor-element elementor-element-793a57e elementor-widget elementor-widget-text-editor\" data-id=\"793a57e\" data-element_type=\"widget\" data-widget_type=\"text-editor.default\">\n\t\t\t\t<div class=\"elementor-widget-container\">\n\t\t\t\t\t\t\t<p>En 2020, le CSAPA a vu au moins une 3086 patients, et 79 personnes de l\u2019entourage, dont 1253 nouveaux patients.<\/p><ul><li>75% sont des hommes<\/li><li>60% ont entre 30 et 50 ans<\/li><li>15 % ont moins de 20 ans<\/li><li>51,7% d\u2019entre eux prennent contact de leur propre initiative ou gr\u00e2ce \u00e0 un proche<\/li><li>14,6% sont orient\u00e9s sur d\u00e9cision de justice<\/li><li>52,4% viennent pour une prise en charge pour l\u2019alcool<\/li><\/ul>\t\t\t\t\t\t<\/div>\n\t\t\t\t<\/div>\n\t\t\t\t\t<\/div>\n\t\t<\/div>\n\t\t\t\t<div class=\"elementor-column elementor-col-50 elementor-top-column elementor-element elementor-element-2a2dec5\" data-id=\"2a2dec5\" data-element_type=\"column\">\n\t\t\t<div class=\"elementor-widget-wrap elementor-element-populated\">\n\t\t\t\t\t\t<div class=\"elementor-element elementor-element-1cf7fa9 elementor-widget elementor-widget-image\" data-id=\"1cf7fa9\" data-element_type=\"widget\" data-widget_type=\"image.default\">\n\t\t\t\t<div class=\"elementor-widget-container\">\n\t\t\t\t\t\t\t\t\t\t\t\t\t\t<a href=\"https:\/\/www.chu-tours.fr\/psychiatrie-addictologie\/wp-content\/uploads\/sites\/9\/2022\/05\/csapa1-scaled.jpg\" data-elementor-open-lightbox=\"yes\" data-elementor-lightbox-title=\"csapa1\" data-e-action-hash=\"#elementor-action%3Aaction%3Dlightbox%26settings%3DeyJpZCI6NjI1LCJ1cmwiOiJodHRwczpcL1wvd3d3LmNodS10b3Vycy5mclwvcHN5Y2hpYXRyaWUtYWRkaWN0b2xvZ2llXC93cC1jb250ZW50XC91cGxvYWRzXC9zaXRlc1wvOVwvMjAyMlwvMDVcL2NzYXBhMS1zY2FsZWQuanBnIn0%3D\">\n\t\t\t\t\t\t\t<img decoding=\"async\" width=\"768\" height=\"432\" src=\"https:\/\/www.chu-tours.fr\/psychiatrie-addictologie\/wp-content\/uploads\/sites\/9\/2022\/05\/csapa1-768x432.jpg\" class=\"attachment-medium_large size-medium_large wp-image-625\" alt=\"CSAPA 37\" srcset=\"https:\/\/www.chu-tours.fr\/psychiatrie-addictologie\/wp-content\/uploads\/sites\/9\/2022\/05\/csapa1-768x432.jpg 768w, https:\/\/www.chu-tours.fr\/psychiatrie-addictologie\/wp-content\/uploads\/sites\/9\/2022\/05\/csapa1-300x169.jpg 300w, https:\/\/www.chu-tours.fr\/psychiatrie-addictologie\/wp-content\/uploads\/sites\/9\/2022\/05\/csapa1-1024x576.jpg 1024w, https:\/\/www.chu-tours.fr\/psychiatrie-addictologie\/wp-content\/uploads\/sites\/9\/2022\/05\/csapa1-1536x864.jpg 1536w, https:\/\/www.chu-tours.fr\/psychiatrie-addictologie\/wp-content\/uploads\/sites\/9\/2022\/05\/csapa1-2048x1152.jpg 2048w, https:\/\/www.chu-tours.fr\/psychiatrie-addictologie\/wp-content\/uploads\/sites\/9\/2022\/05\/csapa1-388x219.jpg 388w, https:\/\/www.chu-tours.fr\/psychiatrie-addictologie\/wp-content\/uploads\/sites\/9\/2022\/05\/csapa1-656x369.jpg 656w\" sizes=\"(max-width: 768px) 100vw, 768px\" \/>\t\t\t\t\t\t\t\t<\/a>\n\t\t\t\t\t\t\t\t\t\t\t\t\t<\/div>\n\t\t\t\t<\/div>\n\t\t\t\t<div class=\"elementor-element elementor-element-348322e elementor-widget elementor-widget-text-editor\" data-id=\"348322e\" data-element_type=\"widget\" data-widget_type=\"text-editor.default\">\n\t\t\t\t<div class=\"elementor-widget-container\">\n\t\t\t\t\t\t\t<p style=\"text-align: center;\"><em>Les nouveaux locaux avenue Maginot<\/em><\/p>\t\t\t\t\t\t<\/div>\n\t\t\t\t<\/div>\n\t\t\t\t\t<\/div>\n\t\t<\/div>\n\t\t\t\t\t<\/div>\n\t\t<\/section>\n\t\t\t\t<section class=\"elementor-section elementor-top-section elementor-element elementor-element-10757c6 elementor-section-boxed elementor-section-height-default elementor-section-height-default\" data-id=\"10757c6\" data-element_type=\"section\">\n\t\t\t\t\t\t<div class=\"elementor-container elementor-column-gap-default\">\n\t\t\t\t\t<div class=\"elementor-column elementor-col-100 elementor-top-column elementor-element elementor-element-47572b3\" data-id=\"47572b3\" data-element_type=\"column\">\n\t\t\t<div class=\"elementor-widget-wrap elementor-element-populated\">\n\t\t\t\t\t\t<div class=\"elementor-element elementor-element-7c8eb67 elementor-widget elementor-widget-text-editor\" data-id=\"7c8eb67\" data-element_type=\"widget\" data-widget_type=\"text-editor.default\">\n\t\t\t\t<div class=\"elementor-widget-container\">\n\t\t\t\t\t\t\t<p><strong>Les quatre antennes du CSAPA 37 :<\/strong><\/p><ul><li><span style=\"font-size: 14pt;\">Le CSAPA Tours Centre, <strong>02 47 47 91 91<\/strong> ;<\/span><\/li><li><span style=\"font-size: 14pt;\">Le CSAPA Tours Nord, <strong>02 34 37 89 81<\/strong> ;<\/span><\/li><li><span style=\"font-size: 14pt;\">Le CSAPA Chinon, , <strong>02 47 93 62 39<\/strong> ;<\/span><\/li><li><span style=\"font-size: 14pt;\">Le CSAPA de Loches, <strong>02 18 37 05 67<\/strong>.<\/span><\/li><li><span style=\"font-size: 14pt;\">+ Amboise, joignable au <strong>02 47 47 91 91<\/strong>.<\/span><\/li><\/ul>\t\t\t\t\t\t<\/div>\n\t\t\t\t<\/div>\n\t\t\t\t\t<\/div>\n\t\t<\/div>\n\t\t\t\t\t<\/div>\n\t\t<\/section>\n\t\t\t\t<\/div>\n\t\t","protected":false},"excerpt":{"rendered":"<p>Pour tout savoir sur le CSAPA 37 Les nouveaux locaux avenue Maginot Fin de 2021, le CSAPA (Centre de Soins, d\u2019accompagnement et de Pr\u00e9vention en addictologie d\u2019Indre-et-Loire) a quitt\u00e9 les locaux qu\u2019il occupait dans le quartier de la Rotonde dans le centre de Tours, pour de nouveaux locaux \u00e0 Tours Nord (112 avenue Maginot). L\u2019occasion [&hellip;]<\/p>\n","protected":false},"author":4,"featured_media":627,"parent":0,"menu_order":0,"comment_status":"closed","ping_status":"closed","template":"","meta":{"_seopress_robots_primary_cat":"","_seopress_titles_title":"Les actualit\u00e9s du p\u00f4le Psychiatrie-Addictologie. CSAPA 37.","_seopress_titles_desc":"Fin de 2021, le CSAPA (Centre de Soins,\r\nd\u2019accompagnement et de Pr\u00e9vention en addictologie\r\nd\u2019Indre-et-Loire) a quitt\u00e9 les locaux qu\u2019il occupait\r\ndans le quartier de la Rotonde dans le centre de\r\nTours, pour de nouveaux locaux \u00e0 Tours Nord (112\r\navenue Maginot).","_seopress_robots_index":"","_exactmetrics_skip_tracking":false,"_exactmetrics_sitenote_active":false,"_exactmetrics_sitenote_note":"","_exactmetrics_sitenote_category":0,"_genesis_hide_title":false,"_genesis_hide_breadcrumbs":false,"_genesis_hide_singular_image":false,"_genesis_hide_footer_widgets":false,"_genesis_custom_body_class":"","_genesis_custom_post_class":"","_genesis_layout":"","footnotes":""},"publishpress_future_action":{"enabled":false,"date":"2026-04-14 11:09:04","action":"change-status","newStatus":"draft","terms":[],"taxonomy":""},"_links":{"self":[{"href":"https:\/\/www.chu-tours.fr\/psychiatrie-addictologie\/wp-json\/wp\/v2\/pages\/628"}],"collection":[{"href":"https:\/\/www.chu-tours.fr\/psychiatrie-addictologie\/wp-json\/wp\/v2\/pages"}],"about":[{"href":"https:\/\/www.chu-tours.fr\/psychiatrie-addictologie\/wp-json\/wp\/v2\/types\/page"}],"author":[{"embeddable":true,"href":"https:\/\/www.chu-tours.fr\/psychiatrie-addictologie\/wp-json\/wp\/v2\/users\/4"}],"replies":[{"embeddable":true,"href":"https:\/\/www.chu-tours.fr\/psychiatrie-addictologie\/wp-json\/wp\/v2\/comments?post=628"}],"version-history":[{"count":8,"href":"https:\/\/www.chu-tours.fr\/psychiatrie-addictologie\/wp-json\/wp\/v2\/pages\/628\/revisions"}],"predecessor-version":[{"id":817,"href":"https:\/\/www.chu-tours.fr\/psychiatrie-addictologie\/wp-json\/wp\/v2\/pages\/628\/revisions\/817"}],"wp:featuredmedia":[{"embeddable":true,"href":"https:\/\/www.chu-tours.fr\/psychiatrie-addictologie\/wp-json\/wp\/v2\/media\/627"}],"wp:attachment":[{"href":"https:\/\/www.chu-tours.fr\/psychiatrie-addictologie\/wp-json\/wp\/v2\/media?parent=628"}],"curies":[{"name":"wp","href":"https:\/\/api.w.org\/{rel}","templated":true}]}}