{"id":594,"date":"2022-04-19T14:23:39","date_gmt":"2022-04-19T12:23:39","guid":{"rendered":"https:\/\/www.chu-tours.fr\/psychiatrie-addictologie\/?page_id=594"},"modified":"2022-04-19T15:04:42","modified_gmt":"2022-04-19T13:04:42","slug":"vigilans-le-dispositif-de-veille-et-de-recontact-des-personnes-ayant-fait-une-tentative-de-suicide","status":"publish","type":"page","link":"https:\/\/www.chu-tours.fr\/psychiatrie-addictologie\/vigilans-le-dispositif-de-veille-et-de-recontact-des-personnes-ayant-fait-une-tentative-de-suicide\/","title":{"rendered":"VIGILANS : le dispositif de veille et de recontact des personnes ayant fait une tentative de suicide"},"content":{"rendered":"\t\t<div data-elementor-type=\"wp-page\" data-elementor-id=\"594\" class=\"elementor elementor-594\" data-elementor-post-type=\"page\">\n\t\t\t\t\t\t<section class=\"elementor-section elementor-top-section elementor-element elementor-element-f3bd27e elementor-section-boxed elementor-section-height-default elementor-section-height-default\" data-id=\"f3bd27e\" data-element_type=\"section\">\n\t\t\t\t\t\t<div class=\"elementor-container elementor-column-gap-default\">\n\t\t\t\t\t<div class=\"elementor-column elementor-col-100 elementor-top-column elementor-element elementor-element-84593d0\" data-id=\"84593d0\" data-element_type=\"column\">\n\t\t\t<div class=\"elementor-widget-wrap elementor-element-populated\">\n\t\t\t\t\t\t<div class=\"elementor-element elementor-element-9443885 elementor-widget elementor-widget-heading\" data-id=\"9443885\" data-element_type=\"widget\" data-widget_type=\"heading.default\">\n\t\t\t\t<div class=\"elementor-widget-container\">\n\t\t\t<h2 class=\"elementor-heading-title elementor-size-default\"><STRONG>VIGILANS <\/STRONG> :<br \/>le dispositif de veille et de recontact des personnes ayant fait une tentative de suicide<\/h2>\t\t<\/div>\n\t\t\t\t<\/div>\n\t\t\t\t<div class=\"elementor-element elementor-element-a107be3 elementor-widget elementor-widget-text-editor\" data-id=\"a107be3\" data-element_type=\"widget\" data-widget_type=\"text-editor.default\">\n\t\t\t\t<div class=\"elementor-widget-container\">\n\t\t\t\t\t\t\t<blockquote><p>LE 18 OCTOBRE 2021, DANS DES LOCAUX EN CENTRE-VILLE DE TOURS, LE CHRU A OUVERT LE DISPOSITIF VIGILANS EN R\u00c9GION CENTRE-VAL DE LOIRE.<\/p><\/blockquote>\t\t\t\t\t\t<\/div>\n\t\t\t\t<\/div>\n\t\t\t\t\t<\/div>\n\t\t<\/div>\n\t\t\t\t\t<\/div>\n\t\t<\/section>\n\t\t\t\t<section class=\"elementor-section elementor-top-section elementor-element elementor-element-0db3c98 elementor-section-boxed elementor-section-height-default elementor-section-height-default\" data-id=\"0db3c98\" data-element_type=\"section\">\n\t\t\t\t\t\t<div class=\"elementor-container elementor-column-gap-default\">\n\t\t\t\t\t<div class=\"elementor-column elementor-col-100 elementor-top-column elementor-element elementor-element-c03d96c\" data-id=\"c03d96c\" data-element_type=\"column\">\n\t\t\t<div class=\"elementor-widget-wrap elementor-element-populated\">\n\t\t\t\t\t\t<section class=\"elementor-section elementor-inner-section elementor-element elementor-element-704ebdf elementor-section-boxed elementor-section-height-default elementor-section-height-default\" data-id=\"704ebdf\" data-element_type=\"section\">\n\t\t\t\t\t\t<div class=\"elementor-container elementor-column-gap-default\">\n\t\t\t\t\t<div class=\"elementor-column elementor-col-50 elementor-inner-column elementor-element elementor-element-6b74067\" data-id=\"6b74067\" data-element_type=\"column\">\n\t\t\t<div class=\"elementor-widget-wrap elementor-element-populated\">\n\t\t\t\t\t\t<div class=\"elementor-element elementor-element-aca4777 elementor-widget elementor-widget-text-editor\" data-id=\"aca4777\" data-element_type=\"widget\" data-widget_type=\"text-editor.default\">\n\t\t\t\t<div class=\"elementor-widget-container\">\n\t\t\t\t\t\t\t<p>Il s\u2019agit d\u2019un dispositif de veille et de recontact des personnes ayant fait une tentative de suicide ou une r\u00e9cidive. VigilanS est situ\u00e9 \u00e0 Tours, 19 rue Edouard Vaillant et l\u2019activit\u00e9 a d\u2019ores et d\u00e9j\u00e0 commenc\u00e9 pour les patients tourangeaux. Cette ann\u00e9e, un d\u00e9ploiement du dispositif se fera progressivement \u00e0 l\u2019\u00e9chelle d\u00e9partementale, puis r\u00e9gionale.<\/p><h3><strong>Un dispositif national<\/strong><\/h3><p>VigilanS est un dispositif national de veille et de recontact des personnes ayant fait une tentative de suicide. Son objectif est de diminuer les r\u00e9cidives suicidaires, et finalement le suicide. C\u2019est un dispositif de pr\u00e9vention, mais qui fait \u00e9galement du soin et qui, au d\u00e9cours de son activit\u00e9, peut \u00eatre amen\u00e9 \u00e0 prendre en charge des situations d\u2019urgence. Il s\u2019adresse \u00e0 tout patient qui est pass\u00e9 \u00e0 l\u2019acte, quel que soit son \u00e2ge. <br \/>Le dispositif VigilanS s\u2019adapte \u00e0 chaque patient et n\u2019agira pas de la m\u00eame mani\u00e8re, selon si le patient identifi\u00e9 est \u00e0 faible risque de r\u00e9cidive ou si au contraire le risque est \u00e9lev\u00e9. En effet, la prise de contact sera renouvel\u00e9e plus r\u00e9guli\u00e8rement selon les cas.<\/p>\t\t\t\t\t\t<\/div>\n\t\t\t\t<\/div>\n\t\t\t\t<div class=\"elementor-element elementor-element-53ec6ae elementor-widget elementor-widget-image\" data-id=\"53ec6ae\" data-element_type=\"widget\" data-widget_type=\"image.default\">\n\t\t\t\t<div class=\"elementor-widget-container\">\n\t\t\t\t\t\t\t\t\t\t\t\t\t\t<a href=\"https:\/\/www.chu-tours.fr\/psychiatrie-addictologie\/wp-content\/uploads\/sites\/9\/2022\/04\/vigilans_chiffres_cles.png\" data-elementor-open-lightbox=\"yes\" data-elementor-lightbox-title=\"vigilans_chiffres_cles\" data-e-action-hash=\"#elementor-action%3Aaction%3Dlightbox%26settings%3DeyJpZCI6NTk3LCJ1cmwiOiJodHRwczpcL1wvd3d3LmNodS10b3Vycy5mclwvcHN5Y2hpYXRyaWUtYWRkaWN0b2xvZ2llXC93cC1jb250ZW50XC91cGxvYWRzXC9zaXRlc1wvOVwvMjAyMlwvMDRcL3ZpZ2lsYW5zX2NoaWZmcmVzX2NsZXMucG5nIn0%3D\">\n\t\t\t\t\t\t\t<img fetchpriority=\"high\" decoding=\"async\" width=\"593\" height=\"650\" src=\"https:\/\/www.chu-tours.fr\/psychiatrie-addictologie\/wp-content\/uploads\/sites\/9\/2022\/04\/vigilans_chiffres_cles.png\" class=\"attachment-large size-large wp-image-597\" alt=\"Chiffres cl\u00e9s\" srcset=\"https:\/\/www.chu-tours.fr\/psychiatrie-addictologie\/wp-content\/uploads\/sites\/9\/2022\/04\/vigilans_chiffres_cles.png 593w, https:\/\/www.chu-tours.fr\/psychiatrie-addictologie\/wp-content\/uploads\/sites\/9\/2022\/04\/vigilans_chiffres_cles-274x300.png 274w\" sizes=\"(max-width: 593px) 100vw, 593px\" \/>\t\t\t\t\t\t\t\t<\/a>\n\t\t\t\t\t\t\t\t\t\t\t\t\t<\/div>\n\t\t\t\t<\/div>\n\t\t\t\t\t<\/div>\n\t\t<\/div>\n\t\t\t\t<div class=\"elementor-column elementor-col-50 elementor-inner-column elementor-element elementor-element-fad89fd\" data-id=\"fad89fd\" data-element_type=\"column\">\n\t\t\t<div class=\"elementor-widget-wrap elementor-element-populated\">\n\t\t\t\t\t\t<div class=\"elementor-element elementor-element-10ca0d3 elementor-widget elementor-widget-text-editor\" data-id=\"10ca0d3\" data-element_type=\"widget\" data-widget_type=\"text-editor.default\">\n\t\t\t\t<div class=\"elementor-widget-container\">\n\t\t\t\t\t\t\t<h2>\u00ab VigilanS c\u2019est : veiller, \u00e9valuer, soutenir, conseiller, orienter et d\u00e9samorcer une crise suicidaire si besoin. \u00bb<\/h2>\t\t\t\t\t\t<\/div>\n\t\t\t\t<\/div>\n\t\t\t\t<div class=\"elementor-element elementor-element-f8d8835 elementor-widget elementor-widget-text-editor\" data-id=\"f8d8835\" data-element_type=\"widget\" data-widget_type=\"text-editor.default\">\n\t\t\t\t<div class=\"elementor-widget-container\">\n\t\t\t\t\t\t\t<p><strong><span style=\"color: #ed1164;\">DR DUBOIS-CARMAGNAT<\/span><\/strong><br \/>(<em>M\u00e9decin Coordinateur Psychiatre de VigilanS Centre-Val de Loire<\/em>)<\/p>\t\t\t\t\t\t<\/div>\n\t\t\t\t<\/div>\n\t\t\t\t<div class=\"elementor-element elementor-element-1859979 elementor-widget elementor-widget-text-editor\" data-id=\"1859979\" data-element_type=\"widget\" data-widget_type=\"text-editor.default\">\n\t\t\t\t<div class=\"elementor-widget-container\">\n\t\t\t\t\t\t\t<ol><li>Apr\u00e8s une Tentative de Suicide (TS) le patient volontaire est inclus dans le dispositif par le service de soins qui le prend en charge. Un num\u00e9ro vert lui est remis et une veille sanitaire de 6 mois se d\u00e9clenche. Le patient peut appeler en semaine de 9h30 \u00e0 17h30, quand il en \u00e9prouve le besoin, avec le num\u00e9ro qui lui a \u00e9t\u00e9 remis.<\/li><li>Si le patient est un primo suicidant sans facteur de risque, il sera recontact\u00e9 par courrier au bout de 3 mois, puis \u00e0 6 mois t\u00e9l\u00e9phoniquement.<\/li><li>Si le patient a d\u00e9j\u00e0 fait des tentatives de suicide (TS) ou s\u2019il pr\u00e9sente des facteurs de risque, un appel, 10 \u00e0 20 jours apr\u00e8s la TS est effectu\u00e9 par un vigilanseur pour un entretien clinique, afin de s\u2019assurer de l\u2019\u00e9tat de sant\u00e9 psychique du patient.<\/li><li>Un courrier aux professionnels de sant\u00e9 r\u00e9f\u00e9rent du patient est envoy\u00e9 au moment de l\u2019entr\u00e9e dans le dispositif et apr\u00e8s chaque entretien t\u00e9l\u00e9phonique.<\/li><li>Le patient est contact\u00e9 par courrier pour garder le contact.<\/li><li>Une fin de veille est act\u00e9e au bout de 6 mois avec le patient, si son \u00e9tat de sant\u00e9 le permet. Le num\u00e9ro vert est conserv\u00e9 par le patient qui pourra rappeler \u00e0 tout moment.<\/li><li>Si une r\u00e9cidive survient pendant la veille, le patient est r\u00e9int\u00e9gr\u00e9 dans le dispositif au point de d\u00e9part de la prise en charge.<\/li><li>Si le patient est en difficult\u00e9, il est alors rappel\u00e9 par un vigilanseur.<br \/>Les vigilanseurs utilisent un logiciel o\u00f9 ils renseignent les informations sur les patients qu\u2019ils suivent, ce qui leur permet, gr\u00e2ce \u00e0 un algorithme, d\u2019obtenir le calendrier des prochaines prises de contact.<\/li><\/ol>\t\t\t\t\t\t<\/div>\n\t\t\t\t<\/div>\n\t\t\t\t\t<\/div>\n\t\t<\/div>\n\t\t\t\t\t<\/div>\n\t\t<\/section>\n\t\t\t\t<div class=\"elementor-element elementor-element-e1ebc39 elementor-widget elementor-widget-text-editor\" data-id=\"e1ebc39\" data-element_type=\"widget\" data-widget_type=\"text-editor.default\">\n\t\t\t\t<div class=\"elementor-widget-container\">\n\t\t\t\t\t\t\t<h3><strong>L\u2019\u00e9quipe est compos\u00e9e de 6 professionnels<\/strong><\/h3><p>L\u2019\u00e9quipe est compos\u00e9e ainsi : 1 m\u00e9decin coordinateur psychiatre, 1 secr\u00e9taire m\u00e9dicale, 1 infirmier, 3 mi-temps de psychologues, 1 cadre. Les vigilanseurs travaillent en bin\u00f4me pour \u00eatre en mesure de r\u00e9pondre \u00e0 une situation d\u2019urgence.<\/p><p>L\u2019\u00e9quipe de VigilanS Centre-Val de Loire a re\u00e7u plusieurs formations des \u00e9quipes de Lille, entre autres sur la gestion de la crise suicidaire ; ainsi qu\u2019une formation permettant d\u2019appr\u00e9hender le logiciel de suivi, etc.<\/p>\t\t\t\t\t\t<\/div>\n\t\t\t\t<\/div>\n\t\t\t\t\t<\/div>\n\t\t<\/div>\n\t\t\t\t\t<\/div>\n\t\t<\/section>\n\t\t\t\t<\/div>\n\t\t","protected":false},"excerpt":{"rendered":"<p>VIGILANS :le dispositif de veille et de recontact des personnes ayant fait une tentative de suicide LE 18 OCTOBRE 2021, DANS DES LOCAUX EN CENTRE-VILLE DE TOURS, LE CHRU A OUVERT LE DISPOSITIF VIGILANS EN R\u00c9GION CENTRE-VAL DE LOIRE. Il s\u2019agit d\u2019un dispositif de veille et de recontact des personnes ayant fait une tentative de [&hellip;]<\/p>\n","protected":false},"author":4,"featured_media":593,"parent":0,"menu_order":0,"comment_status":"closed","ping_status":"closed","template":"","meta":{"_seopress_robots_primary_cat":"","_seopress_titles_title":"Les actualit\u00e9s du p\u00f4le Psychiatrie-Addictologie. VIGILANS.","_seopress_titles_desc":"VIGILANS : le dispositif de veille et de recontact des personnes ayant fait une tentative de suicide.\r\n","_seopress_robots_index":"","_exactmetrics_skip_tracking":false,"_exactmetrics_sitenote_active":false,"_exactmetrics_sitenote_note":"","_exactmetrics_sitenote_category":0,"_genesis_hide_title":false,"_genesis_hide_breadcrumbs":false,"_genesis_hide_singular_image":false,"_genesis_hide_footer_widgets":false,"_genesis_custom_body_class":"","_genesis_custom_post_class":"","_genesis_layout":"","footnotes":""},"publishpress_future_action":{"enabled":false,"date":"2026-05-21 00:11:46","action":"change-status","newStatus":"draft","terms":[],"taxonomy":""},"_links":{"self":[{"href":"https:\/\/www.chu-tours.fr\/psychiatrie-addictologie\/wp-json\/wp\/v2\/pages\/594"}],"collection":[{"href":"https:\/\/www.chu-tours.fr\/psychiatrie-addictologie\/wp-json\/wp\/v2\/pages"}],"about":[{"href":"https:\/\/www.chu-tours.fr\/psychiatrie-addictologie\/wp-json\/wp\/v2\/types\/page"}],"author":[{"embeddable":true,"href":"https:\/\/www.chu-tours.fr\/psychiatrie-addictologie\/wp-json\/wp\/v2\/users\/4"}],"replies":[{"embeddable":true,"href":"https:\/\/www.chu-tours.fr\/psychiatrie-addictologie\/wp-json\/wp\/v2\/comments?post=594"}],"version-history":[{"count":8,"href":"https:\/\/www.chu-tours.fr\/psychiatrie-addictologie\/wp-json\/wp\/v2\/pages\/594\/revisions"}],"predecessor-version":[{"id":607,"href":"https:\/\/www.chu-tours.fr\/psychiatrie-addictologie\/wp-json\/wp\/v2\/pages\/594\/revisions\/607"}],"wp:featuredmedia":[{"embeddable":true,"href":"https:\/\/www.chu-tours.fr\/psychiatrie-addictologie\/wp-json\/wp\/v2\/media\/593"}],"wp:attachment":[{"href":"https:\/\/www.chu-tours.fr\/psychiatrie-addictologie\/wp-json\/wp\/v2\/media?parent=594"}],"curies":[{"name":"wp","href":"https:\/\/api.w.org\/{rel}","templated":true}]}}