{"id":584,"date":"2022-04-05T09:52:19","date_gmt":"2022-04-05T07:52:19","guid":{"rendered":"https:\/\/www.chu-tours.fr\/psychiatrie-addictologie\/?page_id=584"},"modified":"2022-04-05T09:56:44","modified_gmt":"2022-04-05T07:56:44","slug":"profamille-un-programme-psychoeducatif-pour-les-proches-de-personnes-souffrants-de-schizophrenie","status":"publish","type":"page","link":"https:\/\/www.chu-tours.fr\/psychiatrie-addictologie\/profamille-un-programme-psychoeducatif-pour-les-proches-de-personnes-souffrants-de-schizophrenie\/","title":{"rendered":"Profamille : Un programme psycho\u00e9ducatif pour les proches de personnes souffrants de schizophr\u00e9nie"},"content":{"rendered":"\t\t<div data-elementor-type=\"wp-page\" data-elementor-id=\"584\" class=\"elementor elementor-584\" data-elementor-post-type=\"page\">\n\t\t\t\t\t\t<section class=\"elementor-section elementor-top-section elementor-element elementor-element-f3bd27e elementor-section-boxed elementor-section-height-default elementor-section-height-default\" data-id=\"f3bd27e\" data-element_type=\"section\">\n\t\t\t\t\t\t<div class=\"elementor-container elementor-column-gap-default\">\n\t\t\t\t\t<div class=\"elementor-column elementor-col-100 elementor-top-column elementor-element elementor-element-84593d0\" data-id=\"84593d0\" data-element_type=\"column\">\n\t\t\t<div class=\"elementor-widget-wrap elementor-element-populated\">\n\t\t\t\t\t\t<div class=\"elementor-element elementor-element-9443885 elementor-widget elementor-widget-heading\" data-id=\"9443885\" data-element_type=\"widget\" data-widget_type=\"heading.default\">\n\t\t\t\t<div class=\"elementor-widget-container\">\n\t\t\t<h2 class=\"elementor-heading-title elementor-size-default\">Profamille :<br \/>Un programme psycho\u00e9ducatif pour les proches de personnes souffrants de schizophr\u00e9nie<\/h2>\t\t<\/div>\n\t\t\t\t<\/div>\n\t\t\t\t<div class=\"elementor-element elementor-element-a107be3 elementor-widget elementor-widget-text-editor\" data-id=\"a107be3\" data-element_type=\"widget\" data-widget_type=\"text-editor.default\">\n\t\t\t\t<div class=\"elementor-widget-container\">\n\t\t\t\t\t\t\t<p>Propos\u00e9 par le Centre Hospitalier de Tours, ce programme psycho\u00e9ducatif d\u2019origine qu\u00e9b\u00e9coise est destin\u00e9 aux parents, fr\u00e8res, s\u0153urs, grands-parents, conjoints ayant un proche souffrant de troubles schizophr\u00e9niques et apparent\u00e9s. Il les entraine \u00e0 apporter une aide plus pr\u00e9cise et plus ajust\u00e9e \u00e0 la maladie de leur proche. Il ne concerne pas le malade lui-m\u00eame, mais celui-ci en b\u00e9n\u00e9ficie indirectement. Souvent les familles sont confront\u00e9es au fait que leur proche ne se per\u00e7oit pas comme malade et refuse tout traitement. Dans ce type de programme, on apprend aussi aux familles \u00e0 mieux g\u00e9rer cette situation.<\/p><p>Il ne s\u2019agit pas simplement d\u2019acqu\u00e9rir des connaissances sur la schizophr\u00e9nie mais aussi d\u2019apprendre des savoir-faire et de les exp\u00e9rimenter. Gr\u00e2ce \u00e0 la pratique, m\u00eame les personnes les mieux inform\u00e9es sur la maladie acquerront de nouveaux savoir-faire et savoir-\u00eatre afin d\u2019am\u00e9liorer leur quotidien.<\/p><p>Ce programme, gratuit, est accessible \u00e0 toute personne concern\u00e9e par la maladie d\u2019un proche. Anim\u00e9 dans plus de 85 \u00e9quipes en France, en Belgique, en Suisse, au Maroc et en Alg\u00e9rie, il est le programme de psycho\u00e9ducation le plus d\u00e9velopp\u00e9 au monde et repose sur une \u00e9valuation rigoureuse. Cela garantit au programme la meilleure efficacit\u00e9, sur des indicateurs tels que la r\u00e9duction du taux de tentatives de suicide ou du taux de baisse de r\u00e9-hospitalisations.<\/p><p>Le programme se compose de <strong>2 modules sur 3 ans<\/strong>\u00a0:<\/p><ul><li>Un module de <strong>14 s\u00e9ances sur un an<\/strong><\/li><li>Puis un module de consolidation de <strong>8 s\u00e9ances<\/strong> (4 avec les animateurs et 4 sans les animateurs) <strong>sur 2 ans<\/strong><\/li><\/ul><p>Il existe actuellement 2 sessions par an de psycho\u00e9ducation Profamille \u00e0 Tours, avec une r\u00e9union d\u2019information pour chaque session (en juin et en octobre) destin\u00e9e aux proches int\u00e9ress\u00e9s, pour leur pr\u00e9senter le d\u00e9roulement du programme.<\/p><p><strong>Pour tout renseignement compl\u00e9mentaire, n\u2019h\u00e9sitez pas \u00e0 vous adresser \u00e0 l\u2019\u00e9quipe de Tours \u00e0 l\u2019adresse suivante :<\/strong><\/p><ul><li><strong><span style=\"color: #ed1164;\">Mmes Berthelot Estelle et Bald\u00e9 V\u00e9ronique, r\u00e9f\u00e9rentes Profamille Tours<\/span><\/strong><\/li><li>HDJ La Douzill\u00e8re,<ul><li>25 rue de la Douzill\u00e8re,<\/li><li>37300 Jou\u00e9 les Tours<\/li><li><span style=\"color: #ed1164;\"><strong>02.34.37.89.76<\/strong> <\/span>ou <a href=\"mailto:profamilletourssud@chu-tours.fr\">profamilletourssud@chu-tours.fr<\/a><\/li><\/ul><\/li><\/ul>\t\t\t\t\t\t<\/div>\n\t\t\t\t<\/div>\n\t\t\t\t\t<\/div>\n\t\t<\/div>\n\t\t\t\t\t<\/div>\n\t\t<\/section>\n\t\t\t\t<\/div>\n\t\t","protected":false},"excerpt":{"rendered":"<p>Profamille :Un programme psycho\u00e9ducatif pour les proches de personnes souffrants de schizophr\u00e9nie Propos\u00e9 par le Centre Hospitalier de Tours, ce programme psycho\u00e9ducatif d\u2019origine qu\u00e9b\u00e9coise est destin\u00e9 aux parents, fr\u00e8res, s\u0153urs, grands-parents, conjoints ayant un proche souffrant de troubles schizophr\u00e9niques et apparent\u00e9s. Il les entraine \u00e0 apporter une aide plus pr\u00e9cise et plus ajust\u00e9e \u00e0 la [&hellip;]<\/p>\n","protected":false},"author":4,"featured_media":583,"parent":0,"menu_order":0,"comment_status":"closed","ping_status":"closed","template":"","meta":{"_seopress_robots_primary_cat":"","_seopress_titles_title":"Les actualit\u00e9s du p\u00f4le Psychiatrie-Addictologie. Profamille.","_seopress_titles_desc":"Profamille : Un programme psycho\u00e9ducatif pour les proches de personnes souffrants de schizophr\u00e9nie.","_seopress_robots_index":"","_exactmetrics_skip_tracking":false,"_exactmetrics_sitenote_active":false,"_exactmetrics_sitenote_note":"","_exactmetrics_sitenote_category":0,"_genesis_hide_title":false,"_genesis_hide_breadcrumbs":false,"_genesis_hide_singular_image":false,"_genesis_hide_footer_widgets":false,"_genesis_custom_body_class":"","_genesis_custom_post_class":"","_genesis_layout":"","footnotes":""},"publishpress_future_action":{"enabled":false,"date":"2026-05-20 19:42:18","action":"change-status","newStatus":"draft","terms":[],"taxonomy":""},"_links":{"self":[{"href":"https:\/\/www.chu-tours.fr\/psychiatrie-addictologie\/wp-json\/wp\/v2\/pages\/584"}],"collection":[{"href":"https:\/\/www.chu-tours.fr\/psychiatrie-addictologie\/wp-json\/wp\/v2\/pages"}],"about":[{"href":"https:\/\/www.chu-tours.fr\/psychiatrie-addictologie\/wp-json\/wp\/v2\/types\/page"}],"author":[{"embeddable":true,"href":"https:\/\/www.chu-tours.fr\/psychiatrie-addictologie\/wp-json\/wp\/v2\/users\/4"}],"replies":[{"embeddable":true,"href":"https:\/\/www.chu-tours.fr\/psychiatrie-addictologie\/wp-json\/wp\/v2\/comments?post=584"}],"version-history":[{"count":4,"href":"https:\/\/www.chu-tours.fr\/psychiatrie-addictologie\/wp-json\/wp\/v2\/pages\/584\/revisions"}],"predecessor-version":[{"id":588,"href":"https:\/\/www.chu-tours.fr\/psychiatrie-addictologie\/wp-json\/wp\/v2\/pages\/584\/revisions\/588"}],"wp:featuredmedia":[{"embeddable":true,"href":"https:\/\/www.chu-tours.fr\/psychiatrie-addictologie\/wp-json\/wp\/v2\/media\/583"}],"wp:attachment":[{"href":"https:\/\/www.chu-tours.fr\/psychiatrie-addictologie\/wp-json\/wp\/v2\/media?parent=584"}],"curies":[{"name":"wp","href":"https:\/\/api.w.org\/{rel}","templated":true}]}}