{"id":44,"date":"2021-02-05T12:48:01","date_gmt":"2021-02-05T11:48:01","guid":{"rendered":"https:\/\/www.chu-tours.fr\/psychiatrie-addictologie\/?page_id=44"},"modified":"2022-01-14T12:55:19","modified_gmt":"2022-01-14T11:55:19","slug":"psychiatrie-addictologie-activites-dans-le-champ-de-la-precarite-et-du-soin-penitentiaire","status":"publish","type":"page","link":"https:\/\/www.chu-tours.fr\/psychiatrie-addictologie\/psychiatrie-addictologie-activites-dans-le-champ-de-la-precarite-et-du-soin-penitentiaire\/","title":{"rendered":"Psychiatrie-Addictologie &#8211; Activit\u00e9s dans le champ de la pr\u00e9carit\u00e9 et du soin p\u00e9nitentiaire"},"content":{"rendered":"\t\t<div data-elementor-type=\"wp-page\" data-elementor-id=\"44\" class=\"elementor elementor-44\" data-elementor-post-type=\"page\">\n\t\t\t\t\t\t<section class=\"elementor-section elementor-top-section elementor-element elementor-element-66deab3 elementor-section-boxed elementor-section-height-default elementor-section-height-default\" data-id=\"66deab3\" data-element_type=\"section\">\n\t\t\t\t\t\t<div class=\"elementor-container elementor-column-gap-default\">\n\t\t\t\t\t<div class=\"elementor-column elementor-col-100 elementor-top-column elementor-element elementor-element-fb1612a\" data-id=\"fb1612a\" data-element_type=\"column\">\n\t\t\t<div class=\"elementor-widget-wrap elementor-element-populated\">\n\t\t\t\t\t\t<div class=\"elementor-element elementor-element-7f7341c elementor-widget elementor-widget-heading\" data-id=\"7f7341c\" data-element_type=\"widget\" data-widget_type=\"heading.default\">\n\t\t\t\t<div class=\"elementor-widget-container\">\n\t\t\t<h2 class=\"elementor-heading-title elementor-size-default\">Activit\u00e9s dans le champ de la pr\u00e9carit\u00e9 et du soin p\u00e9nitentiaire<\/h2>\t\t<\/div>\n\t\t\t\t<\/div>\n\t\t\t\t<section class=\"elementor-section elementor-inner-section elementor-element elementor-element-e5b2fb9 elementor-section-boxed elementor-section-height-default elementor-section-height-default\" data-id=\"e5b2fb9\" data-element_type=\"section\">\n\t\t\t\t\t\t<div class=\"elementor-container elementor-column-gap-default\">\n\t\t\t\t\t<div class=\"elementor-column elementor-col-33 elementor-inner-column elementor-element elementor-element-347a543\" data-id=\"347a543\" data-element_type=\"column\">\n\t\t\t<div class=\"elementor-widget-wrap\">\n\t\t\t\t\t\t\t<\/div>\n\t\t<\/div>\n\t\t\t\t<div class=\"elementor-column elementor-col-33 elementor-inner-column elementor-element elementor-element-6e02f60\" data-id=\"6e02f60\" data-element_type=\"column\">\n\t\t\t<div class=\"elementor-widget-wrap elementor-element-populated\">\n\t\t\t\t\t\t<div class=\"elementor-element elementor-element-cb36b09 elementor-widget elementor-widget-text-editor\" data-id=\"cb36b09\" data-element_type=\"widget\" data-widget_type=\"text-editor.default\">\n\t\t\t\t<div class=\"elementor-widget-container\">\n\t\t\t\t\t\t\t<ul><li><a href=\"\/psychiatrie-addictologie\/wp-content\/uploads\/sites\/9\/2021\/02\/EMPPE-Plaquette.pdf\" target=\"_blank\" rel=\"noopener\"><strong><span style=\"color: #ed1164;\">E<\/span>quipe <span style=\"color: #ed1164;\">M<\/span>obile <span style=\"color: #ed1164;\">P<\/span>sychiatrie <span style=\"color: #ed1164;\">P<\/span>r\u00e9carit\u00e9 et <span style=\"color: #ed1164;\">E<\/span>xclusion<\/strong> (EMPPE)<\/a><\/li><\/ul>\t\t\t\t\t\t<\/div>\n\t\t\t\t<\/div>\n\t\t\t\t\t<\/div>\n\t\t<\/div>\n\t\t\t\t<div class=\"elementor-column elementor-col-33 elementor-inner-column elementor-element elementor-element-7e4177d\" data-id=\"7e4177d\" data-element_type=\"column\">\n\t\t\t<div class=\"elementor-widget-wrap\">\n\t\t\t\t\t\t\t<\/div>\n\t\t<\/div>\n\t\t\t\t\t<\/div>\n\t\t<\/section>\n\t\t\t\t<section class=\"elementor-section elementor-inner-section elementor-element elementor-element-5f62862 elementor-section-boxed elementor-section-height-default elementor-section-height-default\" data-id=\"5f62862\" data-element_type=\"section\">\n\t\t\t\t\t\t<div class=\"elementor-container elementor-column-gap-default\">\n\t\t\t\t\t<div class=\"elementor-column elementor-col-33 elementor-inner-column elementor-element elementor-element-748d4e6\" data-id=\"748d4e6\" data-element_type=\"column\">\n\t\t\t<div class=\"elementor-widget-wrap\">\n\t\t\t\t\t\t\t<\/div>\n\t\t<\/div>\n\t\t\t\t<div class=\"elementor-column elementor-col-33 elementor-inner-column elementor-element elementor-element-1ba9ea5\" data-id=\"1ba9ea5\" data-element_type=\"column\">\n\t\t\t<div class=\"elementor-widget-wrap elementor-element-populated\">\n\t\t\t\t\t\t<div class=\"elementor-element elementor-element-3d5206a elementor-widget elementor-widget-text-editor\" data-id=\"3d5206a\" data-element_type=\"widget\" data-widget_type=\"text-editor.default\">\n\t\t\t\t<div class=\"elementor-widget-container\">\n\t\t\t\t\t\t\t<ul><li><a href=\"\/psychiatrie-addictologie\/wp-content\/uploads\/sites\/9\/2021\/02\/EMLA-plaquette-2020.pdf\" target=\"_blank\" rel=\"noopener\"><strong><span style=\"color: #ed1164;\">\u00c9<\/span>quipe <span style=\"color: #ed1164;\">M<\/span>obile <span style=\"color: #ed1164;\">L<\/span>iaison <span style=\"color: #ed1164;\">A<\/span>ccompagnemen<\/strong>t (EMLA)<\/a><\/li><\/ul>\t\t\t\t\t\t<\/div>\n\t\t\t\t<\/div>\n\t\t\t\t\t<\/div>\n\t\t<\/div>\n\t\t\t\t<div class=\"elementor-column elementor-col-33 elementor-inner-column elementor-element elementor-element-765fca0\" data-id=\"765fca0\" data-element_type=\"column\">\n\t\t\t<div class=\"elementor-widget-wrap\">\n\t\t\t\t\t\t\t<\/div>\n\t\t<\/div>\n\t\t\t\t\t<\/div>\n\t\t<\/section>\n\t\t\t\t<section class=\"elementor-section elementor-inner-section elementor-element elementor-element-57d9873 elementor-section-boxed elementor-section-height-default elementor-section-height-default\" data-id=\"57d9873\" data-element_type=\"section\">\n\t\t\t\t\t\t<div class=\"elementor-container elementor-column-gap-default\">\n\t\t\t\t\t<div class=\"elementor-column elementor-col-33 elementor-inner-column elementor-element elementor-element-0639011\" data-id=\"0639011\" data-element_type=\"column\">\n\t\t\t<div class=\"elementor-widget-wrap\">\n\t\t\t\t\t\t\t<\/div>\n\t\t<\/div>\n\t\t\t\t<div class=\"elementor-column elementor-col-33 elementor-inner-column elementor-element elementor-element-14c07ad\" data-id=\"14c07ad\" data-element_type=\"column\">\n\t\t\t<div class=\"elementor-widget-wrap elementor-element-populated\">\n\t\t\t\t\t\t<div class=\"elementor-element elementor-element-8a936b7 elementor-widget elementor-widget-text-editor\" data-id=\"8a936b7\" data-element_type=\"widget\" data-widget_type=\"text-editor.default\">\n\t\t\t\t<div class=\"elementor-widget-container\">\n\t\t\t\t\t\t\t<ul><li><strong><span style=\"color: #ed1164;\">E<\/span>quipe <span style=\"color: #ed1164;\">M<\/span>obile <span style=\"color: #ed1164;\">P<\/span>r\u00e9vention <span style=\"color: #ed1164;\">A<\/span>dolescents<\/strong> (EMPA)<\/li><\/ul>\t\t\t\t\t\t<\/div>\n\t\t\t\t<\/div>\n\t\t\t\t\t<\/div>\n\t\t<\/div>\n\t\t\t\t<div class=\"elementor-column elementor-col-33 elementor-inner-column elementor-element elementor-element-e59b270\" data-id=\"e59b270\" data-element_type=\"column\">\n\t\t\t<div class=\"elementor-widget-wrap\">\n\t\t\t\t\t\t\t<\/div>\n\t\t<\/div>\n\t\t\t\t\t<\/div>\n\t\t<\/section>\n\t\t\t\t<section class=\"elementor-section elementor-inner-section elementor-element elementor-element-3398970 elementor-section-boxed elementor-section-height-default elementor-section-height-default\" data-id=\"3398970\" data-element_type=\"section\">\n\t\t\t\t\t\t<div class=\"elementor-container elementor-column-gap-default\">\n\t\t\t\t\t<div class=\"elementor-column elementor-col-33 elementor-inner-column elementor-element elementor-element-d33972e\" data-id=\"d33972e\" data-element_type=\"column\">\n\t\t\t<div class=\"elementor-widget-wrap\">\n\t\t\t\t\t\t\t<\/div>\n\t\t<\/div>\n\t\t\t\t<div class=\"elementor-column elementor-col-33 elementor-inner-column elementor-element elementor-element-1f2509e\" data-id=\"1f2509e\" data-element_type=\"column\">\n\t\t\t<div class=\"elementor-widget-wrap elementor-element-populated\">\n\t\t\t\t\t\t<div class=\"elementor-element elementor-element-d6537c6 elementor-widget elementor-widget-text-editor\" data-id=\"d6537c6\" data-element_type=\"widget\" data-widget_type=\"text-editor.default\">\n\t\t\t\t<div class=\"elementor-widget-container\">\n\t\t\t\t\t\t\t<ul><li><strong>Unit\u00e9 de psychiatrie p\u00e9nitentiaire<\/strong><\/li><\/ul>\t\t\t\t\t\t<\/div>\n\t\t\t\t<\/div>\n\t\t\t\t\t<\/div>\n\t\t<\/div>\n\t\t\t\t<div class=\"elementor-column elementor-col-33 elementor-inner-column elementor-element elementor-element-c7eda1e\" data-id=\"c7eda1e\" data-element_type=\"column\">\n\t\t\t<div class=\"elementor-widget-wrap\">\n\t\t\t\t\t\t\t<\/div>\n\t\t<\/div>\n\t\t\t\t\t<\/div>\n\t\t<\/section>\n\t\t\t\t<section class=\"elementor-section elementor-inner-section elementor-element elementor-element-63b114f elementor-section-boxed elementor-section-height-default elementor-section-height-default\" data-id=\"63b114f\" data-element_type=\"section\">\n\t\t\t\t\t\t<div class=\"elementor-container elementor-column-gap-default\">\n\t\t\t\t\t<div class=\"elementor-column elementor-col-33 elementor-inner-column elementor-element elementor-element-32adce2\" data-id=\"32adce2\" data-element_type=\"column\">\n\t\t\t<div class=\"elementor-widget-wrap elementor-element-populated\">\n\t\t\t\t\t\t<div class=\"elementor-element elementor-element-382ee70 elementor-widget elementor-widget-image\" data-id=\"382ee70\" data-element_type=\"widget\" data-widget_type=\"image.default\">\n\t\t\t\t<div class=\"elementor-widget-container\">\n\t\t\t\t\t\t\t\t\t\t\t\t\t<img decoding=\"async\" width=\"300\" height=\"143\" src=\"https:\/\/www.chu-tours.fr\/psychiatrie-addictologie\/wp-content\/uploads\/sites\/9\/2022\/01\/Logo-UC3P-300x143.png\" class=\"attachment-medium size-medium wp-image-528\" alt=\"logo Unit\u00e9 de Consultation Psychiatrique Post P\u00e9nale\" srcset=\"https:\/\/www.chu-tours.fr\/psychiatrie-addictologie\/wp-content\/uploads\/sites\/9\/2022\/01\/Logo-UC3P-300x143.png 300w, https:\/\/www.chu-tours.fr\/psychiatrie-addictologie\/wp-content\/uploads\/sites\/9\/2022\/01\/Logo-UC3P-768x367.png 768w, https:\/\/www.chu-tours.fr\/psychiatrie-addictologie\/wp-content\/uploads\/sites\/9\/2022\/01\/Logo-UC3P.png 955w\" sizes=\"(max-width: 300px) 100vw, 300px\" \/>\t\t\t\t\t\t\t\t\t\t\t\t\t<\/div>\n\t\t\t\t<\/div>\n\t\t\t\t\t<\/div>\n\t\t<\/div>\n\t\t\t\t<div class=\"elementor-column elementor-col-33 elementor-inner-column elementor-element elementor-element-4cab4e4\" data-id=\"4cab4e4\" data-element_type=\"column\">\n\t\t\t<div class=\"elementor-widget-wrap elementor-element-populated\">\n\t\t\t\t\t\t<div class=\"elementor-element elementor-element-246b8eb elementor-widget elementor-widget-text-editor\" data-id=\"246b8eb\" data-element_type=\"widget\" data-widget_type=\"text-editor.default\">\n\t\t\t\t<div class=\"elementor-widget-container\">\n\t\t\t\t\t\t\t<ul><li><strong><span style=\"color: #ed1164;\">U<\/span>nit\u00e9 de <span style=\"color: #ed1164;\">C<\/span>onsultation <span style=\"color: #ed1164;\">P<\/span>sychiatrique <span style=\"color: #ed1164;\">P<\/span>ost-<span style=\"color: #ed1164;\">P<\/span>\u00e9nale<\/strong> (UC3P)<\/li><\/ul>\t\t\t\t\t\t<\/div>\n\t\t\t\t<\/div>\n\t\t\t\t\t<\/div>\n\t\t<\/div>\n\t\t\t\t<div class=\"elementor-column elementor-col-33 elementor-inner-column elementor-element elementor-element-f50ac49\" data-id=\"f50ac49\" data-element_type=\"column\">\n\t\t\t<div class=\"elementor-widget-wrap elementor-element-populated\">\n\t\t\t\t\t\t<div class=\"elementor-element elementor-element-609ee4f elementor-widget elementor-widget-text-editor\" data-id=\"609ee4f\" data-element_type=\"widget\" data-widget_type=\"text-editor.default\">\n\t\t\t\t<div class=\"elementor-widget-container\">\n\t\t\t\t\t\t\t<span style=\"color: #ed1164; font-size: 14pt;\"><i class=\"fas fa-angle-double-right\"><\/i><\/span> <a href=\"https:\/\/www.chu-tours.fr\/psychiatrie-addictologie\/wp-content\/uploads\/sites\/9\/2022\/01\/Flyer-UC3P.pdf\" target=\"_blank\" rel=\"noopener\">T\u00e9l\u00e9chargez le flyer<\/a> \t\t\t\t\t\t<\/div>\n\t\t\t\t<\/div>\n\t\t\t\t\t<\/div>\n\t\t<\/div>\n\t\t\t\t\t<\/div>\n\t\t<\/section>\n\t\t\t\t<section class=\"elementor-section elementor-inner-section elementor-element elementor-element-4345584 elementor-section-boxed elementor-section-height-default elementor-section-height-default\" data-id=\"4345584\" data-element_type=\"section\">\n\t\t\t\t\t\t<div class=\"elementor-container elementor-column-gap-default\">\n\t\t\t\t\t<div class=\"elementor-column elementor-col-33 elementor-inner-column elementor-element elementor-element-ce8ca63\" data-id=\"ce8ca63\" data-element_type=\"column\">\n\t\t\t<div class=\"elementor-widget-wrap\">\n\t\t\t\t\t\t\t<\/div>\n\t\t<\/div>\n\t\t\t\t<div class=\"elementor-column elementor-col-33 elementor-inner-column elementor-element elementor-element-6577a0e\" data-id=\"6577a0e\" data-element_type=\"column\">\n\t\t\t<div class=\"elementor-widget-wrap elementor-element-populated\">\n\t\t\t\t\t\t<div class=\"elementor-element elementor-element-a937026 elementor-widget elementor-widget-text-editor\" data-id=\"a937026\" data-element_type=\"widget\" data-widget_type=\"text-editor.default\">\n\t\t\t\t<div class=\"elementor-widget-container\">\n\t\t\t\t\t\t\t<ul><li><a href=\"\/psychiatrie-addictologie\/wp-content\/uploads\/sites\/9\/2021\/02\/Pass-spy-plaquette.pdf\" target=\"_blank\" rel=\"noopener\"><strong><span style=\"color: #ed1164;\">P<\/span>ermanence d\u2019<span style=\"color: #ed1164;\">A<\/span>cc\u00e8s aux <span style=\"color: #ed1164;\">S<\/span>oins de <span style=\"color: #ed1164;\">S<\/span>ant\u00e9 en <span style=\"color: #ed1164;\">Psy<\/span>chiatrie<\/strong> (PASS-PSY)<\/a><\/li><\/ul>\t\t\t\t\t\t<\/div>\n\t\t\t\t<\/div>\n\t\t\t\t\t<\/div>\n\t\t<\/div>\n\t\t\t\t<div class=\"elementor-column elementor-col-33 elementor-inner-column elementor-element elementor-element-abe8ffc\" data-id=\"abe8ffc\" data-element_type=\"column\">\n\t\t\t<div class=\"elementor-widget-wrap\">\n\t\t\t\t\t\t\t<\/div>\n\t\t<\/div>\n\t\t\t\t\t<\/div>\n\t\t<\/section>\n\t\t\t\t<section class=\"elementor-section elementor-inner-section elementor-element elementor-element-5b926c2 elementor-section-boxed elementor-section-height-default elementor-section-height-default\" data-id=\"5b926c2\" data-element_type=\"section\">\n\t\t\t\t\t\t<div class=\"elementor-container elementor-column-gap-default\">\n\t\t\t\t\t<div class=\"elementor-column elementor-col-33 elementor-inner-column elementor-element elementor-element-3df3bfe\" data-id=\"3df3bfe\" data-element_type=\"column\">\n\t\t\t<div class=\"elementor-widget-wrap\">\n\t\t\t\t\t\t\t<\/div>\n\t\t<\/div>\n\t\t\t\t<div class=\"elementor-column elementor-col-33 elementor-inner-column elementor-element elementor-element-cb084ac\" data-id=\"cb084ac\" data-element_type=\"column\">\n\t\t\t<div class=\"elementor-widget-wrap elementor-element-populated\">\n\t\t\t\t\t\t<div class=\"elementor-element elementor-element-7eedff2 elementor-widget elementor-widget-text-editor\" data-id=\"7eedff2\" data-element_type=\"widget\" data-widget_type=\"text-editor.default\">\n\t\t\t\t<div class=\"elementor-widget-container\">\n\t\t\t\t\t\t\t<ul><li><strong>Un chez soi d\u2019abord<\/strong> (projet 2021)<\/li><\/ul>\t\t\t\t\t\t<\/div>\n\t\t\t\t<\/div>\n\t\t\t\t\t<\/div>\n\t\t<\/div>\n\t\t\t\t<div class=\"elementor-column elementor-col-33 elementor-inner-column elementor-element elementor-element-4b150ee\" data-id=\"4b150ee\" data-element_type=\"column\">\n\t\t\t<div class=\"elementor-widget-wrap\">\n\t\t\t\t\t\t\t<\/div>\n\t\t<\/div>\n\t\t\t\t\t<\/div>\n\t\t<\/section>\n\t\t\t\t\t<\/div>\n\t\t<\/div>\n\t\t\t\t\t<\/div>\n\t\t<\/section>\n\t\t\t\t<\/div>\n\t\t","protected":false},"excerpt":{"rendered":"<p>Activit\u00e9s dans le champ de la pr\u00e9carit\u00e9 et du soin p\u00e9nitentiaire Equipe Mobile Psychiatrie Pr\u00e9carit\u00e9 et Exclusion (EMPPE) \u00c9quipe Mobile Liaison Accompagnement (EMLA) Equipe Mobile Pr\u00e9vention Adolescents (EMPA) Unit\u00e9 de psychiatrie p\u00e9nitentiaire Unit\u00e9 de Consultation Psychiatrique Post-P\u00e9nale (UC3P) T\u00e9l\u00e9chargez le flyer Permanence d\u2019Acc\u00e8s aux Soins de Sant\u00e9 en Psychiatrie (PASS-PSY) Un chez soi d\u2019abord (projet [&hellip;]<\/p>\n","protected":false},"author":4,"featured_media":0,"parent":0,"menu_order":0,"comment_status":"closed","ping_status":"closed","template":"","meta":{"_seopress_robots_primary_cat":"","_seopress_titles_title":"CHRU de Tours. P\u00f4le de Psychiatrie-Addictologie. Activit\u00e9s dans le champ de la pr\u00e9carit\u00e9 et du soin p\u00e9nitentiaire.","_seopress_titles_desc":"Activit\u00e9s dans le champ de la pr\u00e9carit\u00e9 et du soin p\u00e9nitentiaire du P\u00f4le de Psychiatrie-Addictologie du CHRU de Tours.","_seopress_robots_index":"","_exactmetrics_skip_tracking":false,"_exactmetrics_sitenote_active":false,"_exactmetrics_sitenote_note":"","_exactmetrics_sitenote_category":0,"_genesis_hide_title":false,"_genesis_hide_breadcrumbs":false,"_genesis_hide_singular_image":false,"_genesis_hide_footer_widgets":false,"_genesis_custom_body_class":"","_genesis_custom_post_class":"","_genesis_layout":"","footnotes":""},"publishpress_future_action":{"enabled":false,"date":"2026-05-09 08:21:31","action":"change-status","newStatus":"draft","terms":[],"taxonomy":""},"_links":{"self":[{"href":"https:\/\/www.chu-tours.fr\/psychiatrie-addictologie\/wp-json\/wp\/v2\/pages\/44"}],"collection":[{"href":"https:\/\/www.chu-tours.fr\/psychiatrie-addictologie\/wp-json\/wp\/v2\/pages"}],"about":[{"href":"https:\/\/www.chu-tours.fr\/psychiatrie-addictologie\/wp-json\/wp\/v2\/types\/page"}],"author":[{"embeddable":true,"href":"https:\/\/www.chu-tours.fr\/psychiatrie-addictologie\/wp-json\/wp\/v2\/users\/4"}],"replies":[{"embeddable":true,"href":"https:\/\/www.chu-tours.fr\/psychiatrie-addictologie\/wp-json\/wp\/v2\/comments?post=44"}],"version-history":[{"count":23,"href":"https:\/\/www.chu-tours.fr\/psychiatrie-addictologie\/wp-json\/wp\/v2\/pages\/44\/revisions"}],"predecessor-version":[{"id":552,"href":"https:\/\/www.chu-tours.fr\/psychiatrie-addictologie\/wp-json\/wp\/v2\/pages\/44\/revisions\/552"}],"wp:attachment":[{"href":"https:\/\/www.chu-tours.fr\/psychiatrie-addictologie\/wp-json\/wp\/v2\/media?parent=44"}],"curies":[{"name":"wp","href":"https:\/\/api.w.org\/{rel}","templated":true}]}}