{"id":2,"date":"2021-02-03T16:59:12","date_gmt":"2021-02-03T15:59:12","guid":{"rendered":"https:\/\/www.chu-tours.fr\/psychiatrie-addictologie\/?page_id=2"},"modified":"2024-02-15T16:50:42","modified_gmt":"2024-02-15T15:50:42","slug":"pole-de-psychiatrie-addictologie","status":"publish","type":"page","link":"https:\/\/www.chu-tours.fr\/psychiatrie-addictologie\/","title":{"rendered":"P\u00f4le de Psychiatrie-Addictologie"},"content":{"rendered":"\t\t<div data-elementor-type=\"wp-page\" data-elementor-id=\"2\" class=\"elementor elementor-2\" data-elementor-post-type=\"page\">\n\t\t\t\t\t\t<section class=\"elementor-section elementor-top-section elementor-element elementor-element-c95b3ac elementor-section-boxed elementor-section-height-default elementor-section-height-default\" data-id=\"c95b3ac\" data-element_type=\"section\">\n\t\t\t\t\t\t<div class=\"elementor-container elementor-column-gap-default\">\n\t\t\t\t\t<div class=\"elementor-column elementor-col-100 elementor-top-column elementor-element elementor-element-616234c\" data-id=\"616234c\" data-element_type=\"column\">\n\t\t\t<div class=\"elementor-widget-wrap elementor-element-populated\">\n\t\t\t\t\t\t<div class=\"elementor-element elementor-element-1571bef elementor-view-default elementor-widget elementor-widget-icon\" data-id=\"1571bef\" data-element_type=\"widget\" data-widget_type=\"icon.default\">\n\t\t\t\t<div class=\"elementor-widget-container\">\n\t\t\t\t\t<div class=\"elementor-icon-wrapper\">\n\t\t\t<div class=\"elementor-icon\">\n\t\t\t<i aria-hidden=\"true\" class=\"fas fa-hospital-alt\"><\/i>\t\t\t<\/div>\n\t\t<\/div>\n\t\t\t\t<\/div>\n\t\t\t\t<\/div>\n\t\t\t\t<div class=\"elementor-element elementor-element-3ddb272 elementor-widget elementor-widget-text-editor\" data-id=\"3ddb272\" data-element_type=\"widget\" data-widget_type=\"text-editor.default\">\n\t\t\t\t<div class=\"elementor-widget-container\">\n\t\t\t\t\t\t\t<p>P\u00f4le de Psychiatrie-Addictologie<\/p>\t\t\t\t\t\t<\/div>\n\t\t\t\t<\/div>\n\t\t\t\t<div class=\"elementor-element elementor-element-f7d50ef elementor-headline--style-highlight elementor-widget elementor-widget-animated-headline\" data-id=\"f7d50ef\" data-element_type=\"widget\" data-settings=\"{&quot;highlighted_text&quot;:&quot;dynamique&quot;,&quot;headline_style&quot;:&quot;highlight&quot;,&quot;marker&quot;:&quot;circle&quot;,&quot;loop&quot;:&quot;yes&quot;,&quot;highlight_animation_duration&quot;:1200,&quot;highlight_iteration_delay&quot;:8000}\" data-widget_type=\"animated-headline.default\">\n\t\t\t\t<div class=\"elementor-widget-container\">\n\t\t\t\t\t<h3 class=\"elementor-headline\">\n\t\t\t\t\t<span class=\"elementor-headline-plain-text elementor-headline-text-wrapper\">Un p\u00f4le<\/span>\n\t\t\t\t<span class=\"elementor-headline-dynamic-wrapper elementor-headline-text-wrapper\">\n\t\t\t\t\t<span class=\"elementor-headline-dynamic-text elementor-headline-text-active\">dynamique<\/span>\n\t\t\t\t<\/span>\n\t\t\t\t<\/h3>\n\t\t\t\t<\/div>\n\t\t\t\t<\/div>\n\t\t\t\t\t<\/div>\n\t\t<\/div>\n\t\t\t\t\t<\/div>\n\t\t<\/section>\n\t\t\t\t<section class=\"elementor-section elementor-top-section elementor-element elementor-element-ec68dfe elementor-section-boxed elementor-section-height-default elementor-section-height-default\" data-id=\"ec68dfe\" data-element_type=\"section\">\n\t\t\t\t\t\t<div class=\"elementor-container elementor-column-gap-default\">\n\t\t\t\t\t<div class=\"elementor-column elementor-col-100 elementor-top-column elementor-element elementor-element-3c2ea55\" data-id=\"3c2ea55\" data-element_type=\"column\">\n\t\t\t<div class=\"elementor-widget-wrap elementor-element-populated\">\n\t\t\t\t\t\t<div class=\"elementor-element elementor-element-d2a3f93 elementor-widget elementor-widget-image\" data-id=\"d2a3f93\" data-element_type=\"widget\" data-widget_type=\"image.default\">\n\t\t\t\t<div class=\"elementor-widget-container\">\n\t\t\t\t\t\t\t\t\t\t\t\t\t\t<a href=\"https:\/\/www.chu-tours.fr\/psychiatrie-addictologie\/etat-des-lieux-des-postes-medicaux-et-paramedicaux-a-pourvoir-dans-les-prochains-mois\/\">\n\t\t\t\t\t\t\t<img fetchpriority=\"high\" decoding=\"async\" width=\"500\" height=\"190\" src=\"https:\/\/www.chu-tours.fr\/psychiatrie-addictologie\/wp-content\/uploads\/sites\/9\/2023\/04\/nhp.jpg\" class=\"attachment-large size-large wp-image-840\" alt=\"\" srcset=\"https:\/\/www.chu-tours.fr\/psychiatrie-addictologie\/wp-content\/uploads\/sites\/9\/2023\/04\/nhp.jpg 500w, https:\/\/www.chu-tours.fr\/psychiatrie-addictologie\/wp-content\/uploads\/sites\/9\/2023\/04\/nhp-300x114.jpg 300w\" sizes=\"(max-width: 500px) 100vw, 500px\" \/>\t\t\t\t\t\t\t\t<\/a>\n\t\t\t\t\t\t\t\t\t\t\t\t\t<\/div>\n\t\t\t\t<\/div>\n\t\t\t\t<div class=\"elementor-element elementor-element-b484a12 elementor-widget elementor-widget-heading\" data-id=\"b484a12\" data-element_type=\"widget\" data-widget_type=\"heading.default\">\n\t\t\t\t<div class=\"elementor-widget-container\">\n\t\t\t<h3 class=\"elementor-heading-title elementor-size-default\"><a href=\"https:\/\/www.chu-tours.fr\/psychiatrie-addictologie\/etat-des-lieux-des-postes-medicaux-et-paramedicaux-a-pourvoir-dans-les-prochains-mois\/\">NOUS RECRUTONS DES SOIGNANTS SUR DES PROJETS INNOVANTS<\/a><\/h3>\t\t<\/div>\n\t\t\t\t<\/div>\n\t\t\t\t<div class=\"elementor-element elementor-element-52e90df elementor-widget elementor-widget-text-editor\" data-id=\"52e90df\" data-element_type=\"widget\" data-widget_type=\"text-editor.default\">\n\t\t\t\t<div class=\"elementor-widget-container\">\n\t\t\t\t\t\t\t<p>(<em>mise \u00e0 jour trimestrielle<\/em>)<\/p>\t\t\t\t\t\t<\/div>\n\t\t\t\t<\/div>\n\t\t\t\t\t<\/div>\n\t\t<\/div>\n\t\t\t\t\t<\/div>\n\t\t<\/section>\n\t\t\t\t<section class=\"elementor-section elementor-top-section elementor-element elementor-element-f16b661 elementor-section-boxed elementor-section-height-default elementor-section-height-default\" data-id=\"f16b661\" data-element_type=\"section\">\n\t\t\t\t\t\t<div class=\"elementor-container elementor-column-gap-default\">\n\t\t\t\t\t<div class=\"elementor-column elementor-col-100 elementor-top-column elementor-element elementor-element-5912d74\" data-id=\"5912d74\" data-element_type=\"column\">\n\t\t\t<div class=\"elementor-widget-wrap elementor-element-populated\">\n\t\t\t\t\t\t<div class=\"elementor-element elementor-element-650d881 elementor-widget elementor-widget-text-editor\" data-id=\"650d881\" data-element_type=\"widget\" data-widget_type=\"text-editor.default\">\n\t\t\t\t<div class=\"elementor-widget-container\">\n\t\t\t\t\t\t\t<p><span style=\"color: #0d3182;\">Le P\u00f4le de Psychiatrie et Addictologie regroupe l&#8217;ensemble des \u00e9quipes de psychiatrie adulte, de l&#8217;enfant et de l&#8217;adolescent, de la personne \u00e2g\u00e9e et d&#8217;addictologie du CHRU de Tours. Il constitue pour l&#8217;ensemble de l&#8217;agglom\u00e9ration tourangelle un dispositif de psychiatrie de proximit\u00e9, tout en assurant des soins de r\u00e9f\u00e9rence.<\/span><\/p><p><span style=\"color: #0d3182;\">Cette implantation au sein du CHRU constitue une double opportunit\u00e9. Elle contribue, d&#8217;une part, \u00e0 limiter l&#8217;exclusion et la stigmatisation dont les malades sont trop souvent victimes, en rapprochant les \u00e9quipes soignantes de psychiatrie des autres \u00e9quipes m\u00e9dicales de l&#8217;\u00e9tablissement, et en favorisant l&#8217;acc\u00e8s aux comp\u00e9tences de psychiatrie et d&#8217;addictologie \u00e0 l&#8217;ensemble des patients des fili\u00e8res de soins du CHRU.<\/span><\/p>\t\t\t\t\t\t<\/div>\n\t\t\t\t<\/div>\n\t\t\t\t\t<\/div>\n\t\t<\/div>\n\t\t\t\t\t<\/div>\n\t\t<\/section>\n\t\t\t\t<section class=\"elementor-section elementor-top-section elementor-element elementor-element-4c3b168 elementor-section-boxed elementor-section-height-default elementor-section-height-default\" data-id=\"4c3b168\" data-element_type=\"section\">\n\t\t\t\t\t\t<div class=\"elementor-container elementor-column-gap-default\">\n\t\t\t\t\t<div class=\"elementor-column elementor-col-100 elementor-top-column elementor-element elementor-element-757e461\" data-id=\"757e461\" data-element_type=\"column\">\n\t\t\t<div class=\"elementor-widget-wrap elementor-element-populated\">\n\t\t\t\t\t\t<section class=\"elementor-section elementor-inner-section elementor-element elementor-element-4fa354e elementor-section-boxed elementor-section-height-default elementor-section-height-default\" data-id=\"4fa354e\" data-element_type=\"section\">\n\t\t\t\t\t\t<div class=\"elementor-container elementor-column-gap-default\">\n\t\t\t\t\t<div class=\"elementor-column elementor-col-50 elementor-inner-column elementor-element elementor-element-9357d9c\" data-id=\"9357d9c\" data-element_type=\"column\">\n\t\t\t<div class=\"elementor-widget-wrap elementor-element-populated\">\n\t\t\t\t\t\t<div class=\"elementor-element elementor-element-e890850 elementor-widget elementor-widget-image\" data-id=\"e890850\" data-element_type=\"widget\" data-widget_type=\"image.default\">\n\t\t\t\t<div class=\"elementor-widget-container\">\n\t\t\t\t\t\t\t\t\t\t\t\t\t\t<a href=\"https:\/\/www.chu-tours.fr\/psychiatrie-addictologie\/wp-content\/uploads\/sites\/9\/2021\/04\/Alch21-Une-scaled.jpg\" data-elementor-open-lightbox=\"yes\" data-elementor-lightbox-title=\"Alch21-Une\" data-e-action-hash=\"#elementor-action%3Aaction%3Dlightbox%26settings%3DeyJpZCI6MzQ4LCJ1cmwiOiJodHRwczpcL1wvd3d3LmNodS10b3Vycy5mclwvcHN5Y2hpYXRyaWUtYWRkaWN0b2xvZ2llXC93cC1jb250ZW50XC91cGxvYWRzXC9zaXRlc1wvOVwvMjAyMVwvMDRcL0FsY2gyMS1VbmUtc2NhbGVkLmpwZyJ9\">\n\t\t\t\t\t\t\t<img decoding=\"async\" width=\"300\" height=\"171\" src=\"https:\/\/www.chu-tours.fr\/psychiatrie-addictologie\/wp-content\/uploads\/sites\/9\/2021\/04\/Alch21-Une-300x171.jpg\" class=\"attachment-medium size-medium wp-image-348\" alt=\"\" srcset=\"https:\/\/www.chu-tours.fr\/psychiatrie-addictologie\/wp-content\/uploads\/sites\/9\/2021\/04\/Alch21-Une-300x171.jpg 300w, https:\/\/www.chu-tours.fr\/psychiatrie-addictologie\/wp-content\/uploads\/sites\/9\/2021\/04\/Alch21-Une-1024x585.jpg 1024w, https:\/\/www.chu-tours.fr\/psychiatrie-addictologie\/wp-content\/uploads\/sites\/9\/2021\/04\/Alch21-Une-768x439.jpg 768w, https:\/\/www.chu-tours.fr\/psychiatrie-addictologie\/wp-content\/uploads\/sites\/9\/2021\/04\/Alch21-Une-1536x878.jpg 1536w, https:\/\/www.chu-tours.fr\/psychiatrie-addictologie\/wp-content\/uploads\/sites\/9\/2021\/04\/Alch21-Une-2048x1170.jpg 2048w\" sizes=\"(max-width: 300px) 100vw, 300px\" \/>\t\t\t\t\t\t\t\t<\/a>\n\t\t\t\t\t\t\t\t\t\t\t\t\t<\/div>\n\t\t\t\t<\/div>\n\t\t\t\t<div class=\"elementor-element elementor-element-98bb56b elementor-widget elementor-widget-text-editor\" data-id=\"98bb56b\" data-element_type=\"widget\" data-widget_type=\"text-editor.default\">\n\t\t\t\t<div class=\"elementor-widget-container\">\n\t\t\t\t\t\t\t<p>En r\u00e9ponse \u00e0 une exigence accrue en mati\u00e8re de respect des droits des patients, de transparence sur les pratiques de soins et \u00e0 des attentes nouvelles (rajeunissement des pathologies mentales chez l\u2019enfant et aggravation des troubles externalis\u00e9s, demande de prise en charge des s\u00e9quelles psycho-traumatologiques des victimes, meilleure prise en charge des populations \u00e0 risque) le dispositif de soins psychiatriques et addictologiques du CHRU \u00e9volue.<\/p>\t\t\t\t\t\t<\/div>\n\t\t\t\t<\/div>\n\t\t\t\t\t<\/div>\n\t\t<\/div>\n\t\t\t\t<div class=\"elementor-column elementor-col-50 elementor-inner-column elementor-element elementor-element-19b4e7f\" data-id=\"19b4e7f\" data-element_type=\"column\">\n\t\t\t<div class=\"elementor-widget-wrap elementor-element-populated\">\n\t\t\t\t\t\t<div class=\"elementor-element elementor-element-c88c872 elementor-widget elementor-widget-text-editor\" data-id=\"c88c872\" data-element_type=\"widget\" data-widget_type=\"text-editor.default\">\n\t\t\t\t<div class=\"elementor-widget-container\">\n\t\t\t\t\t\t\t<p>Elle garantit, d&#8217;autre part, une meilleure accessibilit\u00e9 aux soins somatiques pour les patients souffrant de troubles mentaux. Elle facilite, en outre, l&#8217;implication des \u00e9quipes du P\u00f4le de Psychiatrie et Addictologie dans les activit\u00e9s d&#8217;enseignement et de recherche de l&#8217;\u00e9tablissement. Les praticiens du P\u00f4le sont ainsi tr\u00e8s impliqu\u00e9s dans les instances de gouvernance de la recherche et au sein de l&#8217;unit\u00e9 INSERM U1253.<\/p>\t\t\t\t\t\t<\/div>\n\t\t\t\t<\/div>\n\t\t\t\t<div class=\"elementor-element elementor-element-b0f444e elementor-widget elementor-widget-image\" data-id=\"b0f444e\" data-element_type=\"widget\" data-widget_type=\"image.default\">\n\t\t\t\t<div class=\"elementor-widget-container\">\n\t\t\t\t\t\t\t\t\t\t\t\t\t\t<a href=\"https:\/\/www.chu-tours.fr\/psychiatrie-addictologie\/wp-content\/uploads\/sites\/9\/2021\/04\/TableauPolePsy.jpg\" data-elementor-open-lightbox=\"yes\" data-elementor-lightbox-title=\"TableauPolePsy\" data-e-action-hash=\"#elementor-action%3Aaction%3Dlightbox%26settings%3DeyJpZCI6MzUyLCJ1cmwiOiJodHRwczpcL1wvd3d3LmNodS10b3Vycy5mclwvcHN5Y2hpYXRyaWUtYWRkaWN0b2xvZ2llXC93cC1jb250ZW50XC91cGxvYWRzXC9zaXRlc1wvOVwvMjAyMVwvMDRcL1RhYmxlYXVQb2xlUHN5LmpwZyJ9\">\n\t\t\t\t\t\t\t<img decoding=\"async\" width=\"253\" height=\"300\" src=\"https:\/\/www.chu-tours.fr\/psychiatrie-addictologie\/wp-content\/uploads\/sites\/9\/2021\/04\/TableauPolePsy-253x300.jpg\" class=\"attachment-medium size-medium wp-image-352\" alt=\"\" srcset=\"https:\/\/www.chu-tours.fr\/psychiatrie-addictologie\/wp-content\/uploads\/sites\/9\/2021\/04\/TableauPolePsy-253x300.jpg 253w, https:\/\/www.chu-tours.fr\/psychiatrie-addictologie\/wp-content\/uploads\/sites\/9\/2021\/04\/TableauPolePsy-863x1024.jpg 863w, https:\/\/www.chu-tours.fr\/psychiatrie-addictologie\/wp-content\/uploads\/sites\/9\/2021\/04\/TableauPolePsy-768x911.jpg 768w, https:\/\/www.chu-tours.fr\/psychiatrie-addictologie\/wp-content\/uploads\/sites\/9\/2021\/04\/TableauPolePsy.jpg 1027w\" sizes=\"(max-width: 253px) 100vw, 253px\" \/>\t\t\t\t\t\t\t\t<\/a>\n\t\t\t\t\t\t\t\t\t\t\t\t\t<\/div>\n\t\t\t\t<\/div>\n\t\t\t\t\t<\/div>\n\t\t<\/div>\n\t\t\t\t\t<\/div>\n\t\t<\/section>\n\t\t\t\t\t<\/div>\n\t\t<\/div>\n\t\t\t\t\t<\/div>\n\t\t<\/section>\n\t\t\t\t<section class=\"elementor-section elementor-top-section elementor-element elementor-element-ad8cc4b elementor-section-boxed elementor-section-height-default elementor-section-height-default\" data-id=\"ad8cc4b\" data-element_type=\"section\">\n\t\t\t\t\t\t<div class=\"elementor-container elementor-column-gap-default\">\n\t\t\t\t\t<div class=\"elementor-column elementor-col-100 elementor-top-column elementor-element elementor-element-f30bb76\" data-id=\"f30bb76\" data-element_type=\"column\">\n\t\t\t<div class=\"elementor-widget-wrap elementor-element-populated\">\n\t\t\t\t\t\t<div class=\"elementor-element elementor-element-3afbdf0 elementor-widget elementor-widget-text-editor\" data-id=\"3afbdf0\" data-element_type=\"widget\" data-widget_type=\"text-editor.default\">\n\t\t\t\t<div class=\"elementor-widget-container\">\n\t\t\t\t\t\t\t<p>Le plan directeur du CHRU a ainsi act\u00e9 deux projets majeurs de restructuration du P\u00f4le :<\/p><ul><li>l&#8217;am\u00e9lioration des dispositifs ambulatoires de psychiatrie, dont les nouvelles implantations \u00e0 Tours Nord (espace de la Chevalerie) et \u00e0 Jou\u00e9 les Tours (espace de la Douzili\u00e8re) dans l&#8217;agglom\u00e9ration, am\u00e9liorent consid\u00e9rablement l&#8217;accessibilit\u00e9, et la qualit\u00e9 de l&#8217;accueil pour les patients et leur famille. Un espace de consultations et d\u2019h\u00f4pital de jour est actuellement recherch\u00e9 \u00e0 Tours Centre pour compl\u00e9ter l\u2019ensemble de ces nouveaux dispositifs de soins ambulatoires.<\/li><li>le regroupement de tous les lits d&#8217;hospitalisation de psychiatrie sur le site de Trousseau qui fait l\u2019objet d\u2019un travail collectif tr\u00e8s actif actuellement.<\/li><\/ul><p>Par ailleurs, le P\u00f4le, par ses multiples engagements et projets, a pu obtenir lors des 3 derni\u00e8res ann\u00e9es le financement de projets innovants\u00a0: Centre R\u00e9gional de Psychotraumatisme, centre r\u00e9f\u00e9rent de r\u00e9habilitation psychosociale Se R\u00e9tablir 37, M\u00e9decine G\u00e9n\u00e9rale et Psychiatrie 37, lits et place d\u2019h\u00f4pital de jour de psychiatrie de l\u2019enfant, unit\u00e9 de crise sp\u00e9cialis\u00e9e pour les personnes adultes avec autisme.<\/p>\t\t\t\t\t\t<\/div>\n\t\t\t\t<\/div>\n\t\t\t\t\t<\/div>\n\t\t<\/div>\n\t\t\t\t\t<\/div>\n\t\t<\/section>\n\t\t\t\t<section class=\"elementor-section elementor-top-section elementor-element elementor-element-df3f87d elementor-section-boxed elementor-section-height-default elementor-section-height-default\" data-id=\"df3f87d\" data-element_type=\"section\">\n\t\t\t\t\t\t<div class=\"elementor-container elementor-column-gap-default\">\n\t\t\t\t\t<div class=\"elementor-column elementor-col-33 elementor-top-column elementor-element elementor-element-172954e\" data-id=\"172954e\" data-element_type=\"column\">\n\t\t\t<div class=\"elementor-widget-wrap\">\n\t\t\t\t\t\t\t<\/div>\n\t\t<\/div>\n\t\t\t\t<div class=\"elementor-column elementor-col-33 elementor-top-column elementor-element elementor-element-2613ebd\" data-id=\"2613ebd\" data-element_type=\"column\">\n\t\t\t<div class=\"elementor-widget-wrap elementor-element-populated\">\n\t\t\t\t\t\t<div class=\"elementor-element elementor-element-c5afb82 elementor-flip-box--effect-flip elementor-flip-box--direction-up elementor-widget elementor-widget-flip-box\" data-id=\"c5afb82\" data-element_type=\"widget\" data-widget_type=\"flip-box.default\">\n\t\t\t\t<div class=\"elementor-widget-container\">\n\t\t\t\t\t<div class=\"elementor-flip-box\" tabindex=\"0\">\n\t\t\t<div class=\"elementor-flip-box__layer elementor-flip-box__front\">\n\t\t\t\t<div class=\"elementor-flip-box__layer__overlay\">\n\t\t\t\t\t<div class=\"elementor-flip-box__layer__inner\">\n\t\t\t\t\t\t\t\t\t\t\t\t\t<div class=\"elementor-icon-wrapper elementor-view-default\">\n\t\t\t\t\t\t\t\t<div class=\"elementor-icon\">\n\t\t\t\t\t\t\t\t\t<i class=\"far fa-newspaper\"><\/i>\t\t\t\t\t\t\t\t<\/div>\n\t\t\t\t\t\t\t<\/div>\n\t\t\t\t\t\t\n\t\t\t\t\t\t\t\t\t\t\t\t\t<h3 class=\"elementor-flip-box__layer__title\">\n\t\t\t\t\t\t\t\tLes actualit\u00e9s du p\u00f4le de Psychiatrie\/Addictologie\t\t\t\t\t\t\t<\/h3>\n\t\t\t\t\t\t\n\t\t\t\t\t\t\t\t\t\t\t<\/div>\n\t\t\t\t<\/div>\n\t\t\t<\/div>\n\t\t\t<div class=\"elementor-flip-box__layer elementor-flip-box__back\">\n\t\t\t<div class=\"elementor-flip-box__layer__overlay\">\n\t\t\t\t<div class=\"elementor-flip-box__layer__inner\">\n\t\t\t\t\t\t\t\t\t\t\t<h3 class=\"elementor-flip-box__layer__title\">\n\t\t\t\t\t\t\tConsultez nos actualit\u00e9s\t\t\t\t\t\t<\/h3>\n\t\t\t\t\t\n\t\t\t\t\t\n\t\t\t\t\t\t\t\t\t\t\t<a class=\"elementor-flip-box__button elementor-button elementor-size-sm\" href=\"https:\/\/www.chu-tours.fr\/psychiatrie-addictologie\/les-actualites-du-pole-psychiatrie-addictologie\/\">\n\t\t\t\t\t\t\tCliquez ici\t\t\t\t\t\t<\/a>\n\t\t\t\t\t\t\t\t<\/div>\n\t\t<\/div>\n\t\t<\/div>\n\t\t<\/div>\n\t\t\t\t<\/div>\n\t\t\t\t<\/div>\n\t\t\t\t\t<\/div>\n\t\t<\/div>\n\t\t\t\t<div class=\"elementor-column elementor-col-33 elementor-top-column elementor-element elementor-element-d1504bc\" data-id=\"d1504bc\" data-element_type=\"column\">\n\t\t\t<div class=\"elementor-widget-wrap\">\n\t\t\t\t\t\t\t<\/div>\n\t\t<\/div>\n\t\t\t\t\t<\/div>\n\t\t<\/section>\n\t\t\t\t<\/div>\n\t\t","protected":false},"excerpt":{"rendered":"<p>P\u00f4le de Psychiatrie-Addictologie Un p\u00f4le dynamique NOUS RECRUTONS DES SOIGNANTS SUR DES PROJETS INNOVANTS (mise \u00e0 jour trimestrielle) Le P\u00f4le de Psychiatrie et Addictologie regroupe l&#8217;ensemble des \u00e9quipes de psychiatrie adulte, de l&#8217;enfant et de l&#8217;adolescent, de la personne \u00e2g\u00e9e et d&#8217;addictologie du CHRU de Tours. Il constitue pour l&#8217;ensemble de l&#8217;agglom\u00e9ration tourangelle un dispositif [&hellip;]<\/p>\n","protected":false},"author":4,"featured_media":0,"parent":0,"menu_order":0,"comment_status":"closed","ping_status":"closed","template":"","meta":{"_seopress_robots_primary_cat":"","_seopress_titles_title":"CHRU de Tours. P\u00f4le de Psychiatrie-Addictologie.","_seopress_titles_desc":"D\u00e9couvrez le P\u00f4le de Psychiatrie-Addictologie du CHRU de Tours.","_seopress_robots_index":"","_exactmetrics_skip_tracking":false,"_exactmetrics_sitenote_active":false,"_exactmetrics_sitenote_note":"","_exactmetrics_sitenote_category":0,"_genesis_hide_title":false,"_genesis_hide_breadcrumbs":false,"_genesis_hide_singular_image":false,"_genesis_hide_footer_widgets":false,"_genesis_custom_body_class":"","_genesis_custom_post_class":"","_genesis_layout":"","footnotes":""},"publishpress_future_action":{"enabled":false,"date":"2026-05-20 18:51:48","action":"change-status","newStatus":"draft","terms":[],"taxonomy":""},"_links":{"self":[{"href":"https:\/\/www.chu-tours.fr\/psychiatrie-addictologie\/wp-json\/wp\/v2\/pages\/2"}],"collection":[{"href":"https:\/\/www.chu-tours.fr\/psychiatrie-addictologie\/wp-json\/wp\/v2\/pages"}],"about":[{"href":"https:\/\/www.chu-tours.fr\/psychiatrie-addictologie\/wp-json\/wp\/v2\/types\/page"}],"author":[{"embeddable":true,"href":"https:\/\/www.chu-tours.fr\/psychiatrie-addictologie\/wp-json\/wp\/v2\/users\/4"}],"replies":[{"embeddable":true,"href":"https:\/\/www.chu-tours.fr\/psychiatrie-addictologie\/wp-json\/wp\/v2\/comments?post=2"}],"version-history":[{"count":92,"href":"https:\/\/www.chu-tours.fr\/psychiatrie-addictologie\/wp-json\/wp\/v2\/pages\/2\/revisions"}],"predecessor-version":[{"id":1169,"href":"https:\/\/www.chu-tours.fr\/psychiatrie-addictologie\/wp-json\/wp\/v2\/pages\/2\/revisions\/1169"}],"wp:attachment":[{"href":"https:\/\/www.chu-tours.fr\/psychiatrie-addictologie\/wp-json\/wp\/v2\/media?parent=2"}],"curies":[{"name":"wp","href":"https:\/\/api.w.org\/{rel}","templated":true}]}}