{"id":18,"date":"2021-02-05T11:42:20","date_gmt":"2021-02-05T10:42:20","guid":{"rendered":"https:\/\/www.chu-tours.fr\/psychiatrie-addictologie\/?page_id=18"},"modified":"2021-09-20T16:23:42","modified_gmt":"2021-09-20T14:23:42","slug":"psychiatrie-addictologie-activites-de-reference-regionale-ou-nationale","status":"publish","type":"page","link":"https:\/\/www.chu-tours.fr\/psychiatrie-addictologie\/psychiatrie-addictologie-activites-de-reference-regionale-ou-nationale\/","title":{"rendered":"Psychiatrie-Addictologie &#8211; Activit\u00e9s de r\u00e9f\u00e9rence r\u00e9gionale ou nationale"},"content":{"rendered":"\t\t<div data-elementor-type=\"wp-page\" data-elementor-id=\"18\" class=\"elementor elementor-18\" data-elementor-post-type=\"page\">\n\t\t\t\t\t\t<section class=\"elementor-section elementor-top-section elementor-element elementor-element-66deab3 elementor-section-boxed elementor-section-height-default elementor-section-height-default\" data-id=\"66deab3\" data-element_type=\"section\">\n\t\t\t\t\t\t<div class=\"elementor-container elementor-column-gap-default\">\n\t\t\t\t\t<div class=\"elementor-column elementor-col-100 elementor-top-column elementor-element elementor-element-fb1612a\" data-id=\"fb1612a\" data-element_type=\"column\">\n\t\t\t<div class=\"elementor-widget-wrap elementor-element-populated\">\n\t\t\t\t\t\t<div class=\"elementor-element elementor-element-7f7341c elementor-widget elementor-widget-heading\" data-id=\"7f7341c\" data-element_type=\"widget\" data-widget_type=\"heading.default\">\n\t\t\t\t<div class=\"elementor-widget-container\">\n\t\t\t<h2 class=\"elementor-heading-title elementor-size-default\">Activit\u00e9s de r\u00e9f\u00e9rence r\u00e9gionale ou nationale<\/h2>\t\t<\/div>\n\t\t\t\t<\/div>\n\t\t\t\t<div class=\"elementor-element elementor-element-cb36b09 elementor-widget elementor-widget-text-editor\" data-id=\"cb36b09\" data-element_type=\"widget\" data-widget_type=\"text-editor.default\">\n\t\t\t\t<div class=\"elementor-widget-container\">\n\t\t\t\t\t\t\t<ul><li><a href=\"\/psychiatrie-addictologie\/wp-content\/uploads\/sites\/9\/2021\/02\/CRP-CVL-Plaquette.pdf\" target=\"_blank\" rel=\"noopener\"><strong><span style=\"color: #ed1164;\">C<\/span>entre <span style=\"color: #ed1164;\">R<\/span>\u00e9gional de <span style=\"color: #ed1164;\">P<\/span>sychotraumatologie<\/strong> CVL (CRP-CVL)<\/a><\/li><li><strong><span style=\"color: #ed1164;\">C<\/span>entre <span style=\"color: #ed1164;\">R<\/span>essource <span style=\"color: #ed1164;\">A<\/span>utisme<\/strong> R\u00e9gion Centre Val de Loire (enfance \u00e0 \u00e2ge adulte) faisant partie du Centre d\u2019Excellence <strong>ExACT<\/strong><br \/><i class=\"fas fa-external-link-alt\"><\/i> <span style=\"font-size: 14pt;\"><a href=\"https:\/\/www.cra-centre.org\/\" target=\"_blank\" rel=\"noopener\">https:\/\/www.cra-centre.org\/<\/a><\/span><\/li><li><strong><span style=\"color: #ed1164;\">C<\/span>entres <span style=\"color: #ed1164;\">R<\/span>essources pour les <span style=\"color: #ed1164;\">I<\/span>ntervenants aupr\u00e8s des <span style=\"color: #ed1164;\">A<\/span>uteurs de <span style=\"color: #ed1164;\">V<\/span>iolences <span style=\"color: #ed1164;\">S<\/span>exuelles<\/strong> (CRIAVS)<br \/><i class=\"fas fa-external-link-alt\"><\/i> <a href=\"https:\/\/www.criavs-cvl.fr\/\" target=\"_blank\" rel=\"noopener\"><span style=\"font-size: 14pt;\">https:\/\/www.criavs-cvl.fr\/<\/span><\/a><\/li><li><strong>R\u00e9seau profamille<\/strong><br \/><i class=\"fas fa-external-link-alt\"><\/i> <a href=\"https:\/\/profamille.org\/\" target=\"_blank\" rel=\"noopener\"><span style=\"font-size: 14pt;\">https:\/\/profamille.org\/<\/span><\/a><\/li><\/ul><ul><li><a href=\"https:\/\/www.chu-tours.fr\/psychiatrie-addictologie\/wp-content\/uploads\/sites\/9\/2021\/05\/Livret-presentation-se-retablir37-v3.pdf\" target=\"_blank\" rel=\"noopener\"><strong>Equipe d\u2019appui r\u00e9gional de r\u00e9habilitation psychosociale<\/strong><\/a> (Se r\u00e9tablir 37)<\/li><li><strong>Dispositif de veille et de pr\u00e9vention de la r\u00e9cidive suicidaire<\/strong> (VigilanS)<\/li><li><strong>Unit\u00e9 d\u2019hospitalisation temps plein pour enfants de 5 \u00e0 13 ans + HDJ + \u00e9quipe mobile enfants<\/strong> (projet 2021)<\/li><li><strong>Dispositif R\u00e9gional Ressource Jeu<\/strong> (collaboration CHRU-CSAPA de la r\u00e9gion Centre-Val de Loire pour l\u2019addiction aux jeux de hasard et d\u2019argent)<\/li><\/ul>\t\t\t\t\t\t<\/div>\n\t\t\t\t<\/div>\n\t\t\t\t\t<\/div>\n\t\t<\/div>\n\t\t\t\t\t<\/div>\n\t\t<\/section>\n\t\t\t\t<\/div>\n\t\t","protected":false},"excerpt":{"rendered":"<p>Activit\u00e9s de r\u00e9f\u00e9rence r\u00e9gionale ou nationale Centre R\u00e9gional de Psychotraumatologie CVL (CRP-CVL) Centre Ressource Autisme R\u00e9gion Centre Val de Loire (enfance \u00e0 \u00e2ge adulte) faisant partie du Centre d\u2019Excellence ExACT https:\/\/www.cra-centre.org\/ Centres Ressources pour les Intervenants aupr\u00e8s des Auteurs de Violences Sexuelles (CRIAVS) https:\/\/www.criavs-cvl.fr\/ R\u00e9seau profamille https:\/\/profamille.org\/ Equipe d\u2019appui r\u00e9gional de r\u00e9habilitation psychosociale (Se r\u00e9tablir [&hellip;]<\/p>\n","protected":false},"author":4,"featured_media":0,"parent":0,"menu_order":0,"comment_status":"closed","ping_status":"closed","template":"","meta":{"_seopress_robots_primary_cat":"","_seopress_titles_title":"CHRU de Tours. P\u00f4le de Psychiatrie-Addictologie. Activit\u00e9s de r\u00e9f\u00e9rence r\u00e9gionale ou nationale.","_seopress_titles_desc":"Activit\u00e9s de r\u00e9f\u00e9rence r\u00e9gionale ou nationale du P\u00f4le de Psychiatrie-Addictologie du CHRU de Tours.","_seopress_robots_index":"","_exactmetrics_skip_tracking":false,"_exactmetrics_sitenote_active":false,"_exactmetrics_sitenote_note":"","_exactmetrics_sitenote_category":0,"_genesis_hide_title":false,"_genesis_hide_breadcrumbs":false,"_genesis_hide_singular_image":false,"_genesis_hide_footer_widgets":false,"_genesis_custom_body_class":"","_genesis_custom_post_class":"","_genesis_layout":"","footnotes":""},"publishpress_future_action":{"enabled":false,"date":"2026-05-20 19:53:38","action":"change-status","newStatus":"draft","terms":[],"taxonomy":""},"_links":{"self":[{"href":"https:\/\/www.chu-tours.fr\/psychiatrie-addictologie\/wp-json\/wp\/v2\/pages\/18"}],"collection":[{"href":"https:\/\/www.chu-tours.fr\/psychiatrie-addictologie\/wp-json\/wp\/v2\/pages"}],"about":[{"href":"https:\/\/www.chu-tours.fr\/psychiatrie-addictologie\/wp-json\/wp\/v2\/types\/page"}],"author":[{"embeddable":true,"href":"https:\/\/www.chu-tours.fr\/psychiatrie-addictologie\/wp-json\/wp\/v2\/users\/4"}],"replies":[{"embeddable":true,"href":"https:\/\/www.chu-tours.fr\/psychiatrie-addictologie\/wp-json\/wp\/v2\/comments?post=18"}],"version-history":[{"count":23,"href":"https:\/\/www.chu-tours.fr\/psychiatrie-addictologie\/wp-json\/wp\/v2\/pages\/18\/revisions"}],"predecessor-version":[{"id":457,"href":"https:\/\/www.chu-tours.fr\/psychiatrie-addictologie\/wp-json\/wp\/v2\/pages\/18\/revisions\/457"}],"wp:attachment":[{"href":"https:\/\/www.chu-tours.fr\/psychiatrie-addictologie\/wp-json\/wp\/v2\/media?parent=18"}],"curies":[{"name":"wp","href":"https:\/\/api.w.org\/{rel}","templated":true}]}}