{"id":1361,"date":"2025-05-28T14:47:46","date_gmt":"2025-05-28T12:47:46","guid":{"rendered":"https:\/\/www.chu-tours.fr\/psychiatrie-addictologie\/?page_id=1361"},"modified":"2025-05-28T14:52:18","modified_gmt":"2025-05-28T12:52:18","slug":"a-santexpo-le-chru-de-tours-distingue","status":"publish","type":"page","link":"https:\/\/www.chu-tours.fr\/psychiatrie-addictologie\/a-santexpo-le-chru-de-tours-distingue\/","title":{"rendered":"A SantExpo, le CHRU de Tours distingu\u00e9 !"},"content":{"rendered":"\t\t<div data-elementor-type=\"wp-page\" data-elementor-id=\"1361\" class=\"elementor elementor-1361\" data-elementor-post-type=\"page\">\n\t\t\t\t\t\t<section class=\"elementor-section elementor-top-section elementor-element elementor-element-6c9e830 elementor-section-boxed elementor-section-height-default elementor-section-height-default\" data-id=\"6c9e830\" data-element_type=\"section\">\n\t\t\t\t\t\t<div class=\"elementor-container elementor-column-gap-default\">\n\t\t\t\t\t<div class=\"elementor-column elementor-col-100 elementor-top-column elementor-element elementor-element-3205093\" data-id=\"3205093\" data-element_type=\"column\">\n\t\t\t<div class=\"elementor-widget-wrap elementor-element-populated\">\n\t\t\t\t\t\t<div class=\"elementor-element elementor-element-aa15454 elementor-widget elementor-widget-image\" data-id=\"aa15454\" data-element_type=\"widget\" data-widget_type=\"image.default\">\n\t\t\t\t<div class=\"elementor-widget-container\">\n\t\t\t\t\t\t\t\t\t\t\t\t\t<img fetchpriority=\"high\" decoding=\"async\" width=\"11446\" height=\"1547\" src=\"https:\/\/www.chu-tours.fr\/psychiatrie-addictologie\/wp-content\/uploads\/sites\/9\/2025\/05\/logo-santexpo_bleu_fhf_1-02.png\" class=\"attachment-full size-full wp-image-1364\" alt=\"logo santexpo\" srcset=\"https:\/\/www.chu-tours.fr\/psychiatrie-addictologie\/wp-content\/uploads\/sites\/9\/2025\/05\/logo-santexpo_bleu_fhf_1-02.png 11446w, https:\/\/www.chu-tours.fr\/psychiatrie-addictologie\/wp-content\/uploads\/sites\/9\/2025\/05\/logo-santexpo_bleu_fhf_1-02-300x41.png 300w, https:\/\/www.chu-tours.fr\/psychiatrie-addictologie\/wp-content\/uploads\/sites\/9\/2025\/05\/logo-santexpo_bleu_fhf_1-02-1024x138.png 1024w, https:\/\/www.chu-tours.fr\/psychiatrie-addictologie\/wp-content\/uploads\/sites\/9\/2025\/05\/logo-santexpo_bleu_fhf_1-02-768x104.png 768w, https:\/\/www.chu-tours.fr\/psychiatrie-addictologie\/wp-content\/uploads\/sites\/9\/2025\/05\/logo-santexpo_bleu_fhf_1-02-1536x208.png 1536w, https:\/\/www.chu-tours.fr\/psychiatrie-addictologie\/wp-content\/uploads\/sites\/9\/2025\/05\/logo-santexpo_bleu_fhf_1-02-2048x277.png 2048w\" sizes=\"(max-width: 11446px) 100vw, 11446px\" \/>\t\t\t\t\t\t\t\t\t\t\t\t\t<\/div>\n\t\t\t\t<\/div>\n\t\t\t\t\t<\/div>\n\t\t<\/div>\n\t\t\t\t\t<\/div>\n\t\t<\/section>\n\t\t\t\t<section class=\"elementor-section elementor-top-section elementor-element elementor-element-a1b76f4 elementor-section-boxed elementor-section-height-default elementor-section-height-default\" data-id=\"a1b76f4\" data-element_type=\"section\">\n\t\t\t\t\t\t<div class=\"elementor-container elementor-column-gap-default\">\n\t\t\t\t\t<div class=\"elementor-column elementor-col-100 elementor-top-column elementor-element elementor-element-1ba7c03\" data-id=\"1ba7c03\" data-element_type=\"column\">\n\t\t\t<div class=\"elementor-widget-wrap elementor-element-populated\">\n\t\t\t\t\t\t<div class=\"elementor-element elementor-element-eb96950 elementor-widget elementor-widget-text-editor\" data-id=\"eb96950\" data-element_type=\"widget\" data-widget_type=\"text-editor.default\">\n\t\t\t\t<div class=\"elementor-widget-container\">\n\t\t\t\t\t\t\t<p>Le grand salon de la sant\u00e9 en France, SantExpo, vient de se terminer et pour la 4\u00e8 ann\u00e9e cons\u00e9cutive, les CHU y \u00e9taient tous pr\u00e9sents, sur un stand commun, baptis\u00e9 CHU de France. Pendant trois jours, ce fut l&#8217;occasion pour les H\u00f4pitaux Universitaires de proposer au public des conf\u00e9rences et tables rondes en prise avec les enjeux actuels de la sant\u00e9 publique.<\/p><p>A SantExpo, le CHRU de Tours distingu\u00e9 !<\/p><p>Le CHRU de Tours a re\u00e7u le Prix de l\u2019innovation pour l\u2019acc\u00e8s aux soins, remis \u00e0 Floriane Rivi\u00e8re, Directrice g\u00e9n\u00e9rale du CHRU de Tours et Antoine Loubrieu, Directeur de la Strat\u00e9gie par Yannick Neuder, Ministre de la Sant\u00e9 et de l\u2019Acc\u00e8s aux soins.<\/p><p>Ce prix r\u00e9compense le dispositif M\u00e9decine G\u00e9n\u00e9rale et Psychiatrie 37, un mod\u00e8le de soins collaboratifs entre m\u00e9decine de ville et psychiatrie hospitali\u00e8re, mis en place depuis janvier 2021 en Indre-et-Loire.<\/p><p>Ce dispositif permet aux patients de trouver plus facilement de l\u2019aide en sant\u00e9 mentale aupr\u00e8s de leur m\u00e9decin traitant, gr\u00e2ce \u00e0 une collaboration renforc\u00e9e entre m\u00e9decins g\u00e9n\u00e9ralistes, psychiatres et psychologues, et leur proposer des th\u00e9rapies de groupe gratuites et accessibles, en dehors de l\u2019h\u00f4pital, pour traiter notamment la d\u00e9pression ou l\u2019anxi\u00e9t\u00e9 l\u00e9g\u00e8re.<\/p><p>Mis en place depuis 2021, ce dispostif affiche un bilan positif :<\/p><ul><li>497 avis de t\u00e9l\u00e9expertise<\/li><li>651 patients orient\u00e9s, 345 inclus, 317 ayant suivi une th\u00e9rapie jusqu\u2019au bout<\/li><li>51 groupes th\u00e9rapies cognitivo-comportementales (TCC) anim\u00e9s par 16 professionnels<\/li><li>11 soir\u00e9es th\u00e9matiques jusqu\u2019\u00e0 400 participants<\/li><\/ul><p>Pour les \u00e9quipes du CHRU mobilis\u00e9es, la prochaine \u00e9tape est de d\u00e9ployer ce dispositif dans toute la R\u00e9gion Centre-Val de Loire, et au-del\u00e0 en France.<\/p><p>\u00a0<\/p>\t\t\t\t\t\t<\/div>\n\t\t\t\t<\/div>\n\t\t\t\t\t<\/div>\n\t\t<\/div>\n\t\t\t\t\t<\/div>\n\t\t<\/section>\n\t\t\t\t<section class=\"elementor-section elementor-top-section elementor-element elementor-element-d3d928d elementor-section-full_width elementor-section-height-default elementor-section-height-default\" data-id=\"d3d928d\" data-element_type=\"section\">\n\t\t\t\t\t\t<div class=\"elementor-container elementor-column-gap-default\">\n\t\t\t\t\t<div class=\"elementor-column elementor-col-33 elementor-top-column elementor-element elementor-element-647a8bc\" data-id=\"647a8bc\" data-element_type=\"column\">\n\t\t\t<div class=\"elementor-widget-wrap elementor-element-populated\">\n\t\t\t\t\t\t<div class=\"elementor-element elementor-element-4eff259 elementor-widget elementor-widget-image\" data-id=\"4eff259\" data-element_type=\"widget\" data-widget_type=\"image.default\">\n\t\t\t\t<div class=\"elementor-widget-container\">\n\t\t\t\t\t\t\t\t\t\t\t\t\t\t<a href=\"https:\/\/www.chu-tours.fr\/psychiatrie-addictologie\/wp-content\/uploads\/sites\/9\/2025\/05\/santexpo1.jpg\" data-elementor-open-lightbox=\"yes\" data-elementor-lightbox-title=\"santexpo1\" data-e-action-hash=\"#elementor-action%3Aaction%3Dlightbox%26settings%3DeyJpZCI6MTM2OCwidXJsIjoiaHR0cHM6XC9cL3d3dy5jaHUtdG91cnMuZnJcL3BzeWNoaWF0cmllLWFkZGljdG9sb2dpZVwvd3AtY29udGVudFwvdXBsb2Fkc1wvc2l0ZXNcLzlcLzIwMjVcLzA1XC9zYW50ZXhwbzEuanBnIn0%3D\">\n\t\t\t\t\t\t\t<img decoding=\"async\" width=\"1600\" height=\"900\" src=\"https:\/\/www.chu-tours.fr\/psychiatrie-addictologie\/wp-content\/uploads\/sites\/9\/2025\/05\/santexpo1.jpg\" class=\"attachment-full size-full wp-image-1368\" alt=\"A SantExpo, le CHRU de Tours distingu\u00e9 !\" srcset=\"https:\/\/www.chu-tours.fr\/psychiatrie-addictologie\/wp-content\/uploads\/sites\/9\/2025\/05\/santexpo1.jpg 1600w, https:\/\/www.chu-tours.fr\/psychiatrie-addictologie\/wp-content\/uploads\/sites\/9\/2025\/05\/santexpo1-300x169.jpg 300w, https:\/\/www.chu-tours.fr\/psychiatrie-addictologie\/wp-content\/uploads\/sites\/9\/2025\/05\/santexpo1-1024x576.jpg 1024w, https:\/\/www.chu-tours.fr\/psychiatrie-addictologie\/wp-content\/uploads\/sites\/9\/2025\/05\/santexpo1-768x432.jpg 768w, https:\/\/www.chu-tours.fr\/psychiatrie-addictologie\/wp-content\/uploads\/sites\/9\/2025\/05\/santexpo1-1536x864.jpg 1536w, https:\/\/www.chu-tours.fr\/psychiatrie-addictologie\/wp-content\/uploads\/sites\/9\/2025\/05\/santexpo1-388x219.jpg 388w, https:\/\/www.chu-tours.fr\/psychiatrie-addictologie\/wp-content\/uploads\/sites\/9\/2025\/05\/santexpo1-656x369.jpg 656w\" sizes=\"(max-width: 1600px) 100vw, 1600px\" \/>\t\t\t\t\t\t\t\t<\/a>\n\t\t\t\t\t\t\t\t\t\t\t\t\t<\/div>\n\t\t\t\t<\/div>\n\t\t\t\t\t<\/div>\n\t\t<\/div>\n\t\t\t\t<div class=\"elementor-column elementor-col-33 elementor-top-column elementor-element elementor-element-3ad02d4\" data-id=\"3ad02d4\" data-element_type=\"column\">\n\t\t\t<div class=\"elementor-widget-wrap elementor-element-populated\">\n\t\t\t\t\t\t<div class=\"elementor-element elementor-element-dbe3079 elementor-widget elementor-widget-image\" data-id=\"dbe3079\" data-element_type=\"widget\" data-widget_type=\"image.default\">\n\t\t\t\t<div class=\"elementor-widget-container\">\n\t\t\t\t\t\t\t\t\t\t\t\t\t\t<a href=\"https:\/\/www.chu-tours.fr\/psychiatrie-addictologie\/wp-content\/uploads\/sites\/9\/2025\/05\/santexpo2.jpg\" data-elementor-open-lightbox=\"yes\" data-elementor-lightbox-title=\"santexpo2\" data-e-action-hash=\"#elementor-action%3Aaction%3Dlightbox%26settings%3DeyJpZCI6MTM2NiwidXJsIjoiaHR0cHM6XC9cL3d3dy5jaHUtdG91cnMuZnJcL3BzeWNoaWF0cmllLWFkZGljdG9sb2dpZVwvd3AtY29udGVudFwvdXBsb2Fkc1wvc2l0ZXNcLzlcLzIwMjVcLzA1XC9zYW50ZXhwbzIuanBnIn0%3D\">\n\t\t\t\t\t\t\t<img decoding=\"async\" width=\"1280\" height=\"1706\" src=\"https:\/\/www.chu-tours.fr\/psychiatrie-addictologie\/wp-content\/uploads\/sites\/9\/2025\/05\/santexpo2.jpg\" class=\"attachment-full size-full wp-image-1366\" alt=\"A SantExpo, le CHRU de Tours distingu\u00e9 !\" srcset=\"https:\/\/www.chu-tours.fr\/psychiatrie-addictologie\/wp-content\/uploads\/sites\/9\/2025\/05\/santexpo2.jpg 1280w, https:\/\/www.chu-tours.fr\/psychiatrie-addictologie\/wp-content\/uploads\/sites\/9\/2025\/05\/santexpo2-225x300.jpg 225w, https:\/\/www.chu-tours.fr\/psychiatrie-addictologie\/wp-content\/uploads\/sites\/9\/2025\/05\/santexpo2-768x1024.jpg 768w, https:\/\/www.chu-tours.fr\/psychiatrie-addictologie\/wp-content\/uploads\/sites\/9\/2025\/05\/santexpo2-1152x1536.jpg 1152w\" sizes=\"(max-width: 1280px) 100vw, 1280px\" \/>\t\t\t\t\t\t\t\t<\/a>\n\t\t\t\t\t\t\t\t\t\t\t\t\t<\/div>\n\t\t\t\t<\/div>\n\t\t\t\t\t<\/div>\n\t\t<\/div>\n\t\t\t\t<div class=\"elementor-column elementor-col-33 elementor-top-column elementor-element elementor-element-95a14bd\" data-id=\"95a14bd\" data-element_type=\"column\">\n\t\t\t<div class=\"elementor-widget-wrap elementor-element-populated\">\n\t\t\t\t\t\t<div class=\"elementor-element elementor-element-28a6133 elementor-widget elementor-widget-image\" data-id=\"28a6133\" data-element_type=\"widget\" data-widget_type=\"image.default\">\n\t\t\t\t<div class=\"elementor-widget-container\">\n\t\t\t\t\t\t\t\t\t\t\t\t\t\t<a href=\"https:\/\/www.chu-tours.fr\/psychiatrie-addictologie\/wp-content\/uploads\/sites\/9\/2025\/05\/santexpo3.jpg\" data-elementor-open-lightbox=\"yes\" data-elementor-lightbox-title=\"santexpo3\" data-e-action-hash=\"#elementor-action%3Aaction%3Dlightbox%26settings%3DeyJpZCI6MTM2NSwidXJsIjoiaHR0cHM6XC9cL3d3dy5jaHUtdG91cnMuZnJcL3BzeWNoaWF0cmllLWFkZGljdG9sb2dpZVwvd3AtY29udGVudFwvdXBsb2Fkc1wvc2l0ZXNcLzlcLzIwMjVcLzA1XC9zYW50ZXhwbzMuanBnIn0%3D\">\n\t\t\t\t\t\t\t<img loading=\"lazy\" decoding=\"async\" width=\"1600\" height=\"1200\" src=\"https:\/\/www.chu-tours.fr\/psychiatrie-addictologie\/wp-content\/uploads\/sites\/9\/2025\/05\/santexpo3.jpg\" class=\"attachment-full size-full wp-image-1365\" alt=\"A SantExpo, le CHRU de Tours distingu\u00e9 !\" srcset=\"https:\/\/www.chu-tours.fr\/psychiatrie-addictologie\/wp-content\/uploads\/sites\/9\/2025\/05\/santexpo3.jpg 1600w, https:\/\/www.chu-tours.fr\/psychiatrie-addictologie\/wp-content\/uploads\/sites\/9\/2025\/05\/santexpo3-300x225.jpg 300w, https:\/\/www.chu-tours.fr\/psychiatrie-addictologie\/wp-content\/uploads\/sites\/9\/2025\/05\/santexpo3-1024x768.jpg 1024w, https:\/\/www.chu-tours.fr\/psychiatrie-addictologie\/wp-content\/uploads\/sites\/9\/2025\/05\/santexpo3-768x576.jpg 768w, https:\/\/www.chu-tours.fr\/psychiatrie-addictologie\/wp-content\/uploads\/sites\/9\/2025\/05\/santexpo3-1536x1152.jpg 1536w, https:\/\/www.chu-tours.fr\/psychiatrie-addictologie\/wp-content\/uploads\/sites\/9\/2025\/05\/santexpo3-70x52.jpg 70w\" sizes=\"(max-width: 1600px) 100vw, 1600px\" \/>\t\t\t\t\t\t\t\t<\/a>\n\t\t\t\t\t\t\t\t\t\t\t\t\t<\/div>\n\t\t\t\t<\/div>\n\t\t\t\t\t<\/div>\n\t\t<\/div>\n\t\t\t\t\t<\/div>\n\t\t<\/section>\n\t\t\t\t<\/div>\n\t\t","protected":false},"excerpt":{"rendered":"<p>Le grand salon de la sant\u00e9 en France, SantExpo, vient de se terminer et pour la 4\u00e8 ann\u00e9e cons\u00e9cutive, les CHU y \u00e9taient tous pr\u00e9sents, sur un stand commun, baptis\u00e9 CHU de France. Pendant trois jours, ce fut l&#8217;occasion pour les H\u00f4pitaux Universitaires de proposer au public des conf\u00e9rences et tables rondes en prise avec [&hellip;]<\/p>\n","protected":false},"author":4,"featured_media":1367,"parent":0,"menu_order":0,"comment_status":"closed","ping_status":"closed","template":"","meta":{"_seopress_robots_primary_cat":"","_seopress_titles_title":"","_seopress_titles_desc":"","_seopress_robots_index":"","_exactmetrics_skip_tracking":false,"_exactmetrics_sitenote_active":false,"_exactmetrics_sitenote_note":"","_exactmetrics_sitenote_category":0,"_genesis_hide_title":false,"_genesis_hide_breadcrumbs":false,"_genesis_hide_singular_image":false,"_genesis_hide_footer_widgets":false,"_genesis_custom_body_class":"","_genesis_custom_post_class":"","_genesis_layout":"","footnotes":""},"publishpress_future_action":{"enabled":false,"date":"2026-05-07 17:25:45","action":"change-status","newStatus":"draft","terms":[],"taxonomy":""},"_links":{"self":[{"href":"https:\/\/www.chu-tours.fr\/psychiatrie-addictologie\/wp-json\/wp\/v2\/pages\/1361"}],"collection":[{"href":"https:\/\/www.chu-tours.fr\/psychiatrie-addictologie\/wp-json\/wp\/v2\/pages"}],"about":[{"href":"https:\/\/www.chu-tours.fr\/psychiatrie-addictologie\/wp-json\/wp\/v2\/types\/page"}],"author":[{"embeddable":true,"href":"https:\/\/www.chu-tours.fr\/psychiatrie-addictologie\/wp-json\/wp\/v2\/users\/4"}],"replies":[{"embeddable":true,"href":"https:\/\/www.chu-tours.fr\/psychiatrie-addictologie\/wp-json\/wp\/v2\/comments?post=1361"}],"version-history":[{"count":4,"href":"https:\/\/www.chu-tours.fr\/psychiatrie-addictologie\/wp-json\/wp\/v2\/pages\/1361\/revisions"}],"predecessor-version":[{"id":1372,"href":"https:\/\/www.chu-tours.fr\/psychiatrie-addictologie\/wp-json\/wp\/v2\/pages\/1361\/revisions\/1372"}],"wp:featuredmedia":[{"embeddable":true,"href":"https:\/\/www.chu-tours.fr\/psychiatrie-addictologie\/wp-json\/wp\/v2\/media\/1367"}],"wp:attachment":[{"href":"https:\/\/www.chu-tours.fr\/psychiatrie-addictologie\/wp-json\/wp\/v2\/media?parent=1361"}],"curies":[{"name":"wp","href":"https:\/\/api.w.org\/{rel}","templated":true}]}}