{"id":1307,"date":"2025-02-28T10:58:31","date_gmt":"2025-02-28T09:58:31","guid":{"rendered":"https:\/\/www.chu-tours.fr\/psychiatrie-addictologie\/?page_id=1307"},"modified":"2025-02-28T11:04:25","modified_gmt":"2025-02-28T10:04:25","slug":"retour-sur-le-colloque-de-la-delegation-interministerielle-des-troubles-du-neurodeveloppement","status":"publish","type":"page","link":"https:\/\/www.chu-tours.fr\/psychiatrie-addictologie\/retour-sur-le-colloque-de-la-delegation-interministerielle-des-troubles-du-neurodeveloppement\/","title":{"rendered":"Retour sur le colloque de la D\u00e9l\u00e9gation interminist\u00e9rielle des troubles du neurod\u00e9veloppement"},"content":{"rendered":"<p style=\"text-align: justify;\">Organis\u00e9 le 28 janvier dernier, ce colloque a rassembl\u00e9 plus de 2500 participants (en pr\u00e9sentiel et \u00e0 distance) pour \u00e9changer des enjeux du sous-diagnostic, du sur-diagnostic et des diagnostics associ\u00e9s.<\/p>\n<p style=\"text-align: justify;\">Des experts membres de la FHU Exac.t port\u00e9e au titre de HUGO (h\u00f4pitaux universitaires du Grand-Ouest), dont le Pr Fr\u00e9d\u00e9rique Bonnet-Brilhault, Sandrine<br \/>\nLesourn-Bissaoui, Dr. Julie Belembert et Alexis Cornillaud, ont particip\u00e9 \u00e0 des tables rondes de cette journ\u00e9e.<\/p>\n<p style=\"text-align: justify;\">L&#8217;\u00e9v\u00e9nement a permis de faire un \u00e9tat des lieux des d\u00e9fis actuels, soulignant notamment l\u2019importance d\u2019une approche pr\u00e9cise des diagnostics, la formation des professionnels et la sensibilisation du public pour am\u00e9liorer la prise en charge des troubles du neurod\u00e9veloppement.<\/p>\n<p style=\"text-align: center;\"><a href=\"https:\/\/www.chu-tours.fr\/psychiatrie-addictologie\/wp-content\/uploads\/sites\/9\/2025\/02\/colloque-troubles-neurodev.jpg\" target=\"_blank\" rel=\"noopener\"><img fetchpriority=\"high\" decoding=\"async\" class=\"aligncenter wp-image-1305 size-medium\" src=\"https:\/\/www.chu-tours.fr\/psychiatrie-addictologie\/wp-content\/uploads\/sites\/9\/2025\/02\/colloque-troubles-neurodev-300x225.jpg\" alt=\"le colloque de la D\u00e9l\u00e9gation interminist\u00e9rielle des troubles du neurod\u00e9veloppement\" width=\"300\" height=\"225\" srcset=\"https:\/\/www.chu-tours.fr\/psychiatrie-addictologie\/wp-content\/uploads\/sites\/9\/2025\/02\/colloque-troubles-neurodev-300x225.jpg 300w, https:\/\/www.chu-tours.fr\/psychiatrie-addictologie\/wp-content\/uploads\/sites\/9\/2025\/02\/colloque-troubles-neurodev-768x576.jpg 768w, https:\/\/www.chu-tours.fr\/psychiatrie-addictologie\/wp-content\/uploads\/sites\/9\/2025\/02\/colloque-troubles-neurodev-70x52.jpg 70w, https:\/\/www.chu-tours.fr\/psychiatrie-addictologie\/wp-content\/uploads\/sites\/9\/2025\/02\/colloque-troubles-neurodev.jpg 1024w\" sizes=\"(max-width: 300px) 100vw, 300px\" \/><\/a><\/p>\n","protected":false},"excerpt":{"rendered":"<p>Organis\u00e9 le 28 janvier dernier, ce colloque a rassembl\u00e9 plus de 2500 participants (en pr\u00e9sentiel et \u00e0 distance) pour \u00e9changer des enjeux du sous-diagnostic, du sur-diagnostic et des diagnostics associ\u00e9s. Des experts membres de la FHU Exac.t port\u00e9e au titre de HUGO (h\u00f4pitaux universitaires du Grand-Ouest), dont le Pr Fr\u00e9d\u00e9rique Bonnet-Brilhault, Sandrine Lesourn-Bissaoui, Dr. Julie [&hellip;]<\/p>\n","protected":false},"author":4,"featured_media":1312,"parent":0,"menu_order":0,"comment_status":"closed","ping_status":"closed","template":"","meta":{"_seopress_robots_primary_cat":"","_seopress_titles_title":"","_seopress_titles_desc":"","_seopress_robots_index":"","_exactmetrics_skip_tracking":false,"_exactmetrics_sitenote_active":false,"_exactmetrics_sitenote_note":"","_exactmetrics_sitenote_category":0,"_genesis_hide_title":false,"_genesis_hide_breadcrumbs":false,"_genesis_hide_singular_image":false,"_genesis_hide_footer_widgets":false,"_genesis_custom_body_class":"","_genesis_custom_post_class":"","_genesis_layout":"","footnotes":""},"publishpress_future_action":{"enabled":false,"date":"2026-05-07 18:31:04","action":"change-status","newStatus":"draft","terms":[],"taxonomy":""},"_links":{"self":[{"href":"https:\/\/www.chu-tours.fr\/psychiatrie-addictologie\/wp-json\/wp\/v2\/pages\/1307"}],"collection":[{"href":"https:\/\/www.chu-tours.fr\/psychiatrie-addictologie\/wp-json\/wp\/v2\/pages"}],"about":[{"href":"https:\/\/www.chu-tours.fr\/psychiatrie-addictologie\/wp-json\/wp\/v2\/types\/page"}],"author":[{"embeddable":true,"href":"https:\/\/www.chu-tours.fr\/psychiatrie-addictologie\/wp-json\/wp\/v2\/users\/4"}],"replies":[{"embeddable":true,"href":"https:\/\/www.chu-tours.fr\/psychiatrie-addictologie\/wp-json\/wp\/v2\/comments?post=1307"}],"version-history":[{"count":2,"href":"https:\/\/www.chu-tours.fr\/psychiatrie-addictologie\/wp-json\/wp\/v2\/pages\/1307\/revisions"}],"predecessor-version":[{"id":1313,"href":"https:\/\/www.chu-tours.fr\/psychiatrie-addictologie\/wp-json\/wp\/v2\/pages\/1307\/revisions\/1313"}],"wp:featuredmedia":[{"embeddable":true,"href":"https:\/\/www.chu-tours.fr\/psychiatrie-addictologie\/wp-json\/wp\/v2\/media\/1312"}],"wp:attachment":[{"href":"https:\/\/www.chu-tours.fr\/psychiatrie-addictologie\/wp-json\/wp\/v2\/media?parent=1307"}],"curies":[{"name":"wp","href":"https:\/\/api.w.org\/{rel}","templated":true}]}}