{"id":1294,"date":"2025-02-24T11:40:21","date_gmt":"2025-02-24T10:40:21","guid":{"rendered":"https:\/\/www.chu-tours.fr\/psychiatrie-addictologie\/?page_id=1294"},"modified":"2025-02-24T11:44:30","modified_gmt":"2025-02-24T10:44:30","slug":"horizon-2030-point-davancement-des-chantiers-sur-le-site-de-trousseau","status":"publish","type":"page","link":"https:\/\/www.chu-tours.fr\/psychiatrie-addictologie\/horizon-2030-point-davancement-des-chantiers-sur-le-site-de-trousseau\/","title":{"rendered":"Horizon 2030 : point d\u2019avancement des chantiers sur le site de Trousseau"},"content":{"rendered":"\t\t<div data-elementor-type=\"wp-page\" data-elementor-id=\"1294\" class=\"elementor elementor-1294\" data-elementor-post-type=\"page\">\n\t\t\t\t\t\t<section class=\"elementor-section elementor-top-section elementor-element elementor-element-69c2af5 elementor-section-boxed elementor-section-height-default elementor-section-height-default\" data-id=\"69c2af5\" data-element_type=\"section\">\n\t\t\t\t\t\t<div class=\"elementor-container elementor-column-gap-default\">\n\t\t\t\t\t<div class=\"elementor-column elementor-col-100 elementor-top-column elementor-element elementor-element-8500f3b\" data-id=\"8500f3b\" data-element_type=\"column\">\n\t\t\t<div class=\"elementor-widget-wrap elementor-element-populated\">\n\t\t\t\t\t\t<div class=\"elementor-element elementor-element-4aabb20 elementor-widget elementor-widget-text-editor\" data-id=\"4aabb20\" data-element_type=\"widget\" data-widget_type=\"text-editor.default\">\n\t\t\t\t<div class=\"elementor-widget-container\">\n\t\t\t\t\t\t\t<p><strong>Nouvel H\u00f4pital Psychiatrique (NHP)<\/strong><\/p><p>Le gros \u0153uvre est maintenant achev\u00e9 et une des deux grues a pu \u00eatre d\u00e9mont\u00e9e.<\/p><p>A l&#8217;int\u00e9rieur du b\u00e2timent, la phase de r\u00e9alisation des cloisonnements est en cours. D\u00e8s que la m\u00e9t\u00e9o sera plus cl\u00e9mente, le fa\u00e7adier r\u00e9alisera les enduits, ce qui donnera son allure d\u00e9finitive au b\u00e2timent.<\/p><p>Par ailleurs, les \u00e9quipes travaillent actuellement au choix des mat\u00e9riaux et des coloris d\u2019am\u00e9nagement int\u00e9rieur, notamment pour les sols.<\/p>\t\t\t\t\t\t<\/div>\n\t\t\t\t<\/div>\n\t\t\t\t\t<\/div>\n\t\t<\/div>\n\t\t\t\t\t<\/div>\n\t\t<\/section>\n\t\t\t\t<section class=\"elementor-section elementor-top-section elementor-element elementor-element-d5f20b4 elementor-section-boxed elementor-section-height-default elementor-section-height-default\" data-id=\"d5f20b4\" data-element_type=\"section\">\n\t\t\t\t\t\t<div class=\"elementor-container elementor-column-gap-default\">\n\t\t\t\t\t<div class=\"elementor-column elementor-col-50 elementor-top-column elementor-element elementor-element-8da5be0\" data-id=\"8da5be0\" data-element_type=\"column\">\n\t\t\t<div class=\"elementor-widget-wrap elementor-element-populated\">\n\t\t\t\t\t\t<div class=\"elementor-element elementor-element-f175c2a elementor-widget elementor-widget-image\" data-id=\"f175c2a\" data-element_type=\"widget\" data-widget_type=\"image.default\">\n\t\t\t\t<div class=\"elementor-widget-container\">\n\t\t\t\t\t\t\t\t\t\t\t\t\t\t<a href=\"https:\/\/www.chu-tours.fr\/psychiatrie-addictologie\/wp-content\/uploads\/sites\/9\/2025\/02\/NHP_IMG_0932.jpg\" data-elementor-open-lightbox=\"yes\" data-elementor-lightbox-title=\"NHP_IMG_0932\" data-e-action-hash=\"#elementor-action%3Aaction%3Dlightbox%26settings%3DeyJpZCI6MTI5MywidXJsIjoiaHR0cHM6XC9cL3d3dy5jaHUtdG91cnMuZnJcL3BzeWNoaWF0cmllLWFkZGljdG9sb2dpZVwvd3AtY29udGVudFwvdXBsb2Fkc1wvc2l0ZXNcLzlcLzIwMjVcLzAyXC9OSFBfSU1HXzA5MzIuanBnIn0%3D\">\n\t\t\t\t\t\t\t<img fetchpriority=\"high\" decoding=\"async\" width=\"300\" height=\"225\" src=\"https:\/\/www.chu-tours.fr\/psychiatrie-addictologie\/wp-content\/uploads\/sites\/9\/2025\/02\/NHP_IMG_0932-300x225.jpg\" class=\"attachment-medium size-medium wp-image-1293\" alt=\"Nouvel H\u00f4pital Psychiatrique (NHP)\" srcset=\"https:\/\/www.chu-tours.fr\/psychiatrie-addictologie\/wp-content\/uploads\/sites\/9\/2025\/02\/NHP_IMG_0932-300x225.jpg 300w, https:\/\/www.chu-tours.fr\/psychiatrie-addictologie\/wp-content\/uploads\/sites\/9\/2025\/02\/NHP_IMG_0932-768x576.jpg 768w, https:\/\/www.chu-tours.fr\/psychiatrie-addictologie\/wp-content\/uploads\/sites\/9\/2025\/02\/NHP_IMG_0932-70x52.jpg 70w, https:\/\/www.chu-tours.fr\/psychiatrie-addictologie\/wp-content\/uploads\/sites\/9\/2025\/02\/NHP_IMG_0932.jpg 1024w\" sizes=\"(max-width: 300px) 100vw, 300px\" \/>\t\t\t\t\t\t\t\t<\/a>\n\t\t\t\t\t\t\t\t\t\t\t\t\t<\/div>\n\t\t\t\t<\/div>\n\t\t\t\t\t<\/div>\n\t\t<\/div>\n\t\t\t\t<div class=\"elementor-column elementor-col-50 elementor-top-column elementor-element elementor-element-5f4a59c\" data-id=\"5f4a59c\" data-element_type=\"column\">\n\t\t\t<div class=\"elementor-widget-wrap elementor-element-populated\">\n\t\t\t\t\t\t<div class=\"elementor-element elementor-element-b1bc511 elementor-widget elementor-widget-image\" data-id=\"b1bc511\" data-element_type=\"widget\" data-widget_type=\"image.default\">\n\t\t\t\t<div class=\"elementor-widget-container\">\n\t\t\t\t\t\t\t\t\t\t\t\t\t\t<a href=\"https:\/\/www.chu-tours.fr\/psychiatrie-addictologie\/wp-content\/uploads\/sites\/9\/2025\/02\/NHP_IMG_0863.jpg\" data-elementor-open-lightbox=\"yes\" data-elementor-lightbox-title=\"NHP_IMG_0863\" data-e-action-hash=\"#elementor-action%3Aaction%3Dlightbox%26settings%3DeyJpZCI6MTI5MiwidXJsIjoiaHR0cHM6XC9cL3d3dy5jaHUtdG91cnMuZnJcL3BzeWNoaWF0cmllLWFkZGljdG9sb2dpZVwvd3AtY29udGVudFwvdXBsb2Fkc1wvc2l0ZXNcLzlcLzIwMjVcLzAyXC9OSFBfSU1HXzA4NjMuanBnIn0%3D\">\n\t\t\t\t\t\t\t<img decoding=\"async\" width=\"225\" height=\"300\" src=\"https:\/\/www.chu-tours.fr\/psychiatrie-addictologie\/wp-content\/uploads\/sites\/9\/2025\/02\/NHP_IMG_0863-225x300.jpg\" class=\"attachment-medium size-medium wp-image-1292\" alt=\"Nouvel H\u00f4pital Psychiatrique (NHP)\" srcset=\"https:\/\/www.chu-tours.fr\/psychiatrie-addictologie\/wp-content\/uploads\/sites\/9\/2025\/02\/NHP_IMG_0863-225x300.jpg 225w, https:\/\/www.chu-tours.fr\/psychiatrie-addictologie\/wp-content\/uploads\/sites\/9\/2025\/02\/NHP_IMG_0863.jpg 768w\" sizes=\"(max-width: 225px) 100vw, 225px\" \/>\t\t\t\t\t\t\t\t<\/a>\n\t\t\t\t\t\t\t\t\t\t\t\t\t<\/div>\n\t\t\t\t<\/div>\n\t\t\t\t\t<\/div>\n\t\t<\/div>\n\t\t\t\t\t<\/div>\n\t\t<\/section>\n\t\t\t\t<\/div>\n\t\t","protected":false},"excerpt":{"rendered":"<p>Nouvel H\u00f4pital Psychiatrique (NHP) Le gros \u0153uvre est maintenant achev\u00e9 et une des deux grues a pu \u00eatre d\u00e9mont\u00e9e. A l&#8217;int\u00e9rieur du b\u00e2timent, la phase de r\u00e9alisation des cloisonnements est en cours. D\u00e8s que la m\u00e9t\u00e9o sera plus cl\u00e9mente, le fa\u00e7adier r\u00e9alisera les enduits, ce qui donnera son allure d\u00e9finitive au b\u00e2timent. Par ailleurs, les [&hellip;]<\/p>\n","protected":false},"author":4,"featured_media":1291,"parent":0,"menu_order":0,"comment_status":"closed","ping_status":"closed","template":"","meta":{"_seopress_robots_primary_cat":"","_seopress_titles_title":"","_seopress_titles_desc":"","_seopress_robots_index":"","_exactmetrics_skip_tracking":false,"_exactmetrics_sitenote_active":false,"_exactmetrics_sitenote_note":"","_exactmetrics_sitenote_category":0,"_genesis_hide_title":false,"_genesis_hide_breadcrumbs":false,"_genesis_hide_singular_image":false,"_genesis_hide_footer_widgets":false,"_genesis_custom_body_class":"","_genesis_custom_post_class":"","_genesis_layout":"","footnotes":""},"publishpress_future_action":{"enabled":false,"date":"2026-05-07 18:37:46","action":"change-status","newStatus":"draft","terms":[],"taxonomy":""},"_links":{"self":[{"href":"https:\/\/www.chu-tours.fr\/psychiatrie-addictologie\/wp-json\/wp\/v2\/pages\/1294"}],"collection":[{"href":"https:\/\/www.chu-tours.fr\/psychiatrie-addictologie\/wp-json\/wp\/v2\/pages"}],"about":[{"href":"https:\/\/www.chu-tours.fr\/psychiatrie-addictologie\/wp-json\/wp\/v2\/types\/page"}],"author":[{"embeddable":true,"href":"https:\/\/www.chu-tours.fr\/psychiatrie-addictologie\/wp-json\/wp\/v2\/users\/4"}],"replies":[{"embeddable":true,"href":"https:\/\/www.chu-tours.fr\/psychiatrie-addictologie\/wp-json\/wp\/v2\/comments?post=1294"}],"version-history":[{"count":4,"href":"https:\/\/www.chu-tours.fr\/psychiatrie-addictologie\/wp-json\/wp\/v2\/pages\/1294\/revisions"}],"predecessor-version":[{"id":1301,"href":"https:\/\/www.chu-tours.fr\/psychiatrie-addictologie\/wp-json\/wp\/v2\/pages\/1294\/revisions\/1301"}],"wp:featuredmedia":[{"embeddable":true,"href":"https:\/\/www.chu-tours.fr\/psychiatrie-addictologie\/wp-json\/wp\/v2\/media\/1291"}],"wp:attachment":[{"href":"https:\/\/www.chu-tours.fr\/psychiatrie-addictologie\/wp-json\/wp\/v2\/media?parent=1294"}],"curies":[{"name":"wp","href":"https:\/\/api.w.org\/{rel}","templated":true}]}}