{"id":128,"date":"2021-02-05T16:20:53","date_gmt":"2021-02-05T15:20:53","guid":{"rendered":"https:\/\/www.chu-tours.fr\/psychiatrie-addictologie\/?page_id=128"},"modified":"2021-03-15T12:44:36","modified_gmt":"2021-03-15T11:44:36","slug":"tours-une-ville-agreable-a-vivre","status":"publish","type":"page","link":"https:\/\/www.chu-tours.fr\/psychiatrie-addictologie\/tours-une-ville-agreable-a-vivre\/","title":{"rendered":"Tours, une ville agr\u00e9able \u00e0 vivre"},"content":{"rendered":"\t\t<div data-elementor-type=\"wp-page\" data-elementor-id=\"128\" class=\"elementor elementor-128\" data-elementor-post-type=\"page\">\n\t\t\t\t\t\t<section class=\"elementor-section elementor-top-section elementor-element elementor-element-9f773a2 elementor-section-boxed elementor-section-height-default elementor-section-height-default\" data-id=\"9f773a2\" data-element_type=\"section\">\n\t\t\t\t\t\t<div class=\"elementor-container elementor-column-gap-default\">\n\t\t\t\t\t<div class=\"elementor-column elementor-col-100 elementor-top-column elementor-element elementor-element-3f5380b\" data-id=\"3f5380b\" data-element_type=\"column\">\n\t\t\t<div class=\"elementor-widget-wrap elementor-element-populated\">\n\t\t\t\t\t\t<div class=\"elementor-element elementor-element-208f8b0 elementor-view-framed elementor-shape-circle elementor-position-top elementor-mobile-position-top elementor-invisible elementor-widget elementor-widget-global elementor-global-99 elementor-widget-icon-box\" data-id=\"208f8b0\" data-element_type=\"widget\" data-settings=\"{&quot;_animation&quot;:&quot;zoomIn&quot;}\" data-widget_type=\"icon-box.default\">\n\t\t\t\t<div class=\"elementor-widget-container\">\n\t\t\t\t\t<div class=\"elementor-icon-box-wrapper\">\n\n\t\t\t\t\t\t<div class=\"elementor-icon-box-icon\">\n\t\t\t\t<a href=\"https:\/\/chu-tours.mstaff.co\/offers\/\" target=\"_blank\" class=\"elementor-icon elementor-animation-pulse\" tabindex=\"-1\">\n\t\t\t\t<svg xmlns=\"http:\/\/www.w3.org\/2000\/svg\" aria-hidden=\"true\" data-prefix=\"fas\" data-icon=\"hospital-user\" class=\"svg-inline--fa fa-hospital-user fa-w-20\" viewBox=\"0 0 640 512\"><path fill=\"currentColor\" d=\"M480 320a96 96 0 1 0-96-96 96 96 0 0 0 96 96zm48 32a22.88 22.88 0 0 0-7.06 1.09 124.76 124.76 0 0 1-81.89 0A22.82 22.82 0 0 0 432 352a112 112 0 0 0-112 112.62c.14 26.26 21.73 47.38 48 47.38h224c26.27 0 47.86-21.12 48-47.38A112 112 0 0 0 528 352zm-198.09 10.45A145.19 145.19 0 0 1 352 344.62V128a32 32 0 0 0-32-32h-32V32a32 32 0 0 0-32-32H96a32 32 0 0 0-32 32v64H32a32 32 0 0 0-32 32v368a16 16 0 0 0 16 16h288.31A78.62 78.62 0 0 1 288 464.79a143.06 143.06 0 0 1 41.91-102.34zM144 404a12 12 0 0 1-12 12H92a12 12 0 0 1-12-12v-40a12 12 0 0 1 12-12h40a12 12 0 0 1 12 12zm0-128a12 12 0 0 1-12 12H92a12 12 0 0 1-12-12v-40a12 12 0 0 1 12-12h40a12 12 0 0 1 12 12zm48-122a6 6 0 0 1-6 6h-20a6 6 0 0 1-6-6v-26h-26a6 6 0 0 1-6-6v-20a6 6 0 0 1 6-6h26V70a6 6 0 0 1 6-6h20a6 6 0 0 1 6 6v26h26a6 6 0 0 1 6 6v20a6 6 0 0 1-6 6h-26zm80 250a12 12 0 0 1-12 12h-40a12 12 0 0 1-12-12v-40a12 12 0 0 1 12-12h40a12 12 0 0 1 12 12zm0-128a12 12 0 0 1-12 12h-40a12 12 0 0 1-12-12v-40a12 12 0 0 1 12-12h40a12 12 0 0 1 12 12z\"><\/path><\/svg>\t\t\t\t<\/a>\n\t\t\t<\/div>\n\t\t\t\n\t\t\t\t\t\t<div class=\"elementor-icon-box-content\">\n\n\t\t\t\t\t\t\t\t\t<span class=\"elementor-icon-box-title\">\n\t\t\t\t\t\t<a href=\"https:\/\/chu-tours.mstaff.co\/offers\/\" target=\"_blank\" >\n\t\t\t\t\t\t\tNous recrutons des soignants<br \/> sur de nouveaux projets innovants\t\t\t\t\t\t<\/a>\n\t\t\t\t\t<\/span>\n\t\t\t\t\n\t\t\t\t\n\t\t\t<\/div>\n\t\t\t\n\t\t<\/div>\n\t\t\t\t<\/div>\n\t\t\t\t<\/div>\n\t\t\t\t\t<\/div>\n\t\t<\/div>\n\t\t\t\t\t<\/div>\n\t\t<\/section>\n\t\t\t\t<section class=\"elementor-section elementor-top-section elementor-element elementor-element-66deab3 elementor-section-boxed elementor-section-height-default elementor-section-height-default\" data-id=\"66deab3\" data-element_type=\"section\">\n\t\t\t\t\t\t<div class=\"elementor-container elementor-column-gap-default\">\n\t\t\t\t\t<div class=\"elementor-column elementor-col-100 elementor-top-column elementor-element elementor-element-fb1612a\" data-id=\"fb1612a\" data-element_type=\"column\">\n\t\t\t<div class=\"elementor-widget-wrap elementor-element-populated\">\n\t\t\t\t\t\t<div class=\"elementor-element elementor-element-7f7341c elementor-widget elementor-widget-heading\" data-id=\"7f7341c\" data-element_type=\"widget\" data-widget_type=\"heading.default\">\n\t\t\t\t<div class=\"elementor-widget-container\">\n\t\t\t<h2 class=\"elementor-heading-title elementor-size-default\">Tours, une ville agr\u00e9able \u00e0 vivre<\/h2>\t\t<\/div>\n\t\t\t\t<\/div>\n\t\t\t\t<div class=\"elementor-element elementor-element-cb36b09 elementor-widget elementor-widget-text-editor\" data-id=\"cb36b09\" data-element_type=\"widget\" data-widget_type=\"text-editor.default\">\n\t\t\t\t<div class=\"elementor-widget-container\">\n\t\t\t\t\t\t\t<blockquote><p>TOURS, entre tradition et modernit\u00e9, patrimoine et d\u00e9veloppement. Une ville Royale, accueillante et r\u00e9solument ouverte sur le monde.<\/p><\/blockquote>\t\t\t\t\t\t<\/div>\n\t\t\t\t<\/div>\n\t\t\t\t\t<\/div>\n\t\t<\/div>\n\t\t\t\t\t<\/div>\n\t\t<\/section>\n\t\t\t\t<section class=\"elementor-section elementor-top-section elementor-element elementor-element-661c602 elementor-section-boxed elementor-section-height-default elementor-section-height-default\" data-id=\"661c602\" data-element_type=\"section\">\n\t\t\t\t\t\t<div class=\"elementor-container elementor-column-gap-default\">\n\t\t\t\t\t<div class=\"elementor-column elementor-col-100 elementor-top-column elementor-element elementor-element-125f7fc\" data-id=\"125f7fc\" data-element_type=\"column\">\n\t\t\t<div class=\"elementor-widget-wrap elementor-element-populated\">\n\t\t\t\t\t\t<div class=\"elementor-element elementor-element-3a855c9 elementor-widget elementor-widget-text-editor\" data-id=\"3a855c9\" data-element_type=\"widget\" data-widget_type=\"text-editor.default\">\n\t\t\t\t<div class=\"elementor-widget-container\">\n\t\t\t\t\t\t\t<ul><li><span style=\"font-size: 14pt;\"><a href=\"https:\/\/www.tours.fr\/5-decouvrir-tours.htm\" target=\"_blank\" rel=\"noopener\">D\u00e9couvrir Tours<\/a><\/span><\/li><\/ul>\t\t\t\t\t\t<\/div>\n\t\t\t\t<\/div>\n\t\t\t\t\t<\/div>\n\t\t<\/div>\n\t\t\t\t\t<\/div>\n\t\t<\/section>\n\t\t\t\t<section class=\"elementor-section elementor-top-section elementor-element elementor-element-090d506 elementor-section-boxed elementor-section-height-default elementor-section-height-default\" data-id=\"090d506\" data-element_type=\"section\">\n\t\t\t\t\t\t<div class=\"elementor-container elementor-column-gap-default\">\n\t\t\t\t\t<div class=\"elementor-column elementor-col-100 elementor-top-column elementor-element elementor-element-61eefdd\" data-id=\"61eefdd\" data-element_type=\"column\">\n\t\t\t<div class=\"elementor-widget-wrap elementor-element-populated\">\n\t\t\t\t\t\t<div class=\"elementor-element elementor-element-9d51373 elementor-widget elementor-widget-text-editor\" data-id=\"9d51373\" data-element_type=\"widget\" data-widget_type=\"text-editor.default\">\n\t\t\t\t<div class=\"elementor-widget-container\">\n\t\t\t\t\t\t\t<ul><li><span style=\"font-size: 14pt;\"><a href=\"https:\/\/www.youtube.com\/user\/villeTours\" target=\"_blank\" rel=\"noopener\">Cha\u00eene YouTube de la ville de Tours<\/a>.<\/span><\/li><\/ul><p>\u00a0<\/p>\t\t\t\t\t\t<\/div>\n\t\t\t\t<\/div>\n\t\t\t\t\t<\/div>\n\t\t<\/div>\n\t\t\t\t\t<\/div>\n\t\t<\/section>\n\t\t\t\t<\/div>\n\t\t","protected":false},"excerpt":{"rendered":"<p>&nbsp; Nous recrutons des soignants sur de nouveaux projets innovants Tours, une ville agr\u00e9able \u00e0 vivre TOURS, entre tradition et modernit\u00e9, patrimoine et d\u00e9veloppement. Une ville Royale, accueillante et r\u00e9solument ouverte sur le monde. D\u00e9couvrir Tours Cha\u00eene YouTube de la ville de Tours.<\/p>\n","protected":false},"author":4,"featured_media":0,"parent":0,"menu_order":0,"comment_status":"closed","ping_status":"closed","template":"","meta":{"_seopress_robots_primary_cat":"","_seopress_titles_title":"CHRU de Tours. P\u00f4le de Psychiatrie-Addictologie. Tours, une ville agr\u00e9able \u00e0 vivre.","_seopress_titles_desc":"P\u00f4le de Psychiatrie-Addictologie du CHRU de Tours. Tours, une ville agr\u00e9able \u00e0 vivre.","_seopress_robots_index":"","_exactmetrics_skip_tracking":false,"_exactmetrics_sitenote_active":false,"_exactmetrics_sitenote_note":"","_exactmetrics_sitenote_category":0,"_genesis_hide_title":false,"_genesis_hide_breadcrumbs":false,"_genesis_hide_singular_image":false,"_genesis_hide_footer_widgets":false,"_genesis_custom_body_class":"","_genesis_custom_post_class":"","_genesis_layout":"","footnotes":""},"publishpress_future_action":{"enabled":false,"date":"2026-05-06 21:07:31","action":"change-status","newStatus":"draft","terms":[],"taxonomy":""},"_links":{"self":[{"href":"https:\/\/www.chu-tours.fr\/psychiatrie-addictologie\/wp-json\/wp\/v2\/pages\/128"}],"collection":[{"href":"https:\/\/www.chu-tours.fr\/psychiatrie-addictologie\/wp-json\/wp\/v2\/pages"}],"about":[{"href":"https:\/\/www.chu-tours.fr\/psychiatrie-addictologie\/wp-json\/wp\/v2\/types\/page"}],"author":[{"embeddable":true,"href":"https:\/\/www.chu-tours.fr\/psychiatrie-addictologie\/wp-json\/wp\/v2\/users\/4"}],"replies":[{"embeddable":true,"href":"https:\/\/www.chu-tours.fr\/psychiatrie-addictologie\/wp-json\/wp\/v2\/comments?post=128"}],"version-history":[{"count":8,"href":"https:\/\/www.chu-tours.fr\/psychiatrie-addictologie\/wp-json\/wp\/v2\/pages\/128\/revisions"}],"predecessor-version":[{"id":299,"href":"https:\/\/www.chu-tours.fr\/psychiatrie-addictologie\/wp-json\/wp\/v2\/pages\/128\/revisions\/299"}],"wp:attachment":[{"href":"https:\/\/www.chu-tours.fr\/psychiatrie-addictologie\/wp-json\/wp\/v2\/media?parent=128"}],"curies":[{"name":"wp","href":"https:\/\/api.w.org\/{rel}","templated":true}]}}