{"id":1218,"date":"2024-12-04T09:33:21","date_gmt":"2024-12-04T08:33:21","guid":{"rendered":"https:\/\/www.chu-tours.fr\/psychiatrie-addictologie\/?page_id=1218"},"modified":"2024-12-04T09:45:00","modified_gmt":"2024-12-04T08:45:00","slug":"pixel-care-quand-le-jeu-devient-soin","status":"publish","type":"page","link":"https:\/\/www.chu-tours.fr\/psychiatrie-addictologie\/pixel-care-quand-le-jeu-devient-soin\/","title":{"rendered":"Pixel Care : quand le jeu devient soin"},"content":{"rendered":"\t\t<div data-elementor-type=\"wp-page\" data-elementor-id=\"1218\" class=\"elementor elementor-1218\" data-elementor-post-type=\"page\">\n\t\t\t\t\t\t<section class=\"elementor-section elementor-top-section elementor-element elementor-element-50821782 elementor-section-boxed elementor-section-height-default elementor-section-height-default\" data-id=\"50821782\" data-element_type=\"section\">\n\t\t\t\t\t\t<div class=\"elementor-container elementor-column-gap-default\">\n\t\t\t\t\t<div class=\"elementor-column elementor-col-100 elementor-top-column elementor-element elementor-element-4b026521\" data-id=\"4b026521\" data-element_type=\"column\">\n\t\t\t<div class=\"elementor-widget-wrap elementor-element-populated\">\n\t\t\t\t\t\t<div class=\"elementor-element elementor-element-3215823c elementor-widget elementor-widget-text-editor\" data-id=\"3215823c\" data-element_type=\"widget\" data-widget_type=\"text-editor.default\">\n\t\t\t\t<div class=\"elementor-widget-container\">\n\t\t\t\t\t\t\t<blockquote><p>En 20 ans, le nombre d\u2019enfants et d\u2019adolescents suivis chaque ann\u00e9e en psychiatrie a augment\u00e9 de plus de 60%, avec une forte augmentation des hospitalisations. C\u2019est pour r\u00e9pondre \u00e0 ce besoin croissant qu\u2019une nouvelle unit\u00e9 d\u2019hospitalisation compl\u00e8te de p\u00e9dopsychiatrie a ouvert en 2023 \u00e0 l\u2019H\u00f4pital p\u00e9diatrique de Clocheville.<\/p><\/blockquote><p>Cette nouvelle unit\u00e9 accueille des enfants de moins de 13 ans dont les pathologies sont diverses : troubles du comportement alimentaire, troubles du neurod\u00e9veloppement, troubles anxieux et d\u00e9pressifs, psycho traumatismes, etc.<\/p><p>En p\u00e9dopsychiatrie, les ateliers \u00e0 m\u00e9diation th\u00e9rapeutique (cuisine, jardinage, sport, etc) repr\u00e9sentent une part importante de la prise en charge. Le projet imagin\u00e9 par l\u2019\u00e9quipe soignante de p\u00e9dopsychiatrie est novateur, et vise \u00e0 utiliser le jeu vid\u00e9o comme m\u00e9diateur.<\/p><p>Le public cibl\u00e9 est celui d\u2019enfants et de pr\u00e9-adolescents, parfois opposants aux soins et qui n\u2019ont pas toujours conscience de leurs troubles. Le jeu vid\u00e9o va permettre d\u2019initier la relation th\u00e9rapeutique : c\u2019est un support qui leur est familier et qu\u2019ils ma\u00eetrisent. C\u2019est un objet privil\u00e9gi\u00e9 d\u2019\u00e9valuation et d\u2019apprentissage (imagination, cr\u00e9ativit\u00e9, fonctions ex\u00e9cutives) mais \u00e9galement d\u2019\u00e9change avec les soignants et les pairs. La narration du jeu peut faire \u00e9cho aux probl\u00e9matiques ou \u00e0 l\u2019histoire de vie de l\u2019enfant, en abordant les questions de la s\u00e9paration, du deuil, etc.<\/p><p>Une attention toute particuli\u00e8re sera port\u00e9e \u00e0 l\u2019information et l\u2019\u00e9ducation des familles autour de cette pratique. Le projet vise \u00e0 \u00e9quiper le service du mat\u00e9riel n\u00e9cessaire pour initier cet atelier jeux vid\u00e9os (PC\/manettes, \u00e9crans, jeux, consoles).<\/p><p>L\u2019\u00e9quipe soignante a \u00e9galement pour projet de mener par la suite une recherche clinique sur leur utilisation du jeu vid\u00e9o comme m\u00e9diateur dans les soins.<\/p><p><span style=\"color: #ed1164;\"><strong>&gt;&gt;<\/strong><\/span> <a href=\"https:\/\/www.chu-tours.fr\/psychiatrie-addictologie\/wp-content\/uploads\/sites\/9\/2024\/12\/FLYER_PIXELCARE.pdf\" target=\"_blank\" rel=\"noopener\">T\u00e9l\u00e9chargez le flyer<\/a><\/p>\t\t\t\t\t\t<\/div>\n\t\t\t\t<\/div>\n\t\t\t\t\t<\/div>\n\t\t<\/div>\n\t\t\t\t\t<\/div>\n\t\t<\/section>\n\t\t\t\t<section class=\"elementor-section elementor-top-section elementor-element elementor-element-b3ee2ef elementor-section-boxed elementor-section-height-default elementor-section-height-default\" data-id=\"b3ee2ef\" data-element_type=\"section\">\n\t\t\t\t\t\t<div class=\"elementor-container elementor-column-gap-default\">\n\t\t\t\t\t<div class=\"elementor-column elementor-col-100 elementor-top-column elementor-element elementor-element-885c33f\" data-id=\"885c33f\" data-element_type=\"column\">\n\t\t\t<div class=\"elementor-widget-wrap elementor-element-populated\">\n\t\t\t\t\t\t<div class=\"elementor-element elementor-element-d43c58b elementor-widget elementor-widget-image\" data-id=\"d43c58b\" data-element_type=\"widget\" data-widget_type=\"image.default\">\n\t\t\t\t<div class=\"elementor-widget-container\">\n\t\t\t\t\t\t\t\t\t\t\t\t\t\t<a href=\"https:\/\/www.chu-tours.fr\/psychiatrie-addictologie\/wp-content\/uploads\/sites\/9\/2024\/12\/pixel-care-equipe.jpg\" data-elementor-open-lightbox=\"yes\" data-elementor-lightbox-title=\"pixel-care-equipe\" data-e-action-hash=\"#elementor-action%3Aaction%3Dlightbox%26settings%3DeyJpZCI6MTIyMiwidXJsIjoiaHR0cHM6XC9cL3d3dy5jaHUtdG91cnMuZnJcL3BzeWNoaWF0cmllLWFkZGljdG9sb2dpZVwvd3AtY29udGVudFwvdXBsb2Fkc1wvc2l0ZXNcLzlcLzIwMjRcLzEyXC9waXhlbC1jYXJlLWVxdWlwZS5qcGcifQ%3D%3D\">\n\t\t\t\t\t\t\t<img fetchpriority=\"high\" decoding=\"async\" width=\"300\" height=\"183\" src=\"https:\/\/www.chu-tours.fr\/psychiatrie-addictologie\/wp-content\/uploads\/sites\/9\/2024\/12\/pixel-care-equipe-300x183.jpg\" class=\"attachment-medium size-medium wp-image-1222\" alt=\"Porteurs projet : Dr Julia Verbe, et l\u2019\u00e9quipe soignante : Marion Lachad, Muriel Dziagwa, Julien Guerard\" srcset=\"https:\/\/www.chu-tours.fr\/psychiatrie-addictologie\/wp-content\/uploads\/sites\/9\/2024\/12\/pixel-care-equipe-300x183.jpg 300w, https:\/\/www.chu-tours.fr\/psychiatrie-addictologie\/wp-content\/uploads\/sites\/9\/2024\/12\/pixel-care-equipe-1024x623.jpg 1024w, https:\/\/www.chu-tours.fr\/psychiatrie-addictologie\/wp-content\/uploads\/sites\/9\/2024\/12\/pixel-care-equipe-768x468.jpg 768w, https:\/\/www.chu-tours.fr\/psychiatrie-addictologie\/wp-content\/uploads\/sites\/9\/2024\/12\/pixel-care-equipe.jpg 1194w\" sizes=\"(max-width: 300px) 100vw, 300px\" \/>\t\t\t\t\t\t\t\t<\/a>\n\t\t\t\t\t\t\t\t\t\t\t\t\t<\/div>\n\t\t\t\t<\/div>\n\t\t\t\t<div class=\"elementor-element elementor-element-7544ac7 elementor-widget elementor-widget-text-editor\" data-id=\"7544ac7\" data-element_type=\"widget\" data-widget_type=\"text-editor.default\">\n\t\t\t\t<div class=\"elementor-widget-container\">\n\t\t\t\t\t\t\t<p>Porteurs du projet : Dr Julia Verbe, et l\u2019\u00e9quipe soignante : Marion Lachad, Muriel Dziagwa, Julien Guerard<\/p>\t\t\t\t\t\t<\/div>\n\t\t\t\t<\/div>\n\t\t\t\t\t<\/div>\n\t\t<\/div>\n\t\t\t\t\t<\/div>\n\t\t<\/section>\n\t\t\t\t<\/div>\n\t\t","protected":false},"excerpt":{"rendered":"<p>En 20 ans, le nombre d\u2019enfants et d\u2019adolescents suivis chaque ann\u00e9e en psychiatrie a augment\u00e9 de plus de 60%, avec une forte augmentation des hospitalisations. C\u2019est pour r\u00e9pondre \u00e0 ce besoin croissant qu\u2019une nouvelle unit\u00e9 d\u2019hospitalisation compl\u00e8te de p\u00e9dopsychiatrie a ouvert en 2023 \u00e0 l\u2019H\u00f4pital p\u00e9diatrique de Clocheville. Cette nouvelle unit\u00e9 accueille des enfants de [&hellip;]<\/p>\n","protected":false},"author":4,"featured_media":1223,"parent":0,"menu_order":0,"comment_status":"closed","ping_status":"closed","template":"","meta":{"_seopress_robots_primary_cat":"","_seopress_titles_title":"","_seopress_titles_desc":"","_seopress_robots_index":"","_exactmetrics_skip_tracking":false,"_exactmetrics_sitenote_active":false,"_exactmetrics_sitenote_note":"","_exactmetrics_sitenote_category":0,"_genesis_hide_title":false,"_genesis_hide_breadcrumbs":false,"_genesis_hide_singular_image":false,"_genesis_hide_footer_widgets":false,"_genesis_custom_body_class":"","_genesis_custom_post_class":"","_genesis_layout":"","footnotes":""},"publishpress_future_action":{"enabled":false,"date":"2026-05-07 19:45:29","action":"change-status","newStatus":"draft","terms":[],"taxonomy":""},"_links":{"self":[{"href":"https:\/\/www.chu-tours.fr\/psychiatrie-addictologie\/wp-json\/wp\/v2\/pages\/1218"}],"collection":[{"href":"https:\/\/www.chu-tours.fr\/psychiatrie-addictologie\/wp-json\/wp\/v2\/pages"}],"about":[{"href":"https:\/\/www.chu-tours.fr\/psychiatrie-addictologie\/wp-json\/wp\/v2\/types\/page"}],"author":[{"embeddable":true,"href":"https:\/\/www.chu-tours.fr\/psychiatrie-addictologie\/wp-json\/wp\/v2\/users\/4"}],"replies":[{"embeddable":true,"href":"https:\/\/www.chu-tours.fr\/psychiatrie-addictologie\/wp-json\/wp\/v2\/comments?post=1218"}],"version-history":[{"count":7,"href":"https:\/\/www.chu-tours.fr\/psychiatrie-addictologie\/wp-json\/wp\/v2\/pages\/1218\/revisions"}],"predecessor-version":[{"id":1230,"href":"https:\/\/www.chu-tours.fr\/psychiatrie-addictologie\/wp-json\/wp\/v2\/pages\/1218\/revisions\/1230"}],"wp:featuredmedia":[{"embeddable":true,"href":"https:\/\/www.chu-tours.fr\/psychiatrie-addictologie\/wp-json\/wp\/v2\/media\/1223"}],"wp:attachment":[{"href":"https:\/\/www.chu-tours.fr\/psychiatrie-addictologie\/wp-json\/wp\/v2\/media?parent=1218"}],"curies":[{"name":"wp","href":"https:\/\/api.w.org\/{rel}","templated":true}]}}