{"id":1177,"date":"2024-05-13T10:32:09","date_gmt":"2024-05-13T08:32:09","guid":{"rendered":"https:\/\/www.chu-tours.fr\/psychiatrie-addictologie\/?page_id=1177"},"modified":"2024-05-13T10:35:04","modified_gmt":"2024-05-13T08:35:04","slug":"le-cattp-sexpose","status":"publish","type":"page","link":"https:\/\/www.chu-tours.fr\/psychiatrie-addictologie\/le-cattp-sexpose\/","title":{"rendered":"Le CATTP s&#8217;expose"},"content":{"rendered":"\t\t<div data-elementor-type=\"wp-page\" data-elementor-id=\"1177\" class=\"elementor elementor-1177\" data-elementor-post-type=\"page\">\n\t\t\t\t\t\t<section class=\"elementor-section elementor-top-section elementor-element elementor-element-53b5515 elementor-section-boxed elementor-section-height-default elementor-section-height-default\" data-id=\"53b5515\" data-element_type=\"section\">\n\t\t\t\t\t\t<div class=\"elementor-container elementor-column-gap-default\">\n\t\t\t\t\t<div class=\"elementor-column elementor-col-100 elementor-top-column elementor-element elementor-element-760aeee\" data-id=\"760aeee\" data-element_type=\"column\">\n\t\t\t<div class=\"elementor-widget-wrap elementor-element-populated\">\n\t\t\t\t\t\t<div class=\"elementor-element elementor-element-82ed914 elementor-widget elementor-widget-text-editor\" data-id=\"82ed914\" data-element_type=\"widget\" data-widget_type=\"text-editor.default\">\n\t\t\t\t<div class=\"elementor-widget-container\">\n\t\t\t\t\t\t\t<p><strong>L\u2019Association Louis Pergaud et le Centre d\u2019Accueil Th\u00e9rapeutique \u00e0 Temps Partiel du CHRU exposent les travaux photographiques men\u00e9s par les usagers et les soignants<\/strong>.<\/p><p>Baptis\u00e9e &#8221; <em>A fleur de peau<\/em> &#8220;, cette exposition se tient <strong>jusqu\u2019au 20 juin 2024 \u00e0 La Closerie de la Fuye \u00e0 Ballan-Mir\u00e9<\/strong>.<\/p><p><strong>&gt; Le 20 juin, une lecture de textes cl\u00f4turera l\u2019\u00e9v\u00e9nement en po\u00e9sie.<\/strong><\/p>\t\t\t\t\t\t<\/div>\n\t\t\t\t<\/div>\n\t\t\t\t\t<\/div>\n\t\t<\/div>\n\t\t\t\t\t<\/div>\n\t\t<\/section>\n\t\t\t\t<section class=\"elementor-section elementor-top-section elementor-element elementor-element-e91db59 elementor-section-boxed elementor-section-height-default elementor-section-height-default\" data-id=\"e91db59\" data-element_type=\"section\">\n\t\t\t\t\t\t<div class=\"elementor-container elementor-column-gap-default\">\n\t\t\t\t\t<div class=\"elementor-column elementor-col-100 elementor-top-column elementor-element elementor-element-c55c1d1\" data-id=\"c55c1d1\" data-element_type=\"column\">\n\t\t\t<div class=\"elementor-widget-wrap elementor-element-populated\">\n\t\t\t\t\t\t<div class=\"elementor-element elementor-element-b508e33 elementor-widget elementor-widget-image\" data-id=\"b508e33\" data-element_type=\"widget\" data-widget_type=\"image.default\">\n\t\t\t\t<div class=\"elementor-widget-container\">\n\t\t\t\t\t\t\t\t\t\t\t\t\t\t<a href=\"https:\/\/www.chu-tours.fr\/psychiatrie-addictologie\/wp-content\/uploads\/sites\/9\/2024\/05\/affiche-La-Closerie.jpg\" data-elementor-open-lightbox=\"yes\" data-elementor-lightbox-title=\"affiche-La-Closerie\" data-e-action-hash=\"#elementor-action%3Aaction%3Dlightbox%26settings%3DeyJpZCI6MTE3NiwidXJsIjoiaHR0cHM6XC9cL3d3dy5jaHUtdG91cnMuZnJcL3BzeWNoaWF0cmllLWFkZGljdG9sb2dpZVwvd3AtY29udGVudFwvdXBsb2Fkc1wvc2l0ZXNcLzlcLzIwMjRcLzA1XC9hZmZpY2hlLUxhLUNsb3NlcmllLmpwZyJ9\">\n\t\t\t\t\t\t\t<img fetchpriority=\"high\" decoding=\"async\" width=\"211\" height=\"300\" src=\"https:\/\/www.chu-tours.fr\/psychiatrie-addictologie\/wp-content\/uploads\/sites\/9\/2024\/05\/affiche-La-Closerie-211x300.jpg\" class=\"attachment-medium size-medium wp-image-1176\" alt=\"exposition jusqu\u2019au 20 juin 2024 \u00e0 La Closerie de la Fuye \u00e0 Ballan-Mir\u00e9\" srcset=\"https:\/\/www.chu-tours.fr\/psychiatrie-addictologie\/wp-content\/uploads\/sites\/9\/2024\/05\/affiche-La-Closerie-211x300.jpg 211w, https:\/\/www.chu-tours.fr\/psychiatrie-addictologie\/wp-content\/uploads\/sites\/9\/2024\/05\/affiche-La-Closerie.jpg 721w\" sizes=\"(max-width: 211px) 100vw, 211px\" \/>\t\t\t\t\t\t\t\t<\/a>\n\t\t\t\t\t\t\t\t\t\t\t\t\t<\/div>\n\t\t\t\t<\/div>\n\t\t\t\t\t<\/div>\n\t\t<\/div>\n\t\t\t\t\t<\/div>\n\t\t<\/section>\n\t\t\t\t<\/div>\n\t\t","protected":false},"excerpt":{"rendered":"<p>L\u2019Association Louis Pergaud et le Centre d\u2019Accueil Th\u00e9rapeutique \u00e0 Temps Partiel du CHRU exposent les travaux photographiques men\u00e9s par les usagers et les soignants. Baptis\u00e9e &#8221; A fleur de peau &#8220;, cette exposition se tient jusqu\u2019au 20 juin 2024 \u00e0 La Closerie de la Fuye \u00e0 Ballan-Mir\u00e9. &gt; Le 20 juin, une lecture de textes [&hellip;]<\/p>\n","protected":false},"author":4,"featured_media":1175,"parent":0,"menu_order":0,"comment_status":"closed","ping_status":"closed","template":"","meta":{"_seopress_robots_primary_cat":"","_seopress_titles_title":"Les actualit\u00e9s du p\u00f4le Psychiatrie-Addictologie. Le CATTP s&#039;expose.","_seopress_titles_desc":"","_seopress_robots_index":"","_exactmetrics_skip_tracking":false,"_exactmetrics_sitenote_active":false,"_exactmetrics_sitenote_note":"","_exactmetrics_sitenote_category":0,"_genesis_hide_title":false,"_genesis_hide_breadcrumbs":false,"_genesis_hide_singular_image":false,"_genesis_hide_footer_widgets":false,"_genesis_custom_body_class":"","_genesis_custom_post_class":"","_genesis_layout":"","footnotes":""},"publishpress_future_action":{"enabled":false,"date":"2026-05-07 19:38:42","action":"change-status","newStatus":"draft","terms":[],"taxonomy":""},"_links":{"self":[{"href":"https:\/\/www.chu-tours.fr\/psychiatrie-addictologie\/wp-json\/wp\/v2\/pages\/1177"}],"collection":[{"href":"https:\/\/www.chu-tours.fr\/psychiatrie-addictologie\/wp-json\/wp\/v2\/pages"}],"about":[{"href":"https:\/\/www.chu-tours.fr\/psychiatrie-addictologie\/wp-json\/wp\/v2\/types\/page"}],"author":[{"embeddable":true,"href":"https:\/\/www.chu-tours.fr\/psychiatrie-addictologie\/wp-json\/wp\/v2\/users\/4"}],"replies":[{"embeddable":true,"href":"https:\/\/www.chu-tours.fr\/psychiatrie-addictologie\/wp-json\/wp\/v2\/comments?post=1177"}],"version-history":[{"count":7,"href":"https:\/\/www.chu-tours.fr\/psychiatrie-addictologie\/wp-json\/wp\/v2\/pages\/1177\/revisions"}],"predecessor-version":[{"id":1184,"href":"https:\/\/www.chu-tours.fr\/psychiatrie-addictologie\/wp-json\/wp\/v2\/pages\/1177\/revisions\/1184"}],"wp:featuredmedia":[{"embeddable":true,"href":"https:\/\/www.chu-tours.fr\/psychiatrie-addictologie\/wp-json\/wp\/v2\/media\/1175"}],"wp:attachment":[{"href":"https:\/\/www.chu-tours.fr\/psychiatrie-addictologie\/wp-json\/wp\/v2\/media?parent=1177"}],"curies":[{"name":"wp","href":"https:\/\/api.w.org\/{rel}","templated":true}]}}