{"id":1099,"date":"2023-11-10T15:11:22","date_gmt":"2023-11-10T14:11:22","guid":{"rendered":"https:\/\/www.chu-tours.fr\/psychiatrie-addictologie\/?page_id=1099"},"modified":"2023-11-10T15:16:30","modified_gmt":"2023-11-10T14:16:30","slug":"une-nouvelle-expo-a-voir-a-la-chevalerie","status":"publish","type":"page","link":"https:\/\/www.chu-tours.fr\/psychiatrie-addictologie\/une-nouvelle-expo-a-voir-a-la-chevalerie\/","title":{"rendered":"Une nouvelle expo \u00e0 voir \u00e0 La Chevalerie"},"content":{"rendered":"\t\t<div data-elementor-type=\"wp-page\" data-elementor-id=\"1099\" class=\"elementor elementor-1099\" data-elementor-post-type=\"page\">\n\t\t\t\t\t\t<section class=\"elementor-section elementor-top-section elementor-element elementor-element-c783e1b elementor-section-boxed elementor-section-height-default elementor-section-height-default\" data-id=\"c783e1b\" data-element_type=\"section\">\n\t\t\t\t\t\t<div class=\"elementor-container elementor-column-gap-default\">\n\t\t\t\t\t<div class=\"elementor-column elementor-col-100 elementor-top-column elementor-element elementor-element-1e04af4\" data-id=\"1e04af4\" data-element_type=\"column\">\n\t\t\t<div class=\"elementor-widget-wrap elementor-element-populated\">\n\t\t\t\t\t\t<div class=\"elementor-element elementor-element-d7ff581 elementor-widget elementor-widget-text-editor\" data-id=\"d7ff581\" data-element_type=\"widget\" data-widget_type=\"text-editor.default\">\n\t\t\t\t<div class=\"elementor-widget-container\">\n\t\t\t\t\t\t\t<p>Nathalie Pacqueteau est n\u00e9e en 1968. Fondettoise, elle a une formation de secr\u00e9taire m\u00e9dicale. Elle peint depuis 2002 Elle r\u00e9alise aussi bien des portraits, des paysages que des toiles abstraites. Elle aime exp\u00e9rimenter les textures, la peinture en \u00e9paisseur, au couteau\u2026 Depuis 2005, elle pratique aussi la sculpture sur st\u00e9atite et la c\u00e9ramique.<\/p><p>Sensible aux belles choses, Nathalie Paqueteau se dit influenc\u00e9e par Toulouse-Lautrec, Gauguin et Renoir. Elle a particip\u00e9 \u00e0 une dizaine d\u2019expositions sur les 20 derni\u00e8res ann\u00e9es. Peindre lui apporte de l\u2019apaisement. Les retours par les visiteurs sont \u00e9galement souvent une source de gratification pour elle.<\/p><p><strong>L&#8217;exposition est visible \u00e0 l&#8217;h\u00f4pital de jour de La Chevalerie jusqu&#8217;\u00e0 la fin novembre du lundi au vendredi de 9h &#8211; 16h30.<\/strong><\/p>\t\t\t\t\t\t<\/div>\n\t\t\t\t<\/div>\n\t\t\t\t\t<\/div>\n\t\t<\/div>\n\t\t\t\t\t<\/div>\n\t\t<\/section>\n\t\t\t\t<section class=\"elementor-section elementor-top-section elementor-element elementor-element-aa4b4cf elementor-section-boxed elementor-section-height-default elementor-section-height-default\" data-id=\"aa4b4cf\" data-element_type=\"section\">\n\t\t\t\t\t\t<div class=\"elementor-container elementor-column-gap-default\">\n\t\t\t\t\t<div class=\"elementor-column elementor-col-100 elementor-top-column elementor-element elementor-element-b9bc563\" data-id=\"b9bc563\" data-element_type=\"column\">\n\t\t\t<div class=\"elementor-widget-wrap elementor-element-populated\">\n\t\t\t\t\t\t<div class=\"elementor-element elementor-element-55da6a8 elementor-widget elementor-widget-image\" data-id=\"55da6a8\" data-element_type=\"widget\" data-widget_type=\"image.default\">\n\t\t\t\t<div class=\"elementor-widget-container\">\n\t\t\t\t\t\t\t\t\t\t\t\t\t\t<a href=\"https:\/\/www.chu-tours.fr\/psychiatrie-addictologie\/wp-content\/uploads\/sites\/9\/2023\/11\/n-paqueteau_web.jpg\" data-elementor-open-lightbox=\"yes\" data-elementor-lightbox-title=\"n-paqueteau_web\" data-e-action-hash=\"#elementor-action%3Aaction%3Dlightbox%26settings%3DeyJpZCI6MTEwMSwidXJsIjoiaHR0cHM6XC9cL3d3dy5jaHUtdG91cnMuZnJcL3BzeWNoaWF0cmllLWFkZGljdG9sb2dpZVwvd3AtY29udGVudFwvdXBsb2Fkc1wvc2l0ZXNcLzlcLzIwMjNcLzExXC9uLXBhcXVldGVhdV93ZWIuanBnIn0%3D\">\n\t\t\t\t\t\t\t<img fetchpriority=\"high\" decoding=\"async\" width=\"480\" height=\"680\" src=\"https:\/\/www.chu-tours.fr\/psychiatrie-addictologie\/wp-content\/uploads\/sites\/9\/2023\/11\/n-paqueteau_web.jpg\" class=\"attachment-medium_large size-medium_large wp-image-1101\" alt=\"\" srcset=\"https:\/\/www.chu-tours.fr\/psychiatrie-addictologie\/wp-content\/uploads\/sites\/9\/2023\/11\/n-paqueteau_web.jpg 480w, https:\/\/www.chu-tours.fr\/psychiatrie-addictologie\/wp-content\/uploads\/sites\/9\/2023\/11\/n-paqueteau_web-212x300.jpg 212w\" sizes=\"(max-width: 480px) 100vw, 480px\" \/>\t\t\t\t\t\t\t\t<\/a>\n\t\t\t\t\t\t\t\t\t\t\t\t\t<\/div>\n\t\t\t\t<\/div>\n\t\t\t\t\t<\/div>\n\t\t<\/div>\n\t\t\t\t\t<\/div>\n\t\t<\/section>\n\t\t\t\t<\/div>\n\t\t","protected":false},"excerpt":{"rendered":"<p>Nathalie Pacqueteau est n\u00e9e en 1968. Fondettoise, elle a une formation de secr\u00e9taire m\u00e9dicale. Elle peint depuis 2002 Elle r\u00e9alise aussi bien des portraits, des paysages que des toiles abstraites. Elle aime exp\u00e9rimenter les textures, la peinture en \u00e9paisseur, au couteau\u2026 Depuis 2005, elle pratique aussi la sculpture sur st\u00e9atite et la c\u00e9ramique. Sensible aux [&hellip;]<\/p>\n","protected":false},"author":4,"featured_media":1098,"parent":0,"menu_order":0,"comment_status":"closed","ping_status":"closed","template":"","meta":{"_seopress_robots_primary_cat":"","_seopress_titles_title":"Les actualit\u00e9s du p\u00f4le Psychiatrie-Addictologie. Une nouvelle expo \u00e0 voir \u00e0 La Chevalerie.","_seopress_titles_desc":"Nathalie Pacqueteau est n\u00e9e en 1968. Fondettoise, elle a une formation de secr\u00e9taire m\u00e9dicale.","_seopress_robots_index":"","_exactmetrics_skip_tracking":false,"_exactmetrics_sitenote_active":false,"_exactmetrics_sitenote_note":"","_exactmetrics_sitenote_category":0,"_genesis_hide_title":false,"_genesis_hide_breadcrumbs":false,"_genesis_hide_singular_image":false,"_genesis_hide_footer_widgets":false,"_genesis_custom_body_class":"","_genesis_custom_post_class":"","_genesis_layout":"","footnotes":""},"publishpress_future_action":{"enabled":false,"date":"2026-05-07 20:42:40","action":"change-status","newStatus":"draft","terms":[],"taxonomy":""},"_links":{"self":[{"href":"https:\/\/www.chu-tours.fr\/psychiatrie-addictologie\/wp-json\/wp\/v2\/pages\/1099"}],"collection":[{"href":"https:\/\/www.chu-tours.fr\/psychiatrie-addictologie\/wp-json\/wp\/v2\/pages"}],"about":[{"href":"https:\/\/www.chu-tours.fr\/psychiatrie-addictologie\/wp-json\/wp\/v2\/types\/page"}],"author":[{"embeddable":true,"href":"https:\/\/www.chu-tours.fr\/psychiatrie-addictologie\/wp-json\/wp\/v2\/users\/4"}],"replies":[{"embeddable":true,"href":"https:\/\/www.chu-tours.fr\/psychiatrie-addictologie\/wp-json\/wp\/v2\/comments?post=1099"}],"version-history":[{"count":4,"href":"https:\/\/www.chu-tours.fr\/psychiatrie-addictologie\/wp-json\/wp\/v2\/pages\/1099\/revisions"}],"predecessor-version":[{"id":1104,"href":"https:\/\/www.chu-tours.fr\/psychiatrie-addictologie\/wp-json\/wp\/v2\/pages\/1099\/revisions\/1104"}],"wp:featuredmedia":[{"embeddable":true,"href":"https:\/\/www.chu-tours.fr\/psychiatrie-addictologie\/wp-json\/wp\/v2\/media\/1098"}],"wp:attachment":[{"href":"https:\/\/www.chu-tours.fr\/psychiatrie-addictologie\/wp-json\/wp\/v2\/media?parent=1099"}],"curies":[{"name":"wp","href":"https:\/\/api.w.org\/{rel}","templated":true}]}}