{"id":1063,"date":"2023-09-19T14:22:55","date_gmt":"2023-09-19T12:22:55","guid":{"rendered":"https:\/\/www.chu-tours.fr\/psychiatrie-addictologie\/?page_id=1063"},"modified":"2023-09-19T14:27:03","modified_gmt":"2023-09-19T12:27:03","slug":"nouvel-hopital-psychiatrique-nhp-le-permis-de-construire-a-ete-accorde-cet-ete","status":"publish","type":"page","link":"https:\/\/www.chu-tours.fr\/psychiatrie-addictologie\/nouvel-hopital-psychiatrique-nhp-le-permis-de-construire-a-ete-accorde-cet-ete\/","title":{"rendered":"Nouvel H\u00f4pital Psychiatrique (NHP) : le permis de construire a \u00e9t\u00e9 accord\u00e9 cet \u00e9t\u00e9"},"content":{"rendered":"\t\t<div data-elementor-type=\"wp-page\" data-elementor-id=\"1063\" class=\"elementor elementor-1063\" data-elementor-post-type=\"page\">\n\t\t\t\t\t\t<section class=\"elementor-section elementor-top-section elementor-element elementor-element-c783e1b elementor-section-boxed elementor-section-height-default elementor-section-height-default\" data-id=\"c783e1b\" data-element_type=\"section\">\n\t\t\t\t\t\t<div class=\"elementor-container elementor-column-gap-default\">\n\t\t\t\t\t<div class=\"elementor-column elementor-col-100 elementor-top-column elementor-element elementor-element-1e04af4\" data-id=\"1e04af4\" data-element_type=\"column\">\n\t\t\t<div class=\"elementor-widget-wrap elementor-element-populated\">\n\t\t\t\t\t\t<div class=\"elementor-element elementor-element-d7ff581 elementor-widget elementor-widget-text-editor\" data-id=\"d7ff581\" data-element_type=\"widget\" data-widget_type=\"text-editor.default\">\n\t\t\t\t<div class=\"elementor-widget-container\">\n\t\t\t\t\t\t\t<p>Le projet NHP se poursuit dans sa lanc\u00e9e. Apr\u00e8s le lancement d\u2019une proc\u00e9dure de dialogue comp\u00e9titif qui a largement associ\u00e9 les \u00e9quipes du p\u00f4le de psychiatrie-addictologie au choix du futur b\u00e2timent, le projet est entr\u00e9 dans une phase concr\u00e8te de pr\u00e9paration de la construction.\u00a0<\/p><p>L\u2019instruction administrative de l\u2019autorisation de travaux s\u2019est achev\u00e9e par la d\u00e9livrance du permis de construire le 21 juillet dernier. Son d\u00e9p\u00f4t s\u2019\u00e9tait fait sur la base de l\u2019avant-projet d\u00e9finitif \u00e9labor\u00e9 par le cabinet d\u2019architecture<br \/>SEXTANT membre du groupement conduit par Bouygues Construction. C\u2019est un moment important pour ce projet car il autorise dor\u00e9navant la r\u00e9alisation des travaux.<\/p><p>Ce groupement a propos\u00e9 un projet qui porte un haut niveau d\u2019ambition environnementale, notamment \u00e0 travers une construction en b\u00e9ton-bois et deux labels vis\u00e9s, E+C- (Energie positive et r\u00e9duction carbone) et b\u00e2timent biosourc\u00e9.<br \/>Ce projet consiste \u00e0 regrouper sur un seul site, \u00e0 proximit\u00e9 des urgences et du futur b\u00e2timent NHT, l\u2019ensemble des capacit\u00e9s d\u2019hospitalisation de psychiatrie adultes et adolescents et de disposer d\u2019unit\u00e9s sp\u00e9cialis\u00e9es pour la prise en charge des troubles psychiatriques des personnes \u00e2g\u00e9es, des troubles de l\u2019addiction ainsi que de l\u2019autisme. Il offrira dans un cadre nouveau un tr\u00e8s haut niveau d\u2019accueil pour les patients.<\/p><p>A ce stade, les \u00e9tudes se poursuivent avec la pr\u00e9sentation de la derni\u00e8re \u00e9tape de conception (la phase projet ou PRO) d\u00e9but octobre. La pr\u00e9paration du chantier, constituant les premiers travaux pourraient d\u00e9buter en toute fin d\u2019ann\u00e9e\u00a02023 avec la r\u00e9alisation des terrassements et des fondations. Ce chantier situ\u00e9, sur Trousseau, entre le CETRA (centre 15 et SMUR), les archives et le logip\u00f4le, va avoir un impact important sur le plan de circulation du site avec notamment l\u2019impossibilit\u00e9 de faire le tour par l\u2019ouest et la suppression d\u2019une centaine de places de parking \u00e0 proximit\u00e9 du logip\u00f4le.<\/p><p>Les professionnels seront invit\u00e9 \u00e0 utiliser les places pr\u00e9sentes au nord des b\u00e2timents actuels de la psychiatrie. D\u00e9sormais, il reste \u00e0 amorcer un travail concret sur les organisations de travail du futur NHP avec les professionnels du p\u00f4le pour les accompagner vers ce nouveau cadre de travail modernis\u00e9.<\/p><p><strong>Le calendrier du projet :<\/strong><\/p><ul><li><strong>Juin 2023<\/strong> : Obtention du permis de construire<\/li><li><strong>D\u00e9cembre 2023<\/strong> : d\u00e9marrage des travaux<\/li><li><strong>Et\u00e9 2025<\/strong> : fin des travaux<\/li><li><strong>Fin 2025<\/strong> :\u00a0 emm\u00e9nagement des \u00e9quipes<\/li><\/ul><p>\u00a0<\/p>\t\t\t\t\t\t<\/div>\n\t\t\t\t<\/div>\n\t\t\t\t\t<\/div>\n\t\t<\/div>\n\t\t\t\t\t<\/div>\n\t\t<\/section>\n\t\t\t\t<\/div>\n\t\t","protected":false},"excerpt":{"rendered":"<p>Le projet NHP se poursuit dans sa lanc\u00e9e. Apr\u00e8s le lancement d\u2019une proc\u00e9dure de dialogue comp\u00e9titif qui a largement associ\u00e9 les \u00e9quipes du p\u00f4le de psychiatrie-addictologie au choix du futur b\u00e2timent, le projet est entr\u00e9 dans une phase concr\u00e8te de pr\u00e9paration de la construction.\u00a0 L\u2019instruction administrative de l\u2019autorisation de travaux s\u2019est achev\u00e9e par la d\u00e9livrance [&hellip;]<\/p>\n","protected":false},"author":4,"featured_media":1060,"parent":0,"menu_order":0,"comment_status":"closed","ping_status":"closed","template":"","meta":{"_seopress_robots_primary_cat":"","_seopress_titles_title":"Les actualit\u00e9s du p\u00f4le Psychiatrie-Addictologie. Nouvel H\u00f4pital Psychiatrique (NHP).","_seopress_titles_desc":"Nouvel H\u00f4pital Psychiatrique (NHP) : le permis de construire a \u00e9t\u00e9 accord\u00e9 cet \u00e9t\u00e9.","_seopress_robots_index":"","_exactmetrics_skip_tracking":false,"_exactmetrics_sitenote_active":false,"_exactmetrics_sitenote_note":"","_exactmetrics_sitenote_category":0,"_genesis_hide_title":false,"_genesis_hide_breadcrumbs":false,"_genesis_hide_singular_image":false,"_genesis_hide_footer_widgets":false,"_genesis_custom_body_class":"","_genesis_custom_post_class":"","_genesis_layout":"","footnotes":""},"publishpress_future_action":{"enabled":false,"date":"2026-04-28 13:34:12","action":"change-status","newStatus":"draft","terms":[],"taxonomy":""},"_links":{"self":[{"href":"https:\/\/www.chu-tours.fr\/psychiatrie-addictologie\/wp-json\/wp\/v2\/pages\/1063"}],"collection":[{"href":"https:\/\/www.chu-tours.fr\/psychiatrie-addictologie\/wp-json\/wp\/v2\/pages"}],"about":[{"href":"https:\/\/www.chu-tours.fr\/psychiatrie-addictologie\/wp-json\/wp\/v2\/types\/page"}],"author":[{"embeddable":true,"href":"https:\/\/www.chu-tours.fr\/psychiatrie-addictologie\/wp-json\/wp\/v2\/users\/4"}],"replies":[{"embeddable":true,"href":"https:\/\/www.chu-tours.fr\/psychiatrie-addictologie\/wp-json\/wp\/v2\/comments?post=1063"}],"version-history":[{"count":4,"href":"https:\/\/www.chu-tours.fr\/psychiatrie-addictologie\/wp-json\/wp\/v2\/pages\/1063\/revisions"}],"predecessor-version":[{"id":1067,"href":"https:\/\/www.chu-tours.fr\/psychiatrie-addictologie\/wp-json\/wp\/v2\/pages\/1063\/revisions\/1067"}],"wp:featuredmedia":[{"embeddable":true,"href":"https:\/\/www.chu-tours.fr\/psychiatrie-addictologie\/wp-json\/wp\/v2\/media\/1060"}],"wp:attachment":[{"href":"https:\/\/www.chu-tours.fr\/psychiatrie-addictologie\/wp-json\/wp\/v2\/media?parent=1063"}],"curies":[{"name":"wp","href":"https:\/\/api.w.org\/{rel}","templated":true}]}}