{"id":3809,"date":"2026-04-03T13:57:28","date_gmt":"2026-04-03T11:57:28","guid":{"rendered":"https:\/\/www.chu-tours.fr\/pemr-cvl\/?page_id=3809"},"modified":"2026-04-03T13:57:28","modified_gmt":"2026-04-03T11:57:28","slug":"demi-journee-participative-structurer-ensemble-la-recherche-en-sante-de-demain-le-5-mai-a-15h30-a-latelier-des-projets-tours","status":"publish","type":"page","link":"https:\/\/www.chu-tours.fr\/pemr-cvl\/demi-journee-participative-structurer-ensemble-la-recherche-en-sante-de-demain-le-5-mai-a-15h30-a-latelier-des-projets-tours\/","title":{"rendered":"Demi-Journ\u00e9e Participative &#8220;Structurer Ensemble La Recherche en Sant\u00e9 de Demain&#8221; le 5 mai \u00e0 15h30 \u00e0 l&#8217;Atelier des Projets, Tours"},"content":{"rendered":"<p><strong><em>Construisons ensemble les recherches participatives en sant\u00e9<\/em><\/strong><\/p>\n<p><em>Vous avez d\u00e9j\u00e0 particip\u00e9 \u00e0 des projets de recherche en sant\u00e9 ou souhaitez-vous impliquer ? Rejoignez cette demi-journ\u00e9e collaborative pour r\u00e9fl\u00e9chir ensemble aux fa\u00e7ons de mieux organiser, d\u00e9velopper et faire vivre les dynamiques participatives en r\u00e9gion Centre-Val de Loire.<\/em><\/p>\n<p><em>Au programme :<\/em><\/p>\n<ul data-start=\"439\" data-end=\"646\">\n<li><em>Comprendre les parcours de recherche en sant\u00e9 <\/em><\/li>\n<li><em>Explorer les enjeux des recherches participatives, notamment au CHRU de Tours <\/em><\/li>\n<li><em>Co-construire des propositions concr\u00e8tes lors d\u2019un atelier collaboratif <\/em><\/li>\n<\/ul>\n<p><strong><em>Pourquoi participer ?<\/em><\/strong><em><br \/>\nContribuer \u00e0 une r\u00e9flexion collective, faire entendre votre point de vue et participer \u00e0 la structuration des futurs projets.<\/em><\/p>\n<p><strong><em>\ud83d\udc49<\/em><\/strong><strong><em> Inscription ouverte (50 places) : <\/em><\/strong><a href=\"https:\/\/sphinxdeclic.com\/tiny\/a\/bmh4ptsu\" target=\"_blank\" rel=\"noopener\"><strong><em>https:\/\/sphinxdeclic.com\/tiny\/a\/bmh4ptsu<\/em><\/strong><\/a><\/p>\n<p><strong><em>\u00c9v\u00e9nement organis\u00e9 par le CHRU de Tours, le Forum Soignant-Soign\u00e9 (Loire Val-Health) et la Passerelle des Savoirs<\/em><\/strong><\/p>\n<ul>\n<li><a href=\"https:\/\/www.chu-tours.fr\/pemr-cvl\/wp-content\/uploads\/sites\/15\/2026\/04\/Save-the-Date-5-mai-2026-V2.pdf\" target=\"_blank\" rel=\"noopener\">Save the date !<\/a><\/li>\n<li><a href=\"https:\/\/www.chu-tours.fr\/pemr-cvl\/wp-content\/uploads\/sites\/15\/2026\/04\/Conference-Recherche-5-mai-V3.pdf\" target=\"_blank\" rel=\"noopener\">T\u00e9l\u00e9chargez le flyer<\/a><\/li>\n<\/ul>\n","protected":false},"excerpt":{"rendered":"<p>Construisons ensemble les recherches participatives en sant\u00e9 Vous avez d\u00e9j\u00e0 particip\u00e9 \u00e0 des projets de recherche en sant\u00e9 ou souhaitez-vous impliquer ? Rejoignez cette demi-journ\u00e9e collaborative pour r\u00e9fl\u00e9chir ensemble aux fa\u00e7ons de mieux organiser, d\u00e9velopper et faire vivre les dynamiques participatives en r\u00e9gion Centre-Val de Loire. Au programme : Comprendre les parcours de recherche en [&hellip;]<\/p>\n","protected":false},"author":4,"featured_media":3808,"parent":0,"menu_order":0,"comment_status":"closed","ping_status":"closed","template":"","meta":{"_seopress_robots_primary_cat":"","_seopress_titles_title":"","_seopress_titles_desc":"","_seopress_robots_index":"","_exactmetrics_skip_tracking":false,"_exactmetrics_sitenote_active":false,"_exactmetrics_sitenote_note":"","_exactmetrics_sitenote_category":0,"_genesis_hide_title":false,"_genesis_hide_breadcrumbs":false,"_genesis_hide_singular_image":false,"_genesis_hide_footer_widgets":false,"_genesis_custom_body_class":"","_genesis_custom_post_class":"","_genesis_layout":"","footnotes":""},"publishpress_future_action":{"enabled":false,"date":"2026-04-22 08:16:26","action":"change-status","newStatus":"draft","terms":[],"taxonomy":""},"_links":{"self":[{"href":"https:\/\/www.chu-tours.fr\/pemr-cvl\/wp-json\/wp\/v2\/pages\/3809"}],"collection":[{"href":"https:\/\/www.chu-tours.fr\/pemr-cvl\/wp-json\/wp\/v2\/pages"}],"about":[{"href":"https:\/\/www.chu-tours.fr\/pemr-cvl\/wp-json\/wp\/v2\/types\/page"}],"author":[{"embeddable":true,"href":"https:\/\/www.chu-tours.fr\/pemr-cvl\/wp-json\/wp\/v2\/users\/4"}],"replies":[{"embeddable":true,"href":"https:\/\/www.chu-tours.fr\/pemr-cvl\/wp-json\/wp\/v2\/comments?post=3809"}],"version-history":[{"count":1,"href":"https:\/\/www.chu-tours.fr\/pemr-cvl\/wp-json\/wp\/v2\/pages\/3809\/revisions"}],"predecessor-version":[{"id":3814,"href":"https:\/\/www.chu-tours.fr\/pemr-cvl\/wp-json\/wp\/v2\/pages\/3809\/revisions\/3814"}],"wp:featuredmedia":[{"embeddable":true,"href":"https:\/\/www.chu-tours.fr\/pemr-cvl\/wp-json\/wp\/v2\/media\/3808"}],"wp:attachment":[{"href":"https:\/\/www.chu-tours.fr\/pemr-cvl\/wp-json\/wp\/v2\/media?parent=3809"}],"curies":[{"name":"wp","href":"https:\/\/api.w.org\/{rel}","templated":true}]}}