{"id":3708,"date":"2026-01-21T16:00:10","date_gmt":"2026-01-21T15:00:10","guid":{"rendered":"https:\/\/www.chu-tours.fr\/pemr-cvl\/?page_id=3708"},"modified":"2026-01-21T16:03:13","modified_gmt":"2026-01-21T15:03:13","slug":"questionnaire-a-destination-des-proches-aidants","status":"publish","type":"page","link":"https:\/\/www.chu-tours.fr\/pemr-cvl\/questionnaire-a-destination-des-proches-aidants\/","title":{"rendered":"Questionnaire \u00e0 destination des proches aidants"},"content":{"rendered":"<p>Dans le cadre de ses actions en direction des proches aidants, le <strong>P\u00f4le Ressources Handicap 37<\/strong>\u00a0et la <strong>Plateforme d\u00e9partementale de r\u00e9pit et d\u2019aide aux aidants Parent\u2019ailes<\/strong>\u00a0souhaitent mieux conna\u00eetre leurs besoins, attentes et quotidien.<\/p>\n<p>Pour cela, un <strong>questionnaire simple, rapide et anonyme<\/strong>\u00a0a \u00e9t\u00e9 cr\u00e9\u00e9. Il est destin\u00e9 aux familles concern\u00e9es et permettra de construire des projets et actions <strong>pens\u00e9s avec eux et pour eux<\/strong>.<\/p>\n<p>Vous pouvez r\u00e9pondre au questionnaire en ligne ici : <a href=\"https:\/\/forms.office.com\/e\/8VKF7EdvMV?origin=lprLink\" target=\"_blank\" rel=\"noopener\" data-start=\"710\" data-end=\"818\">https:\/\/forms.office.com\/e\/8VKF7EdvMV?origin=lprLink<\/a><\/p>\n<p>Une <a href=\"https:\/\/www.chu-tours.fr\/pemr-cvl\/wp-content\/uploads\/sites\/15\/2026\/01\/Questionnaire-aidants-version-imprimable.pdf\" target=\"_blank\" rel=\"noopener\">version imprimable<\/a> est \u00e9galement disponible pour ceux qui pr\u00e9f\u00e8rent ce format. Les questionnaires remplis peuvent \u00eatre transmis par <strong>photo par mail ou SMS<\/strong>.<\/p>\n<p>Pour toute difficult\u00e9 ou question, n\u2019h\u00e9sitez pas \u00e0 <strong>contacter Alice Grinier, <\/strong>Coordinatrice &#8211; r\u00e9f\u00e9rente aidant\u00a0:<\/p>\n<ul data-start=\"1071\" data-end=\"1164\">\n<li>Mobile : <strong>06.33.49.30.48<\/strong><\/li>\n<li>Fixe : <strong>02.34.37.43.65<\/strong><\/li>\n<li>Mail : <a href=\"mailto:a-grinier@enfance-pluriel.fr\">a-grinier@enfance-pluriel.fr<\/a><\/li>\n<\/ul>\n<p>Merci de votre participation et de votre soutien \u00e0 cette initiative !<\/p>\n","protected":false},"excerpt":{"rendered":"<p>Dans le cadre de ses actions en direction des proches aidants, le P\u00f4le Ressources Handicap 37\u00a0et la Plateforme d\u00e9partementale de r\u00e9pit et d\u2019aide aux aidants Parent\u2019ailes\u00a0souhaitent mieux conna\u00eetre leurs besoins, attentes et quotidien. Pour cela, un questionnaire simple, rapide et anonyme\u00a0a \u00e9t\u00e9 cr\u00e9\u00e9. Il est destin\u00e9 aux familles concern\u00e9es et permettra de construire des projets [&hellip;]<\/p>\n","protected":false},"author":4,"featured_media":3706,"parent":0,"menu_order":0,"comment_status":"closed","ping_status":"closed","template":"","meta":{"_seopress_robots_primary_cat":"","_seopress_titles_title":"","_seopress_titles_desc":"","_seopress_robots_index":"","_exactmetrics_skip_tracking":false,"_exactmetrics_sitenote_active":false,"_exactmetrics_sitenote_note":"","_exactmetrics_sitenote_category":0,"_genesis_hide_title":false,"_genesis_hide_breadcrumbs":false,"_genesis_hide_singular_image":false,"_genesis_hide_footer_widgets":false,"_genesis_custom_body_class":"","_genesis_custom_post_class":"","_genesis_layout":"","footnotes":""},"publishpress_future_action":{"enabled":false,"date":"2026-04-22 08:18:34","action":"change-status","newStatus":"draft","terms":[],"taxonomy":""},"_links":{"self":[{"href":"https:\/\/www.chu-tours.fr\/pemr-cvl\/wp-json\/wp\/v2\/pages\/3708"}],"collection":[{"href":"https:\/\/www.chu-tours.fr\/pemr-cvl\/wp-json\/wp\/v2\/pages"}],"about":[{"href":"https:\/\/www.chu-tours.fr\/pemr-cvl\/wp-json\/wp\/v2\/types\/page"}],"author":[{"embeddable":true,"href":"https:\/\/www.chu-tours.fr\/pemr-cvl\/wp-json\/wp\/v2\/users\/4"}],"replies":[{"embeddable":true,"href":"https:\/\/www.chu-tours.fr\/pemr-cvl\/wp-json\/wp\/v2\/comments?post=3708"}],"version-history":[{"count":2,"href":"https:\/\/www.chu-tours.fr\/pemr-cvl\/wp-json\/wp\/v2\/pages\/3708\/revisions"}],"predecessor-version":[{"id":3716,"href":"https:\/\/www.chu-tours.fr\/pemr-cvl\/wp-json\/wp\/v2\/pages\/3708\/revisions\/3716"}],"wp:featuredmedia":[{"embeddable":true,"href":"https:\/\/www.chu-tours.fr\/pemr-cvl\/wp-json\/wp\/v2\/media\/3706"}],"wp:attachment":[{"href":"https:\/\/www.chu-tours.fr\/pemr-cvl\/wp-json\/wp\/v2\/media?parent=3708"}],"curies":[{"name":"wp","href":"https:\/\/api.w.org\/{rel}","templated":true}]}}