{"id":3680,"date":"2026-01-07T11:05:46","date_gmt":"2026-01-07T10:05:46","guid":{"rendered":"https:\/\/www.chu-tours.fr\/pemr-cvl\/?page_id=3680"},"modified":"2026-01-07T11:05:46","modified_gmt":"2026-01-07T10:05:46","slug":"formation-aidants-a-st-avertin-2026","status":"publish","type":"page","link":"https:\/\/www.chu-tours.fr\/pemr-cvl\/formation-aidants-a-st-avertin-2026\/","title":{"rendered":"Formation Aidants \u00e0 St Avertin 2026"},"content":{"rendered":"<p>La <strong>Plateforme de R\u00e9pit pour les Aidants Familiaux \u2013 AGEVIE<\/strong>\u00a0met en place, \u00e0 partir du <strong>10 f\u00e9vrier 2026<\/strong>, un <strong>temps d\u2019information et de formation d\u00e9di\u00e9 aux aidants familiaux<\/strong>, organis\u00e9 <strong>un mardi par mois<\/strong>.<\/p>\n<p>\ud83d\udccd <strong>Lieu<\/strong>\u00a0:<br \/>\nSaint-Avertin \u2013 <em>6 rue de Grandmont (Salle des F\u00eates)<\/em><\/p>\n<p>Ces rencontres ont pour objectif d\u2019informer, d\u2019accompagner et de soutenir les aidants dans leur quotidien.<\/p>\n<p>\ud83d\udc49 <strong>Prise en charge gratuite possible<\/strong>\u00a0:<\/p>\n<ul data-start=\"697\" data-end=\"788\">\n<li>transport des aidants,<\/li>\n<li>accueil de la personne aid\u00e9e pendant la dur\u00e9e de la rencontre.<\/li>\n<\/ul>\n<p>\ud83d\udcde <strong>R\u00e9servation obligatoire<\/strong>\u00a0au <strong>02 47 36 96 83<\/strong>.<\/p>\n<p><strong>Programme d\u00e9taill\u00e9 \u00e0 retrouver ci-dessous.<\/strong><\/p>\n<p>&gt;&gt; <a href=\"https:\/\/www.chu-tours.fr\/pemr-cvl\/wp-content\/uploads\/sites\/15\/2026\/01\/2026_RDV-AIDANTS-ST-AVERTIN-BD.pdf\" target=\"_blank\" rel=\"noopener\">t\u00e9l\u00e9charger le programme<\/a><\/p>\n","protected":false},"excerpt":{"rendered":"<p>La Plateforme de R\u00e9pit pour les Aidants Familiaux \u2013 AGEVIE\u00a0met en place, \u00e0 partir du 10 f\u00e9vrier 2026, un temps d\u2019information et de formation d\u00e9di\u00e9 aux aidants familiaux, organis\u00e9 un mardi par mois. \ud83d\udccd Lieu\u00a0: Saint-Avertin \u2013 6 rue de Grandmont (Salle des F\u00eates) Ces rencontres ont pour objectif d\u2019informer, d\u2019accompagner et de soutenir les [&hellip;]<\/p>\n","protected":false},"author":4,"featured_media":3678,"parent":0,"menu_order":0,"comment_status":"closed","ping_status":"closed","template":"","meta":{"_seopress_robots_primary_cat":"","_seopress_titles_title":"","_seopress_titles_desc":"","_seopress_robots_index":"","_exactmetrics_skip_tracking":false,"_exactmetrics_sitenote_active":false,"_exactmetrics_sitenote_note":"","_exactmetrics_sitenote_category":0,"_genesis_hide_title":false,"_genesis_hide_breadcrumbs":false,"_genesis_hide_singular_image":false,"_genesis_hide_footer_widgets":false,"_genesis_custom_body_class":"","_genesis_custom_post_class":"","_genesis_layout":"","footnotes":""},"publishpress_future_action":{"enabled":false,"date":"2026-04-22 09:46:06","action":"change-status","newStatus":"draft","terms":[],"taxonomy":""},"_links":{"self":[{"href":"https:\/\/www.chu-tours.fr\/pemr-cvl\/wp-json\/wp\/v2\/pages\/3680"}],"collection":[{"href":"https:\/\/www.chu-tours.fr\/pemr-cvl\/wp-json\/wp\/v2\/pages"}],"about":[{"href":"https:\/\/www.chu-tours.fr\/pemr-cvl\/wp-json\/wp\/v2\/types\/page"}],"author":[{"embeddable":true,"href":"https:\/\/www.chu-tours.fr\/pemr-cvl\/wp-json\/wp\/v2\/users\/4"}],"replies":[{"embeddable":true,"href":"https:\/\/www.chu-tours.fr\/pemr-cvl\/wp-json\/wp\/v2\/comments?post=3680"}],"version-history":[{"count":1,"href":"https:\/\/www.chu-tours.fr\/pemr-cvl\/wp-json\/wp\/v2\/pages\/3680\/revisions"}],"predecessor-version":[{"id":3683,"href":"https:\/\/www.chu-tours.fr\/pemr-cvl\/wp-json\/wp\/v2\/pages\/3680\/revisions\/3683"}],"wp:featuredmedia":[{"embeddable":true,"href":"https:\/\/www.chu-tours.fr\/pemr-cvl\/wp-json\/wp\/v2\/media\/3678"}],"wp:attachment":[{"href":"https:\/\/www.chu-tours.fr\/pemr-cvl\/wp-json\/wp\/v2\/media?parent=3680"}],"curies":[{"name":"wp","href":"https:\/\/api.w.org\/{rel}","templated":true}]}}