{"id":3664,"date":"2025-12-30T09:33:23","date_gmt":"2025-12-30T08:33:23","guid":{"rendered":"https:\/\/www.chu-tours.fr\/pemr-cvl\/?page_id=3664"},"modified":"2025-12-30T09:33:23","modified_gmt":"2025-12-30T08:33:23","slug":"decouvrez-les-dates-des-sessions-2026-pour-la-formation-etp-maladies-rares","status":"publish","type":"page","link":"https:\/\/www.chu-tours.fr\/pemr-cvl\/decouvrez-les-dates-des-sessions-2026-pour-la-formation-etp-maladies-rares\/","title":{"rendered":"D\u00e9couvrez les dates des sessions 2026 pour la formation ETP Maladies Rares !"},"content":{"rendered":"<p>La Plateforme d\u2019Expertise Maladies Rares Centre-Val de Loire (PEMR CVL), en partenariat avec la FRAPS Centre-Val de Loire, renouvelle pour la deuxi\u00e8me ann\u00e9e cons\u00e9cutive son appel \u00e0 candidatures pour la formation en \u00c9ducation Th\u00e9rapeutique du Patient (ETP).<\/p>\n<p>Fort du succ\u00e8s des pr\u00e9c\u00e9dentes \u00e9ditions, ce dispositif vise \u00e0 permettre aux patients majeurs atteints de maladies rares, aux parents d\u2019enfants concern\u00e9s et aux aidants de la r\u00e9gion Centre-Val de Loire de b\u00e9n\u00e9ficier d\u2019une formation validante en \u00c9ducation Th\u00e9rapeutique du Patient.<\/p>\n<p>Dispens\u00e9e par la FRAPS Centre-Val de Loire, cette formation permet aux participants d\u2019acqu\u00e9rir les comp\u00e9tences n\u00e9cessaires pour intervenir au sein de programmes d\u2019ETP en tant que Patient-Intervenant, Parent-Intervenant ou Aidant-Intervenant, aux c\u00f4t\u00e9s des \u00e9quipes de soins.<\/p>\n<p><strong>Objectif de l\u2019appel \u00e0 candidatures :<\/strong><\/p>\n<p>Permettre aux personnes concern\u00e9es par les maladies rares de d\u00e9velopper des comp\u00e9tences en \u00e9ducation th\u00e9rapeutique afin de partager leur exp\u00e9rience, contribuer \u00e0 l\u2019accompagnement d\u2019autres patients et participer activement aux programmes d\u2019ETP.<\/p>\n<p>Les frais de formation sont int\u00e9gralement pris en charge par la PEMR CVL.<\/p>\n<p>Compl\u00e9tez le dossier d&#8217;inscription et retournez-le, accompagn\u00e9 d&#8217;une lettre de motivation, \u00e0 l&#8217;adresse mail suivante : <a href=\"mailto:maladies.rares.cvl@chu-tours.fr\">maladies.rares.cvl@chu-tours.fr<\/a><\/p>\n<p><span style=\"color: #ed1164;\"><strong>&gt;&gt;<\/strong><\/span> <a href=\"https:\/\/www.chu-tours.fr\/pemr-cvl\/wp-content\/uploads\/sites\/15\/2025\/12\/Dossier-de-candidatures-ETP-2026.pdf\" target=\"_blank\" rel=\"noopener\">T\u00e9l\u00e9chargez le dossier d&#8217;inscription<\/a>.<\/p>\n<p style=\"text-align: center;\"><a href=\"https:\/\/www.chu-tours.fr\/pemr-cvl\/wp-content\/uploads\/sites\/15\/2025\/12\/Affiche-ETP-web.jpg\" target=\"_blank\" rel=\"noopener\"><img fetchpriority=\"high\" decoding=\"async\" class=\"aligncenter wp-image-3662 size-medium\" src=\"https:\/\/www.chu-tours.fr\/pemr-cvl\/wp-content\/uploads\/sites\/15\/2025\/12\/Affiche-ETP-web-212x300.jpg\" alt=\"D\u00e9couvrez les dates des sessions 2026 pour la formation ETP Maladies Rares !\" width=\"212\" height=\"300\" srcset=\"https:\/\/www.chu-tours.fr\/pemr-cvl\/wp-content\/uploads\/sites\/15\/2025\/12\/Affiche-ETP-web-212x300.jpg 212w, https:\/\/www.chu-tours.fr\/pemr-cvl\/wp-content\/uploads\/sites\/15\/2025\/12\/Affiche-ETP-web.jpg 724w\" sizes=\"(max-width: 212px) 100vw, 212px\" \/><\/a><\/p>\n","protected":false},"excerpt":{"rendered":"<p>La Plateforme d\u2019Expertise Maladies Rares Centre-Val de Loire (PEMR CVL), en partenariat avec la FRAPS Centre-Val de Loire, renouvelle pour la deuxi\u00e8me ann\u00e9e cons\u00e9cutive son appel \u00e0 candidatures pour la formation en \u00c9ducation Th\u00e9rapeutique du Patient (ETP). Fort du succ\u00e8s des pr\u00e9c\u00e9dentes \u00e9ditions, ce dispositif vise \u00e0 permettre aux patients majeurs atteints de maladies rares, [&hellip;]<\/p>\n","protected":false},"author":4,"featured_media":3661,"parent":0,"menu_order":0,"comment_status":"closed","ping_status":"closed","template":"","meta":{"_seopress_robots_primary_cat":"","_seopress_titles_title":"","_seopress_titles_desc":"","_seopress_robots_index":"","_exactmetrics_skip_tracking":false,"_exactmetrics_sitenote_active":false,"_exactmetrics_sitenote_note":"","_exactmetrics_sitenote_category":0,"_genesis_hide_title":false,"_genesis_hide_breadcrumbs":false,"_genesis_hide_singular_image":false,"_genesis_hide_footer_widgets":false,"_genesis_custom_body_class":"","_genesis_custom_post_class":"","_genesis_layout":"","footnotes":""},"publishpress_future_action":{"enabled":false,"date":"2026-04-22 09:47:34","action":"change-status","newStatus":"draft","terms":[],"taxonomy":""},"_links":{"self":[{"href":"https:\/\/www.chu-tours.fr\/pemr-cvl\/wp-json\/wp\/v2\/pages\/3664"}],"collection":[{"href":"https:\/\/www.chu-tours.fr\/pemr-cvl\/wp-json\/wp\/v2\/pages"}],"about":[{"href":"https:\/\/www.chu-tours.fr\/pemr-cvl\/wp-json\/wp\/v2\/types\/page"}],"author":[{"embeddable":true,"href":"https:\/\/www.chu-tours.fr\/pemr-cvl\/wp-json\/wp\/v2\/users\/4"}],"replies":[{"embeddable":true,"href":"https:\/\/www.chu-tours.fr\/pemr-cvl\/wp-json\/wp\/v2\/comments?post=3664"}],"version-history":[{"count":1,"href":"https:\/\/www.chu-tours.fr\/pemr-cvl\/wp-json\/wp\/v2\/pages\/3664\/revisions"}],"predecessor-version":[{"id":3667,"href":"https:\/\/www.chu-tours.fr\/pemr-cvl\/wp-json\/wp\/v2\/pages\/3664\/revisions\/3667"}],"wp:featuredmedia":[{"embeddable":true,"href":"https:\/\/www.chu-tours.fr\/pemr-cvl\/wp-json\/wp\/v2\/media\/3661"}],"wp:attachment":[{"href":"https:\/\/www.chu-tours.fr\/pemr-cvl\/wp-json\/wp\/v2\/media?parent=3664"}],"curies":[{"name":"wp","href":"https:\/\/api.w.org\/{rel}","templated":true}]}}