{"id":3648,"date":"2025-12-15T15:19:57","date_gmt":"2025-12-15T14:19:57","guid":{"rendered":"https:\/\/www.chu-tours.fr\/pemr-cvl\/?page_id=3648"},"modified":"2025-12-15T15:19:57","modified_gmt":"2025-12-15T14:19:57","slug":"decouvrir-la-nouvelle-video-de-la-filiere-de-sante-maladies-rares-tetecou-malformations-de-la-tete-du-cou-et-des-dents-la-filiere-vous-guide-dans-votre-parcours","status":"publish","type":"page","link":"https:\/\/www.chu-tours.fr\/pemr-cvl\/decouvrir-la-nouvelle-video-de-la-filiere-de-sante-maladies-rares-tetecou-malformations-de-la-tete-du-cou-et-des-dents-la-filiere-vous-guide-dans-votre-parcours\/","title":{"rendered":"D\u00e9couvrir la nouvelle vid\u00e9o de la fili\u00e8re de sant\u00e9 maladies rares TETECOU  : Malformations de la t\u00eate, du cou et des dents, la Fili\u00e8re vous guide dans votre parcours"},"content":{"rendered":"<p><em>La Fili\u00e8re TETECOU vous propose cette animation de pr\u00e9sentation du parcours de soins des personnes porteuses d&#8217;une malformation de la t\u00eate, du cou et des dents au sein de la Fili\u00e8re TETECOU, de la naissance \u00e0 l&#8217;\u00e2ge adulte. Suivez Tha\u00efs et ses parents.<\/em><\/p>\n<p><em>Elle permet de comprendre les r\u00f4les et missions des Centres de R\u00e9f\u00e9rence, Centres de Comp\u00e9tence et de la Fili\u00e8re de Sant\u00e9 Maladies Rares TETECOU.<\/em><\/p>\n<p style=\"text-align: center;\"><iframe height=\"314\" src=\"\/\/www.youtube.com\/embed\/vk1jFdo-t4M\" width=\"560\"><\/iframe><\/p>\n","protected":false},"excerpt":{"rendered":"<p>La Fili\u00e8re TETECOU vous propose cette animation de pr\u00e9sentation du parcours de soins des personnes porteuses d&#8217;une malformation de la t\u00eate, du cou et des dents au sein de la Fili\u00e8re TETECOU, de la naissance \u00e0 l&#8217;\u00e2ge adulte. Suivez Tha\u00efs et ses parents. Elle permet de comprendre les r\u00f4les et missions des Centres de R\u00e9f\u00e9rence, [&hellip;]<\/p>\n","protected":false},"author":4,"featured_media":3647,"parent":0,"menu_order":0,"comment_status":"closed","ping_status":"closed","template":"","meta":{"_seopress_robots_primary_cat":"","_seopress_titles_title":"","_seopress_titles_desc":"","_seopress_robots_index":"","_exactmetrics_skip_tracking":false,"_exactmetrics_sitenote_active":false,"_exactmetrics_sitenote_note":"","_exactmetrics_sitenote_category":0,"_genesis_hide_title":false,"_genesis_hide_breadcrumbs":false,"_genesis_hide_singular_image":false,"_genesis_hide_footer_widgets":false,"_genesis_custom_body_class":"","_genesis_custom_post_class":"","_genesis_layout":"","footnotes":""},"publishpress_future_action":{"enabled":false,"date":"2026-04-22 09:47:34","action":"change-status","newStatus":"draft","terms":[],"taxonomy":""},"_links":{"self":[{"href":"https:\/\/www.chu-tours.fr\/pemr-cvl\/wp-json\/wp\/v2\/pages\/3648"}],"collection":[{"href":"https:\/\/www.chu-tours.fr\/pemr-cvl\/wp-json\/wp\/v2\/pages"}],"about":[{"href":"https:\/\/www.chu-tours.fr\/pemr-cvl\/wp-json\/wp\/v2\/types\/page"}],"author":[{"embeddable":true,"href":"https:\/\/www.chu-tours.fr\/pemr-cvl\/wp-json\/wp\/v2\/users\/4"}],"replies":[{"embeddable":true,"href":"https:\/\/www.chu-tours.fr\/pemr-cvl\/wp-json\/wp\/v2\/comments?post=3648"}],"version-history":[{"count":1,"href":"https:\/\/www.chu-tours.fr\/pemr-cvl\/wp-json\/wp\/v2\/pages\/3648\/revisions"}],"predecessor-version":[{"id":3651,"href":"https:\/\/www.chu-tours.fr\/pemr-cvl\/wp-json\/wp\/v2\/pages\/3648\/revisions\/3651"}],"wp:featuredmedia":[{"embeddable":true,"href":"https:\/\/www.chu-tours.fr\/pemr-cvl\/wp-json\/wp\/v2\/media\/3647"}],"wp:attachment":[{"href":"https:\/\/www.chu-tours.fr\/pemr-cvl\/wp-json\/wp\/v2\/media?parent=3648"}],"curies":[{"name":"wp","href":"https:\/\/api.w.org\/{rel}","templated":true}]}}