{"id":3343,"date":"2025-05-22T15:44:40","date_gmt":"2025-05-22T13:44:40","guid":{"rendered":"https:\/\/www.chu-tours.fr\/pemr-cvl\/?page_id=3343"},"modified":"2025-05-22T15:44:40","modified_gmt":"2025-05-22T13:44:40","slug":"nouveau-pnds-en-ligne-syndromes-de-willebrand-acquis","status":"publish","type":"page","link":"https:\/\/www.chu-tours.fr\/pemr-cvl\/nouveau-pnds-en-ligne-syndromes-de-willebrand-acquis\/","title":{"rendered":"Nouveau PNDS en ligne : Syndromes de Willebrand acquis"},"content":{"rendered":"<p style=\"text-align: justify;\"><strong>Le Protocole National de Diagnostic et de Soins (PNDS) d\u00e9di\u00e9 aux syndromes de Willebrand acquis est d\u00e9sormais disponible sur le site de la Haute Autorit\u00e9 de Sant\u00e9 (HAS) !<\/strong><\/p>\n<p style=\"text-align: justify;\">\u00c9labor\u00e9 par le <strong>Centre de R\u00e9f\u00e9rence Maladie de Willebrand<\/strong>, ce protocole propose une synth\u00e8se actualis\u00e9e du parcours de soins, du diagnostic et des strat\u00e9gies th\u00e9rapeutiques optimales pour les patients atteints de syndromes de Willebrand acquis.<\/p>\n<p style=\"text-align: justify;\">Une ressource pr\u00e9cieuse pour harmoniser les pratiques, renforcer la coordination des soins et am\u00e9liorer la prise en charge de cette pathologie.<\/p>\n<p style=\"text-align: justify;\">Retrouvez-le en cliquant sur ce lien : <a href=\"https:\/\/www.has-sante.fr\/jcms\/p_3602131\/en\/syndromes-de-willebrand-acquis\" target=\"_blank\" rel=\"noopener\">Haute Autorit\u00e9 de Sant\u00e9 &#8211; Syndromes de Willebrand acquis<\/a>.<\/p>\n<p style=\"text-align: center;\"><img fetchpriority=\"high\" decoding=\"async\" class=\"aligncenter wp-image-3341 size-full\" src=\"https:\/\/www.chu-tours.fr\/pemr-cvl\/wp-content\/uploads\/sites\/15\/2025\/05\/pnds.png\" alt=\"Nouveau PNDS en ligne : Syndromes de Willebrand acquis\" width=\"599\" height=\"570\" srcset=\"https:\/\/www.chu-tours.fr\/pemr-cvl\/wp-content\/uploads\/sites\/15\/2025\/05\/pnds.png 599w, https:\/\/www.chu-tours.fr\/pemr-cvl\/wp-content\/uploads\/sites\/15\/2025\/05\/pnds-300x285.png 300w\" sizes=\"(max-width: 599px) 100vw, 599px\" \/><\/p>\n","protected":false},"excerpt":{"rendered":"<p>Le Protocole National de Diagnostic et de Soins (PNDS) d\u00e9di\u00e9 aux syndromes de Willebrand acquis est d\u00e9sormais disponible sur le site de la Haute Autorit\u00e9 de Sant\u00e9 (HAS) ! \u00c9labor\u00e9 par le Centre de R\u00e9f\u00e9rence Maladie de Willebrand, ce protocole propose une synth\u00e8se actualis\u00e9e du parcours de soins, du diagnostic et des strat\u00e9gies th\u00e9rapeutiques optimales [&hellip;]<\/p>\n","protected":false},"author":4,"featured_media":3342,"parent":0,"menu_order":0,"comment_status":"closed","ping_status":"closed","template":"","meta":{"_seopress_robots_primary_cat":"","_seopress_titles_title":"","_seopress_titles_desc":"","_seopress_robots_index":"","_exactmetrics_skip_tracking":false,"_exactmetrics_sitenote_active":false,"_exactmetrics_sitenote_note":"","_exactmetrics_sitenote_category":0,"_genesis_hide_title":false,"_genesis_hide_breadcrumbs":false,"_genesis_hide_singular_image":false,"_genesis_hide_footer_widgets":false,"_genesis_custom_body_class":"","_genesis_custom_post_class":"","_genesis_layout":"","footnotes":""},"publishpress_future_action":{"enabled":false,"date":"2026-04-22 09:46:00","action":"change-status","newStatus":"draft","terms":[],"taxonomy":""},"_links":{"self":[{"href":"https:\/\/www.chu-tours.fr\/pemr-cvl\/wp-json\/wp\/v2\/pages\/3343"}],"collection":[{"href":"https:\/\/www.chu-tours.fr\/pemr-cvl\/wp-json\/wp\/v2\/pages"}],"about":[{"href":"https:\/\/www.chu-tours.fr\/pemr-cvl\/wp-json\/wp\/v2\/types\/page"}],"author":[{"embeddable":true,"href":"https:\/\/www.chu-tours.fr\/pemr-cvl\/wp-json\/wp\/v2\/users\/4"}],"replies":[{"embeddable":true,"href":"https:\/\/www.chu-tours.fr\/pemr-cvl\/wp-json\/wp\/v2\/comments?post=3343"}],"version-history":[{"count":1,"href":"https:\/\/www.chu-tours.fr\/pemr-cvl\/wp-json\/wp\/v2\/pages\/3343\/revisions"}],"predecessor-version":[{"id":3346,"href":"https:\/\/www.chu-tours.fr\/pemr-cvl\/wp-json\/wp\/v2\/pages\/3343\/revisions\/3346"}],"wp:featuredmedia":[{"embeddable":true,"href":"https:\/\/www.chu-tours.fr\/pemr-cvl\/wp-json\/wp\/v2\/media\/3342"}],"wp:attachment":[{"href":"https:\/\/www.chu-tours.fr\/pemr-cvl\/wp-json\/wp\/v2\/media?parent=3343"}],"curies":[{"name":"wp","href":"https:\/\/api.w.org\/{rel}","templated":true}]}}