{"id":3165,"date":"2025-04-04T09:14:49","date_gmt":"2025-04-04T07:14:49","guid":{"rendered":"https:\/\/www.chu-tours.fr\/pemr-cvl\/?page_id=3165"},"modified":"2025-04-04T09:14:49","modified_gmt":"2025-04-04T07:14:49","slug":"union-europeenne-et-maladies-rares","status":"publish","type":"page","link":"https:\/\/www.chu-tours.fr\/pemr-cvl\/union-europeenne-et-maladies-rares\/","title":{"rendered":"Union Europ\u00e9enne et Maladies Rares"},"content":{"rendered":"<p><em>D\u00e9couvrez les derni\u00e8res fiches d&#8217;informations de la Commission Europ\u00e9enne sur les maladies rares.<\/em><\/p>\n<ul>\n<li><a href=\"https:\/\/www.chu-tours.fr\/pemr-cvl\/wp-content\/uploads\/sites\/15\/2025\/04\/ern_how-eu-ern_2025-factsheet_fr.pdf\" target=\"_blank\" rel=\"noopener\">Comment la Commission europ\u00e9enne travaille sur les maladies rares et les r\u00e9seaux europ\u00e9ens de r\u00e9f\u00e9rence (ERNs)<\/a><\/li>\n<li><a href=\"https:\/\/www.chu-tours.fr\/pemr-cvl\/wp-content\/uploads\/sites\/15\/2025\/04\/erns_patients-families_2025_factsheet2025_fr.pdf\" target=\"_blank\" rel=\"noopener\">L\u2019UE s\u2019attaque aux maladies rares pour les patients et les familles<\/a><\/li>\n<\/ul>\n","protected":false},"excerpt":{"rendered":"<p>D\u00e9couvrez les derni\u00e8res fiches d&#8217;informations de la Commission Europ\u00e9enne sur les maladies rares. Comment la Commission europ\u00e9enne travaille sur les maladies rares et les r\u00e9seaux europ\u00e9ens de r\u00e9f\u00e9rence (ERNs) L\u2019UE s\u2019attaque aux maladies rares pour les patients et les familles<\/p>\n","protected":false},"author":4,"featured_media":3164,"parent":0,"menu_order":0,"comment_status":"closed","ping_status":"closed","template":"","meta":{"_seopress_robots_primary_cat":"","_seopress_titles_title":"","_seopress_titles_desc":"","_seopress_robots_index":"","_exactmetrics_skip_tracking":false,"_exactmetrics_sitenote_active":false,"_exactmetrics_sitenote_note":"","_exactmetrics_sitenote_category":0,"_genesis_hide_title":false,"_genesis_hide_breadcrumbs":false,"_genesis_hide_singular_image":false,"_genesis_hide_footer_widgets":false,"_genesis_custom_body_class":"","_genesis_custom_post_class":"","_genesis_layout":"","footnotes":""},"publishpress_future_action":{"enabled":false,"date":"2026-04-22 09:47:19","action":"change-status","newStatus":"draft","terms":[],"taxonomy":""},"_links":{"self":[{"href":"https:\/\/www.chu-tours.fr\/pemr-cvl\/wp-json\/wp\/v2\/pages\/3165"}],"collection":[{"href":"https:\/\/www.chu-tours.fr\/pemr-cvl\/wp-json\/wp\/v2\/pages"}],"about":[{"href":"https:\/\/www.chu-tours.fr\/pemr-cvl\/wp-json\/wp\/v2\/types\/page"}],"author":[{"embeddable":true,"href":"https:\/\/www.chu-tours.fr\/pemr-cvl\/wp-json\/wp\/v2\/users\/4"}],"replies":[{"embeddable":true,"href":"https:\/\/www.chu-tours.fr\/pemr-cvl\/wp-json\/wp\/v2\/comments?post=3165"}],"version-history":[{"count":1,"href":"https:\/\/www.chu-tours.fr\/pemr-cvl\/wp-json\/wp\/v2\/pages\/3165\/revisions"}],"predecessor-version":[{"id":3168,"href":"https:\/\/www.chu-tours.fr\/pemr-cvl\/wp-json\/wp\/v2\/pages\/3165\/revisions\/3168"}],"wp:featuredmedia":[{"embeddable":true,"href":"https:\/\/www.chu-tours.fr\/pemr-cvl\/wp-json\/wp\/v2\/media\/3164"}],"wp:attachment":[{"href":"https:\/\/www.chu-tours.fr\/pemr-cvl\/wp-json\/wp\/v2\/media?parent=3165"}],"curies":[{"name":"wp","href":"https:\/\/api.w.org\/{rel}","templated":true}]}}