{"id":3101,"date":"2025-02-27T15:34:16","date_gmt":"2025-02-27T14:34:16","guid":{"rendered":"https:\/\/www.chu-tours.fr\/pemr-cvl\/?page_id=3101"},"modified":"2025-02-27T15:34:16","modified_gmt":"2025-02-27T14:34:16","slug":"lancement-du-4eme-plan-national-maladies-rares","status":"publish","type":"page","link":"https:\/\/www.chu-tours.fr\/pemr-cvl\/lancement-du-4eme-plan-national-maladies-rares\/","title":{"rendered":"Lancement du 4\u00e8me Plan National Maladies Rares"},"content":{"rendered":"<p style=\"text-align: justify;\">\u00c0 l&#8217;approche de la <strong>Journ\u00e9e Internationale des Maladies Rares le 28 f\u00e9vrier<\/strong>, le PNMR4 intitul\u00e9 \u00ab<strong>\u00a0Des territoires vers l\u2019Europe<\/strong>\u00a0\u00bb a \u00e9t\u00e9 officiellement lanc\u00e9 <strong>le 25 f\u00e9vrier 2025<\/strong>\u00a0au Minist\u00e8re de la Sant\u00e9 par Madame Catherine Vautrin, Ministre du Travail, de la Sant\u00e9, des Solidarit\u00e9s et des Familles, Messieurs Philippe Baptiste, Ministre charg\u00e9 de l&#8217;Enseignement sup\u00e9rieur et de la Recherche, et Yannick Neuder, Ministre charg\u00e9 de la Sant\u00e9 et de l&#8217;Acc\u00e8s aux soins.<\/p>\n<p style=\"text-align: justify;\">Ce plan strat\u00e9gique, couvrant la p\u00e9riode <strong>2025-2030<\/strong>, vise \u00e0 renforcer la prise en charge de millions de personnes atteintes de maladies rares en France. Une enveloppe de pr\u00e8s de 36 millions d\u2019euros de cr\u00e9dits nouveaux est allou\u00e9e pour le fonctionnement des centres de r\u00e9f\u00e9rence maladies rares.<\/p>\n<p style=\"text-align: justify;\">Le PNMR4 sera dot\u00e9 de 223 millions d\u2019euros par an.<\/p>\n<p style=\"text-align: justify;\">Ce plan repose sur <strong>4 grands axes et 26 objectifs<\/strong>, avec l&#8217;ambition de garantir \u00e0 chaque patient et \u00e0 chaque famille un diagnostic rapide, une prise en charge appropri\u00e9e et un acc\u00e8s aux traitements :<\/p>\n<ul style=\"text-align: justify;\">\n<li><strong>AXE 1 <\/strong>&#8211; AM\u00c9LIORER LE PARCOURS DE VIE ET DE SOINS<\/li>\n<li><strong>AXE 2 <\/strong>&#8211; FACILITER ET ACC\u00c9L\u00c9RER LE DIAGNOSTIC<\/li>\n<li><strong>AXE 3 <\/strong>&#8211; PROMOUVOIR L\u2019ACC\u00c8S AUX TRAITEMENTS DANS LES MALADIES RARES<\/li>\n<li><strong>AXE 4 <\/strong>&#8211; D\u00c9VELOPPER LES BASES DE DONN\u00c9ES ET LES BIOBANQUES<\/li>\n<\/ul>\n<p style=\"text-align: justify;\">Communiqu\u00e9 de presse :<\/p>\n<ul style=\"text-align: justify;\">\n<li><a href=\"https:\/\/sante.gouv.fr\/actualites\/presse\/communiques-de-presse\/article\/des-territoires-vers-l-europe-le-gouvernement-lance-le-4e-plan-national\" target=\"_blank\" rel=\"noopener\">&#8220;Des territoires vers l&#8217;Europe&#8221; : le Gouvernement lance le 4e plan national consacr\u00e9 aux maladies rares &#8211; Minist\u00e8re du Travail, de la Sant\u00e9, des Solidarit\u00e9s et des Familles<\/a><\/li>\n<\/ul>\n<p style=\"text-align: justify;\">Consulter le PNMR 4 : <a href=\"https:\/\/sante.gouv.fr\/IMG\/pdf\/pnmr4.pdf\" target=\"_blank\" rel=\"noopener\">pnmr4.pdf<\/a><\/p>\n<p style=\"text-align: center;\"><a href=\"https:\/\/www.chu-tours.fr\/pemr-cvl\/wp-content\/uploads\/sites\/15\/2025\/02\/plan-national-MR-2025.png\" target=\"_blank\" rel=\"noopener\"><img fetchpriority=\"high\" decoding=\"async\" class=\"aligncenter wp-image-3100 size-medium\" src=\"https:\/\/www.chu-tours.fr\/pemr-cvl\/wp-content\/uploads\/sites\/15\/2025\/02\/plan-national-MR-2025-214x300.png\" alt=\"Lancement du 4\u00e8me Plan National Maladies Rares\" width=\"214\" height=\"300\" srcset=\"https:\/\/www.chu-tours.fr\/pemr-cvl\/wp-content\/uploads\/sites\/15\/2025\/02\/plan-national-MR-2025-214x300.png 214w, https:\/\/www.chu-tours.fr\/pemr-cvl\/wp-content\/uploads\/sites\/15\/2025\/02\/plan-national-MR-2025.png 729w\" sizes=\"(max-width: 214px) 100vw, 214px\" \/><\/a><\/p>\n","protected":false},"excerpt":{"rendered":"<p>\u00c0 l&#8217;approche de la Journ\u00e9e Internationale des Maladies Rares le 28 f\u00e9vrier, le PNMR4 intitul\u00e9 \u00ab\u00a0Des territoires vers l\u2019Europe\u00a0\u00bb a \u00e9t\u00e9 officiellement lanc\u00e9 le 25 f\u00e9vrier 2025\u00a0au Minist\u00e8re de la Sant\u00e9 par Madame Catherine Vautrin, Ministre du Travail, de la Sant\u00e9, des Solidarit\u00e9s et des Familles, Messieurs Philippe Baptiste, Ministre charg\u00e9 de l&#8217;Enseignement sup\u00e9rieur et [&hellip;]<\/p>\n","protected":false},"author":4,"featured_media":3099,"parent":0,"menu_order":0,"comment_status":"closed","ping_status":"closed","template":"","meta":{"_seopress_robots_primary_cat":"","_seopress_titles_title":"","_seopress_titles_desc":"","_seopress_robots_index":"","_exactmetrics_skip_tracking":false,"_exactmetrics_sitenote_active":false,"_exactmetrics_sitenote_note":"","_exactmetrics_sitenote_category":0,"_genesis_hide_title":false,"_genesis_hide_breadcrumbs":false,"_genesis_hide_singular_image":false,"_genesis_hide_footer_widgets":false,"_genesis_custom_body_class":"","_genesis_custom_post_class":"","_genesis_layout":"","footnotes":""},"publishpress_future_action":{"enabled":false,"date":"2026-04-22 09:46:09","action":"change-status","newStatus":"draft","terms":[],"taxonomy":""},"_links":{"self":[{"href":"https:\/\/www.chu-tours.fr\/pemr-cvl\/wp-json\/wp\/v2\/pages\/3101"}],"collection":[{"href":"https:\/\/www.chu-tours.fr\/pemr-cvl\/wp-json\/wp\/v2\/pages"}],"about":[{"href":"https:\/\/www.chu-tours.fr\/pemr-cvl\/wp-json\/wp\/v2\/types\/page"}],"author":[{"embeddable":true,"href":"https:\/\/www.chu-tours.fr\/pemr-cvl\/wp-json\/wp\/v2\/users\/4"}],"replies":[{"embeddable":true,"href":"https:\/\/www.chu-tours.fr\/pemr-cvl\/wp-json\/wp\/v2\/comments?post=3101"}],"version-history":[{"count":1,"href":"https:\/\/www.chu-tours.fr\/pemr-cvl\/wp-json\/wp\/v2\/pages\/3101\/revisions"}],"predecessor-version":[{"id":3104,"href":"https:\/\/www.chu-tours.fr\/pemr-cvl\/wp-json\/wp\/v2\/pages\/3101\/revisions\/3104"}],"wp:featuredmedia":[{"embeddable":true,"href":"https:\/\/www.chu-tours.fr\/pemr-cvl\/wp-json\/wp\/v2\/media\/3099"}],"wp:attachment":[{"href":"https:\/\/www.chu-tours.fr\/pemr-cvl\/wp-json\/wp\/v2\/media?parent=3101"}],"curies":[{"name":"wp","href":"https:\/\/api.w.org\/{rel}","templated":true}]}}