{"id":2772,"date":"2024-11-22T16:53:05","date_gmt":"2024-11-22T15:53:05","guid":{"rendered":"https:\/\/www.chu-tours.fr\/pemr-cvl\/?page_id=2772"},"modified":"2024-11-22T16:59:53","modified_gmt":"2024-11-22T15:59:53","slug":"sortie-du-film-histoires-de-cils","status":"publish","type":"page","link":"https:\/\/www.chu-tours.fr\/pemr-cvl\/sortie-du-film-histoires-de-cils\/","title":{"rendered":"Sortie du film &#8220;Histoires de Cils&#8221;"},"content":{"rendered":"<p><em>L&#8217;Association Dyskin\u00e9sie Ciliaire Primitive (ADCP) est heureuse d&#8217;annoncer la\u00a0<\/em><em>sortie de son nouveau film de sensibilisation, intitul\u00e9 \u201cHistoires de cils&#8221;. Ce film <\/em><em>\u00e9mouvant et inspirant a pour objectif de sensibiliser le grand public au quotidien\u00a0<\/em><em>des patient.es atteint.es de dyskin\u00e9sie ciliaire primitive, une maladie rare et encore\u00a0<\/em><em>m\u00e9connue. \u00c0 travers des t\u00e9moignages poignants de patient.es et de leur famille,\u00a0<\/em><em>le film illustre leur quotidien, leurs d\u00e9fis, et surtout leur incroyable\u00a0 r\u00e9silience et\u00a0<\/em><em>courage face \u00e0 la maladie.<\/em><\/p>\n<p>&gt;&gt; <a href=\"https:\/\/www.chu-tours.fr\/pemr-cvl\/wp-content\/uploads\/sites\/15\/2024\/11\/CP-ADCP-lancement-film-Histoires-de-cils.pdf\" target=\"_blank\" rel=\"noopener\">T\u00e9l\u00e9chargez le communiqu\u00e9 de presse<\/a><\/p>\n<p style=\"text-align: center;\"><a href=\"https:\/\/www.chu-tours.fr\/pemr-cvl\/wp-content\/uploads\/sites\/15\/2024\/11\/Flyer-Histoires-de-Cils-ADCP-web.png\"><img fetchpriority=\"high\" decoding=\"async\" class=\"aligncenter wp-image-2762 size-medium\" src=\"https:\/\/www.chu-tours.fr\/pemr-cvl\/wp-content\/uploads\/sites\/15\/2024\/11\/Flyer-Histoires-de-Cils-ADCP-web-222x300.png\" alt=\"sortie du film &quot;Histoires de Cils&quot;\" width=\"222\" height=\"300\" srcset=\"https:\/\/www.chu-tours.fr\/pemr-cvl\/wp-content\/uploads\/sites\/15\/2024\/11\/Flyer-Histoires-de-Cils-ADCP-web-222x300.png 222w, https:\/\/www.chu-tours.fr\/pemr-cvl\/wp-content\/uploads\/sites\/15\/2024\/11\/Flyer-Histoires-de-Cils-ADCP-web.png 758w\" sizes=\"(max-width: 222px) 100vw, 222px\" \/><\/a><\/p>\n","protected":false},"excerpt":{"rendered":"<p>L&#8217;Association Dyskin\u00e9sie Ciliaire Primitive (ADCP) est heureuse d&#8217;annoncer la\u00a0sortie de son nouveau film de sensibilisation, intitul\u00e9 \u201cHistoires de cils&#8221;. Ce film \u00e9mouvant et inspirant a pour objectif de sensibiliser le grand public au quotidien\u00a0des patient.es atteint.es de dyskin\u00e9sie ciliaire primitive, une maladie rare et encore\u00a0m\u00e9connue. \u00c0 travers des t\u00e9moignages poignants de patient.es et de leur [&hellip;]<\/p>\n","protected":false},"author":4,"featured_media":2782,"parent":0,"menu_order":0,"comment_status":"closed","ping_status":"closed","template":"","meta":{"_seopress_robots_primary_cat":"","_seopress_titles_title":"","_seopress_titles_desc":"","_seopress_robots_index":"","_exactmetrics_skip_tracking":false,"_exactmetrics_sitenote_active":false,"_exactmetrics_sitenote_note":"","_exactmetrics_sitenote_category":0,"_genesis_hide_title":false,"_genesis_hide_breadcrumbs":false,"_genesis_hide_singular_image":false,"_genesis_hide_footer_widgets":false,"_genesis_custom_body_class":"","_genesis_custom_post_class":"","_genesis_layout":"","footnotes":""},"publishpress_future_action":{"enabled":false,"date":"2026-04-22 09:46:10","action":"change-status","newStatus":"draft","terms":[],"taxonomy":""},"_links":{"self":[{"href":"https:\/\/www.chu-tours.fr\/pemr-cvl\/wp-json\/wp\/v2\/pages\/2772"}],"collection":[{"href":"https:\/\/www.chu-tours.fr\/pemr-cvl\/wp-json\/wp\/v2\/pages"}],"about":[{"href":"https:\/\/www.chu-tours.fr\/pemr-cvl\/wp-json\/wp\/v2\/types\/page"}],"author":[{"embeddable":true,"href":"https:\/\/www.chu-tours.fr\/pemr-cvl\/wp-json\/wp\/v2\/users\/4"}],"replies":[{"embeddable":true,"href":"https:\/\/www.chu-tours.fr\/pemr-cvl\/wp-json\/wp\/v2\/comments?post=2772"}],"version-history":[{"count":1,"href":"https:\/\/www.chu-tours.fr\/pemr-cvl\/wp-json\/wp\/v2\/pages\/2772\/revisions"}],"predecessor-version":[{"id":2775,"href":"https:\/\/www.chu-tours.fr\/pemr-cvl\/wp-json\/wp\/v2\/pages\/2772\/revisions\/2775"}],"wp:featuredmedia":[{"embeddable":true,"href":"https:\/\/www.chu-tours.fr\/pemr-cvl\/wp-json\/wp\/v2\/media\/2782"}],"wp:attachment":[{"href":"https:\/\/www.chu-tours.fr\/pemr-cvl\/wp-json\/wp\/v2\/media?parent=2772"}],"curies":[{"name":"wp","href":"https:\/\/api.w.org\/{rel}","templated":true}]}}