{"id":2465,"date":"2024-06-28T11:35:14","date_gmt":"2024-06-28T09:35:14","guid":{"rendered":"https:\/\/www.chu-tours.fr\/pemr-cvl\/?page_id=2465"},"modified":"2024-06-28T11:35:14","modified_gmt":"2024-06-28T09:35:14","slug":"lancement-de-la-communaute-360-de-lindre-et-loire","status":"publish","type":"page","link":"https:\/\/www.chu-tours.fr\/pemr-cvl\/lancement-de-la-communaute-360-de-lindre-et-loire\/","title":{"rendered":"Lancement de la Communaut\u00e9 360 de l\u2019Indre et Loire"},"content":{"rendered":"<p>Nous avons le plaisir de vous informer de la mise en place officielle de la Communaut\u00e9 360 port\u00e9e par APF France handicap.<\/p>\n<p>Financ\u00e9 par l\u2019Agence R\u00e9gionale de Sant\u00e9 ce dispositif apporte une r\u00e9ponse inconditionnelle et de proximit\u00e9 aux personnes en situation de handicap (reconnues ou non par la MDPH) et leurs aidants ainsi qu\u2019aux professionnels qui les accompagnent.<\/p>\n<p>Des conseill\u00e8res en parcours sont \u00e0 votre \u00e9coute du lundi au vendredi de <strong>9h \u00e0 17h<\/strong> au <strong><span style=\"color: #2bb718;\">0800 360 360<\/span><\/strong> (num\u00e9ro vert gratuit).<\/p>\n<p>&gt;&gt; <a href=\"https:\/\/www.chu-tours.fr\/pemr-cvl\/wp-content\/uploads\/sites\/15\/2024\/06\/Plaquette-Communaute-360-Indre-et-Loire.pdf\" target=\"_blank\" rel=\"noopener noreferrer\">Plaquette<\/a><\/p>\n<p style=\"text-align: center;\"><img fetchpriority=\"high\" decoding=\"async\" class=\"aligncenter wp-image-2462 size-large\" src=\"https:\/\/www.chu-tours.fr\/pemr-cvl\/wp-content\/uploads\/sites\/15\/2024\/06\/communaute-360-1024x649.jpg\" alt=\"Lancement de la Communaut\u00e9 360 de l\u2019Indre et Loire\" width=\"1024\" height=\"649\" srcset=\"https:\/\/www.chu-tours.fr\/pemr-cvl\/wp-content\/uploads\/sites\/15\/2024\/06\/communaute-360-1024x649.jpg 1024w, https:\/\/www.chu-tours.fr\/pemr-cvl\/wp-content\/uploads\/sites\/15\/2024\/06\/communaute-360-300x190.jpg 300w, https:\/\/www.chu-tours.fr\/pemr-cvl\/wp-content\/uploads\/sites\/15\/2024\/06\/communaute-360-768x487.jpg 768w, https:\/\/www.chu-tours.fr\/pemr-cvl\/wp-content\/uploads\/sites\/15\/2024\/06\/communaute-360.jpg 1353w\" sizes=\"(max-width: 1024px) 100vw, 1024px\" \/><\/p>\n","protected":false},"excerpt":{"rendered":"<p>Nous avons le plaisir de vous informer de la mise en place officielle de la Communaut\u00e9 360 port\u00e9e par APF France handicap. Financ\u00e9 par l\u2019Agence R\u00e9gionale de Sant\u00e9 ce dispositif apporte une r\u00e9ponse inconditionnelle et de proximit\u00e9 aux personnes en situation de handicap (reconnues ou non par la MDPH) et leurs aidants ainsi qu\u2019aux professionnels [&hellip;]<\/p>\n","protected":false},"author":4,"featured_media":2463,"parent":0,"menu_order":0,"comment_status":"closed","ping_status":"closed","template":"","meta":{"_seopress_robots_primary_cat":"","_seopress_titles_title":"","_seopress_titles_desc":"","_seopress_robots_index":"","_exactmetrics_skip_tracking":false,"_exactmetrics_sitenote_active":false,"_exactmetrics_sitenote_note":"","_exactmetrics_sitenote_category":0,"_genesis_hide_title":false,"_genesis_hide_breadcrumbs":false,"_genesis_hide_singular_image":false,"_genesis_hide_footer_widgets":false,"_genesis_custom_body_class":"","_genesis_custom_post_class":"","_genesis_layout":"","footnotes":""},"publishpress_future_action":{"enabled":false,"date":"2026-04-22 09:46:00","action":"change-status","newStatus":"draft","terms":[],"taxonomy":""},"_links":{"self":[{"href":"https:\/\/www.chu-tours.fr\/pemr-cvl\/wp-json\/wp\/v2\/pages\/2465"}],"collection":[{"href":"https:\/\/www.chu-tours.fr\/pemr-cvl\/wp-json\/wp\/v2\/pages"}],"about":[{"href":"https:\/\/www.chu-tours.fr\/pemr-cvl\/wp-json\/wp\/v2\/types\/page"}],"author":[{"embeddable":true,"href":"https:\/\/www.chu-tours.fr\/pemr-cvl\/wp-json\/wp\/v2\/users\/4"}],"replies":[{"embeddable":true,"href":"https:\/\/www.chu-tours.fr\/pemr-cvl\/wp-json\/wp\/v2\/comments?post=2465"}],"version-history":[{"count":1,"href":"https:\/\/www.chu-tours.fr\/pemr-cvl\/wp-json\/wp\/v2\/pages\/2465\/revisions"}],"predecessor-version":[{"id":2467,"href":"https:\/\/www.chu-tours.fr\/pemr-cvl\/wp-json\/wp\/v2\/pages\/2465\/revisions\/2467"}],"wp:featuredmedia":[{"embeddable":true,"href":"https:\/\/www.chu-tours.fr\/pemr-cvl\/wp-json\/wp\/v2\/media\/2463"}],"wp:attachment":[{"href":"https:\/\/www.chu-tours.fr\/pemr-cvl\/wp-json\/wp\/v2\/media?parent=2465"}],"curies":[{"name":"wp","href":"https:\/\/api.w.org\/{rel}","templated":true}]}}