{"id":1647,"date":"2023-09-20T10:14:57","date_gmt":"2023-09-20T08:14:57","guid":{"rendered":"https:\/\/www.chu-tours.fr\/pemr-cvl\/?page_id=1647"},"modified":"2025-11-20T13:59:12","modified_gmt":"2025-11-20T12:59:12","slug":"dispositif-paips-parcours-daccompagnement-individualise-vers-la-pratique-sportive","status":"publish","type":"page","link":"https:\/\/www.chu-tours.fr\/pemr-cvl\/dispositif-paips-parcours-daccompagnement-individualise-vers-la-pratique-sportive\/","title":{"rendered":"Dispositif PAIPS : Parcours d&#8217;Accompagnement Individualis\u00e9 vers la Pratique Sportive"},"content":{"rendered":"<p>Dans le cadre de ses missions et plus particuli\u00e8rement de celles aff\u00e9rentes \u00e0 son p\u00f4le \u00ab\u00a0sport, sant\u00e9 et bien-\u00eatre\u00a0\u00bb, le\u00a0<strong>Comit\u00e9 D\u00e9partemental Olympique et Sportif d\u2019Indre-et-Loire (CDOS 37)<\/strong>\u00a0est porteur le territoire d\u2019Indre-et-Loire du\u00a0<strong>dispositif PAIPS, \u00ab\u00a0Parcours d\u2019Accompagnement Individualis\u00e9 vers la Pratique Sportive\u00a0\u00bb<\/strong>.<\/p>\n<p>Ce dispositif a pour objectif d\u2019<strong>optimiser le parcours de soins\u00a0<\/strong>des b\u00e9n\u00e9ficiaires afin d\u2019am\u00e9liorer leur sant\u00e9 physique, mentale et sociale, de favoriser le d\u00e9veloppement de liens sociaux et de contribuer \u00e0 une meilleure confiance en soi via la pratique d\u2019activit\u00e9 physique adapt\u00e9e. Il vise la\u00a0<strong>pratique p\u00e9renne d\u2019une activit\u00e9 physique<\/strong>, tout en encourageant le b\u00e9n\u00e9ficiaire \u00e0\u00a0<strong>\u00eatre acteur de son parcours de soins et de son parcours de vie<\/strong>.<\/p>\n<p>L\u2019accompagnement se d\u00e9roule en plusieurs \u00e9tapes permettant d\u2019<strong>\u00e9valuer<\/strong>\u00a0les besoins et envies de la personne, ses capacit\u00e9s physiques, financi\u00e8res ou encore de d\u00e9placement afin de lui\u00a0<strong>proposer des activit\u00e9s qui lui correspondent au mieux<\/strong>. Un\u00a0<strong>accompagnement physique<\/strong>\u00a0sur les premi\u00e8res s\u00e9ances est propos\u00e9, et un\u00a0<strong>suivi<\/strong>\u00a0est r\u00e9alis\u00e9 tout au long de l\u2019accompagnement qui dure 6 mois et se cl\u00f4ture par un\u00a0<strong>bilan final<\/strong>.<\/p>\n<p><strong>Ce dispositif est gratuit et destin\u00e9 aux personnes souhaitant pratiquer une activit\u00e9 physique \u00e0 des fins de sant\u00e9 et de bien-\u00eatre, et notamment aux personnes atteintes d\u2019une Affection Longue Dur\u00e9e, d\u2019une maladie chronique, pr\u00e9sentant des facteurs de risque ou en situation de perte d\u2019autonomie.<\/strong><\/p>\n<p class=\"xmsonormal\" style=\"text-align: center; line-height: 115%; background: white;\" align=\"center\"><b><span style=\"font-size: 13.0pt; line-height: 115%; color: black;\">Personne \u00e0 contacter pour plus d\u2019informations ou pour int\u00e9grer le dispositif\u00a0: <\/span><\/b><\/p>\n<p class=\"xmsonormal\" style=\"text-align: center; line-height: 115%; background: white;\" align=\"center\"><b><span style=\"font-size: 12.0pt; line-height: 115%; color: #3cacae;\">Pauline FORTIN, r\u00e9f\u00e9rente du dispositif<\/span><\/b><\/p>\n<p class=\"xmsonormal\" style=\"text-align: center; line-height: 115%; background: white;\" align=\"center\"><b><span style=\"font-size: 12.0pt; line-height: 115%; color: #3cacae;\">07.56.41.14.21 \/ <a href=\"mailto:sportsante.indreetloire@franceolympique.com\"><span style=\"color: #3cacae;\">sportsante.indreetloire@franceolympique.com<\/span><\/a><\/span><\/b><\/p>\n<ul>\n<li style=\"text-align: left;\"><a href=\"https:\/\/www.chu-tours.fr\/pemr-cvl\/wp-content\/uploads\/sites\/15\/2025\/11\/Flyer-PAIPS-A5-version-2025.pdf\" target=\"_blank\" rel=\"noopener\">Flyer<\/a><\/li>\n<li style=\"text-align: left;\"><a href=\"https:\/\/www.chu-tours.fr\/pemr-cvl\/wp-content\/uploads\/sites\/15\/2023\/09\/Affiche-PAIPS-A4-VF.pdf\" target=\"_blank\" rel=\"noopener noreferrer\">Affiche<\/a><\/li>\n<\/ul>\n","protected":false},"excerpt":{"rendered":"<p>Dans le cadre de ses missions et plus particuli\u00e8rement de celles aff\u00e9rentes \u00e0 son p\u00f4le \u00ab\u00a0sport, sant\u00e9 et bien-\u00eatre\u00a0\u00bb, le\u00a0Comit\u00e9 D\u00e9partemental Olympique et Sportif d\u2019Indre-et-Loire (CDOS 37)\u00a0est porteur le territoire d\u2019Indre-et-Loire du\u00a0dispositif PAIPS, \u00ab\u00a0Parcours d\u2019Accompagnement Individualis\u00e9 vers la Pratique Sportive\u00a0\u00bb. Ce dispositif a pour objectif d\u2019optimiser le parcours de soins\u00a0des b\u00e9n\u00e9ficiaires afin d\u2019am\u00e9liorer leur sant\u00e9 [&hellip;]<\/p>\n","protected":false},"author":4,"featured_media":1646,"parent":0,"menu_order":0,"comment_status":"closed","ping_status":"closed","template":"","meta":{"_seopress_robots_primary_cat":"","_seopress_titles_title":"","_seopress_titles_desc":"","_seopress_robots_index":"","_exactmetrics_skip_tracking":false,"_exactmetrics_sitenote_active":false,"_exactmetrics_sitenote_note":"","_exactmetrics_sitenote_category":0,"_genesis_hide_title":false,"_genesis_hide_breadcrumbs":false,"_genesis_hide_singular_image":false,"_genesis_hide_footer_widgets":false,"_genesis_custom_body_class":"","_genesis_custom_post_class":"","_genesis_layout":"","footnotes":""},"publishpress_future_action":{"enabled":false,"date":"2026-04-22 09:46:09","action":"change-status","newStatus":"draft","terms":[],"taxonomy":""},"_links":{"self":[{"href":"https:\/\/www.chu-tours.fr\/pemr-cvl\/wp-json\/wp\/v2\/pages\/1647"}],"collection":[{"href":"https:\/\/www.chu-tours.fr\/pemr-cvl\/wp-json\/wp\/v2\/pages"}],"about":[{"href":"https:\/\/www.chu-tours.fr\/pemr-cvl\/wp-json\/wp\/v2\/types\/page"}],"author":[{"embeddable":true,"href":"https:\/\/www.chu-tours.fr\/pemr-cvl\/wp-json\/wp\/v2\/users\/4"}],"replies":[{"embeddable":true,"href":"https:\/\/www.chu-tours.fr\/pemr-cvl\/wp-json\/wp\/v2\/comments?post=1647"}],"version-history":[{"count":3,"href":"https:\/\/www.chu-tours.fr\/pemr-cvl\/wp-json\/wp\/v2\/pages\/1647\/revisions"}],"predecessor-version":[{"id":3584,"href":"https:\/\/www.chu-tours.fr\/pemr-cvl\/wp-json\/wp\/v2\/pages\/1647\/revisions\/3584"}],"wp:featuredmedia":[{"embeddable":true,"href":"https:\/\/www.chu-tours.fr\/pemr-cvl\/wp-json\/wp\/v2\/media\/1646"}],"wp:attachment":[{"href":"https:\/\/www.chu-tours.fr\/pemr-cvl\/wp-json\/wp\/v2\/media?parent=1647"}],"curies":[{"name":"wp","href":"https:\/\/api.w.org\/{rel}","templated":true}]}}