{"id":1512,"date":"2023-07-17T16:02:31","date_gmt":"2023-07-17T14:02:31","guid":{"rendered":"https:\/\/www.chu-tours.fr\/pemr-cvl\/?page_id=1512"},"modified":"2023-07-17T16:02:31","modified_gmt":"2023-07-17T14:02:31","slug":"actu-premier-dispositif-medical-connecte-concu-pour-accelerer-la-prise-en-charge-des-maladies-rares","status":"publish","type":"page","link":"https:\/\/www.chu-tours.fr\/pemr-cvl\/actu-premier-dispositif-medical-connecte-concu-pour-accelerer-la-prise-en-charge-des-maladies-rares\/","title":{"rendered":"Le premier dispositif m\u00e9dical connect\u00e9 con\u00e7u pour acc\u00e9l\u00e9rer la prise en charge des maladies rares !"},"content":{"rendered":"<p>Issue d\u2019un partenariat public-priv\u00e9 unique, RDKTM (Rare Disease Knowledge) est la premi\u00e8re application web et mobile pour les professionnels de sant\u00e9 con\u00e7ue pour combattre l\u2019errance diagnostique des patients atteints de maladies rares.<\/p>\n<p>&gt;&gt; <a href=\"https:\/\/www.chu-tours.fr\/pemr-cvl\/wp-content\/uploads\/sites\/15\/2023\/07\/RDKTM-1.pdf\" target=\"_blank\" rel=\"noopener noreferrer\">T\u00e9l\u00e9charger le flyer<\/a>.<\/p>\n","protected":false},"excerpt":{"rendered":"<p>Issue d\u2019un partenariat public-priv\u00e9 unique, RDKTM (Rare Disease Knowledge) est la premi\u00e8re application web et mobile pour les professionnels de sant\u00e9 con\u00e7ue pour combattre l\u2019errance diagnostique des patients atteints de maladies rares. &gt;&gt; T\u00e9l\u00e9charger le flyer.<\/p>\n","protected":false},"author":4,"featured_media":1504,"parent":0,"menu_order":0,"comment_status":"closed","ping_status":"closed","template":"","meta":{"_seopress_robots_primary_cat":"","_seopress_titles_title":"","_seopress_titles_desc":"","_seopress_robots_index":"","_exactmetrics_skip_tracking":false,"_exactmetrics_sitenote_active":false,"_exactmetrics_sitenote_note":"","_exactmetrics_sitenote_category":0,"_genesis_hide_title":false,"_genesis_hide_breadcrumbs":false,"_genesis_hide_singular_image":false,"_genesis_hide_footer_widgets":false,"_genesis_custom_body_class":"","_genesis_custom_post_class":"","_genesis_layout":"","footnotes":""},"publishpress_future_action":{"enabled":false,"date":"2026-04-22 09:48:03","action":"change-status","newStatus":"draft","terms":[],"taxonomy":""},"_links":{"self":[{"href":"https:\/\/www.chu-tours.fr\/pemr-cvl\/wp-json\/wp\/v2\/pages\/1512"}],"collection":[{"href":"https:\/\/www.chu-tours.fr\/pemr-cvl\/wp-json\/wp\/v2\/pages"}],"about":[{"href":"https:\/\/www.chu-tours.fr\/pemr-cvl\/wp-json\/wp\/v2\/types\/page"}],"author":[{"embeddable":true,"href":"https:\/\/www.chu-tours.fr\/pemr-cvl\/wp-json\/wp\/v2\/users\/4"}],"replies":[{"embeddable":true,"href":"https:\/\/www.chu-tours.fr\/pemr-cvl\/wp-json\/wp\/v2\/comments?post=1512"}],"version-history":[{"count":1,"href":"https:\/\/www.chu-tours.fr\/pemr-cvl\/wp-json\/wp\/v2\/pages\/1512\/revisions"}],"predecessor-version":[{"id":1514,"href":"https:\/\/www.chu-tours.fr\/pemr-cvl\/wp-json\/wp\/v2\/pages\/1512\/revisions\/1514"}],"wp:featuredmedia":[{"embeddable":true,"href":"https:\/\/www.chu-tours.fr\/pemr-cvl\/wp-json\/wp\/v2\/media\/1504"}],"wp:attachment":[{"href":"https:\/\/www.chu-tours.fr\/pemr-cvl\/wp-json\/wp\/v2\/media?parent=1512"}],"curies":[{"name":"wp","href":"https:\/\/api.w.org\/{rel}","templated":true}]}}