{"id":1509,"date":"2023-07-17T16:00:06","date_gmt":"2023-07-17T14:00:06","guid":{"rendered":"https:\/\/www.chu-tours.fr\/pemr-cvl\/?page_id=1509"},"modified":"2023-07-17T16:00:06","modified_gmt":"2023-07-17T14:00:06","slug":"actu-les-cahutes-de-louise","status":"publish","type":"page","link":"https:\/\/www.chu-tours.fr\/pemr-cvl\/actu-les-cahutes-de-louise\/","title":{"rendered":"Les Cahutes de Louise"},"content":{"rendered":"<p><strong>S&#8217;\u00c9VADER EN FAMILLE LOIN DE LA MALADIE<\/strong><\/p>\n<p>Vivre la maladie au quotidien implique une organisation intense ! Le combat est long et incertain, fait d&#8217;espoirs et de coups durs. Il faut penser \u00e0 s&#8217;offrir une bouff\u00e9e d&#8217;oxyg\u00e8ne, s&#8217;autoriser une parenth\u00e8se de r\u00e9pit pour se retrouver, se ressourcer, avancer.<\/p>\n<p><strong>&gt;&gt;<\/strong> <a href=\"https:\/\/www.chu-tours.fr\/pemr-cvl\/wp-content\/uploads\/sites\/15\/2023\/07\/Flyer_LesCahutesDeLouise-1.pdf\" target=\"_blank\" rel=\"noopener noreferrer\">T\u00e9l\u00e9charger le flyer<\/a>.<\/p>\n","protected":false},"excerpt":{"rendered":"<p>S&#8217;\u00c9VADER EN FAMILLE LOIN DE LA MALADIE Vivre la maladie au quotidien implique une organisation intense ! Le combat est long et incertain, fait d&#8217;espoirs et de coups durs. Il faut penser \u00e0 s&#8217;offrir une bouff\u00e9e d&#8217;oxyg\u00e8ne, s&#8217;autoriser une parenth\u00e8se de r\u00e9pit pour se retrouver, se ressourcer, avancer. &gt;&gt; T\u00e9l\u00e9charger le flyer.<\/p>\n","protected":false},"author":4,"featured_media":1503,"parent":0,"menu_order":0,"comment_status":"closed","ping_status":"closed","template":"","meta":{"_seopress_robots_primary_cat":"","_seopress_titles_title":"","_seopress_titles_desc":"","_seopress_robots_index":"","_exactmetrics_skip_tracking":false,"_exactmetrics_sitenote_active":false,"_exactmetrics_sitenote_note":"","_exactmetrics_sitenote_category":0,"_genesis_hide_title":false,"_genesis_hide_breadcrumbs":false,"_genesis_hide_singular_image":false,"_genesis_hide_footer_widgets":false,"_genesis_custom_body_class":"","_genesis_custom_post_class":"","_genesis_layout":"","footnotes":""},"publishpress_future_action":{"enabled":false,"date":"2026-04-22 09:47:19","action":"change-status","newStatus":"draft","terms":[],"taxonomy":""},"_links":{"self":[{"href":"https:\/\/www.chu-tours.fr\/pemr-cvl\/wp-json\/wp\/v2\/pages\/1509"}],"collection":[{"href":"https:\/\/www.chu-tours.fr\/pemr-cvl\/wp-json\/wp\/v2\/pages"}],"about":[{"href":"https:\/\/www.chu-tours.fr\/pemr-cvl\/wp-json\/wp\/v2\/types\/page"}],"author":[{"embeddable":true,"href":"https:\/\/www.chu-tours.fr\/pemr-cvl\/wp-json\/wp\/v2\/users\/4"}],"replies":[{"embeddable":true,"href":"https:\/\/www.chu-tours.fr\/pemr-cvl\/wp-json\/wp\/v2\/comments?post=1509"}],"version-history":[{"count":1,"href":"https:\/\/www.chu-tours.fr\/pemr-cvl\/wp-json\/wp\/v2\/pages\/1509\/revisions"}],"predecessor-version":[{"id":1511,"href":"https:\/\/www.chu-tours.fr\/pemr-cvl\/wp-json\/wp\/v2\/pages\/1509\/revisions\/1511"}],"wp:featuredmedia":[{"embeddable":true,"href":"https:\/\/www.chu-tours.fr\/pemr-cvl\/wp-json\/wp\/v2\/media\/1503"}],"wp:attachment":[{"href":"https:\/\/www.chu-tours.fr\/pemr-cvl\/wp-json\/wp\/v2\/media?parent=1509"}],"curies":[{"name":"wp","href":"https:\/\/api.w.org\/{rel}","templated":true}]}}