{"id":1109,"date":"2023-06-16T16:16:18","date_gmt":"2023-06-16T14:16:18","guid":{"rendered":"https:\/\/www.chu-tours.fr\/pemr-cvl\/?page_id=1109"},"modified":"2023-06-16T16:16:18","modified_gmt":"2023-06-16T14:16:18","slug":"actu-un-film-sur-lhistoire-de-lerrance-diagnostique","status":"publish","type":"page","link":"https:\/\/www.chu-tours.fr\/pemr-cvl\/actu-un-film-sur-lhistoire-de-lerrance-diagnostique\/","title":{"rendered":"Un film sur l\u2019histoire de l\u2019errance diagnostique"},"content":{"rendered":"<p>C\u2019est toujours la m\u00eame histoire, ensemble, changeons-la !<\/p>\n<p>Un film sur l\u2019histoire de l\u2019errance diagnostique des personnes atteintes d\u2019une maladie rare, un film pour dire qu\u2019il existe des solutions et appeler \u00e0 agir.<br \/>\n<strong>[vid\u00e9o] &#8211; Ensemble, changeons l&#8217;histoire. Acc\u00e9l\u00e9rons les diagnostics.<\/strong><br \/>\n<a href=\"https:\/\/alliance-maladies-rares.org\/jimr-2023\/\" target=\"_blank\" rel=\"noopener noreferrer\">Partagez ce film<\/a><\/p>\n<p style=\"text-align: center;\"><iframe height=\"314\" src=\"\/\/www.youtube.com\/embed\/W3GQ9CCCBlI\" width=\"560\"><\/iframe><\/p>\n<p>Alliance Maladies Rares<\/p>\n","protected":false},"excerpt":{"rendered":"<p>C\u2019est toujours la m\u00eame histoire, ensemble, changeons-la ! Un film sur l\u2019histoire de l\u2019errance diagnostique des personnes atteintes d\u2019une maladie rare, un film pour dire qu\u2019il existe des solutions et appeler \u00e0 agir. [vid\u00e9o] &#8211; Ensemble, changeons l&#8217;histoire. Acc\u00e9l\u00e9rons les diagnostics. Partagez ce film Alliance Maladies Rares<\/p>\n","protected":false},"author":4,"featured_media":0,"parent":0,"menu_order":0,"comment_status":"closed","ping_status":"closed","template":"","meta":{"_seopress_robots_primary_cat":"","_seopress_titles_title":"","_seopress_titles_desc":"","_seopress_robots_index":"","_exactmetrics_skip_tracking":false,"_exactmetrics_sitenote_active":false,"_exactmetrics_sitenote_note":"","_exactmetrics_sitenote_category":0,"_genesis_hide_title":false,"_genesis_hide_breadcrumbs":false,"_genesis_hide_singular_image":false,"_genesis_hide_footer_widgets":false,"_genesis_custom_body_class":"","_genesis_custom_post_class":"","_genesis_layout":"","footnotes":""},"publishpress_future_action":{"enabled":false,"date":"2026-04-22 09:47:20","action":"change-status","newStatus":"draft","terms":[],"taxonomy":""},"_links":{"self":[{"href":"https:\/\/www.chu-tours.fr\/pemr-cvl\/wp-json\/wp\/v2\/pages\/1109"}],"collection":[{"href":"https:\/\/www.chu-tours.fr\/pemr-cvl\/wp-json\/wp\/v2\/pages"}],"about":[{"href":"https:\/\/www.chu-tours.fr\/pemr-cvl\/wp-json\/wp\/v2\/types\/page"}],"author":[{"embeddable":true,"href":"https:\/\/www.chu-tours.fr\/pemr-cvl\/wp-json\/wp\/v2\/users\/4"}],"replies":[{"embeddable":true,"href":"https:\/\/www.chu-tours.fr\/pemr-cvl\/wp-json\/wp\/v2\/comments?post=1109"}],"version-history":[{"count":1,"href":"https:\/\/www.chu-tours.fr\/pemr-cvl\/wp-json\/wp\/v2\/pages\/1109\/revisions"}],"predecessor-version":[{"id":1111,"href":"https:\/\/www.chu-tours.fr\/pemr-cvl\/wp-json\/wp\/v2\/pages\/1109\/revisions\/1111"}],"wp:attachment":[{"href":"https:\/\/www.chu-tours.fr\/pemr-cvl\/wp-json\/wp\/v2\/media?parent=1109"}],"curies":[{"name":"wp","href":"https:\/\/api.w.org\/{rel}","templated":true}]}}