{"id":968,"date":"2025-05-28T15:00:19","date_gmt":"2025-05-28T13:00:19","guid":{"rendered":"https:\/\/www.chu-tours.fr\/nri\/?page_id=968"},"modified":"2025-06-30T10:10:18","modified_gmt":"2025-06-30T08:10:18","slug":"region-cranio-encephalique","status":"publish","type":"page","link":"https:\/\/www.chu-tours.fr\/nri\/region-cranio-encephalique\/","title":{"rendered":"R\u00e9gion cranio-enc\u00e9phalique"},"content":{"rendered":"\t\t<div data-elementor-type=\"wp-page\" data-elementor-id=\"968\" class=\"elementor elementor-968\" data-elementor-post-type=\"page\">\n\t\t\t\t\t\t<section class=\"elementor-section elementor-top-section elementor-element elementor-element-3bcc069 elementor-section-boxed elementor-section-height-default elementor-section-height-default\" data-id=\"3bcc069\" data-element_type=\"section\">\n\t\t\t\t\t\t<div class=\"elementor-container elementor-column-gap-default\">\n\t\t\t\t\t<div class=\"elementor-column elementor-col-100 elementor-top-column elementor-element elementor-element-5134616\" data-id=\"5134616\" data-element_type=\"column\">\n\t\t\t<div class=\"elementor-widget-wrap elementor-element-populated\">\n\t\t\t\t\t\t<div class=\"elementor-element elementor-element-9c3f5ae elementor-widget elementor-widget-heading\" data-id=\"9c3f5ae\" data-element_type=\"widget\" data-widget_type=\"heading.default\">\n\t\t\t\t<div class=\"elementor-widget-container\">\n\t\t\t<h2 class=\"elementor-heading-title elementor-size-default\">Pathologies prises en charge<\/h2>\t\t<\/div>\n\t\t\t\t<\/div>\n\t\t\t\t<section class=\"elementor-section elementor-inner-section elementor-element elementor-element-2129220 elementor-section-boxed elementor-section-height-default elementor-section-height-default\" data-id=\"2129220\" data-element_type=\"section\">\n\t\t\t\t\t\t<div class=\"elementor-container elementor-column-gap-default\">\n\t\t\t\t\t<div class=\"elementor-column elementor-col-50 elementor-inner-column elementor-element elementor-element-4d33743\" data-id=\"4d33743\" data-element_type=\"column\">\n\t\t\t<div class=\"elementor-widget-wrap elementor-element-populated\">\n\t\t\t\t\t\t<div class=\"elementor-element elementor-element-8e25dfc elementor-widget elementor-widget-text-editor\" data-id=\"8e25dfc\" data-element_type=\"widget\" data-widget_type=\"text-editor.default\">\n\t\t\t\t<div class=\"elementor-widget-container\">\n\t\t\t\t\t\t\t<ul><li><a href=\"https:\/\/www.chu-tours.fr\/nri\/anevrisme-intracranien\/\"><strong>an\u00e9vrisme<\/strong><\/a><\/li><li><a href=\"https:\/\/www.chu-tours.fr\/nri\/accident-vasculaire-cerebral-ischemique-avc\/\"><strong>accident vasculaire isch\u00e9mique\u00a0<\/strong><\/a><\/li><li><a href=\"https:\/\/www.chu-tours.fr\/nri\/fistule-durale\/\"><strong>fistule durale<\/strong><\/a><\/li><li><a href=\"https:\/\/www.chu-tours.fr\/nri\/malformation-arterio-veineuse-cerebrale\/\"><strong>malformation art\u00e9riographie-veineuse<\/strong><\/a><\/li><li><a href=\"https:\/\/www.chu-tours.fr\/nri\/hematome-sous-dural-chronique\/\"><strong>h\u00e9matome sous-dural chronique<\/strong><\/a><\/li><li><strong>acouph\u00e8ne pulsatile d\u2019origine veineuse<\/strong><\/li><li><strong>diaphragme art\u00e9riel<\/strong><\/li><li><strong>hypertension intra-cr\u00e2nienne d\u2019origine veineuse (ou \u00ab idiopathique \u00bb)<\/strong><\/li><li><strong>h\u00e9morragie m\u00e9ning\u00e9e \u00ab sine mat\u00e9ria \u00bb\u00a0<\/strong><\/li><li><strong>saignements de la sph\u00e8re oto-rhino-laryng\u00e9e<\/strong><\/li><\/ul>\t\t\t\t\t\t<\/div>\n\t\t\t\t<\/div>\n\t\t\t\t\t<\/div>\n\t\t<\/div>\n\t\t\t\t<div class=\"elementor-column elementor-col-50 elementor-inner-column elementor-element elementor-element-791a26c\" data-id=\"791a26c\" data-element_type=\"column\">\n\t\t\t<div class=\"elementor-widget-wrap elementor-element-populated\">\n\t\t\t\t\t\t<div class=\"elementor-element elementor-element-444a90d elementor-widget elementor-widget-global elementor-global-1028 elementor-widget-text-editor\" data-id=\"444a90d\" data-element_type=\"widget\" data-widget_type=\"text-editor.default\">\n\t\t\t\t<div class=\"elementor-widget-container\">\n\t\t\t\t\t\t\t<blockquote><p><span style=\"font-size: 18pt;\">Publications scientifiques francophones de l&#8217;\u00e9quipe m\u00e9dicale<\/span><\/p><\/blockquote>\t\t\t\t\t\t<\/div>\n\t\t\t\t<\/div>\n\t\t\t\t<div class=\"elementor-element elementor-element-6c50eea elementor-widget elementor-widget-text-editor\" data-id=\"6c50eea\" data-element_type=\"widget\" data-widget_type=\"text-editor.default\">\n\t\t\t\t<div class=\"elementor-widget-container\">\n\t\t\t\t\t\t\t<ul><li><a href=\"https:\/\/www.chu-tours.fr\/nri\/wp-content\/uploads\/sites\/8\/2025\/06\/acouphenes-pulsatiles.pdf\" target=\"_blank\" rel=\"noopener\">Acouph\u00e8ne pulsatile, r\u00f4le du neuroradiologue interventionnel, le cauchemar est gu\u00e9rissable<\/a><\/li><li><a href=\"https:\/\/www.chu-tours.fr\/nri\/wp-content\/uploads\/sites\/8\/2025\/06\/diaphragme-carotidien-DH.pdf\" target=\"_blank\" rel=\"noopener\">Diaphragme carotidien<\/a><\/li><\/ul>\t\t\t\t\t\t<\/div>\n\t\t\t\t<\/div>\n\t\t\t\t\t<\/div>\n\t\t<\/div>\n\t\t\t\t\t<\/div>\n\t\t<\/section>\n\t\t\t\t\t<\/div>\n\t\t<\/div>\n\t\t\t\t\t<\/div>\n\t\t<\/section>\n\t\t\t\t<section class=\"elementor-section elementor-top-section elementor-element elementor-element-8e4233a elementor-section-boxed elementor-section-height-default elementor-section-height-default\" data-id=\"8e4233a\" data-element_type=\"section\">\n\t\t\t\t\t\t<div class=\"elementor-container elementor-column-gap-default\">\n\t\t\t\t\t<div class=\"elementor-column elementor-col-100 elementor-top-column elementor-element elementor-element-0784557\" data-id=\"0784557\" data-element_type=\"column\">\n\t\t\t<div class=\"elementor-widget-wrap\">\n\t\t\t\t\t\t\t<\/div>\n\t\t<\/div>\n\t\t\t\t\t<\/div>\n\t\t<\/section>\n\t\t\t\t<\/div>\n\t\t","protected":false},"excerpt":{"rendered":"<p>Pathologies prises en charge an\u00e9vrisme accident vasculaire isch\u00e9mique\u00a0 fistule durale malformation art\u00e9riographie-veineuse h\u00e9matome sous-dural chronique acouph\u00e8ne pulsatile d\u2019origine veineuse diaphragme art\u00e9riel hypertension intra-cr\u00e2nienne d\u2019origine veineuse (ou \u00ab idiopathique \u00bb) h\u00e9morragie m\u00e9ning\u00e9e \u00ab sine mat\u00e9ria \u00bb\u00a0 saignements de la sph\u00e8re oto-rhino-laryng\u00e9e Publications scientifiques francophones de l&#8217;\u00e9quipe m\u00e9dicale Acouph\u00e8ne pulsatile, r\u00f4le du neuroradiologue interventionnel, le cauchemar est [&hellip;]<\/p>\n","protected":false},"author":4,"featured_media":0,"parent":0,"menu_order":0,"comment_status":"closed","ping_status":"closed","template":"","meta":{"_seopress_robots_primary_cat":"","_seopress_titles_title":"","_seopress_titles_desc":"","_seopress_robots_index":"","_exactmetrics_skip_tracking":false,"_exactmetrics_sitenote_active":false,"_exactmetrics_sitenote_note":"","_exactmetrics_sitenote_category":0,"_genesis_hide_title":false,"_genesis_hide_breadcrumbs":false,"_genesis_hide_singular_image":false,"_genesis_hide_footer_widgets":false,"_genesis_custom_body_class":"","_genesis_custom_post_class":"","_genesis_layout":"","footnotes":""},"publishpress_future_action":{"enabled":false,"date":"2026-05-02 19:54:33","action":"change-status","newStatus":"draft","terms":[],"taxonomy":""},"_links":{"self":[{"href":"https:\/\/www.chu-tours.fr\/nri\/wp-json\/wp\/v2\/pages\/968"}],"collection":[{"href":"https:\/\/www.chu-tours.fr\/nri\/wp-json\/wp\/v2\/pages"}],"about":[{"href":"https:\/\/www.chu-tours.fr\/nri\/wp-json\/wp\/v2\/types\/page"}],"author":[{"embeddable":true,"href":"https:\/\/www.chu-tours.fr\/nri\/wp-json\/wp\/v2\/users\/4"}],"replies":[{"embeddable":true,"href":"https:\/\/www.chu-tours.fr\/nri\/wp-json\/wp\/v2\/comments?post=968"}],"version-history":[{"count":13,"href":"https:\/\/www.chu-tours.fr\/nri\/wp-json\/wp\/v2\/pages\/968\/revisions"}],"predecessor-version":[{"id":1039,"href":"https:\/\/www.chu-tours.fr\/nri\/wp-json\/wp\/v2\/pages\/968\/revisions\/1039"}],"wp:attachment":[{"href":"https:\/\/www.chu-tours.fr\/nri\/wp-json\/wp\/v2\/media?parent=968"}],"curies":[{"name":"wp","href":"https:\/\/api.w.org\/{rel}","templated":true}]}}