{"id":81,"date":"2020-12-30T10:55:16","date_gmt":"2020-12-30T09:55:16","guid":{"rendered":"https:\/\/www.chu-tours.fr\/nri\/?page_id=81"},"modified":"2023-10-03T15:11:07","modified_gmt":"2023-10-03T13:11:07","slug":"malformation-arterio-veineuse-cerebrale","status":"publish","type":"page","link":"https:\/\/www.chu-tours.fr\/nri\/malformation-arterio-veineuse-cerebrale\/","title":{"rendered":"Malformation Art\u00e9rio-Veineuse c\u00e9r\u00e9brale"},"content":{"rendered":"\t\t<div data-elementor-type=\"wp-page\" data-elementor-id=\"81\" class=\"elementor elementor-81\" data-elementor-post-type=\"page\">\n\t\t\t\t\t\t<section class=\"elementor-section elementor-top-section elementor-element elementor-element-3ca052e elementor-section-boxed elementor-section-height-default elementor-section-height-default\" data-id=\"3ca052e\" data-element_type=\"section\">\n\t\t\t\t\t\t<div class=\"elementor-container elementor-column-gap-default\">\n\t\t\t\t\t<div class=\"elementor-column elementor-col-100 elementor-top-column elementor-element elementor-element-311e115\" data-id=\"311e115\" data-element_type=\"column\">\n\t\t\t<div class=\"elementor-widget-wrap elementor-element-populated\">\n\t\t\t\t\t\t<div class=\"elementor-element elementor-element-da48a3a elementor-widget elementor-widget-global elementor-global-564 elementor-widget-image\" data-id=\"da48a3a\" data-element_type=\"widget\" data-settings=\"{&quot;_animation&quot;:&quot;none&quot;}\" data-widget_type=\"image.default\">\n\t\t\t\t<div class=\"elementor-widget-container\">\n\t\t\t\t\t\t\t\t\t\t\t\t\t<img fetchpriority=\"high\" decoding=\"async\" width=\"381\" height=\"400\" src=\"https:\/\/www.chu-tours.fr\/nri\/wp-content\/uploads\/sites\/8\/2021\/02\/Logo_NRI_tours_h400_trans.png\" class=\"attachment-full size-full wp-image-686\" alt=\"logo NRI CHRU Tours fond transparent\" srcset=\"https:\/\/www.chu-tours.fr\/nri\/wp-content\/uploads\/sites\/8\/2021\/02\/Logo_NRI_tours_h400_trans.png 381w, https:\/\/www.chu-tours.fr\/nri\/wp-content\/uploads\/sites\/8\/2021\/02\/Logo_NRI_tours_h400_trans-286x300.png 286w\" sizes=\"(max-width: 381px) 100vw, 381px\" \/>\t\t\t\t\t\t\t\t\t\t\t\t\t<\/div>\n\t\t\t\t<\/div>\n\t\t\t\t\t<\/div>\n\t\t<\/div>\n\t\t\t\t\t<\/div>\n\t\t<\/section>\n\t\t\t\t<section class=\"elementor-section elementor-top-section elementor-element elementor-element-7dd67d6 elementor-section-boxed elementor-section-height-default elementor-section-height-default\" data-id=\"7dd67d6\" data-element_type=\"section\">\n\t\t\t\t\t\t<div class=\"elementor-container elementor-column-gap-default\">\n\t\t\t\t\t<div class=\"elementor-column elementor-col-50 elementor-top-column elementor-element elementor-element-221ee59\" data-id=\"221ee59\" data-element_type=\"column\">\n\t\t\t<div class=\"elementor-widget-wrap elementor-element-populated\">\n\t\t\t\t\t\t<div class=\"elementor-element elementor-element-fc02d34 elementor-widget elementor-widget-heading\" data-id=\"fc02d34\" data-element_type=\"widget\" data-widget_type=\"heading.default\">\n\t\t\t\t<div class=\"elementor-widget-container\">\n\t\t\t<h2 class=\"elementor-heading-title elementor-size-default\">Malformations art\u00e9rio-veineuses c\u00e9r\u00e9brales<\/h2>\t\t<\/div>\n\t\t\t\t<\/div>\n\t\t\t\t<section class=\"elementor-section elementor-inner-section elementor-element elementor-element-393d99c elementor-section-boxed elementor-section-height-default elementor-section-height-default\" data-id=\"393d99c\" data-element_type=\"section\">\n\t\t\t\t\t\t<div class=\"elementor-container elementor-column-gap-default\">\n\t\t\t\t\t<div class=\"elementor-column elementor-col-100 elementor-inner-column elementor-element elementor-element-bf02fd9\" data-id=\"bf02fd9\" data-element_type=\"column\">\n\t\t\t<div class=\"elementor-widget-wrap elementor-element-populated\">\n\t\t\t\t\t\t<div class=\"elementor-element elementor-element-e9ac178 elementor-widget elementor-widget-text-editor\" data-id=\"e9ac178\" data-element_type=\"widget\" data-widget_type=\"text-editor.default\">\n\t\t\t\t<div class=\"elementor-widget-container\">\n\t\t\t\t\t\t\t<p><strong>Une malformation art\u00e9rio-veineuse est une communication anormale entre des art\u00e8res et des veines du cerveau.<\/strong><\/p>\t\t\t\t\t\t<\/div>\n\t\t\t\t<\/div>\n\t\t\t\t\t<\/div>\n\t\t<\/div>\n\t\t\t\t\t<\/div>\n\t\t<\/section>\n\t\t\t\t\t<\/div>\n\t\t<\/div>\n\t\t\t\t<div class=\"elementor-column elementor-col-50 elementor-top-column elementor-element elementor-element-9557a1f\" data-id=\"9557a1f\" data-element_type=\"column\">\n\t\t\t<div class=\"elementor-widget-wrap elementor-element-populated\">\n\t\t\t\t\t\t<div class=\"elementor-element elementor-element-f9a9bf4 elementor-widget elementor-widget-global elementor-global-708 elementor-widget-text-editor\" data-id=\"f9a9bf4\" data-element_type=\"widget\" data-widget_type=\"text-editor.default\">\n\t\t\t\t<div class=\"elementor-widget-container\">\n\t\t\t\t\t\t\t<blockquote><p><span style=\"font-size: 18pt;\">Fiches Information Patients(es)<\/span><\/p><\/blockquote>\t\t\t\t\t\t<\/div>\n\t\t\t\t<\/div>\n\t\t\t\t<div class=\"elementor-element elementor-element-702b949 elementor-widget elementor-widget-text-editor\" data-id=\"702b949\" data-element_type=\"widget\" data-widget_type=\"text-editor.default\">\n\t\t\t\t<div class=\"elementor-widget-container\">\n\t\t\t\t\t\t\t<ul><li><a href=\"\/nri\/wp-content\/uploads\/sites\/8\/2023\/10\/FIP_RB_MAV.pdf\" target=\"_blank\" rel=\"noopener\">Traitement des malformations art\u00e9rio-veineuses (MAV)<\/a><br \/><a href=\"_wp_link_placeholder\">en neuroradiologie interventionnelle<\/a><\/li><\/ul>\t\t\t\t\t\t<\/div>\n\t\t\t\t<\/div>\n\t\t\t\t\t<\/div>\n\t\t<\/div>\n\t\t\t\t\t<\/div>\n\t\t<\/section>\n\t\t\t\t<section class=\"elementor-section elementor-top-section elementor-element elementor-element-f90a817 elementor-section-boxed elementor-section-height-default elementor-section-height-default\" data-id=\"f90a817\" data-element_type=\"section\">\n\t\t\t\t\t\t<div class=\"elementor-container elementor-column-gap-default\">\n\t\t\t\t\t<div class=\"elementor-column elementor-col-100 elementor-top-column elementor-element elementor-element-03d5543\" data-id=\"03d5543\" data-element_type=\"column\">\n\t\t\t<div class=\"elementor-widget-wrap elementor-element-populated\">\n\t\t\t\t\t\t<div class=\"elementor-element elementor-element-c5e671e elementor-widget elementor-widget-image\" data-id=\"c5e671e\" data-element_type=\"widget\" data-widget_type=\"image.default\">\n\t\t\t\t<div class=\"elementor-widget-container\">\n\t\t\t\t\t\t\t\t\t\t<figure class=\"wp-caption\">\n\t\t\t\t\t\t\t\t\t\t\t<a href=\"https:\/\/www.chu-tours.fr\/nri\/wp-content\/uploads\/sites\/8\/2021\/01\/mav1.png\" data-elementor-open-lightbox=\"yes\" data-elementor-lightbox-title=\"mav1\" data-e-action-hash=\"#elementor-action%3Aaction%3Dlightbox%26settings%3DeyJpZCI6MTg1LCJ1cmwiOiJodHRwczpcL1wvd3d3LmNodS10b3Vycy5mclwvbnJpXC93cC1jb250ZW50XC91cGxvYWRzXC9zaXRlc1wvOFwvMjAyMVwvMDFcL21hdjEucG5nIn0%3D\">\n\t\t\t\t\t\t\t<img decoding=\"async\" width=\"768\" height=\"308\" src=\"https:\/\/www.chu-tours.fr\/nri\/wp-content\/uploads\/sites\/8\/2021\/01\/mav1-768x308.png\" class=\"attachment-medium_large size-medium_large wp-image-185\" alt=\"Malformation art\u00e9rio-veineuse\" srcset=\"https:\/\/www.chu-tours.fr\/nri\/wp-content\/uploads\/sites\/8\/2021\/01\/mav1-768x308.png 768w, https:\/\/www.chu-tours.fr\/nri\/wp-content\/uploads\/sites\/8\/2021\/01\/mav1-300x120.png 300w, https:\/\/www.chu-tours.fr\/nri\/wp-content\/uploads\/sites\/8\/2021\/01\/mav1-1024x411.png 1024w, https:\/\/www.chu-tours.fr\/nri\/wp-content\/uploads\/sites\/8\/2021\/01\/mav1-1536x616.png 1536w, https:\/\/www.chu-tours.fr\/nri\/wp-content\/uploads\/sites\/8\/2021\/01\/mav1-2048x822.png 2048w\" sizes=\"(max-width: 768px) 100vw, 768px\" \/>\t\t\t\t\t\t\t\t<\/a>\n\t\t\t\t\t\t\t\t\t\t\t<figcaption class=\"widget-image-caption wp-caption-text\">Malformation art\u00e9rio-veineuse<\/figcaption>\n\t\t\t\t\t\t\t\t\t\t<\/figure>\n\t\t\t\t\t\t\t<\/div>\n\t\t\t\t<\/div>\n\t\t\t\t<div class=\"elementor-element elementor-element-ea372a1 elementor-widget elementor-widget-text-editor\" data-id=\"ea372a1\" data-element_type=\"widget\" data-widget_type=\"text-editor.default\">\n\t\t\t\t<div class=\"elementor-widget-container\">\n\t\t\t\t\t\t\t<p>Le r\u00e9seau capillaire qui se trouve normalement entre ces art\u00e8res et ces veines n\u2019existe pas, et est remplac\u00e9 par un r\u00e9seau compl\u00e8tement d\u00e9sorganis\u00e9.<\/p><p>Il s\u2019agit d\u2019une pathologie relativement <span style=\"color: #ed1164;\"><strong>rare<\/strong><\/span>, dont la pr\u00e9valence est estim\u00e9e \u00e0 environ 10 pour 100 000 habitants.<\/p>\t\t\t\t\t\t<\/div>\n\t\t\t\t<\/div>\n\t\t\t\t\t<\/div>\n\t\t<\/div>\n\t\t\t\t\t<\/div>\n\t\t<\/section>\n\t\t\t\t<section class=\"elementor-section elementor-top-section elementor-element elementor-element-36bf606 elementor-section-boxed elementor-section-height-default elementor-section-height-default\" data-id=\"36bf606\" data-element_type=\"section\">\n\t\t\t\t\t\t<div class=\"elementor-container elementor-column-gap-default\">\n\t\t\t\t\t<div class=\"elementor-column elementor-col-100 elementor-top-column elementor-element elementor-element-96f84d6\" data-id=\"96f84d6\" data-element_type=\"column\">\n\t\t\t<div class=\"elementor-widget-wrap elementor-element-populated\">\n\t\t\t\t\t\t<div class=\"elementor-element elementor-element-7dde29b elementor-widget elementor-widget-image\" data-id=\"7dde29b\" data-element_type=\"widget\" data-widget_type=\"image.default\">\n\t\t\t\t<div class=\"elementor-widget-container\">\n\t\t\t\t\t\t\t\t\t\t<figure class=\"wp-caption\">\n\t\t\t\t\t\t\t\t\t\t\t<a href=\"https:\/\/www.chu-tours.fr\/nri\/wp-content\/uploads\/sites\/8\/2021\/01\/mav_anim.gif\" data-elementor-open-lightbox=\"yes\" data-elementor-lightbox-title=\"mav_anim\" data-e-action-hash=\"#elementor-action%3Aaction%3Dlightbox%26settings%3DeyJpZCI6MzU5LCJ1cmwiOiJodHRwczpcL1wvd3d3LmNodS10b3Vycy5mclwvbnJpXC93cC1jb250ZW50XC91cGxvYWRzXC9zaXRlc1wvOFwvMjAyMVwvMDFcL21hdl9hbmltLmdpZiJ9\">\n\t\t\t\t\t\t\t<img decoding=\"async\" width=\"262\" height=\"300\" src=\"https:\/\/www.chu-tours.fr\/nri\/wp-content\/uploads\/sites\/8\/2021\/01\/mav_anim-262x300.gif\" class=\"attachment-medium size-medium wp-image-359\" alt=\"Malformation Art\u00e9rio-Veineuse\" \/>\t\t\t\t\t\t\t\t<\/a>\n\t\t\t\t\t\t\t\t\t\t\t<figcaption class=\"widget-image-caption wp-caption-text\">Malformation Art\u00e9rio-Veineuse<\/figcaption>\n\t\t\t\t\t\t\t\t\t\t<\/figure>\n\t\t\t\t\t\t\t<\/div>\n\t\t\t\t<\/div>\n\t\t\t\t<div class=\"elementor-element elementor-element-a0bfba9 elementor-widget elementor-widget-text-editor\" data-id=\"a0bfba9\" data-element_type=\"widget\" data-widget_type=\"text-editor.default\">\n\t\t\t\t<div class=\"elementor-widget-container\">\n\t\t\t\t\t\t\t<p>La malformation est pr\u00e9sente d\u00e8s la naissance et peut se r\u00e9v\u00e9ler \u00e0 l\u2019\u00e2ge adulte, par un <span style=\"color: #ed1164;\"><strong>saignement<\/strong> <\/span>intra-cr\u00e2nien, par des <span style=\"color: #ed1164;\"><strong>crises convulsives <\/strong><\/span>ou un mal<span style=\"color: #ed1164;\"><strong> de cr\u00e2ne<\/strong><\/span>. Elle peut aussi \u00eatre <span style=\"color: #ed1164;\"><strong>asymptomatique<\/strong> <\/span>et d\u00e9couverte de mani\u00e8re fortuite.<\/p><p>Sa prise en charge th\u00e9rapeutique est <span style=\"color: #ed1164;\"><strong>sp\u00e9cialis\u00e9e<\/strong><\/span>\u00a0et n\u00e9cessite une <strong><span style=\"color: #ed1164;\">discussion en r\u00e9union de concertation pluridisciplinaire <\/span><\/strong><a href=\"https:\/\/www.chu-tours.fr\/nri\/larteriographie\/\" target=\"_blank\" rel=\"noopener\">apr\u00e8s r\u00e9alisation d\u2019une art\u00e9riographie<\/a><strong>.<\/strong><\/p><p>En fonction de la malformation et des caract\u00e9ristiques individuelles du patient, plusieurs prises en charge sont possibles :<\/p><ul><li>l\u2019abstention avec mise en place d\u2019un suivi par IRM,<\/li><li>une intervention par voie endovasculaire,<\/li><li>par radiochirurgie<\/li><li>par <a href=\"https:\/\/www.chu-tours.fr\/etre-soigne-et-rendre-visite-a-un-patient\/joindre-le-chru\/liste-des-services\/neurochirurgie-hospitalisation-complete-et-consultations-externes-adultes-bretonneau\/\" target=\"_blank\" rel=\"noopener\">chirurgie ouverte<\/a>\u00a0<\/li><\/ul><p>Ces trois derni\u00e8res techniques peuvent aussi \u00eatre combin\u00e9es.<\/p>\t\t\t\t\t\t<\/div>\n\t\t\t\t<\/div>\n\t\t\t\t\t<\/div>\n\t\t<\/div>\n\t\t\t\t\t<\/div>\n\t\t<\/section>\n\t\t\t\t<section class=\"elementor-section elementor-top-section elementor-element elementor-element-d1fbcfb elementor-section-boxed elementor-section-height-default elementor-section-height-default\" data-id=\"d1fbcfb\" data-element_type=\"section\">\n\t\t\t\t\t\t<div class=\"elementor-container elementor-column-gap-default\">\n\t\t\t\t\t<div class=\"elementor-column elementor-col-100 elementor-top-column elementor-element elementor-element-f2cd126\" data-id=\"f2cd126\" data-element_type=\"column\">\n\t\t\t<div class=\"elementor-widget-wrap elementor-element-populated\">\n\t\t\t\t\t\t<div class=\"elementor-element elementor-element-0a9f745 elementor-list-item-link-inline elementor-icon-list--layout-traditional elementor-widget elementor-widget-global elementor-global-147 elementor-widget-icon-list\" data-id=\"0a9f745\" data-element_type=\"widget\" data-widget_type=\"icon-list.default\">\n\t\t\t\t<div class=\"elementor-widget-container\">\n\t\t\t\t\t<ul class=\"elementor-icon-list-items\">\n\t\t\t\t\t\t\t<li class=\"elementor-icon-list-item\">\n\t\t\t\t\t\t\t\t\t\t\t<a href=\"https:\/\/www.chu-tours.fr\/nri\/contacts\/\">\n\n\t\t\t\t\t\t\t\t\t\t\t\t<span class=\"elementor-icon-list-icon\">\n\t\t\t\t\t\t\t<i aria-hidden=\"true\" class=\"fas fa-info-circle\"><\/i>\t\t\t\t\t\t<\/span>\n\t\t\t\t\t\t\t\t\t\t<span class=\"elementor-icon-list-text\">Pour tout renseignement compl\u00e9mentaire, contacter le secr\u00e9tariat de neuroradiologie interventionnelle.<\/span>\n\t\t\t\t\t\t\t\t\t\t\t<\/a>\n\t\t\t\t\t\t\t\t\t<\/li>\n\t\t\t\t\t\t<\/ul>\n\t\t\t\t<\/div>\n\t\t\t\t<\/div>\n\t\t\t\t\t<\/div>\n\t\t<\/div>\n\t\t\t\t\t<\/div>\n\t\t<\/section>\n\t\t\t\t<\/div>\n\t\t","protected":false},"excerpt":{"rendered":"<p>Malformations art\u00e9rio-veineuses c\u00e9r\u00e9brales Une malformation art\u00e9rio-veineuse est une communication anormale entre des art\u00e8res et des veines du cerveau. Fiches Information Patients(es) Traitement des malformations art\u00e9rio-veineuses (MAV)en neuroradiologie interventionnelle Malformation art\u00e9rio-veineuse Le r\u00e9seau capillaire qui se trouve normalement entre ces art\u00e8res et ces veines n\u2019existe pas, et est remplac\u00e9 par un r\u00e9seau compl\u00e8tement d\u00e9sorganis\u00e9. Il s\u2019agit [&hellip;]<\/p>\n","protected":false},"author":4,"featured_media":0,"parent":0,"menu_order":0,"comment_status":"closed","ping_status":"closed","template":"","meta":{"_seopress_robots_primary_cat":"","_seopress_titles_title":"CHRU de Tours. Neuro-Radiologie Interventionnelle. Malformation Art\u00e9rio-Veineuse c\u00e9r\u00e9brale.","_seopress_titles_desc":"Service de Neuro-Radiologie Interventionnelle du CHRU de Tours. Qu&#039;est-ce q&#039;une Malformation Art\u00e9rio-Veineuse c\u00e9r\u00e9brale ?","_seopress_robots_index":"","_exactmetrics_skip_tracking":false,"_exactmetrics_sitenote_active":false,"_exactmetrics_sitenote_note":"","_exactmetrics_sitenote_category":0,"_genesis_hide_title":false,"_genesis_hide_breadcrumbs":false,"_genesis_hide_singular_image":false,"_genesis_hide_footer_widgets":false,"_genesis_custom_body_class":"","_genesis_custom_post_class":"","_genesis_layout":"","footnotes":""},"publishpress_future_action":{"enabled":false,"date":"2026-05-02 21:23:33","action":"change-status","newStatus":"draft","terms":[],"taxonomy":""},"_links":{"self":[{"href":"https:\/\/www.chu-tours.fr\/nri\/wp-json\/wp\/v2\/pages\/81"}],"collection":[{"href":"https:\/\/www.chu-tours.fr\/nri\/wp-json\/wp\/v2\/pages"}],"about":[{"href":"https:\/\/www.chu-tours.fr\/nri\/wp-json\/wp\/v2\/types\/page"}],"author":[{"embeddable":true,"href":"https:\/\/www.chu-tours.fr\/nri\/wp-json\/wp\/v2\/users\/4"}],"replies":[{"embeddable":true,"href":"https:\/\/www.chu-tours.fr\/nri\/wp-json\/wp\/v2\/comments?post=81"}],"version-history":[{"count":41,"href":"https:\/\/www.chu-tours.fr\/nri\/wp-json\/wp\/v2\/pages\/81\/revisions"}],"predecessor-version":[{"id":887,"href":"https:\/\/www.chu-tours.fr\/nri\/wp-json\/wp\/v2\/pages\/81\/revisions\/887"}],"wp:attachment":[{"href":"https:\/\/www.chu-tours.fr\/nri\/wp-json\/wp\/v2\/media?parent=81"}],"curies":[{"name":"wp","href":"https:\/\/api.w.org\/{rel}","templated":true}]}}