{"id":70,"date":"2020-12-30T10:23:30","date_gmt":"2020-12-30T09:23:30","guid":{"rendered":"https:\/\/www.chu-tours.fr\/nri\/?page_id=70"},"modified":"2021-02-01T17:10:26","modified_gmt":"2021-02-01T16:10:26","slug":"hematome-sous-dural-chronique","status":"publish","type":"page","link":"https:\/\/www.chu-tours.fr\/nri\/hematome-sous-dural-chronique\/","title":{"rendered":"H\u00e9matome Sous-Dural chronique"},"content":{"rendered":"\t\t<div data-elementor-type=\"wp-page\" data-elementor-id=\"70\" class=\"elementor elementor-70\" data-elementor-post-type=\"page\">\n\t\t\t\t\t\t<section class=\"elementor-section elementor-top-section elementor-element elementor-element-df2dd34 elementor-section-boxed elementor-section-height-default elementor-section-height-default\" data-id=\"df2dd34\" data-element_type=\"section\">\n\t\t\t\t\t\t<div class=\"elementor-container elementor-column-gap-default\">\n\t\t\t\t\t<div class=\"elementor-column elementor-col-100 elementor-top-column elementor-element elementor-element-7c048b1\" data-id=\"7c048b1\" data-element_type=\"column\">\n\t\t\t<div class=\"elementor-widget-wrap elementor-element-populated\">\n\t\t\t\t\t\t<div class=\"elementor-element elementor-element-f166f8a elementor-widget elementor-widget-global elementor-global-564 elementor-widget-image\" data-id=\"f166f8a\" data-element_type=\"widget\" data-settings=\"{&quot;_animation&quot;:&quot;none&quot;}\" data-widget_type=\"image.default\">\n\t\t\t\t<div class=\"elementor-widget-container\">\n\t\t\t\t\t\t\t\t\t\t\t\t\t<img fetchpriority=\"high\" decoding=\"async\" width=\"381\" height=\"400\" src=\"https:\/\/www.chu-tours.fr\/nri\/wp-content\/uploads\/sites\/8\/2021\/02\/Logo_NRI_tours_h400_trans.png\" class=\"attachment-full size-full wp-image-686\" alt=\"logo NRI CHRU Tours fond transparent\" srcset=\"https:\/\/www.chu-tours.fr\/nri\/wp-content\/uploads\/sites\/8\/2021\/02\/Logo_NRI_tours_h400_trans.png 381w, https:\/\/www.chu-tours.fr\/nri\/wp-content\/uploads\/sites\/8\/2021\/02\/Logo_NRI_tours_h400_trans-286x300.png 286w\" sizes=\"(max-width: 381px) 100vw, 381px\" \/>\t\t\t\t\t\t\t\t\t\t\t\t\t<\/div>\n\t\t\t\t<\/div>\n\t\t\t\t\t<\/div>\n\t\t<\/div>\n\t\t\t\t\t<\/div>\n\t\t<\/section>\n\t\t\t\t<section class=\"elementor-section elementor-top-section elementor-element elementor-element-7dd67d6 elementor-section-boxed elementor-section-height-default elementor-section-height-default\" data-id=\"7dd67d6\" data-element_type=\"section\">\n\t\t\t\t\t\t<div class=\"elementor-container elementor-column-gap-default\">\n\t\t\t\t\t<div class=\"elementor-column elementor-col-100 elementor-top-column elementor-element elementor-element-221ee59\" data-id=\"221ee59\" data-element_type=\"column\">\n\t\t\t<div class=\"elementor-widget-wrap elementor-element-populated\">\n\t\t\t\t\t\t<div class=\"elementor-element elementor-element-fc02d34 elementor-widget elementor-widget-heading\" data-id=\"fc02d34\" data-element_type=\"widget\" data-widget_type=\"heading.default\">\n\t\t\t\t<div class=\"elementor-widget-container\">\n\t\t\t<h2 class=\"elementor-heading-title elementor-size-default\">H\u00e9matome Sous-Dural chronique<\/h2>\t\t<\/div>\n\t\t\t\t<\/div>\n\t\t\t\t<section class=\"elementor-section elementor-inner-section elementor-element elementor-element-393d99c elementor-section-boxed elementor-section-height-default elementor-section-height-default\" data-id=\"393d99c\" data-element_type=\"section\">\n\t\t\t\t\t\t<div class=\"elementor-container elementor-column-gap-default\">\n\t\t\t\t\t<div class=\"elementor-column elementor-col-100 elementor-inner-column elementor-element elementor-element-bf02fd9\" data-id=\"bf02fd9\" data-element_type=\"column\">\n\t\t\t<div class=\"elementor-widget-wrap elementor-element-populated\">\n\t\t\t\t\t\t<div class=\"elementor-element elementor-element-e9ac178 elementor-widget elementor-widget-text-editor\" data-id=\"e9ac178\" data-element_type=\"widget\" data-widget_type=\"text-editor.default\">\n\t\t\t\t<div class=\"elementor-widget-container\">\n\t\t\t\t\t\t\t<h3>D\u00e9finition<\/h3><p>Sch\u00e9matiquement, le cerveau est envelopp\u00e9 par 3 enveloppes qui sont la pie-m\u00e8re, l\u2019arachno\u00efde et la dure m\u00e8re. Un <span style=\"color: #ed1164;\"><strong>h\u00e9matome sous-dural<\/strong><\/span> est une collection sanguine (le plus souvent post-traumatique) localis\u00e9e entre la dure m\u00e8re et le cerveau. L\u2019h\u00e9matome sous dural survient lors d\u2019un traumatisme qui d\u00e9chire une petite veine situ\u00e9e sur le cerveau. L\u2019augmentation de taille de l\u2019h\u00e9matome va comprimer le cerveau et entra\u00eener des manifestations neurologiques (<strong><em>figure 1<\/em><\/strong>).<\/p><h3>\u00c9pid\u00e9miologie<\/h3><p>Les h\u00e9matomes sous-duraux chroniques sont associ\u00e9s \u00e0 un risque de mortalit\u00e9 de 4% et de morbidit\u00e9 lourde de 10%. L\u2019incidence des de ces h\u00e9matomes est en augmentation du fait du vieillissement de la population et de l\u2019augmentation du recours aux anticoagulants et antiagr\u00e9gants plaquettaires qui fluidifient le sang des patients. Le risque de r\u00e9cidive d\u2019une h\u00e9matome sous-dural chronique est de l\u2019ordre de 10 \u00e0 20%.<\/p><h3>Traitement<\/h3><p>Lorsque l\u2019h\u00e9matome sous dural alt\u00e8re l\u2019\u00e9tat clinique du patient, le traitement est l\u2019\u00e9vacuation neurochirurgicale de la collection sanguine. L\u2019\u00e9quipe de neurochirurgie et de neuroradiologie peuvent \u00e9galement proposer un traitement compl\u00e9mentaire \u00e0 cette op\u00e9ration : une embolisation de l\u2019art\u00e8re m\u00e9ning\u00e9e moyenne. L\u2019embolisation est une intervention r\u00e9alis\u00e9e par un neuroradiologue interventionnel qui navigue \u00e0 l\u2019aide d\u2019un cath\u00e9ter dans les vaisseaux du patient (<strong><em>figure 2<\/em><\/strong>).<\/p><p>L\u2019objectif de cette intervention est d\u2019\u00e9viter la r\u00e9cidive de l\u2019h\u00e9matome op\u00e9r\u00e9. Cette intervention peut s\u2019effectuer sans anesth\u00e9sie g\u00e9n\u00e9rale et est r\u00e9alis\u00e9e \u00e0 l\u2019aide de micoparticules mesurant quelques microns. Cette proc\u00e9dure est simple et pr\u00e9sente un risque de complication faible qui n\u2019augmente pas la dur\u00e9e d\u2019hospitalisation du patient.<\/p>\t\t\t\t\t\t<\/div>\n\t\t\t\t<\/div>\n\t\t\t\t\t<\/div>\n\t\t<\/div>\n\t\t\t\t\t<\/div>\n\t\t<\/section>\n\t\t\t\t\t<\/div>\n\t\t<\/div>\n\t\t\t\t\t<\/div>\n\t\t<\/section>\n\t\t\t\t<section class=\"elementor-section elementor-top-section elementor-element elementor-element-f90a817 elementor-section-boxed elementor-section-height-default elementor-section-height-default\" data-id=\"f90a817\" data-element_type=\"section\">\n\t\t\t\t\t\t<div class=\"elementor-container elementor-column-gap-default\">\n\t\t\t\t\t<div class=\"elementor-column elementor-col-100 elementor-top-column elementor-element elementor-element-03d5543\" data-id=\"03d5543\" data-element_type=\"column\">\n\t\t\t<div class=\"elementor-widget-wrap elementor-element-populated\">\n\t\t\t\t\t\t<div class=\"elementor-element elementor-element-0068ae5 elementor-widget elementor-widget-image\" data-id=\"0068ae5\" data-element_type=\"widget\" data-widget_type=\"image.default\">\n\t\t\t\t<div class=\"elementor-widget-container\">\n\t\t\t\t\t\t\t\t\t\t<figure class=\"wp-caption\">\n\t\t\t\t\t\t\t\t\t\t\t<a href=\"https:\/\/www.chu-tours.fr\/nri\/wp-content\/uploads\/sites\/8\/2020\/12\/hsd1-scaled.jpg\" data-elementor-open-lightbox=\"yes\" data-elementor-lightbox-title=\"hsd1\" data-e-action-hash=\"#elementor-action%3Aaction%3Dlightbox%26settings%3DeyJpZCI6NzEsInVybCI6Imh0dHBzOlwvXC93d3cuY2h1LXRvdXJzLmZyXC9ucmlcL3dwLWNvbnRlbnRcL3VwbG9hZHNcL3NpdGVzXC84XC8yMDIwXC8xMlwvaHNkMS1zY2FsZWQuanBnIn0%3D\">\n\t\t\t\t\t\t\t<img decoding=\"async\" width=\"768\" height=\"432\" src=\"https:\/\/www.chu-tours.fr\/nri\/wp-content\/uploads\/sites\/8\/2020\/12\/hsd1-768x432.jpg\" class=\"attachment-medium_large size-medium_large wp-image-71\" alt=\"Figure 1\u00a0: Scanner c\u00e9r\u00e9bral mettant en \u00e9vidence un h\u00e9matome sous dural h\u00e9misph\u00e9rique droit comprimant le cerveau du patient (entour\u00e9 en bleu)\" srcset=\"https:\/\/www.chu-tours.fr\/nri\/wp-content\/uploads\/sites\/8\/2020\/12\/hsd1-768x432.jpg 768w, https:\/\/www.chu-tours.fr\/nri\/wp-content\/uploads\/sites\/8\/2020\/12\/hsd1-300x169.jpg 300w, https:\/\/www.chu-tours.fr\/nri\/wp-content\/uploads\/sites\/8\/2020\/12\/hsd1-1024x577.jpg 1024w, https:\/\/www.chu-tours.fr\/nri\/wp-content\/uploads\/sites\/8\/2020\/12\/hsd1-1536x865.jpg 1536w, https:\/\/www.chu-tours.fr\/nri\/wp-content\/uploads\/sites\/8\/2020\/12\/hsd1-2048x1153.jpg 2048w, https:\/\/www.chu-tours.fr\/nri\/wp-content\/uploads\/sites\/8\/2020\/12\/hsd1-388x219.jpg 388w, https:\/\/www.chu-tours.fr\/nri\/wp-content\/uploads\/sites\/8\/2020\/12\/hsd1-656x369.jpg 656w\" sizes=\"(max-width: 768px) 100vw, 768px\" \/>\t\t\t\t\t\t\t\t<\/a>\n\t\t\t\t\t\t\t\t\t\t\t<figcaption class=\"widget-image-caption wp-caption-text\">Figure 1\u00a0: Scanner c\u00e9r\u00e9bral mettant en \u00e9vidence un h\u00e9matome sous dural h\u00e9misph\u00e9rique droit comprimant le cerveau du patient (entour\u00e9 en bleu)<\/figcaption>\n\t\t\t\t\t\t\t\t\t\t<\/figure>\n\t\t\t\t\t\t\t<\/div>\n\t\t\t\t<\/div>\n\t\t\t\t\t<\/div>\n\t\t<\/div>\n\t\t\t\t\t<\/div>\n\t\t<\/section>\n\t\t\t\t<section class=\"elementor-section elementor-top-section elementor-element elementor-element-b81af7a elementor-section-boxed elementor-section-height-default elementor-section-height-default\" data-id=\"b81af7a\" data-element_type=\"section\">\n\t\t\t\t\t\t<div class=\"elementor-container elementor-column-gap-default\">\n\t\t\t\t\t<div class=\"elementor-column elementor-col-100 elementor-top-column elementor-element elementor-element-266390d\" data-id=\"266390d\" data-element_type=\"column\">\n\t\t\t<div class=\"elementor-widget-wrap elementor-element-populated\">\n\t\t\t\t\t\t<div class=\"elementor-element elementor-element-7e71afb elementor-widget-divider--view-line_icon elementor-view-default elementor-widget-divider--element-align-center elementor-widget elementor-widget-divider\" data-id=\"7e71afb\" data-element_type=\"widget\" data-widget_type=\"divider.default\">\n\t\t\t\t<div class=\"elementor-widget-container\">\n\t\t\t\t\t<div class=\"elementor-divider\">\n\t\t\t<span class=\"elementor-divider-separator\">\n\t\t\t\t\t\t\t<div class=\"elementor-icon elementor-divider__element\">\n\t\t\t\t\t<i aria-hidden=\"true\" class=\"far fa-hospital\"><\/i><\/div>\n\t\t\t\t\t\t<\/span>\n\t\t<\/div>\n\t\t\t\t<\/div>\n\t\t\t\t<\/div>\n\t\t\t\t<div class=\"elementor-element elementor-element-b5013a5 elementor-widget elementor-widget-image\" data-id=\"b5013a5\" data-element_type=\"widget\" data-widget_type=\"image.default\">\n\t\t\t\t<div class=\"elementor-widget-container\">\n\t\t\t\t\t\t\t\t\t\t<figure class=\"wp-caption\">\n\t\t\t\t\t\t\t\t\t\t\t<a href=\"https:\/\/www.chu-tours.fr\/nri\/wp-content\/uploads\/sites\/8\/2020\/12\/hsd2-scaled.jpg\" data-elementor-open-lightbox=\"yes\" data-elementor-lightbox-title=\"hsd2\" data-e-action-hash=\"#elementor-action%3Aaction%3Dlightbox%26settings%3DeyJpZCI6NzIsInVybCI6Imh0dHBzOlwvXC93d3cuY2h1LXRvdXJzLmZyXC9ucmlcL3dwLWNvbnRlbnRcL3VwbG9hZHNcL3NpdGVzXC84XC8yMDIwXC8xMlwvaHNkMi1zY2FsZWQuanBnIn0%3D\">\n\t\t\t\t\t\t\t<img decoding=\"async\" width=\"768\" height=\"454\" src=\"https:\/\/www.chu-tours.fr\/nri\/wp-content\/uploads\/sites\/8\/2020\/12\/hsd2-768x454.jpg\" class=\"attachment-medium_large size-medium_large wp-image-72\" alt=\"Figure 2 : Art\u00e9riographie c\u00e9r\u00e9brale d\u2019un patient ayant un h\u00e9matome sous-dural droitLa collection sanguine (contour\u00e9e en vert) exerce un effet de masse sur le cerveau.L\u2019art\u00e8re m\u00e9ning\u00e9e moyenne droite (fl\u00e8ches rouges) a \u00e9t\u00e9 embolis\u00e9e par le neuroradiologue.\" srcset=\"https:\/\/www.chu-tours.fr\/nri\/wp-content\/uploads\/sites\/8\/2020\/12\/hsd2-768x454.jpg 768w, https:\/\/www.chu-tours.fr\/nri\/wp-content\/uploads\/sites\/8\/2020\/12\/hsd2-300x177.jpg 300w, https:\/\/www.chu-tours.fr\/nri\/wp-content\/uploads\/sites\/8\/2020\/12\/hsd2-1024x605.jpg 1024w, https:\/\/www.chu-tours.fr\/nri\/wp-content\/uploads\/sites\/8\/2020\/12\/hsd2-1536x908.jpg 1536w, https:\/\/www.chu-tours.fr\/nri\/wp-content\/uploads\/sites\/8\/2020\/12\/hsd2-2048x1211.jpg 2048w\" sizes=\"(max-width: 768px) 100vw, 768px\" \/>\t\t\t\t\t\t\t\t<\/a>\n\t\t\t\t\t\t\t\t\t\t\t<figcaption class=\"widget-image-caption wp-caption-text\">Figure 2 : Art\u00e9riographie c\u00e9r\u00e9brale d\u2019un patient ayant un h\u00e9matome sous-dural droit<br \/>La collection sanguine (contour\u00e9e en vert) exerce un effet de masse sur le cerveau.<br \/>L\u2019art\u00e8re m\u00e9ning\u00e9e moyenne droite (fl\u00e8ches rouges) a \u00e9t\u00e9 embolis\u00e9e par le neuroradiologue.<\/figcaption>\n\t\t\t\t\t\t\t\t\t\t<\/figure>\n\t\t\t\t\t\t\t<\/div>\n\t\t\t\t<\/div>\n\t\t\t\t\t<\/div>\n\t\t<\/div>\n\t\t\t\t\t<\/div>\n\t\t<\/section>\n\t\t\t\t<section class=\"elementor-section elementor-top-section elementor-element elementor-element-d8870f3 elementor-section-boxed elementor-section-height-default elementor-section-height-default\" data-id=\"d8870f3\" data-element_type=\"section\">\n\t\t\t\t\t\t<div class=\"elementor-container elementor-column-gap-default\">\n\t\t\t\t\t<div class=\"elementor-column elementor-col-100 elementor-top-column elementor-element elementor-element-2b11903\" data-id=\"2b11903\" data-element_type=\"column\">\n\t\t\t<div class=\"elementor-widget-wrap elementor-element-populated\">\n\t\t\t\t\t\t<div class=\"elementor-element elementor-element-d0c67e4 elementor-list-item-link-inline elementor-icon-list--layout-traditional elementor-widget elementor-widget-global elementor-global-147 elementor-widget-icon-list\" data-id=\"d0c67e4\" data-element_type=\"widget\" data-widget_type=\"icon-list.default\">\n\t\t\t\t<div class=\"elementor-widget-container\">\n\t\t\t\t\t<ul class=\"elementor-icon-list-items\">\n\t\t\t\t\t\t\t<li class=\"elementor-icon-list-item\">\n\t\t\t\t\t\t\t\t\t\t\t<a href=\"https:\/\/www.chu-tours.fr\/nri\/contacts\/\">\n\n\t\t\t\t\t\t\t\t\t\t\t\t<span class=\"elementor-icon-list-icon\">\n\t\t\t\t\t\t\t<i aria-hidden=\"true\" class=\"fas fa-info-circle\"><\/i>\t\t\t\t\t\t<\/span>\n\t\t\t\t\t\t\t\t\t\t<span class=\"elementor-icon-list-text\">Pour tout renseignement compl\u00e9mentaire, contacter le secr\u00e9tariat de neuroradiologie interventionnelle.<\/span>\n\t\t\t\t\t\t\t\t\t\t\t<\/a>\n\t\t\t\t\t\t\t\t\t<\/li>\n\t\t\t\t\t\t<\/ul>\n\t\t\t\t<\/div>\n\t\t\t\t<\/div>\n\t\t\t\t\t<\/div>\n\t\t<\/div>\n\t\t\t\t\t<\/div>\n\t\t<\/section>\n\t\t\t\t<\/div>\n\t\t","protected":false},"excerpt":{"rendered":"<p>H\u00e9matome Sous-Dural chronique D\u00e9finition Sch\u00e9matiquement, le cerveau est envelopp\u00e9 par 3 enveloppes qui sont la pie-m\u00e8re, l\u2019arachno\u00efde et la dure m\u00e8re. Un h\u00e9matome sous-dural est une collection sanguine (le plus souvent post-traumatique) localis\u00e9e entre la dure m\u00e8re et le cerveau. L\u2019h\u00e9matome sous dural survient lors d\u2019un traumatisme qui d\u00e9chire une petite veine situ\u00e9e sur le [&hellip;]<\/p>\n","protected":false},"author":4,"featured_media":0,"parent":0,"menu_order":0,"comment_status":"closed","ping_status":"closed","template":"","meta":{"_seopress_robots_primary_cat":"","_seopress_titles_title":"CHRU de Tours. Neuro-Radiologie Interventionnelle. H\u00e9matomes sous-duraux.","_seopress_titles_desc":"Service de Neuro-Radiologie Interventionnelle du CHRU de Tours. Qu&#039;est-ce q&#039;un h\u00e9matome sous-dural ?","_seopress_robots_index":"","_exactmetrics_skip_tracking":false,"_exactmetrics_sitenote_active":false,"_exactmetrics_sitenote_note":"","_exactmetrics_sitenote_category":0,"_genesis_hide_title":false,"_genesis_hide_breadcrumbs":false,"_genesis_hide_singular_image":false,"_genesis_hide_footer_widgets":false,"_genesis_custom_body_class":"","_genesis_custom_post_class":"","_genesis_layout":"","footnotes":""},"publishpress_future_action":{"enabled":false,"date":"2026-05-03 18:52:39","action":"change-status","newStatus":"draft","terms":[],"taxonomy":""},"_links":{"self":[{"href":"https:\/\/www.chu-tours.fr\/nri\/wp-json\/wp\/v2\/pages\/70"}],"collection":[{"href":"https:\/\/www.chu-tours.fr\/nri\/wp-json\/wp\/v2\/pages"}],"about":[{"href":"https:\/\/www.chu-tours.fr\/nri\/wp-json\/wp\/v2\/types\/page"}],"author":[{"embeddable":true,"href":"https:\/\/www.chu-tours.fr\/nri\/wp-json\/wp\/v2\/users\/4"}],"replies":[{"embeddable":true,"href":"https:\/\/www.chu-tours.fr\/nri\/wp-json\/wp\/v2\/comments?post=70"}],"version-history":[{"count":24,"href":"https:\/\/www.chu-tours.fr\/nri\/wp-json\/wp\/v2\/pages\/70\/revisions"}],"predecessor-version":[{"id":628,"href":"https:\/\/www.chu-tours.fr\/nri\/wp-json\/wp\/v2\/pages\/70\/revisions\/628"}],"wp:attachment":[{"href":"https:\/\/www.chu-tours.fr\/nri\/wp-json\/wp\/v2\/media?parent=70"}],"curies":[{"name":"wp","href":"https:\/\/api.w.org\/{rel}","templated":true}]}}