{"id":59,"date":"2020-12-30T10:02:30","date_gmt":"2020-12-30T09:02:30","guid":{"rendered":"https:\/\/www.chu-tours.fr\/nri\/?page_id=59"},"modified":"2021-02-01T17:07:36","modified_gmt":"2021-02-01T16:07:36","slug":"accident-vasculaire-cerebral-ischemique-avc","status":"publish","type":"page","link":"https:\/\/www.chu-tours.fr\/nri\/accident-vasculaire-cerebral-ischemique-avc\/","title":{"rendered":"Accident Vasculaire C\u00e9r\u00e9bral isch\u00e9mique (AVC)"},"content":{"rendered":"\t\t<div data-elementor-type=\"wp-page\" data-elementor-id=\"59\" class=\"elementor elementor-59\" data-elementor-post-type=\"page\">\n\t\t\t\t\t\t<section class=\"elementor-section elementor-top-section elementor-element elementor-element-731b36a elementor-section-boxed elementor-section-height-default elementor-section-height-default\" data-id=\"731b36a\" data-element_type=\"section\">\n\t\t\t\t\t\t<div class=\"elementor-container elementor-column-gap-default\">\n\t\t\t\t\t<div class=\"elementor-column elementor-col-100 elementor-top-column elementor-element elementor-element-0f2f325\" data-id=\"0f2f325\" data-element_type=\"column\">\n\t\t\t<div class=\"elementor-widget-wrap elementor-element-populated\">\n\t\t\t\t\t\t<div class=\"elementor-element elementor-element-f10d9d1 elementor-widget elementor-widget-global elementor-global-564 elementor-widget-image\" data-id=\"f10d9d1\" data-element_type=\"widget\" data-settings=\"{&quot;_animation&quot;:&quot;none&quot;}\" data-widget_type=\"image.default\">\n\t\t\t\t<div class=\"elementor-widget-container\">\n\t\t\t\t\t\t\t\t\t\t\t\t\t<img fetchpriority=\"high\" decoding=\"async\" width=\"381\" height=\"400\" src=\"https:\/\/www.chu-tours.fr\/nri\/wp-content\/uploads\/sites\/8\/2021\/02\/Logo_NRI_tours_h400_trans.png\" class=\"attachment-full size-full wp-image-686\" alt=\"logo NRI CHRU Tours fond transparent\" srcset=\"https:\/\/www.chu-tours.fr\/nri\/wp-content\/uploads\/sites\/8\/2021\/02\/Logo_NRI_tours_h400_trans.png 381w, https:\/\/www.chu-tours.fr\/nri\/wp-content\/uploads\/sites\/8\/2021\/02\/Logo_NRI_tours_h400_trans-286x300.png 286w\" sizes=\"(max-width: 381px) 100vw, 381px\" \/>\t\t\t\t\t\t\t\t\t\t\t\t\t<\/div>\n\t\t\t\t<\/div>\n\t\t\t\t\t<\/div>\n\t\t<\/div>\n\t\t\t\t\t<\/div>\n\t\t<\/section>\n\t\t\t\t<section class=\"elementor-section elementor-top-section elementor-element elementor-element-7dd67d6 elementor-section-boxed elementor-section-height-default elementor-section-height-default\" data-id=\"7dd67d6\" data-element_type=\"section\">\n\t\t\t\t\t\t<div class=\"elementor-container elementor-column-gap-default\">\n\t\t\t\t\t<div class=\"elementor-column elementor-col-100 elementor-top-column elementor-element elementor-element-221ee59\" data-id=\"221ee59\" data-element_type=\"column\">\n\t\t\t<div class=\"elementor-widget-wrap elementor-element-populated\">\n\t\t\t\t\t\t<div class=\"elementor-element elementor-element-fc02d34 elementor-widget elementor-widget-heading\" data-id=\"fc02d34\" data-element_type=\"widget\" data-widget_type=\"heading.default\">\n\t\t\t\t<div class=\"elementor-widget-container\">\n\t\t\t<h2 class=\"elementor-heading-title elementor-size-default\">Prise en charge de l'Accident Vasculaire C\u00e9r\u00e9bral isch\u00e9mique (AVC)<\/h2>\t\t<\/div>\n\t\t\t\t<\/div>\n\t\t\t\t<section class=\"elementor-section elementor-inner-section elementor-element elementor-element-393d99c elementor-section-boxed elementor-section-height-default elementor-section-height-default\" data-id=\"393d99c\" data-element_type=\"section\">\n\t\t\t\t\t\t<div class=\"elementor-container elementor-column-gap-default\">\n\t\t\t\t\t<div class=\"elementor-column elementor-col-100 elementor-inner-column elementor-element elementor-element-bf02fd9\" data-id=\"bf02fd9\" data-element_type=\"column\">\n\t\t\t<div class=\"elementor-widget-wrap elementor-element-populated\">\n\t\t\t\t\t\t<div class=\"elementor-element elementor-element-e9ac178 elementor-widget elementor-widget-text-editor\" data-id=\"e9ac178\" data-element_type=\"widget\" data-widget_type=\"text-editor.default\">\n\t\t\t\t<div class=\"elementor-widget-container\">\n\t\t\t\t\t\t\t<p>Un accident vasculaire c\u00e9r\u00e9brale (AVC) isch\u00e9mique est une <span style=\"color: #ed1164;\"><strong>urgence absolue<\/strong><\/span>, caus\u00e9 par l\u2019occlusion d\u2019une art\u00e8re \u00e0 vis\u00e9e c\u00e9r\u00e9brale, le plus souvent par un caillot.<\/p><p>Il se manifeste par l\u2019apparition soudaine d\u2019un d\u00e9ficit neurologique (<a href=\"http:\/\/www.fondation-recherche-avc.org\/quand-y-penser\" target=\"_blank\" rel=\"noopener\">perte de la parole, faiblesse d\u2019un membre ou de la moiti\u00e9 du corps, asym\u00e9trie du visage&#8230;<\/a>).<\/p><p><span style=\"color: #ed1164;\">Si vous pr\u00e9sentez l\u2019un de ces sympt\u00f4mes, il faut sans d\u00e9lai contacter le 15 pour ne pas perdre de temps dans la prise en charge.<\/span><\/p>\t\t\t\t\t\t<\/div>\n\t\t\t\t<\/div>\n\t\t\t\t\t<\/div>\n\t\t<\/div>\n\t\t\t\t\t<\/div>\n\t\t<\/section>\n\t\t\t\t\t<\/div>\n\t\t<\/div>\n\t\t\t\t\t<\/div>\n\t\t<\/section>\n\t\t\t\t<section class=\"elementor-section elementor-top-section elementor-element elementor-element-f90a817 elementor-section-boxed elementor-section-height-default elementor-section-height-default\" data-id=\"f90a817\" data-element_type=\"section\">\n\t\t\t\t\t\t<div class=\"elementor-container elementor-column-gap-default\">\n\t\t\t\t\t<div class=\"elementor-column elementor-col-100 elementor-top-column elementor-element elementor-element-ac1a257\" data-id=\"ac1a257\" data-element_type=\"column\">\n\t\t\t<div class=\"elementor-widget-wrap elementor-element-populated\">\n\t\t\t\t\t\t<div class=\"elementor-element elementor-element-0815071 elementor-widget elementor-widget-image\" data-id=\"0815071\" data-element_type=\"widget\" data-widget_type=\"image.default\">\n\t\t\t\t<div class=\"elementor-widget-container\">\n\t\t\t\t\t\t\t\t\t\t<figure class=\"wp-caption\">\n\t\t\t\t\t\t\t\t\t\t\t<a href=\"https:\/\/www.chu-tours.fr\/nri\/wp-content\/uploads\/sites\/8\/2021\/01\/avc.jpg\" data-elementor-open-lightbox=\"yes\" data-elementor-lightbox-title=\"avc\" data-e-action-hash=\"#elementor-action%3Aaction%3Dlightbox%26settings%3DeyJpZCI6MjE3LCJ1cmwiOiJodHRwczpcL1wvd3d3LmNodS10b3Vycy5mclwvbnJpXC93cC1jb250ZW50XC91cGxvYWRzXC9zaXRlc1wvOFwvMjAyMVwvMDFcL2F2Yy5qcGcifQ%3D%3D\">\n\t\t\t\t\t\t\t<img decoding=\"async\" width=\"759\" height=\"426\" src=\"https:\/\/www.chu-tours.fr\/nri\/wp-content\/uploads\/sites\/8\/2021\/01\/avc.jpg\" class=\"attachment-medium_large size-medium_large wp-image-217\" alt=\"IRM c\u00e9r\u00e9brale montrant un AVC\" srcset=\"https:\/\/www.chu-tours.fr\/nri\/wp-content\/uploads\/sites\/8\/2021\/01\/avc.jpg 759w, https:\/\/www.chu-tours.fr\/nri\/wp-content\/uploads\/sites\/8\/2021\/01\/avc-300x168.jpg 300w, https:\/\/www.chu-tours.fr\/nri\/wp-content\/uploads\/sites\/8\/2021\/01\/avc-388x219.jpg 388w, https:\/\/www.chu-tours.fr\/nri\/wp-content\/uploads\/sites\/8\/2021\/01\/avc-656x369.jpg 656w\" sizes=\"(max-width: 759px) 100vw, 759px\" \/>\t\t\t\t\t\t\t\t<\/a>\n\t\t\t\t\t\t\t\t\t\t\t<figcaption class=\"widget-image-caption wp-caption-text\">IRM c\u00e9r\u00e9brale montrant un AVC <\/figcaption>\n\t\t\t\t\t\t\t\t\t\t<\/figure>\n\t\t\t\t\t\t\t<\/div>\n\t\t\t\t<\/div>\n\t\t\t\t<section class=\"elementor-section elementor-inner-section elementor-element elementor-element-20cff5e elementor-section-boxed elementor-section-height-default elementor-section-height-default\" data-id=\"20cff5e\" data-element_type=\"section\">\n\t\t\t\t\t\t<div class=\"elementor-container elementor-column-gap-default\">\n\t\t\t\t\t<div class=\"elementor-column elementor-col-100 elementor-inner-column elementor-element elementor-element-b7ad3bf\" data-id=\"b7ad3bf\" data-element_type=\"column\">\n\t\t\t<div class=\"elementor-widget-wrap elementor-element-populated\">\n\t\t\t\t\t\t<div class=\"elementor-element elementor-element-6b54a7f elementor-widget elementor-widget-text-editor\" data-id=\"6b54a7f\" data-element_type=\"widget\" data-widget_type=\"text-editor.default\">\n\t\t\t\t<div class=\"elementor-widget-container\">\n\t\t\t\t\t\t\t<p>Pour certains patients victimes d\u2019AVC, une man\u0153uvre de <span style=\"color: #ed1164;\"><strong>thrombectomie<\/strong> <\/span>(retrait du caillot par l\u2019int\u00e9rieur des vaisseaux) peut \u00eatre r\u00e9alis\u00e9e dans les premi\u00e8res heures apr\u00e8s la survenue des symt\u00f4mes, en urgence. La proc\u00e9dure se fait en <a href=\"https:\/\/www.chu-tours.fr\/nri\/la-salle-dangiographie\/\" target=\"_blank\" rel=\"noopener\">salle d\u2019art\u00e9riographie<\/a>, dans un environnement st\u00e9rile.<\/p><p>Comme pour les autres interventions neuro-interventionnelles, le m\u00e9decin monte un cath\u00e9ter jusqu\u2019au cou, pour acc\u00e9der progressivement au lieu du caillot et le retirer afin de restituer un flux normal.<\/p><blockquote><p>Le CHRU de Tours r\u00e9alise plusieurs centaines de thrombectomies par an pour des AVC isch\u00e9miques, et est l\u2019un des 40 centres fran\u00e7ais agr\u00e9\u00e9s pour cette proc\u00e9dure. Le seul en r\u00e9gion Centre Val de Loire.<\/p><\/blockquote>\t\t\t\t\t\t<\/div>\n\t\t\t\t<\/div>\n\t\t\t\t\t<\/div>\n\t\t<\/div>\n\t\t\t\t\t<\/div>\n\t\t<\/section>\n\t\t\t\t\t<\/div>\n\t\t<\/div>\n\t\t\t\t\t<\/div>\n\t\t<\/section>\n\t\t\t\t<section class=\"elementor-section elementor-top-section elementor-element elementor-element-a347b71 elementor-section-boxed elementor-section-height-default elementor-section-height-default\" data-id=\"a347b71\" data-element_type=\"section\">\n\t\t\t\t\t\t<div class=\"elementor-container elementor-column-gap-default\">\n\t\t\t\t\t<div class=\"elementor-column elementor-col-100 elementor-top-column elementor-element elementor-element-15667df\" data-id=\"15667df\" data-element_type=\"column\">\n\t\t\t<div class=\"elementor-widget-wrap elementor-element-populated\">\n\t\t\t\t\t\t<div class=\"elementor-element elementor-element-1c84335 elementor-widget elementor-widget-image\" data-id=\"1c84335\" data-element_type=\"widget\" data-widget_type=\"image.default\">\n\t\t\t\t<div class=\"elementor-widget-container\">\n\t\t\t\t\t\t\t\t\t\t\t\t\t\t<a href=\"https:\/\/www.chu-tours.fr\/nri\/wp-content\/uploads\/sites\/8\/2021\/01\/avc-thrombectomie72.png\" data-elementor-open-lightbox=\"yes\" data-elementor-lightbox-title=\"avc-thrombectomie72\" data-e-action-hash=\"#elementor-action%3Aaction%3Dlightbox%26settings%3DeyJpZCI6MjIyLCJ1cmwiOiJodHRwczpcL1wvd3d3LmNodS10b3Vycy5mclwvbnJpXC93cC1jb250ZW50XC91cGxvYWRzXC9zaXRlc1wvOFwvMjAyMVwvMDFcL2F2Yy10aHJvbWJlY3RvbWllNzIucG5nIn0%3D\">\n\t\t\t\t\t\t\t<img decoding=\"async\" width=\"768\" height=\"647\" src=\"https:\/\/www.chu-tours.fr\/nri\/wp-content\/uploads\/sites\/8\/2021\/01\/avc-thrombectomie72-768x647.png\" class=\"attachment-medium_large size-medium_large wp-image-222\" alt=\"Thrombectomie\" srcset=\"https:\/\/www.chu-tours.fr\/nri\/wp-content\/uploads\/sites\/8\/2021\/01\/avc-thrombectomie72-768x647.png 768w, https:\/\/www.chu-tours.fr\/nri\/wp-content\/uploads\/sites\/8\/2021\/01\/avc-thrombectomie72-300x253.png 300w, https:\/\/www.chu-tours.fr\/nri\/wp-content\/uploads\/sites\/8\/2021\/01\/avc-thrombectomie72-1024x862.png 1024w, https:\/\/www.chu-tours.fr\/nri\/wp-content\/uploads\/sites\/8\/2021\/01\/avc-thrombectomie72-1536x1293.png 1536w, https:\/\/www.chu-tours.fr\/nri\/wp-content\/uploads\/sites\/8\/2021\/01\/avc-thrombectomie72-2048x1724.png 2048w\" sizes=\"(max-width: 768px) 100vw, 768px\" \/>\t\t\t\t\t\t\t\t<\/a>\n\t\t\t\t\t\t\t\t\t\t\t\t\t<\/div>\n\t\t\t\t<\/div>\n\t\t\t\t<div class=\"elementor-element elementor-element-901faad elementor-widget elementor-widget-image\" data-id=\"901faad\" data-element_type=\"widget\" data-widget_type=\"image.default\">\n\t\t\t\t<div class=\"elementor-widget-container\">\n\t\t\t\t\t\t\t\t\t\t<figure class=\"wp-caption\">\n\t\t\t\t\t\t\t\t\t\t\t<a href=\"https:\/\/www.chu-tours.fr\/nri\/wp-content\/uploads\/sites\/8\/2021\/01\/Accident-vasculaire-cerebral-ischemique.gif\" data-elementor-open-lightbox=\"yes\" data-elementor-lightbox-title=\"Accident vasculaire cerebral isch\u00e9mique\" data-e-action-hash=\"#elementor-action%3Aaction%3Dlightbox%26settings%3DeyJpZCI6Mzk4LCJ1cmwiOiJodHRwczpcL1wvd3d3LmNodS10b3Vycy5mclwvbnJpXC93cC1jb250ZW50XC91cGxvYWRzXC9zaXRlc1wvOFwvMjAyMVwvMDFcL0FjY2lkZW50LXZhc2N1bGFpcmUtY2VyZWJyYWwtaXNjaGVtaXF1ZS5naWYifQ%3D%3D\">\n\t\t\t\t\t\t\t<img loading=\"lazy\" decoding=\"async\" width=\"767\" height=\"342\" src=\"https:\/\/www.chu-tours.fr\/nri\/wp-content\/uploads\/sites\/8\/2021\/01\/Accident-vasculaire-cerebral-ischemique-767x342.gif\" class=\"attachment-medium_large size-medium_large wp-image-398\" alt=\"Stent-retriever et cath\u00e9ter d\u2019aspiration en place dans l\u2019art\u00e8re occluse.\" srcset=\"https:\/\/www.chu-tours.fr\/nri\/wp-content\/uploads\/sites\/8\/2021\/01\/Accident-vasculaire-cerebral-ischemique-767x342.gif 767w, https:\/\/www.chu-tours.fr\/nri\/wp-content\/uploads\/sites\/8\/2021\/01\/Accident-vasculaire-cerebral-ischemique-300x134.gif 300w\" sizes=\"(max-width: 767px) 100vw, 767px\" \/>\t\t\t\t\t\t\t\t<\/a>\n\t\t\t\t\t\t\t\t\t\t\t<figcaption class=\"widget-image-caption wp-caption-text\">Stent-retriever et cath\u00e9ter d\u2019aspiration en place dans l\u2019art\u00e8re occluse.<\/figcaption>\n\t\t\t\t\t\t\t\t\t\t<\/figure>\n\t\t\t\t\t\t\t<\/div>\n\t\t\t\t<\/div>\n\t\t\t\t<section class=\"elementor-section elementor-inner-section elementor-element elementor-element-e91cc3c elementor-section-boxed elementor-section-height-default elementor-section-height-default\" data-id=\"e91cc3c\" data-element_type=\"section\">\n\t\t\t\t\t\t<div class=\"elementor-container elementor-column-gap-default\">\n\t\t\t\t\t<div class=\"elementor-column elementor-col-100 elementor-inner-column elementor-element elementor-element-30b9218\" data-id=\"30b9218\" data-element_type=\"column\">\n\t\t\t<div class=\"elementor-widget-wrap elementor-element-populated\">\n\t\t\t\t\t\t<div class=\"elementor-element elementor-element-1cd46d8 elementor-widget elementor-widget-text-editor\" data-id=\"1cd46d8\" data-element_type=\"widget\" data-widget_type=\"text-editor.default\">\n\t\t\t\t<div class=\"elementor-widget-container\">\n\t\t\t\t\t\t\tLe patient est ensuite pris en charge dans une <a href=\"https:\/\/www.chu-tours.fr\/etre-soigne-et-rendre-visite-a-un-patient\/joindre-le-chru\/liste-des-services\/neurologie-vasculaire\/\" target=\"_blank\" rel=\"noopener\">unit\u00e9 m\u00e9dicale de <strong>neurologie vasculaire sp\u00e9cialis\u00e9e dans les AVC<\/a>.<\/strong>\t\t\t\t\t\t<\/div>\n\t\t\t\t<\/div>\n\t\t\t\t\t<\/div>\n\t\t<\/div>\n\t\t\t\t\t<\/div>\n\t\t<\/section>\n\t\t\t\t\t<\/div>\n\t\t<\/div>\n\t\t\t\t\t<\/div>\n\t\t<\/section>\n\t\t\t\t<\/div>\n\t\t","protected":false},"excerpt":{"rendered":"<p>Prise en charge de l&#8217;Accident Vasculaire C\u00e9r\u00e9bral isch\u00e9mique (AVC) Un accident vasculaire c\u00e9r\u00e9brale (AVC) isch\u00e9mique est une urgence absolue, caus\u00e9 par l\u2019occlusion d\u2019une art\u00e8re \u00e0 vis\u00e9e c\u00e9r\u00e9brale, le plus souvent par un caillot. Il se manifeste par l\u2019apparition soudaine d\u2019un d\u00e9ficit neurologique (perte de la parole, faiblesse d\u2019un membre ou de la moiti\u00e9 du corps, [&hellip;]<\/p>\n","protected":false},"author":4,"featured_media":0,"parent":0,"menu_order":0,"comment_status":"closed","ping_status":"closed","template":"","meta":{"_seopress_robots_primary_cat":"","_seopress_titles_title":"CHRU de Tours. Neuro-Radiologie Interventionnelle. L&#039;AVC.","_seopress_titles_desc":"Service de Neuro-Radiologie Interventionnelle du CHRU de Tours. Qu&#039;est-ce qu&#039;un Accident Vasculaire C\u00e9r\u00e9bral isch\u00e9mique (AVC) ?","_seopress_robots_index":"","_exactmetrics_skip_tracking":false,"_exactmetrics_sitenote_active":false,"_exactmetrics_sitenote_note":"","_exactmetrics_sitenote_category":0,"_genesis_hide_title":false,"_genesis_hide_breadcrumbs":false,"_genesis_hide_singular_image":false,"_genesis_hide_footer_widgets":false,"_genesis_custom_body_class":"","_genesis_custom_post_class":"","_genesis_layout":"","footnotes":""},"publishpress_future_action":{"enabled":false,"date":"2026-05-02 21:19:23","action":"change-status","newStatus":"draft","terms":[],"taxonomy":""},"_links":{"self":[{"href":"https:\/\/www.chu-tours.fr\/nri\/wp-json\/wp\/v2\/pages\/59"}],"collection":[{"href":"https:\/\/www.chu-tours.fr\/nri\/wp-json\/wp\/v2\/pages"}],"about":[{"href":"https:\/\/www.chu-tours.fr\/nri\/wp-json\/wp\/v2\/types\/page"}],"author":[{"embeddable":true,"href":"https:\/\/www.chu-tours.fr\/nri\/wp-json\/wp\/v2\/users\/4"}],"replies":[{"embeddable":true,"href":"https:\/\/www.chu-tours.fr\/nri\/wp-json\/wp\/v2\/comments?post=59"}],"version-history":[{"count":31,"href":"https:\/\/www.chu-tours.fr\/nri\/wp-json\/wp\/v2\/pages\/59\/revisions"}],"predecessor-version":[{"id":619,"href":"https:\/\/www.chu-tours.fr\/nri\/wp-json\/wp\/v2\/pages\/59\/revisions\/619"}],"wp:attachment":[{"href":"https:\/\/www.chu-tours.fr\/nri\/wp-json\/wp\/v2\/media?parent=59"}],"curies":[{"name":"wp","href":"https:\/\/api.w.org\/{rel}","templated":true}]}}