{"id":261,"date":"2021-01-13T15:54:07","date_gmt":"2021-01-13T14:54:07","guid":{"rendered":"https:\/\/www.chu-tours.fr\/nri\/?page_id=261"},"modified":"2021-02-01T17:15:33","modified_gmt":"2021-02-01T16:15:33","slug":"vertebroplastie-cimentoplastie","status":"publish","type":"page","link":"https:\/\/www.chu-tours.fr\/nri\/vertebroplastie-cimentoplastie\/","title":{"rendered":"Vert\u00e9broplastie (= cimentoplastie)"},"content":{"rendered":"\t\t<div data-elementor-type=\"wp-page\" data-elementor-id=\"261\" class=\"elementor elementor-261\" data-elementor-post-type=\"page\">\n\t\t\t\t\t\t<section class=\"elementor-section elementor-top-section elementor-element elementor-element-11523f4 elementor-section-boxed elementor-section-height-default elementor-section-height-default\" data-id=\"11523f4\" data-element_type=\"section\">\n\t\t\t\t\t\t<div class=\"elementor-container elementor-column-gap-default\">\n\t\t\t\t\t<div class=\"elementor-column elementor-col-100 elementor-top-column elementor-element elementor-element-52b2252\" data-id=\"52b2252\" data-element_type=\"column\">\n\t\t\t<div class=\"elementor-widget-wrap elementor-element-populated\">\n\t\t\t\t\t\t<div class=\"elementor-element elementor-element-48edac1 elementor-widget elementor-widget-global elementor-global-564 elementor-widget-image\" data-id=\"48edac1\" data-element_type=\"widget\" data-settings=\"{&quot;_animation&quot;:&quot;none&quot;}\" data-widget_type=\"image.default\">\n\t\t\t\t<div class=\"elementor-widget-container\">\n\t\t\t\t\t\t\t\t\t\t\t\t\t<img fetchpriority=\"high\" decoding=\"async\" width=\"381\" height=\"400\" src=\"https:\/\/www.chu-tours.fr\/nri\/wp-content\/uploads\/sites\/8\/2021\/02\/Logo_NRI_tours_h400_trans.png\" class=\"attachment-full size-full wp-image-686\" alt=\"logo NRI CHRU Tours fond transparent\" srcset=\"https:\/\/www.chu-tours.fr\/nri\/wp-content\/uploads\/sites\/8\/2021\/02\/Logo_NRI_tours_h400_trans.png 381w, https:\/\/www.chu-tours.fr\/nri\/wp-content\/uploads\/sites\/8\/2021\/02\/Logo_NRI_tours_h400_trans-286x300.png 286w\" sizes=\"(max-width: 381px) 100vw, 381px\" \/>\t\t\t\t\t\t\t\t\t\t\t\t\t<\/div>\n\t\t\t\t<\/div>\n\t\t\t\t\t<\/div>\n\t\t<\/div>\n\t\t\t\t\t<\/div>\n\t\t<\/section>\n\t\t\t\t<section class=\"elementor-section elementor-top-section elementor-element elementor-element-7dd67d6 elementor-section-boxed elementor-section-height-default elementor-section-height-default\" data-id=\"7dd67d6\" data-element_type=\"section\">\n\t\t\t\t\t\t<div class=\"elementor-container elementor-column-gap-default\">\n\t\t\t\t\t<div class=\"elementor-column elementor-col-100 elementor-top-column elementor-element elementor-element-221ee59\" data-id=\"221ee59\" data-element_type=\"column\">\n\t\t\t<div class=\"elementor-widget-wrap elementor-element-populated\">\n\t\t\t\t\t\t<div class=\"elementor-element elementor-element-fc02d34 elementor-widget elementor-widget-heading\" data-id=\"fc02d34\" data-element_type=\"widget\" data-widget_type=\"heading.default\">\n\t\t\t\t<div class=\"elementor-widget-container\">\n\t\t\t<h2 class=\"elementor-heading-title elementor-size-default\">Vert\u00e9broplastie (= cimentoplastie)<\/h2>\t\t<\/div>\n\t\t\t\t<\/div>\n\t\t\t\t<section class=\"elementor-section elementor-inner-section elementor-element elementor-element-393d99c elementor-section-boxed elementor-section-height-default elementor-section-height-default\" data-id=\"393d99c\" data-element_type=\"section\">\n\t\t\t\t\t\t<div class=\"elementor-container elementor-column-gap-default\">\n\t\t\t\t\t<div class=\"elementor-column elementor-col-100 elementor-inner-column elementor-element elementor-element-bf02fd9\" data-id=\"bf02fd9\" data-element_type=\"column\">\n\t\t\t<div class=\"elementor-widget-wrap elementor-element-populated\">\n\t\t\t\t\t\t<div class=\"elementor-element elementor-element-e9ac178 elementor-widget elementor-widget-text-editor\" data-id=\"e9ac178\" data-element_type=\"widget\" data-widget_type=\"text-editor.default\">\n\t\t\t\t<div class=\"elementor-widget-container\">\n\t\t\t\t\t\t\t<p>La <strong>vert\u00e9broplastie<\/strong> (= cimentoplastie) est une technique mini-invasive de radiologie interventionnelle au cours de laquelle du ciment est inject\u00e9 \u00e0 travers une aiguille au sein d\u2019une vert\u00e8bre. L\u2019objectif de la cimentoplastie est de diminuer les douleurs rachidiennes des patients qui ont une fracture vert\u00e9brale non soulag\u00e9e par les traitements antalgiques habituels.<\/p><h2>D\u00e9roulement de la cimentoplastie<\/h2><p>L\u2019intervention est r\u00e9alis\u00e9e sous anesth\u00e9sie g\u00e9n\u00e9rale par un m\u00e9decin radiologue en <a href=\"https:\/\/www.chu-tours.fr\/nri\/la-salle-dangiographie\/\" target=\"_blank\" rel=\"noopener\">salle de radiologie interventionnelle<\/a>. La vert\u00e9broplastie est r\u00e9alis\u00e9e sous contr\u00f4le radiologique ce qui permet de contr\u00f4ler le trajet de l\u2019aiguille dans la vert\u00e8bre et l\u2019injection du ciment afin d\u2019\u00e9viter une extravasation.<\/p><h2>Suites op\u00e9ratoires<\/h2><p>Une fois la cimentoplastie r\u00e9alis\u00e9e, le patient est hospitalis\u00e9 la journ\u00e9e dans le service de chirurgie ambulatoire pour \u00eatre surveill\u00e9 par le personnel soignant. En l\u2019absence de complication, il pourra rentrer \u00e0 son domicile avec un accompagnant en fin de journ\u00e9e.<\/p>\t\t\t\t\t\t<\/div>\n\t\t\t\t<\/div>\n\t\t\t\t\t<\/div>\n\t\t<\/div>\n\t\t\t\t\t<\/div>\n\t\t<\/section>\n\t\t\t\t\t<\/div>\n\t\t<\/div>\n\t\t\t\t\t<\/div>\n\t\t<\/section>\n\t\t\t\t<section class=\"elementor-section elementor-top-section elementor-element elementor-element-f90a817 elementor-section-boxed elementor-section-height-default elementor-section-height-default\" data-id=\"f90a817\" data-element_type=\"section\">\n\t\t\t\t\t\t<div class=\"elementor-container elementor-column-gap-default\">\n\t\t\t\t\t<div class=\"elementor-column elementor-col-100 elementor-top-column elementor-element elementor-element-ac1a257\" data-id=\"ac1a257\" data-element_type=\"column\">\n\t\t\t<div class=\"elementor-widget-wrap elementor-element-populated\">\n\t\t\t\t\t\t<div class=\"elementor-element elementor-element-0815071 elementor-widget elementor-widget-image\" data-id=\"0815071\" data-element_type=\"widget\" data-widget_type=\"image.default\">\n\t\t\t\t<div class=\"elementor-widget-container\">\n\t\t\t\t\t\t\t\t\t\t<figure class=\"wp-caption\">\n\t\t\t\t\t\t\t\t\t\t\t<a href=\"https:\/\/www.chu-tours.fr\/nri\/wp-content\/uploads\/sites\/8\/2021\/01\/fracture-l5.jpg\" data-elementor-open-lightbox=\"yes\" data-elementor-lightbox-title=\"fracture-l5\" data-e-action-hash=\"#elementor-action%3Aaction%3Dlightbox%26settings%3DeyJpZCI6MjYzLCJ1cmwiOiJodHRwczpcL1wvd3d3LmNodS10b3Vycy5mclwvbnJpXC93cC1jb250ZW50XC91cGxvYWRzXC9zaXRlc1wvOFwvMjAyMVwvMDFcL2ZyYWN0dXJlLWw1LmpwZyJ9\">\n\t\t\t\t\t\t\t<img decoding=\"async\" width=\"587\" height=\"754\" src=\"https:\/\/www.chu-tours.fr\/nri\/wp-content\/uploads\/sites\/8\/2021\/01\/fracture-l5.jpg\" class=\"attachment-medium_large size-medium_large wp-image-263\" alt=\"Radiographie du rachis lombaire de profil mettant en \u00e9vidence une fracture tassement vert\u00e9bral de la vert\u00e8bre L5 (vert\u00e8bre contour\u00e9e en rouge)\" srcset=\"https:\/\/www.chu-tours.fr\/nri\/wp-content\/uploads\/sites\/8\/2021\/01\/fracture-l5.jpg 587w, https:\/\/www.chu-tours.fr\/nri\/wp-content\/uploads\/sites\/8\/2021\/01\/fracture-l5-234x300.jpg 234w\" sizes=\"(max-width: 587px) 100vw, 587px\" \/>\t\t\t\t\t\t\t\t<\/a>\n\t\t\t\t\t\t\t\t\t\t\t<figcaption class=\"widget-image-caption wp-caption-text\">Radiographie du rachis lombaire de profil mettant en \u00e9vidence une fracture tassement vert\u00e9bral de la vert\u00e8bre L5 (vert\u00e8bre contour\u00e9e en rouge)<\/figcaption>\n\t\t\t\t\t\t\t\t\t\t<\/figure>\n\t\t\t\t\t\t\t<\/div>\n\t\t\t\t<\/div>\n\t\t\t\t<section class=\"elementor-section elementor-inner-section elementor-element elementor-element-20cff5e elementor-section-boxed elementor-section-height-default elementor-section-height-default\" data-id=\"20cff5e\" data-element_type=\"section\">\n\t\t\t\t\t\t<div class=\"elementor-container elementor-column-gap-default\">\n\t\t\t\t\t<div class=\"elementor-column elementor-col-100 elementor-inner-column elementor-element elementor-element-b7ad3bf\" data-id=\"b7ad3bf\" data-element_type=\"column\">\n\t\t\t<div class=\"elementor-widget-wrap elementor-element-populated\">\n\t\t\t\t\t\t<div class=\"elementor-element elementor-element-d58d0a5 elementor-widget elementor-widget-image\" data-id=\"d58d0a5\" data-element_type=\"widget\" data-widget_type=\"image.default\">\n\t\t\t\t<div class=\"elementor-widget-container\">\n\t\t\t\t\t\t\t\t\t\t<figure class=\"wp-caption\">\n\t\t\t\t\t\t\t\t\t\t\t<a href=\"https:\/\/www.chu-tours.fr\/nri\/wp-content\/uploads\/sites\/8\/2021\/01\/fracture-l5-ciment.jpg\" data-elementor-open-lightbox=\"yes\" data-elementor-lightbox-title=\"fracture-l5-ciment\" data-e-action-hash=\"#elementor-action%3Aaction%3Dlightbox%26settings%3DeyJpZCI6MjY1LCJ1cmwiOiJodHRwczpcL1wvd3d3LmNodS10b3Vycy5mclwvbnJpXC93cC1jb250ZW50XC91cGxvYWRzXC9zaXRlc1wvOFwvMjAyMVwvMDFcL2ZyYWN0dXJlLWw1LWNpbWVudC5qcGcifQ%3D%3D\">\n\t\t\t\t\t\t\t<img decoding=\"async\" width=\"768\" height=\"365\" src=\"https:\/\/www.chu-tours.fr\/nri\/wp-content\/uploads\/sites\/8\/2021\/01\/fracture-l5-ciment-768x365.jpg\" class=\"attachment-medium_large size-medium_large wp-image-265\" alt=\"L\u2019image de gauche montre le trocart en place dans le corps de la vert\u00e8bre ; L\u2019image de droite montre le ciment qui a diffus\u00e9 au sein du corps vert\u00e9bral.\" srcset=\"https:\/\/www.chu-tours.fr\/nri\/wp-content\/uploads\/sites\/8\/2021\/01\/fracture-l5-ciment-768x365.jpg 768w, https:\/\/www.chu-tours.fr\/nri\/wp-content\/uploads\/sites\/8\/2021\/01\/fracture-l5-ciment-300x143.jpg 300w, https:\/\/www.chu-tours.fr\/nri\/wp-content\/uploads\/sites\/8\/2021\/01\/fracture-l5-ciment-1024x487.jpg 1024w, https:\/\/www.chu-tours.fr\/nri\/wp-content\/uploads\/sites\/8\/2021\/01\/fracture-l5-ciment.jpg 1383w\" sizes=\"(max-width: 768px) 100vw, 768px\" \/>\t\t\t\t\t\t\t\t<\/a>\n\t\t\t\t\t\t\t\t\t\t\t<figcaption class=\"widget-image-caption wp-caption-text\">L\u2019image de gauche montre le trocart en place dans le corps de la vert\u00e8bre ;<br \/> L\u2019image de droite montre le ciment qui a diffus\u00e9 au sein du corps vert\u00e9bral.<\/figcaption>\n\t\t\t\t\t\t\t\t\t\t<\/figure>\n\t\t\t\t\t\t\t<\/div>\n\t\t\t\t<\/div>\n\t\t\t\t\t<\/div>\n\t\t<\/div>\n\t\t\t\t\t<\/div>\n\t\t<\/section>\n\t\t\t\t\t<\/div>\n\t\t<\/div>\n\t\t\t\t\t<\/div>\n\t\t<\/section>\n\t\t\t\t<section class=\"elementor-section elementor-top-section elementor-element elementor-element-f0353f0 elementor-section-boxed elementor-section-height-default elementor-section-height-default\" data-id=\"f0353f0\" data-element_type=\"section\">\n\t\t\t\t\t\t<div class=\"elementor-container elementor-column-gap-default\">\n\t\t\t\t\t<div class=\"elementor-column elementor-col-100 elementor-top-column elementor-element elementor-element-57c32dc\" data-id=\"57c32dc\" data-element_type=\"column\">\n\t\t\t<div class=\"elementor-widget-wrap elementor-element-populated\">\n\t\t\t\t\t\t<div class=\"elementor-element elementor-element-df66eef elementor-list-item-link-inline elementor-icon-list--layout-traditional elementor-widget elementor-widget-global elementor-global-147 elementor-widget-icon-list\" data-id=\"df66eef\" data-element_type=\"widget\" data-widget_type=\"icon-list.default\">\n\t\t\t\t<div class=\"elementor-widget-container\">\n\t\t\t\t\t<ul class=\"elementor-icon-list-items\">\n\t\t\t\t\t\t\t<li class=\"elementor-icon-list-item\">\n\t\t\t\t\t\t\t\t\t\t\t<a href=\"https:\/\/www.chu-tours.fr\/nri\/contacts\/\">\n\n\t\t\t\t\t\t\t\t\t\t\t\t<span class=\"elementor-icon-list-icon\">\n\t\t\t\t\t\t\t<i aria-hidden=\"true\" class=\"fas fa-info-circle\"><\/i>\t\t\t\t\t\t<\/span>\n\t\t\t\t\t\t\t\t\t\t<span class=\"elementor-icon-list-text\">Pour tout renseignement compl\u00e9mentaire, contacter le secr\u00e9tariat de neuroradiologie interventionnelle.<\/span>\n\t\t\t\t\t\t\t\t\t\t\t<\/a>\n\t\t\t\t\t\t\t\t\t<\/li>\n\t\t\t\t\t\t<\/ul>\n\t\t\t\t<\/div>\n\t\t\t\t<\/div>\n\t\t\t\t\t<\/div>\n\t\t<\/div>\n\t\t\t\t\t<\/div>\n\t\t<\/section>\n\t\t\t\t<\/div>\n\t\t","protected":false},"excerpt":{"rendered":"<p>Vert\u00e9broplastie (= cimentoplastie) La vert\u00e9broplastie (= cimentoplastie) est une technique mini-invasive de radiologie interventionnelle au cours de laquelle du ciment est inject\u00e9 \u00e0 travers une aiguille au sein d\u2019une vert\u00e8bre. L\u2019objectif de la cimentoplastie est de diminuer les douleurs rachidiennes des patients qui ont une fracture vert\u00e9brale non soulag\u00e9e par les traitements antalgiques habituels. D\u00e9roulement [&hellip;]<\/p>\n","protected":false},"author":4,"featured_media":0,"parent":0,"menu_order":0,"comment_status":"closed","ping_status":"closed","template":"","meta":{"_seopress_robots_primary_cat":"","_seopress_titles_title":"CHRU de Tours. Neuro-Radiologie Interventionnelle. Vert\u00e9broplastie (cimentoplastie).","_seopress_titles_desc":"Service de Neuro-Radiologie Interventionnelle du CHRU de Tours. Vert\u00e9broplastie (cimentoplastie).","_seopress_robots_index":"","_exactmetrics_skip_tracking":false,"_exactmetrics_sitenote_active":false,"_exactmetrics_sitenote_note":"","_exactmetrics_sitenote_category":0,"_genesis_hide_title":false,"_genesis_hide_breadcrumbs":false,"_genesis_hide_singular_image":false,"_genesis_hide_footer_widgets":false,"_genesis_custom_body_class":"","_genesis_custom_post_class":"","_genesis_layout":"","footnotes":""},"publishpress_future_action":{"enabled":false,"date":"2026-05-19 22:30:18","action":"change-status","newStatus":"draft","terms":[],"taxonomy":""},"_links":{"self":[{"href":"https:\/\/www.chu-tours.fr\/nri\/wp-json\/wp\/v2\/pages\/261"}],"collection":[{"href":"https:\/\/www.chu-tours.fr\/nri\/wp-json\/wp\/v2\/pages"}],"about":[{"href":"https:\/\/www.chu-tours.fr\/nri\/wp-json\/wp\/v2\/types\/page"}],"author":[{"embeddable":true,"href":"https:\/\/www.chu-tours.fr\/nri\/wp-json\/wp\/v2\/users\/4"}],"replies":[{"embeddable":true,"href":"https:\/\/www.chu-tours.fr\/nri\/wp-json\/wp\/v2\/comments?post=261"}],"version-history":[{"count":17,"href":"https:\/\/www.chu-tours.fr\/nri\/wp-json\/wp\/v2\/pages\/261\/revisions"}],"predecessor-version":[{"id":637,"href":"https:\/\/www.chu-tours.fr\/nri\/wp-json\/wp\/v2\/pages\/261\/revisions\/637"}],"wp:attachment":[{"href":"https:\/\/www.chu-tours.fr\/nri\/wp-json\/wp\/v2\/media?parent=261"}],"curies":[{"name":"wp","href":"https:\/\/api.w.org\/{rel}","templated":true}]}}