{"id":123,"date":"2021-01-12T11:41:06","date_gmt":"2021-01-12T10:41:06","guid":{"rendered":"https:\/\/www.chu-tours.fr\/nri\/?page_id=123"},"modified":"2025-07-29T15:13:16","modified_gmt":"2025-07-29T13:13:16","slug":"la-salle-dangiographie","status":"publish","type":"page","link":"https:\/\/www.chu-tours.fr\/nri\/la-salle-dangiographie\/","title":{"rendered":"La salle d\u2019angiographie"},"content":{"rendered":"\t\t<div data-elementor-type=\"wp-page\" data-elementor-id=\"123\" class=\"elementor elementor-123\" data-elementor-post-type=\"page\">\n\t\t\t\t\t\t<section class=\"elementor-section elementor-top-section elementor-element elementor-element-6cd9c38 elementor-section-boxed elementor-section-height-default elementor-section-height-default\" data-id=\"6cd9c38\" data-element_type=\"section\">\n\t\t\t\t\t\t<div class=\"elementor-container elementor-column-gap-default\">\n\t\t\t\t\t<div class=\"elementor-column elementor-col-100 elementor-top-column elementor-element elementor-element-76d0f32\" data-id=\"76d0f32\" data-element_type=\"column\">\n\t\t\t<div class=\"elementor-widget-wrap elementor-element-populated\">\n\t\t\t\t\t\t<div class=\"elementor-element elementor-element-e101c1f elementor-widget elementor-widget-global elementor-global-561 elementor-widget-image\" data-id=\"e101c1f\" data-element_type=\"widget\" data-widget_type=\"image.default\">\n\t\t\t\t<div class=\"elementor-widget-container\">\n\t\t\t\t\t\t\t\t\t\t\t\t\t<img fetchpriority=\"high\" decoding=\"async\" width=\"381\" height=\"400\" src=\"https:\/\/www.chu-tours.fr\/nri\/wp-content\/uploads\/sites\/8\/2021\/02\/Logo_NRI_tours_h400_blanc.png\" class=\"attachment-full size-full wp-image-685\" alt=\"logo NRI CHRU Tours fond blanc\" srcset=\"https:\/\/www.chu-tours.fr\/nri\/wp-content\/uploads\/sites\/8\/2021\/02\/Logo_NRI_tours_h400_blanc.png 381w, https:\/\/www.chu-tours.fr\/nri\/wp-content\/uploads\/sites\/8\/2021\/02\/Logo_NRI_tours_h400_blanc-286x300.png 286w\" sizes=\"(max-width: 381px) 100vw, 381px\" \/>\t\t\t\t\t\t\t\t\t\t\t\t\t<\/div>\n\t\t\t\t<\/div>\n\t\t\t\t\t<\/div>\n\t\t<\/div>\n\t\t\t\t\t<\/div>\n\t\t<\/section>\n\t\t\t\t<section class=\"elementor-section elementor-top-section elementor-element elementor-element-7dd67d6 elementor-section-boxed elementor-section-height-default elementor-section-height-default\" data-id=\"7dd67d6\" data-element_type=\"section\">\n\t\t\t\t\t\t<div class=\"elementor-container elementor-column-gap-default\">\n\t\t\t\t\t<div class=\"elementor-column elementor-col-100 elementor-top-column elementor-element elementor-element-221ee59\" data-id=\"221ee59\" data-element_type=\"column\">\n\t\t\t<div class=\"elementor-widget-wrap elementor-element-populated\">\n\t\t\t\t\t\t<div class=\"elementor-element elementor-element-fc02d34 elementor-widget elementor-widget-heading\" data-id=\"fc02d34\" data-element_type=\"widget\" data-widget_type=\"heading.default\">\n\t\t\t\t<div class=\"elementor-widget-container\">\n\t\t\t<h2 class=\"elementor-heading-title elementor-size-default\">Le bloc de Neuroradiologie Interventionnelle<\/h2>\t\t<\/div>\n\t\t\t\t<\/div>\n\t\t\t\t<section class=\"elementor-section elementor-inner-section elementor-element elementor-element-393d99c elementor-section-boxed elementor-section-height-default elementor-section-height-default\" data-id=\"393d99c\" data-element_type=\"section\">\n\t\t\t\t\t\t<div class=\"elementor-container elementor-column-gap-default\">\n\t\t\t\t\t<div class=\"elementor-column elementor-col-100 elementor-inner-column elementor-element elementor-element-bf02fd9\" data-id=\"bf02fd9\" data-element_type=\"column\">\n\t\t\t<div class=\"elementor-widget-wrap elementor-element-populated\">\n\t\t\t\t\t\t<div class=\"elementor-element elementor-element-e9ac178 elementor-widget elementor-widget-text-editor\" data-id=\"e9ac178\" data-element_type=\"widget\" data-widget_type=\"text-editor.default\">\n\t\t\t\t<div class=\"elementor-widget-container\">\n\t\t\t\t\t\t\t<p><strong>La salle d\u2019angiographie se situe \u00e0 l\u2019h\u00f4pital Bretonneau de Tours, au deuxi\u00e8me \u00e9tage du b\u00e2timent B2A.<\/strong><\/p><p><strong><span style=\"font-size: 1rem;\">Cet \u00e9quipement de pointe permet l\u2019acquisition en temps r\u00e9el d\u2019images du cerveau ou de la moelle, par l\u2019interm\u00e9diaire de deux tubes d\u2019imagerie contr\u00f4l\u00e9s par le m\u00e9decin neuroradiologue et l\u2019\u00e9quipe de manipulateurs en \u00e9lectro-radiologie.<\/span><\/strong><\/p><p>Lors de votre examen d\u2019art\u00e9riographie ou de votre intervention, vous serez amen\u00e9(e) sur un brancard depuis votre lit d\u2019hospitalisation jusqu\u2019\u00e0 la salle de pr\u00e9paration, puis transf\u00e9r\u00e9(e) sur la table d\u2019angiographie ou vous serez accueilli(e) par l\u2019\u00e9quipe de neuroradiologie interventionnelle, et d\u2019anesth\u00e9sie.<\/p>\t\t\t\t\t\t<\/div>\n\t\t\t\t<\/div>\n\t\t\t\t\t<\/div>\n\t\t<\/div>\n\t\t\t\t\t<\/div>\n\t\t<\/section>\n\t\t\t\t\t<\/div>\n\t\t<\/div>\n\t\t\t\t\t<\/div>\n\t\t<\/section>\n\t\t\t\t<section class=\"elementor-section elementor-top-section elementor-element elementor-element-2c068fa elementor-section-boxed elementor-section-height-default elementor-section-height-default\" data-id=\"2c068fa\" data-element_type=\"section\">\n\t\t\t\t\t\t<div class=\"elementor-container elementor-column-gap-default\">\n\t\t\t\t\t<div class=\"elementor-column elementor-col-100 elementor-top-column elementor-element elementor-element-b7282d4\" data-id=\"b7282d4\" data-element_type=\"column\">\n\t\t\t<div class=\"elementor-widget-wrap elementor-element-populated\">\n\t\t\t\t\t\t<div class=\"elementor-element elementor-element-919f6c1 elementor-widget elementor-widget-image\" data-id=\"919f6c1\" data-element_type=\"widget\" data-widget_type=\"image.default\">\n\t\t\t\t<div class=\"elementor-widget-container\">\n\t\t\t\t\t\t\t\t\t\t\t\t\t\t<a href=\"https:\/\/www.chu-tours.fr\/nri\/wp-content\/uploads\/sites\/8\/2023\/03\/salle-angiographie_web.png\" data-elementor-open-lightbox=\"yes\" data-elementor-lightbox-title=\"salle-angiographie_web\" data-e-action-hash=\"#elementor-action%3Aaction%3Dlightbox%26settings%3DeyJpZCI6ODU5LCJ1cmwiOiJodHRwczpcL1wvd3d3LmNodS10b3Vycy5mclwvbnJpXC93cC1jb250ZW50XC91cGxvYWRzXC9zaXRlc1wvOFwvMjAyM1wvMDNcL3NhbGxlLWFuZ2lvZ3JhcGhpZV93ZWIucG5nIn0%3D\">\n\t\t\t\t\t\t\t<img decoding=\"async\" width=\"768\" height=\"346\" src=\"https:\/\/www.chu-tours.fr\/nri\/wp-content\/uploads\/sites\/8\/2023\/03\/salle-angiographie_web-768x346.png\" class=\"attachment-medium_large size-medium_large wp-image-859\" alt=\"La salle d&#039;angiographie\" srcset=\"https:\/\/www.chu-tours.fr\/nri\/wp-content\/uploads\/sites\/8\/2023\/03\/salle-angiographie_web-768x346.png 768w, https:\/\/www.chu-tours.fr\/nri\/wp-content\/uploads\/sites\/8\/2023\/03\/salle-angiographie_web-300x135.png 300w, https:\/\/www.chu-tours.fr\/nri\/wp-content\/uploads\/sites\/8\/2023\/03\/salle-angiographie_web-1024x461.png 1024w, https:\/\/www.chu-tours.fr\/nri\/wp-content\/uploads\/sites\/8\/2023\/03\/salle-angiographie_web.png 1200w\" sizes=\"(max-width: 768px) 100vw, 768px\" \/>\t\t\t\t\t\t\t\t<\/a>\n\t\t\t\t\t\t\t\t\t\t\t\t\t<\/div>\n\t\t\t\t<\/div>\n\t\t\t\t\t<\/div>\n\t\t<\/div>\n\t\t\t\t\t<\/div>\n\t\t<\/section>\n\t\t\t\t<section class=\"elementor-section elementor-top-section elementor-element elementor-element-e7facb6 elementor-section-boxed elementor-section-height-default elementor-section-height-default\" data-id=\"e7facb6\" data-element_type=\"section\">\n\t\t\t\t\t\t<div class=\"elementor-container elementor-column-gap-default\">\n\t\t\t\t\t<div class=\"elementor-column elementor-col-100 elementor-top-column elementor-element elementor-element-c72fd51\" data-id=\"c72fd51\" data-element_type=\"column\">\n\t\t\t<div class=\"elementor-widget-wrap elementor-element-populated\">\n\t\t\t\t\t\t<div class=\"elementor-element elementor-element-457918c elementor-widget elementor-widget-image\" data-id=\"457918c\" data-element_type=\"widget\" data-widget_type=\"image.default\">\n\t\t\t\t<div class=\"elementor-widget-container\">\n\t\t\t\t\t\t\t\t\t\t<figure class=\"wp-caption\">\n\t\t\t\t\t\t\t\t\t\t\t<a href=\"https:\/\/www.chu-tours.fr\/nri\/wp-content\/uploads\/sites\/8\/2023\/03\/localisation-angiographie.jpg\" data-elementor-open-lightbox=\"yes\" data-elementor-lightbox-title=\"localisation-angiographie\" data-e-action-hash=\"#elementor-action%3Aaction%3Dlightbox%26settings%3DeyJpZCI6ODI0LCJ1cmwiOiJodHRwczpcL1wvd3d3LmNodS10b3Vycy5mclwvbnJpXC93cC1jb250ZW50XC91cGxvYWRzXC9zaXRlc1wvOFwvMjAyM1wvMDNcL2xvY2FsaXNhdGlvbi1hbmdpb2dyYXBoaWUuanBnIn0%3D\">\n\t\t\t\t\t\t\t<img decoding=\"async\" width=\"768\" height=\"543\" src=\"https:\/\/www.chu-tours.fr\/nri\/wp-content\/uploads\/sites\/8\/2023\/03\/localisation-angiographie-768x543.jpg\" class=\"attachment-medium_large size-medium_large wp-image-824\" alt=\"Localisation de la salle d\u2019angiographie\" srcset=\"https:\/\/www.chu-tours.fr\/nri\/wp-content\/uploads\/sites\/8\/2023\/03\/localisation-angiographie-768x543.jpg 768w, https:\/\/www.chu-tours.fr\/nri\/wp-content\/uploads\/sites\/8\/2023\/03\/localisation-angiographie-300x212.jpg 300w, https:\/\/www.chu-tours.fr\/nri\/wp-content\/uploads\/sites\/8\/2023\/03\/localisation-angiographie-1024x724.jpg 1024w, https:\/\/www.chu-tours.fr\/nri\/wp-content\/uploads\/sites\/8\/2023\/03\/localisation-angiographie.jpg 1191w\" sizes=\"(max-width: 768px) 100vw, 768px\" \/>\t\t\t\t\t\t\t\t<\/a>\n\t\t\t\t\t\t\t\t\t\t\t<figcaption class=\"widget-image-caption wp-caption-text\"><\/figcaption>\n\t\t\t\t\t\t\t\t\t\t<\/figure>\n\t\t\t\t\t\t\t<\/div>\n\t\t\t\t<\/div>\n\t\t\t\t\t<\/div>\n\t\t<\/div>\n\t\t\t\t\t<\/div>\n\t\t<\/section>\n\t\t\t\t<section class=\"elementor-section elementor-top-section elementor-element elementor-element-fbdeb83 elementor-section-boxed elementor-section-height-default elementor-section-height-default\" data-id=\"fbdeb83\" data-element_type=\"section\">\n\t\t\t\t\t\t<div class=\"elementor-container elementor-column-gap-default\">\n\t\t\t\t\t<div class=\"elementor-column elementor-col-100 elementor-top-column elementor-element elementor-element-0152423\" data-id=\"0152423\" data-element_type=\"column\">\n\t\t\t<div class=\"elementor-widget-wrap elementor-element-populated\">\n\t\t\t\t\t\t<div class=\"elementor-element elementor-element-ca9d4aa elementor-widget elementor-widget-text-editor\" data-id=\"ca9d4aa\" data-element_type=\"widget\" data-widget_type=\"text-editor.default\">\n\t\t\t\t<div class=\"elementor-widget-container\">\n\t\t\t\t\t\t\t<h2 style=\"text-align: left;\">La salle d&#8217;angiographie<\/h2>\t\t\t\t\t\t<\/div>\n\t\t\t\t<\/div>\n\t\t\t\t<div class=\"elementor-element elementor-element-8f22ec7 elementor-widget elementor-widget-heading\" data-id=\"8f22ec7\" data-element_type=\"widget\" data-widget_type=\"heading.default\">\n\t\t\t\t<div class=\"elementor-widget-container\">\n\t\t\t<h3 class=\"elementor-heading-title elementor-size-default\"><a href=\"https:\/\/www.chu-tours.fr\/nri\/angiomes-et-anomalies-vasculaires-peripheriques\/\">Reconstruction d'un traitement endovasculaire d'une malformation superficielle, en salle 8<\/a><\/h3>\t\t<\/div>\n\t\t\t\t<\/div>\n\t\t\t\t<div class=\"elementor-element elementor-element-a1d49f9 elementor-widget elementor-widget-video\" data-id=\"a1d49f9\" data-element_type=\"widget\" data-settings=\"{&quot;youtube_url&quot;:&quot;https:\\\/\\\/youtu.be\\\/BNQIQCHO1fo&quot;,&quot;video_type&quot;:&quot;youtube&quot;,&quot;controls&quot;:&quot;yes&quot;}\" data-widget_type=\"video.default\">\n\t\t\t\t<div class=\"elementor-widget-container\">\n\t\t\t\t\t<div class=\"elementor-wrapper elementor-open-inline\">\n\t\t\t<div class=\"elementor-video\"><\/div>\t\t<\/div>\n\t\t\t\t<\/div>\n\t\t\t\t<\/div>\n\t\t\t\t\t<\/div>\n\t\t<\/div>\n\t\t\t\t\t<\/div>\n\t\t<\/section>\n\t\t\t\t<section class=\"elementor-section elementor-top-section elementor-element elementor-element-f90a817 elementor-section-boxed elementor-section-height-default elementor-section-height-default\" data-id=\"f90a817\" data-element_type=\"section\">\n\t\t\t\t\t\t<div class=\"elementor-container elementor-column-gap-default\">\n\t\t\t\t\t<div class=\"elementor-column elementor-col-50 elementor-top-column elementor-element elementor-element-1b6a8e5\" data-id=\"1b6a8e5\" data-element_type=\"column\">\n\t\t\t<div class=\"elementor-widget-wrap elementor-element-populated\">\n\t\t\t\t\t\t<div class=\"elementor-element elementor-element-489a88e elementor-widget elementor-widget-image\" data-id=\"489a88e\" data-element_type=\"widget\" data-widget_type=\"image.default\">\n\t\t\t\t<div class=\"elementor-widget-container\">\n\t\t\t\t\t\t\t\t\t\t\t\t\t\t<a href=\"https:\/\/www.chu-tours.fr\/nri\/wp-content\/uploads\/sites\/8\/2023\/03\/salle-angiographie3_web.jpg\" data-elementor-open-lightbox=\"yes\" data-elementor-lightbox-title=\"salle-angiographie3_web\" data-e-action-hash=\"#elementor-action%3Aaction%3Dlightbox%26settings%3DeyJpZCI6ODYxLCJ1cmwiOiJodHRwczpcL1wvd3d3LmNodS10b3Vycy5mclwvbnJpXC93cC1jb250ZW50XC91cGxvYWRzXC9zaXRlc1wvOFwvMjAyM1wvMDNcL3NhbGxlLWFuZ2lvZ3JhcGhpZTNfd2ViLmpwZyJ9\">\n\t\t\t\t\t\t\t<img loading=\"lazy\" decoding=\"async\" width=\"768\" height=\"576\" src=\"https:\/\/www.chu-tours.fr\/nri\/wp-content\/uploads\/sites\/8\/2023\/03\/salle-angiographie3_web-768x576.jpg\" class=\"attachment-medium_large size-medium_large wp-image-861\" alt=\"La salle d&#039;angiographie\" srcset=\"https:\/\/www.chu-tours.fr\/nri\/wp-content\/uploads\/sites\/8\/2023\/03\/salle-angiographie3_web-768x576.jpg 768w, https:\/\/www.chu-tours.fr\/nri\/wp-content\/uploads\/sites\/8\/2023\/03\/salle-angiographie3_web-300x225.jpg 300w, https:\/\/www.chu-tours.fr\/nri\/wp-content\/uploads\/sites\/8\/2023\/03\/salle-angiographie3_web-70x52.jpg 70w, https:\/\/www.chu-tours.fr\/nri\/wp-content\/uploads\/sites\/8\/2023\/03\/salle-angiographie3_web.jpg 1024w\" sizes=\"(max-width: 768px) 100vw, 768px\" \/>\t\t\t\t\t\t\t\t<\/a>\n\t\t\t\t\t\t\t\t\t\t\t\t\t<\/div>\n\t\t\t\t<\/div>\n\t\t\t\t\t<\/div>\n\t\t<\/div>\n\t\t\t\t<div class=\"elementor-column elementor-col-50 elementor-top-column elementor-element elementor-element-cd1c98b\" data-id=\"cd1c98b\" data-element_type=\"column\">\n\t\t\t<div class=\"elementor-widget-wrap elementor-element-populated\">\n\t\t\t\t\t\t<div class=\"elementor-element elementor-element-5668775 elementor-widget elementor-widget-image\" data-id=\"5668775\" data-element_type=\"widget\" data-widget_type=\"image.default\">\n\t\t\t\t<div class=\"elementor-widget-container\">\n\t\t\t\t\t\t\t\t\t\t\t\t\t\t<a href=\"https:\/\/www.chu-tours.fr\/nri\/wp-content\/uploads\/sites\/8\/2023\/03\/salle-angiographie2_web.jpg\" data-elementor-open-lightbox=\"yes\" data-elementor-lightbox-title=\"salle-angiographie2_web\" data-e-action-hash=\"#elementor-action%3Aaction%3Dlightbox%26settings%3DeyJpZCI6ODYwLCJ1cmwiOiJodHRwczpcL1wvd3d3LmNodS10b3Vycy5mclwvbnJpXC93cC1jb250ZW50XC91cGxvYWRzXC9zaXRlc1wvOFwvMjAyM1wvMDNcL3NhbGxlLWFuZ2lvZ3JhcGhpZTJfd2ViLmpwZyJ9\">\n\t\t\t\t\t\t\t<img loading=\"lazy\" decoding=\"async\" width=\"768\" height=\"1024\" src=\"https:\/\/www.chu-tours.fr\/nri\/wp-content\/uploads\/sites\/8\/2023\/03\/salle-angiographie2_web.jpg\" class=\"attachment-medium_large size-medium_large wp-image-860\" alt=\"La salle d&#039;angiographie\" srcset=\"https:\/\/www.chu-tours.fr\/nri\/wp-content\/uploads\/sites\/8\/2023\/03\/salle-angiographie2_web.jpg 768w, https:\/\/www.chu-tours.fr\/nri\/wp-content\/uploads\/sites\/8\/2023\/03\/salle-angiographie2_web-225x300.jpg 225w\" sizes=\"(max-width: 768px) 100vw, 768px\" \/>\t\t\t\t\t\t\t\t<\/a>\n\t\t\t\t\t\t\t\t\t\t\t\t\t<\/div>\n\t\t\t\t<\/div>\n\t\t\t\t\t<\/div>\n\t\t<\/div>\n\t\t\t\t\t<\/div>\n\t\t<\/section>\n\t\t\t\t<section class=\"elementor-section elementor-top-section elementor-element elementor-element-560626c elementor-section-boxed elementor-section-height-default elementor-section-height-default\" data-id=\"560626c\" data-element_type=\"section\">\n\t\t\t\t\t\t<div class=\"elementor-container elementor-column-gap-default\">\n\t\t\t\t\t<div class=\"elementor-column elementor-col-100 elementor-top-column elementor-element elementor-element-91168c4\" data-id=\"91168c4\" data-element_type=\"column\">\n\t\t\t<div class=\"elementor-widget-wrap elementor-element-populated\">\n\t\t\t\t\t\t<div class=\"elementor-element elementor-element-1b06dd4 elementor-widget elementor-widget-heading\" data-id=\"1b06dd4\" data-element_type=\"widget\" data-widget_type=\"heading.default\">\n\t\t\t\t<div class=\"elementor-widget-container\">\n\t\t\t<h2 class=\"elementor-heading-title elementor-size-default\">Article paru dans la Nouvelle R\u00e9publique le 10\/03\/2023<\/h2>\t\t<\/div>\n\t\t\t\t<\/div>\n\t\t\t\t<div class=\"elementor-element elementor-element-102fa1f elementor-icon-list--layout-traditional elementor-list-item-link-full_width elementor-widget elementor-widget-icon-list\" data-id=\"102fa1f\" data-element_type=\"widget\" data-widget_type=\"icon-list.default\">\n\t\t\t\t<div class=\"elementor-widget-container\">\n\t\t\t\t\t<ul class=\"elementor-icon-list-items\">\n\t\t\t\t\t\t\t<li class=\"elementor-icon-list-item\">\n\t\t\t\t\t\t\t\t\t\t\t<a href=\"https:\/\/www.chu-tours.fr\/nri\/wp-content\/uploads\/sites\/8\/2023\/03\/article-nouvelle-republique-11032023.pdf\" target=\"_blank\">\n\n\t\t\t\t\t\t\t\t\t\t\t\t<span class=\"elementor-icon-list-icon\">\n\t\t\t\t\t\t\t<i aria-hidden=\"true\" class=\"far fa-newspaper\"><\/i>\t\t\t\t\t\t<\/span>\n\t\t\t\t\t\t\t\t\t\t<span class=\"elementor-icon-list-text\">Un plateau technique de derni\u00e8re g\u00e9n\u00e9ration pour les maladies c\u00e9r\u00e9brovasculaires<\/span>\n\t\t\t\t\t\t\t\t\t\t\t<\/a>\n\t\t\t\t\t\t\t\t\t<\/li>\n\t\t\t\t\t\t<\/ul>\n\t\t\t\t<\/div>\n\t\t\t\t<\/div>\n\t\t\t\t\t<\/div>\n\t\t<\/div>\n\t\t\t\t\t<\/div>\n\t\t<\/section>\n\t\t\t\t<\/div>\n\t\t","protected":false},"excerpt":{"rendered":"<p>Le bloc de Neuroradiologie Interventionnelle La salle d\u2019angiographie se situe \u00e0 l\u2019h\u00f4pital Bretonneau de Tours, au deuxi\u00e8me \u00e9tage du b\u00e2timent B2A. Cet \u00e9quipement de pointe permet l\u2019acquisition en temps r\u00e9el d\u2019images du cerveau ou de la moelle, par l\u2019interm\u00e9diaire de deux tubes d\u2019imagerie contr\u00f4l\u00e9s par le m\u00e9decin neuroradiologue et l\u2019\u00e9quipe de manipulateurs en \u00e9lectro-radiologie. Lors [&hellip;]<\/p>\n","protected":false},"author":4,"featured_media":0,"parent":0,"menu_order":0,"comment_status":"closed","ping_status":"closed","template":"","meta":{"_seopress_robots_primary_cat":"","_seopress_titles_title":"CHRU de Tours. Neuro-Radiologie Interventionnelle. La salle d\u2019angiographie.","_seopress_titles_desc":"Service de Neuro-Radiologie Interventionnelle du CHRU de Tours. La salle d\u2019angiographie.","_seopress_robots_index":"","_exactmetrics_skip_tracking":false,"_exactmetrics_sitenote_active":false,"_exactmetrics_sitenote_note":"","_exactmetrics_sitenote_category":0,"_genesis_hide_title":false,"_genesis_hide_breadcrumbs":false,"_genesis_hide_singular_image":false,"_genesis_hide_footer_widgets":false,"_genesis_custom_body_class":"","_genesis_custom_post_class":"","_genesis_layout":"","footnotes":""},"publishpress_future_action":{"enabled":false,"date":"2026-05-02 19:47:41","action":"change-status","newStatus":"draft","terms":[],"taxonomy":""},"_links":{"self":[{"href":"https:\/\/www.chu-tours.fr\/nri\/wp-json\/wp\/v2\/pages\/123"}],"collection":[{"href":"https:\/\/www.chu-tours.fr\/nri\/wp-json\/wp\/v2\/pages"}],"about":[{"href":"https:\/\/www.chu-tours.fr\/nri\/wp-json\/wp\/v2\/types\/page"}],"author":[{"embeddable":true,"href":"https:\/\/www.chu-tours.fr\/nri\/wp-json\/wp\/v2\/users\/4"}],"replies":[{"embeddable":true,"href":"https:\/\/www.chu-tours.fr\/nri\/wp-json\/wp\/v2\/comments?post=123"}],"version-history":[{"count":20,"href":"https:\/\/www.chu-tours.fr\/nri\/wp-json\/wp\/v2\/pages\/123\/revisions"}],"predecessor-version":[{"id":1051,"href":"https:\/\/www.chu-tours.fr\/nri\/wp-json\/wp\/v2\/pages\/123\/revisions\/1051"}],"wp:attachment":[{"href":"https:\/\/www.chu-tours.fr\/nri\/wp-json\/wp\/v2\/media?parent=123"}],"curies":[{"name":"wp","href":"https:\/\/api.w.org\/{rel}","templated":true}]}}