{"id":1000,"date":"2025-05-28T15:40:30","date_gmt":"2025-05-28T13:40:30","guid":{"rendered":"https:\/\/www.chu-tours.fr\/nri\/?page_id=1000"},"modified":"2025-12-31T13:21:00","modified_gmt":"2025-12-31T12:21:00","slug":"rachis-et-enveloppes-medullaires","status":"publish","type":"page","link":"https:\/\/www.chu-tours.fr\/nri\/rachis-et-enveloppes-medullaires\/","title":{"rendered":"Rachis et enveloppes m\u00e9dullaires"},"content":{"rendered":"\t\t<div data-elementor-type=\"wp-page\" data-elementor-id=\"1000\" class=\"elementor elementor-1000\" data-elementor-post-type=\"page\">\n\t\t\t\t\t\t<section class=\"elementor-section elementor-top-section elementor-element elementor-element-735bdff elementor-section-boxed elementor-section-height-default elementor-section-height-default\" data-id=\"735bdff\" data-element_type=\"section\">\n\t\t\t\t\t\t<div class=\"elementor-container elementor-column-gap-default\">\n\t\t\t\t\t<div class=\"elementor-column elementor-col-100 elementor-top-column elementor-element elementor-element-ba4bef0\" data-id=\"ba4bef0\" data-element_type=\"column\">\n\t\t\t<div class=\"elementor-widget-wrap elementor-element-populated\">\n\t\t\t\t\t\t<div class=\"elementor-element elementor-element-9c3f5ae elementor-widget elementor-widget-heading\" data-id=\"9c3f5ae\" data-element_type=\"widget\" data-widget_type=\"heading.default\">\n\t\t\t\t<div class=\"elementor-widget-container\">\n\t\t\t<h2 class=\"elementor-heading-title elementor-size-default\">Pathologies prises en charge<\/h2>\t\t<\/div>\n\t\t\t\t<\/div>\n\t\t\t\t\t<\/div>\n\t\t<\/div>\n\t\t\t\t\t<\/div>\n\t\t<\/section>\n\t\t\t\t<section class=\"elementor-section elementor-top-section elementor-element elementor-element-56353c0 elementor-section-boxed elementor-section-height-default elementor-section-height-default\" data-id=\"56353c0\" data-element_type=\"section\">\n\t\t\t\t\t\t<div class=\"elementor-container elementor-column-gap-default\">\n\t\t\t\t\t<div class=\"elementor-column elementor-col-100 elementor-top-column elementor-element elementor-element-ecbbdd6\" data-id=\"ecbbdd6\" data-element_type=\"column\">\n\t\t\t<div class=\"elementor-widget-wrap elementor-element-populated\">\n\t\t\t\t\t\t<section class=\"elementor-section elementor-inner-section elementor-element elementor-element-518d030 elementor-section-boxed elementor-section-height-default elementor-section-height-default\" data-id=\"518d030\" data-element_type=\"section\">\n\t\t\t\t\t\t<div class=\"elementor-container elementor-column-gap-default\">\n\t\t\t\t\t<div class=\"elementor-column elementor-col-50 elementor-inner-column elementor-element elementor-element-5dd2e12\" data-id=\"5dd2e12\" data-element_type=\"column\">\n\t\t\t<div class=\"elementor-widget-wrap elementor-element-populated\">\n\t\t\t\t\t\t<div class=\"elementor-element elementor-element-8e25dfc elementor-widget elementor-widget-text-editor\" data-id=\"8e25dfc\" data-element_type=\"widget\" data-widget_type=\"text-editor.default\">\n\t\t\t\t<div class=\"elementor-widget-container\">\n\t\t\t\t\t\t\t<ul><li class=\"niveau-3\"><a class=\"titre-niveau-3\" title=\"Acc\u00e9der \u00e0 la page L\u00e9sions vasculaires du rachis\" href=\"https:\/\/www.chu-tours.fr\/nri\/lesions-vasculaires-du-rachis\/\" target=\"\">L\u00e9sions vasculaires du rachis<\/a><\/li><li class=\"niveau-3\"><a class=\"titre-niveau-3\" title=\"Acc\u00e9der \u00e0 la page Vert\u00e9broplastie (= cimentoplastie)\" href=\"https:\/\/www.chu-tours.fr\/nri\/vertebroplastie-cimentoplastie\/\" target=\"\">Vert\u00e9broplastie (= cimentoplastie)<\/a><\/li><\/ul>\t\t\t\t\t\t<\/div>\n\t\t\t\t<\/div>\n\t\t\t\t\t<\/div>\n\t\t<\/div>\n\t\t\t\t<div class=\"elementor-column elementor-col-50 elementor-inner-column elementor-element elementor-element-6b6170b elementor-hidden-desktop elementor-hidden-tablet elementor-hidden-mobile\" data-id=\"6b6170b\" data-element_type=\"column\">\n\t\t\t<div class=\"elementor-widget-wrap elementor-element-populated\">\n\t\t\t\t\t\t<div class=\"elementor-element elementor-element-70a3f0e elementor-widget elementor-widget-global elementor-global-1028 elementor-widget-text-editor\" data-id=\"70a3f0e\" data-element_type=\"widget\" data-widget_type=\"text-editor.default\">\n\t\t\t\t<div class=\"elementor-widget-container\">\n\t\t\t\t\t\t\t<blockquote><p><span style=\"font-size: 18pt;\">Publications scientifiques francophones de l&#8217;\u00e9quipe m\u00e9dicale<\/span><\/p><\/blockquote>\t\t\t\t\t\t<\/div>\n\t\t\t\t<\/div>\n\t\t\t\t<div class=\"elementor-element elementor-element-7b63d0c elementor-widget elementor-widget-text-editor\" data-id=\"7b63d0c\" data-element_type=\"widget\" data-widget_type=\"text-editor.default\">\n\t\t\t\t<div class=\"elementor-widget-container\">\n\t\t\t\t\t\t\t<ul><li>\u00a0<\/li><\/ul>\t\t\t\t\t\t<\/div>\n\t\t\t\t<\/div>\n\t\t\t\t\t<\/div>\n\t\t<\/div>\n\t\t\t\t\t<\/div>\n\t\t<\/section>\n\t\t\t\t\t<\/div>\n\t\t<\/div>\n\t\t\t\t\t<\/div>\n\t\t<\/section>\n\t\t\t\t<section class=\"elementor-section elementor-top-section elementor-element elementor-element-8e4233a elementor-section-boxed elementor-section-height-default elementor-section-height-default\" data-id=\"8e4233a\" data-element_type=\"section\">\n\t\t\t\t\t\t<div class=\"elementor-container elementor-column-gap-default\">\n\t\t\t\t\t<div class=\"elementor-column elementor-col-100 elementor-top-column elementor-element elementor-element-0784557\" data-id=\"0784557\" data-element_type=\"column\">\n\t\t\t<div class=\"elementor-widget-wrap\">\n\t\t\t\t\t\t\t<\/div>\n\t\t<\/div>\n\t\t\t\t\t<\/div>\n\t\t<\/section>\n\t\t\t\t<\/div>\n\t\t","protected":false},"excerpt":{"rendered":"<p>Pathologies prises en charge L\u00e9sions vasculaires du rachis Vert\u00e9broplastie (= cimentoplastie) Publications scientifiques francophones de l&#8217;\u00e9quipe m\u00e9dicale \u00a0<\/p>\n","protected":false},"author":4,"featured_media":0,"parent":0,"menu_order":0,"comment_status":"closed","ping_status":"closed","template":"","meta":{"_seopress_robots_primary_cat":"","_seopress_titles_title":"","_seopress_titles_desc":"","_seopress_robots_index":"","_exactmetrics_skip_tracking":false,"_exactmetrics_sitenote_active":false,"_exactmetrics_sitenote_note":"","_exactmetrics_sitenote_category":0,"_genesis_hide_title":false,"_genesis_hide_breadcrumbs":false,"_genesis_hide_singular_image":false,"_genesis_hide_footer_widgets":false,"_genesis_custom_body_class":"","_genesis_custom_post_class":"","_genesis_layout":"","footnotes":""},"publishpress_future_action":{"enabled":false,"date":"2026-05-02 19:49:31","action":"change-status","newStatus":"draft","terms":[],"taxonomy":""},"_links":{"self":[{"href":"https:\/\/www.chu-tours.fr\/nri\/wp-json\/wp\/v2\/pages\/1000"}],"collection":[{"href":"https:\/\/www.chu-tours.fr\/nri\/wp-json\/wp\/v2\/pages"}],"about":[{"href":"https:\/\/www.chu-tours.fr\/nri\/wp-json\/wp\/v2\/types\/page"}],"author":[{"embeddable":true,"href":"https:\/\/www.chu-tours.fr\/nri\/wp-json\/wp\/v2\/users\/4"}],"replies":[{"embeddable":true,"href":"https:\/\/www.chu-tours.fr\/nri\/wp-json\/wp\/v2\/comments?post=1000"}],"version-history":[{"count":10,"href":"https:\/\/www.chu-tours.fr\/nri\/wp-json\/wp\/v2\/pages\/1000\/revisions"}],"predecessor-version":[{"id":1111,"href":"https:\/\/www.chu-tours.fr\/nri\/wp-json\/wp\/v2\/pages\/1000\/revisions\/1111"}],"wp:attachment":[{"href":"https:\/\/www.chu-tours.fr\/nri\/wp-json\/wp\/v2\/media?parent=1000"}],"curies":[{"name":"wp","href":"https:\/\/api.w.org\/{rel}","templated":true}]}}