{"id":95,"date":"2025-10-21T12:53:40","date_gmt":"2025-10-21T10:53:40","guid":{"rendered":"https:\/\/www.chu-tours.fr\/neurochirurgie\/?page_id=95"},"modified":"2026-03-18T16:23:53","modified_gmt":"2026-03-18T15:23:53","slug":"lhospitalisation","status":"publish","type":"page","link":"https:\/\/www.chu-tours.fr\/neurochirurgie\/lhospitalisation\/","title":{"rendered":"L&#8217;hospitalisation"},"content":{"rendered":"\t\t<div data-elementor-type=\"wp-page\" data-elementor-id=\"95\" class=\"elementor elementor-95\" data-elementor-post-type=\"page\">\n\t\t\t\t<div class=\"elementor-element elementor-element-c2fe7bd e-con-full e-flex e-con e-parent\" data-id=\"c2fe7bd\" data-element_type=\"container\">\n\t\t\t\t<div class=\"elementor-element elementor-element-2abc353 elementor-widget elementor-widget-video\" data-id=\"2abc353\" data-element_type=\"widget\" data-settings=\"{&quot;video_type&quot;:&quot;hosted&quot;,&quot;autoplay&quot;:&quot;yes&quot;,&quot;controls&quot;:&quot;yes&quot;}\" data-widget_type=\"video.default\">\n\t\t\t\t<div class=\"elementor-widget-container\">\n\t\t\t<style>\/*! elementor - v3.23.0 - 15-07-2024 *\/\n.elementor-widget-video .elementor-widget-container{overflow:hidden;transform:translateZ(0)}.elementor-widget-video .elementor-wrapper{aspect-ratio:var(--video-aspect-ratio)}.elementor-widget-video .elementor-wrapper iframe,.elementor-widget-video .elementor-wrapper video{height:100%;width:100%;display:flex;border:none;background-color:#000}@supports not (aspect-ratio:1\/1){.elementor-widget-video .elementor-wrapper{position:relative;overflow:hidden;height:0;padding-bottom:calc(100% \/ var(--video-aspect-ratio))}.elementor-widget-video .elementor-wrapper iframe,.elementor-widget-video .elementor-wrapper video{position:absolute;top:0;right:0;bottom:0;left:0}}.elementor-widget-video .elementor-open-inline .elementor-custom-embed-image-overlay{position:absolute;top:0;right:0;bottom:0;left:0;background-size:cover;background-position:50%}.elementor-widget-video .elementor-custom-embed-image-overlay{cursor:pointer;text-align:center}.elementor-widget-video .elementor-custom-embed-image-overlay:hover .elementor-custom-embed-play i{opacity:1}.elementor-widget-video .elementor-custom-embed-image-overlay img{display:block;width:100%;aspect-ratio:var(--video-aspect-ratio);-o-object-fit:cover;object-fit:cover;-o-object-position:center center;object-position:center center}@supports not (aspect-ratio:1\/1){.elementor-widget-video .elementor-custom-embed-image-overlay{position:relative;overflow:hidden;height:0;padding-bottom:calc(100% \/ var(--video-aspect-ratio))}.elementor-widget-video .elementor-custom-embed-image-overlay img{position:absolute;top:0;right:0;bottom:0;left:0}}.elementor-widget-video .e-hosted-video .elementor-video{-o-object-fit:cover;object-fit:cover}.e-con-inner>.elementor-widget-video,.e-con>.elementor-widget-video{width:var(--container-widget-width);--flex-grow:var(--container-widget-flex-grow)}<\/style>\t\t<div class=\"e-hosted-video elementor-wrapper elementor-open-inline\">\n\t\t\t\t\t<video class=\"elementor-video\" src=\"https:\/\/www.chu-tours.fr\/neurochirurgie\/wp-content\/uploads\/sites\/18\/2025\/10\/neurochir_video-accueil.mov\" autoplay=\"\" controls=\"\" controlsList=\"nodownload\" poster=\"https:\/\/www.chu-tours.fr\/neurochirurgie\/wp-content\/uploads\/sites\/18\/2025\/10\/poster-video.jpg\"><\/video>\n\t\t\t\t<\/div>\n\t\t\t\t<\/div>\n\t\t\t\t<\/div>\n\t\t\t\t<div class=\"elementor-element elementor-element-a4be81c elementor-widget elementor-widget-text-editor\" data-id=\"a4be81c\" data-element_type=\"widget\" data-widget_type=\"text-editor.default\">\n\t\t\t\t<div class=\"elementor-widget-container\">\n\t\t\t<style>\/*! elementor - v3.23.0 - 15-07-2024 *\/\n.elementor-widget-text-editor.elementor-drop-cap-view-stacked .elementor-drop-cap{background-color:#69727d;color:#fff}.elementor-widget-text-editor.elementor-drop-cap-view-framed .elementor-drop-cap{color:#69727d;border:3px solid;background-color:transparent}.elementor-widget-text-editor:not(.elementor-drop-cap-view-default) .elementor-drop-cap{margin-top:8px}.elementor-widget-text-editor:not(.elementor-drop-cap-view-default) .elementor-drop-cap-letter{width:1em;height:1em}.elementor-widget-text-editor .elementor-drop-cap{float:left;text-align:center;line-height:1;font-size:50px}.elementor-widget-text-editor .elementor-drop-cap-letter{display:inline-block}<\/style>\t\t\t\t<p style=\"text-align: right;\"><span style=\"font-size: 10pt;\"><em>\u00a9<a href=\"https:\/\/stock.adobe.com\/fr\/video\/top-view-of-unrecognizable-doctor-in-gloves-inspecting-ct-scan-of-brain-and-gesturing\/172174330?prev_url=detail\" target=\"_blank\" rel=\"noopener\" class=\"broken_link\">Adobe stock<\/a><\/em><\/span><\/p>\t\t\t\t\t\t<\/div>\n\t\t\t\t<\/div>\n\t\t\t\t<\/div>\n\t\t<div class=\"elementor-element elementor-element-d60f851 e-flex e-con-boxed e-con e-parent\" data-id=\"d60f851\" data-element_type=\"container\">\n\t\t\t\t\t<div class=\"e-con-inner\">\n\t\t\t\t<div class=\"elementor-element elementor-element-1ebd6e3 elementor-widget elementor-widget-text-editor\" data-id=\"1ebd6e3\" data-element_type=\"widget\" data-widget_type=\"text-editor.default\">\n\t\t\t\t<div class=\"elementor-widget-container\">\n\t\t\t\t\t\t\t<p><strong>Le service est compos\u00e9 de <span style=\"color: #ed1164;\">30<\/span> lits d\u2019hospitalisation conventionnelle, <span style=\"color: #ed1164;\">12<\/span> lits d\u2019unit\u00e9s de soins continus neurochirurgicaux et <span style=\"color: #ed1164;\">8<\/span> lits de r\u00e9animation neurochirurgicale situ\u00e9s \u00e0 l\u2019h\u00f4pital Bretonneau.<\/strong><\/p><p>Le personnel param\u00e9dical est compos\u00e9 de\u00a0:<\/p><ul><li><span style=\"color: #ed1164;\">10 infirmier(e)s<\/span> en hospitalisation conventionnelle, <span style=\"color: #ed1164;\">15 aides-soignant(e)s<\/span> et <span style=\"color: #ed1164;\">4 agents<\/span> de service hospitaliers<\/li><li><span style=\"color: #ed1164;\">20 infirmier(e)s<\/span> en USC et <span style=\"color: #ed1164;\">18 aides-soignant(e)s<\/span> en unit\u00e9 de soins continus.<\/li><li><span style=\"color: #ed1164;\">3 orthophonistes<\/span><\/li><li><span style=\"color: #ed1164;\">1 psychologue<\/span><\/li><li><span style=\"color: #ed1164;\">1 assistante sociale<\/span><\/li><\/ul><p><strong>2 cadres de sant\u00e9<\/strong><\/p><ul><li><strong><span style=\"color: #000000;\">Cadre de Sant\u00e9 de neurochirurgie<\/span><\/strong> : Mme MEILLON \u00c9milie<br \/>&gt; <span style=\"color: #ed1164;\">02 47 47 88 28<\/span><\/li><li><strong>Cadre de Sant\u00e9 d\u2019USC-R\u00e9animation neurochirurgicale<\/strong> : M. PIERRE R\u00e9mi<br \/>&gt; <span style=\"color: #ed1164;\">02 47 47 69 22<\/span><\/li><\/ul><p><strong>1 attach\u00e9e de recherche clinique.<\/strong><\/p>\t\t\t\t\t\t<\/div>\n\t\t\t\t<\/div>\n\t\t\t\t\t<\/div>\n\t\t\t\t<\/div>\n\t\t\t\t<\/div>\n\t\t","protected":false},"excerpt":{"rendered":"<p>https:\/\/www.chu-tours.fr\/neurochirurgie\/wp-content\/uploads\/sites\/18\/2025\/10\/neurochir_video-accueil.mov \u00a9Adobe stock Le service est compos\u00e9 de 30 lits d\u2019hospitalisation conventionnelle, 12 lits d\u2019unit\u00e9s de soins continus neurochirurgicaux et 8 lits de r\u00e9animation neurochirurgicale situ\u00e9s \u00e0 l\u2019h\u00f4pital Bretonneau. Le personnel param\u00e9dical est compos\u00e9 de\u00a0: 10 infirmier(e)s en hospitalisation conventionnelle, 15 aides-soignant(e)s et 4 agents de service hospitaliers 20 infirmier(e)s en USC et 18 aides-soignant(e)s [&hellip;]<\/p>\n","protected":false},"author":4,"featured_media":0,"parent":0,"menu_order":0,"comment_status":"closed","ping_status":"closed","template":"","meta":{"_seopress_robots_primary_cat":"","_seopress_titles_title":"","_seopress_titles_desc":"","_seopress_robots_index":"","_exactmetrics_skip_tracking":false,"_exactmetrics_sitenote_active":false,"_exactmetrics_sitenote_note":"","_exactmetrics_sitenote_category":0,"_genesis_hide_title":false,"_genesis_hide_breadcrumbs":false,"_genesis_hide_singular_image":false,"_genesis_hide_footer_widgets":false,"_genesis_custom_body_class":"","_genesis_custom_post_class":"","_genesis_layout":"","footnotes":""},"publishpress_future_action":{"enabled":false,"date":"2026-04-26 19:54:54","action":"change-status","newStatus":"draft","terms":[],"taxonomy":""},"_links":{"self":[{"href":"https:\/\/www.chu-tours.fr\/neurochirurgie\/wp-json\/wp\/v2\/pages\/95"}],"collection":[{"href":"https:\/\/www.chu-tours.fr\/neurochirurgie\/wp-json\/wp\/v2\/pages"}],"about":[{"href":"https:\/\/www.chu-tours.fr\/neurochirurgie\/wp-json\/wp\/v2\/types\/page"}],"author":[{"embeddable":true,"href":"https:\/\/www.chu-tours.fr\/neurochirurgie\/wp-json\/wp\/v2\/users\/4"}],"replies":[{"embeddable":true,"href":"https:\/\/www.chu-tours.fr\/neurochirurgie\/wp-json\/wp\/v2\/comments?post=95"}],"version-history":[{"count":16,"href":"https:\/\/www.chu-tours.fr\/neurochirurgie\/wp-json\/wp\/v2\/pages\/95\/revisions"}],"predecessor-version":[{"id":634,"href":"https:\/\/www.chu-tours.fr\/neurochirurgie\/wp-json\/wp\/v2\/pages\/95\/revisions\/634"}],"wp:attachment":[{"href":"https:\/\/www.chu-tours.fr\/neurochirurgie\/wp-json\/wp\/v2\/media?parent=95"}],"curies":[{"name":"wp","href":"https:\/\/api.w.org\/{rel}","templated":true}]}}