{"id":77,"date":"2025-10-21T12:22:14","date_gmt":"2025-10-21T10:22:14","guid":{"rendered":"https:\/\/www.chu-tours.fr\/neurochirurgie\/?page_id=77"},"modified":"2025-10-21T12:45:40","modified_gmt":"2025-10-21T10:45:40","slug":"lequipe-de-neurochirurgie","status":"publish","type":"page","link":"https:\/\/www.chu-tours.fr\/neurochirurgie\/lequipe-de-neurochirurgie\/","title":{"rendered":"L\u2019\u00e9quipe de Neurochirurgie"},"content":{"rendered":"\t\t<div data-elementor-type=\"wp-page\" data-elementor-id=\"77\" class=\"elementor elementor-77\" data-elementor-post-type=\"page\">\n\t\t\t\t<div class=\"elementor-element elementor-element-d60f851 e-flex e-con-boxed e-con e-parent\" data-id=\"d60f851\" data-element_type=\"container\">\n\t\t\t\t\t<div class=\"e-con-inner\">\n\t\t\t\t\t<\/div>\n\t\t\t\t<\/div>\n\t\t<div class=\"elementor-element elementor-element-d508d75 e-flex e-con-boxed e-con e-parent\" data-id=\"d508d75\" data-element_type=\"container\">\n\t\t\t\t\t<div class=\"e-con-inner\">\n\t\t<div class=\"elementor-element elementor-element-c7ce5f7 e-con-full e-flex e-con e-child\" data-id=\"c7ce5f7\" data-element_type=\"container\" data-settings=\"{&quot;background_background&quot;:&quot;classic&quot;}\">\n\t\t\t\t<div class=\"elementor-element elementor-element-4de214f elementor-position-top elementor-widget elementor-widget-image-box\" data-id=\"4de214f\" data-element_type=\"widget\" data-widget_type=\"image-box.default\">\n\t\t\t\t<div class=\"elementor-widget-container\">\n\t\t\t<style>\/*! elementor - v3.23.0 - 15-07-2024 *\/\n.elementor-widget-image-box .elementor-image-box-content{width:100%}@media (min-width:768px){.elementor-widget-image-box.elementor-position-left .elementor-image-box-wrapper,.elementor-widget-image-box.elementor-position-right .elementor-image-box-wrapper{display:flex}.elementor-widget-image-box.elementor-position-right .elementor-image-box-wrapper{text-align:end;flex-direction:row-reverse}.elementor-widget-image-box.elementor-position-left .elementor-image-box-wrapper{text-align:start;flex-direction:row}.elementor-widget-image-box.elementor-position-top .elementor-image-box-img{margin:auto}.elementor-widget-image-box.elementor-vertical-align-top .elementor-image-box-wrapper{align-items:flex-start}.elementor-widget-image-box.elementor-vertical-align-middle .elementor-image-box-wrapper{align-items:center}.elementor-widget-image-box.elementor-vertical-align-bottom .elementor-image-box-wrapper{align-items:flex-end}}@media (max-width:767px){.elementor-widget-image-box .elementor-image-box-img{margin-left:auto!important;margin-right:auto!important;margin-bottom:15px}}.elementor-widget-image-box .elementor-image-box-img{display:inline-block}.elementor-widget-image-box .elementor-image-box-title a{color:inherit}.elementor-widget-image-box .elementor-image-box-wrapper{text-align:center}.elementor-widget-image-box .elementor-image-box-description{margin:0}<\/style><div class=\"elementor-image-box-wrapper\"><figure class=\"elementor-image-box-img\"><img fetchpriority=\"high\" decoding=\"async\" width=\"192\" height=\"342\" src=\"https:\/\/www.chu-tours.fr\/neurochirurgie\/wp-content\/uploads\/sites\/18\/2025\/10\/Pr-Zemmoura.jpg\" class=\"attachment-full size-full wp-image-34\" alt=\"Pr Ilyess Zemmoura\" srcset=\"https:\/\/www.chu-tours.fr\/neurochirurgie\/wp-content\/uploads\/sites\/18\/2025\/10\/Pr-Zemmoura.jpg 192w, https:\/\/www.chu-tours.fr\/neurochirurgie\/wp-content\/uploads\/sites\/18\/2025\/10\/Pr-Zemmoura-168x300.jpg 168w\" sizes=\"(max-width: 192px) 100vw, 192px\" \/><\/figure><div class=\"elementor-image-box-content\"><h3 class=\"elementor-image-box-title\">Pr Ilyess Zemmoura<\/h3><p class=\"elementor-image-box-description\"><strong>Chef de service<\/strong><br \/>\nProfesseur des universit\u00e9s<br \/>\nPraticien Hospitalier<\/p><\/div><\/div>\t\t<\/div>\n\t\t\t\t<\/div>\n\t\t\t\t<\/div>\n\t\t<div class=\"elementor-element elementor-element-a87590b e-con-full e-flex e-con e-child\" data-id=\"a87590b\" data-element_type=\"container\" data-settings=\"{&quot;background_background&quot;:&quot;classic&quot;}\">\n\t\t\t\t<div class=\"elementor-element elementor-element-481e7e4 elementor-position-top elementor-widget elementor-widget-image-box\" data-id=\"481e7e4\" data-element_type=\"widget\" data-widget_type=\"image-box.default\">\n\t\t\t\t<div class=\"elementor-widget-container\">\n\t\t\t<div class=\"elementor-image-box-wrapper\"><figure class=\"elementor-image-box-img\"><img decoding=\"async\" width=\"192\" height=\"342\" src=\"https:\/\/www.chu-tours.fr\/neurochirurgie\/wp-content\/uploads\/sites\/18\/2025\/10\/Pr-Amelot.jpg\" class=\"attachment-full size-full wp-image-31\" alt=\"Pr Aymeric Amelot\" srcset=\"https:\/\/www.chu-tours.fr\/neurochirurgie\/wp-content\/uploads\/sites\/18\/2025\/10\/Pr-Amelot.jpg 192w, https:\/\/www.chu-tours.fr\/neurochirurgie\/wp-content\/uploads\/sites\/18\/2025\/10\/Pr-Amelot-168x300.jpg 168w\" sizes=\"(max-width: 192px) 100vw, 192px\" \/><\/figure><div class=\"elementor-image-box-content\"><h3 class=\"elementor-image-box-title\"> Pr Aymeric AMELOT<\/h3><p class=\"elementor-image-box-description\"><br \/>Professeur des universit\u00e9s<br \/>\nPraticien Hospitalier<\/p><\/div><\/div>\t\t<\/div>\n\t\t\t\t<\/div>\n\t\t\t\t<\/div>\n\t\t\t\t\t<\/div>\n\t\t\t\t<\/div>\n\t\t<div class=\"elementor-element elementor-element-00533bd e-flex e-con-boxed e-con e-parent\" data-id=\"00533bd\" data-element_type=\"container\">\n\t\t\t\t\t<div class=\"e-con-inner\">\n\t\t<div class=\"elementor-element elementor-element-93a7374 e-con-full e-flex e-con e-child\" data-id=\"93a7374\" data-element_type=\"container\" data-settings=\"{&quot;background_background&quot;:&quot;classic&quot;}\">\n\t\t\t\t<div class=\"elementor-element elementor-element-7823c3d elementor-position-top elementor-widget elementor-widget-image-box\" data-id=\"7823c3d\" data-element_type=\"widget\" data-widget_type=\"image-box.default\">\n\t\t\t\t<div class=\"elementor-widget-container\">\n\t\t\t<div class=\"elementor-image-box-wrapper\"><figure class=\"elementor-image-box-img\"><img decoding=\"async\" width=\"192\" height=\"342\" src=\"https:\/\/www.chu-tours.fr\/neurochirurgie\/wp-content\/uploads\/sites\/18\/2025\/10\/Pr-Destrieux.jpg\" class=\"attachment-full size-full wp-image-32\" alt=\"Pr Christophe DESTRIEUX\" srcset=\"https:\/\/www.chu-tours.fr\/neurochirurgie\/wp-content\/uploads\/sites\/18\/2025\/10\/Pr-Destrieux.jpg 192w, https:\/\/www.chu-tours.fr\/neurochirurgie\/wp-content\/uploads\/sites\/18\/2025\/10\/Pr-Destrieux-168x300.jpg 168w\" sizes=\"(max-width: 192px) 100vw, 192px\" \/><\/figure><div class=\"elementor-image-box-content\"><h3 class=\"elementor-image-box-title\">Pr Christophe DESTRIEUX<\/h3><p class=\"elementor-image-box-description\"><br \/>\nProfesseur des universit\u00e9s en Anatomie<br \/>\nPraticien Hospitalier<\/p><\/div><\/div>\t\t<\/div>\n\t\t\t\t<\/div>\n\t\t\t\t<\/div>\n\t\t<div class=\"elementor-element elementor-element-4e29ad4 e-con-full e-flex e-con e-child\" data-id=\"4e29ad4\" data-element_type=\"container\">\n\t\t\t\t<div class=\"elementor-element elementor-element-2752c82 elementor-position-top elementor-widget elementor-widget-image-box\" data-id=\"2752c82\" data-element_type=\"widget\" data-widget_type=\"image-box.default\">\n\t\t\t\t<div class=\"elementor-widget-container\">\n\t\t\t<div class=\"elementor-image-box-wrapper\"><figure class=\"elementor-image-box-img\"><img loading=\"lazy\" decoding=\"async\" width=\"192\" height=\"342\" src=\"https:\/\/www.chu-tours.fr\/neurochirurgie\/wp-content\/uploads\/sites\/18\/2025\/10\/Pr-Francois.jpg\" class=\"attachment-full size-full wp-image-33\" alt=\"Pr Patrick FRANCOIS\" srcset=\"https:\/\/www.chu-tours.fr\/neurochirurgie\/wp-content\/uploads\/sites\/18\/2025\/10\/Pr-Francois.jpg 192w, https:\/\/www.chu-tours.fr\/neurochirurgie\/wp-content\/uploads\/sites\/18\/2025\/10\/Pr-Francois-168x300.jpg 168w\" sizes=\"(max-width: 192px) 100vw, 192px\" \/><\/figure><div class=\"elementor-image-box-content\"><h3 class=\"elementor-image-box-title\">Pr Patrick FRANCOIS<\/h3><p class=\"elementor-image-box-description\"><br \/>Professeur des universit\u00e9s<br \/>\nPraticien Hospitalier<\/p><\/div><\/div>\t\t<\/div>\n\t\t\t\t<\/div>\n\t\t\t\t<\/div>\n\t\t\t\t\t<\/div>\n\t\t\t\t<\/div>\n\t\t<div class=\"elementor-element elementor-element-0f310f9 e-flex e-con-boxed e-con e-parent\" data-id=\"0f310f9\" data-element_type=\"container\">\n\t\t\t\t\t<div class=\"e-con-inner\">\n\t\t<div class=\"elementor-element elementor-element-57a325d e-con-full e-flex e-con e-child\" data-id=\"57a325d\" data-element_type=\"container\" data-settings=\"{&quot;background_background&quot;:&quot;classic&quot;}\">\n\t\t\t\t<div class=\"elementor-element elementor-element-e8cd036 elementor-position-top elementor-widget elementor-widget-image-box\" data-id=\"e8cd036\" data-element_type=\"widget\" data-widget_type=\"image-box.default\">\n\t\t\t\t<div class=\"elementor-widget-container\">\n\t\t\t<div class=\"elementor-image-box-wrapper\"><figure class=\"elementor-image-box-img\"><img loading=\"lazy\" decoding=\"async\" width=\"192\" height=\"342\" src=\"https:\/\/www.chu-tours.fr\/neurochirurgie\/wp-content\/uploads\/sites\/18\/2025\/10\/Dr-Aggad_192x342.jpg\" class=\"attachment-full size-full wp-image-36\" alt=\"Dr Mourad AGGAD\" srcset=\"https:\/\/www.chu-tours.fr\/neurochirurgie\/wp-content\/uploads\/sites\/18\/2025\/10\/Dr-Aggad_192x342.jpg 192w, https:\/\/www.chu-tours.fr\/neurochirurgie\/wp-content\/uploads\/sites\/18\/2025\/10\/Dr-Aggad_192x342-168x300.jpg 168w\" sizes=\"(max-width: 192px) 100vw, 192px\" \/><\/figure><div class=\"elementor-image-box-content\"><h3 class=\"elementor-image-box-title\">Dr Mourad AGGAD<\/h3><p class=\"elementor-image-box-description\"><br \/>\n<br \/>\nPraticien Hospitalier<\/p><\/div><\/div>\t\t<\/div>\n\t\t\t\t<\/div>\n\t\t\t\t<\/div>\n\t\t<div class=\"elementor-element elementor-element-a71bc63 e-con-full e-flex e-con e-child\" data-id=\"a71bc63\" data-element_type=\"container\">\n\t\t\t\t<div class=\"elementor-element elementor-element-05e8849 elementor-position-top elementor-widget elementor-widget-image-box\" data-id=\"05e8849\" data-element_type=\"widget\" data-widget_type=\"image-box.default\">\n\t\t\t\t<div class=\"elementor-widget-container\">\n\t\t\t<div class=\"elementor-image-box-wrapper\"><figure class=\"elementor-image-box-img\"><img loading=\"lazy\" decoding=\"async\" width=\"194\" height=\"342\" src=\"https:\/\/www.chu-tours.fr\/neurochirurgie\/wp-content\/uploads\/sites\/18\/2025\/10\/Dr-Planty-Bonjour.jpg\" class=\"attachment-full size-full wp-image-37\" alt=\"Dr Alexia PLANTY-BONJOUR\" srcset=\"https:\/\/www.chu-tours.fr\/neurochirurgie\/wp-content\/uploads\/sites\/18\/2025\/10\/Dr-Planty-Bonjour.jpg 194w, https:\/\/www.chu-tours.fr\/neurochirurgie\/wp-content\/uploads\/sites\/18\/2025\/10\/Dr-Planty-Bonjour-170x300.jpg 170w\" sizes=\"(max-width: 194px) 100vw, 194px\" \/><\/figure><div class=\"elementor-image-box-content\"><h3 class=\"elementor-image-box-title\">Dr Alexia PLANTY-BONJOUR<\/h3><p class=\"elementor-image-box-description\"><br \/><br \/>\nAssistante sp\u00e9cialiste<\/p><\/div><\/div>\t\t<\/div>\n\t\t\t\t<\/div>\n\t\t\t\t<\/div>\n\t\t\t\t\t<\/div>\n\t\t\t\t<\/div>\n\t\t<div class=\"elementor-element elementor-element-f5c9d4c e-flex e-con-boxed e-con e-parent\" data-id=\"f5c9d4c\" data-element_type=\"container\">\n\t\t\t\t\t<div class=\"e-con-inner\">\n\t\t<div class=\"elementor-element elementor-element-d7b9c53 e-con-full e-flex e-con e-child\" data-id=\"d7b9c53\" data-element_type=\"container\" data-settings=\"{&quot;background_background&quot;:&quot;classic&quot;}\">\n\t\t\t\t<div class=\"elementor-element elementor-element-21a32fb elementor-widget elementor-widget-heading\" data-id=\"21a32fb\" data-element_type=\"widget\" data-widget_type=\"heading.default\">\n\t\t\t\t<div class=\"elementor-widget-container\">\n\t\t\t<style>\/*! elementor - v3.23.0 - 15-07-2024 *\/\n.elementor-heading-title{padding:0;margin:0;line-height:1}.elementor-widget-heading .elementor-heading-title[class*=elementor-size-]>a{color:inherit;font-size:inherit;line-height:inherit}.elementor-widget-heading .elementor-heading-title.elementor-size-small{font-size:15px}.elementor-widget-heading .elementor-heading-title.elementor-size-medium{font-size:19px}.elementor-widget-heading .elementor-heading-title.elementor-size-large{font-size:29px}.elementor-widget-heading .elementor-heading-title.elementor-size-xl{font-size:39px}.elementor-widget-heading .elementor-heading-title.elementor-size-xxl{font-size:59px}<\/style><h2 class=\"elementor-heading-title elementor-size-default\">\u00c9quipe P\u00e9diatrique<\/h2>\t\t<\/div>\n\t\t\t\t<\/div>\n\t\t\t\t<div class=\"elementor-element elementor-element-fcef8db elementor-position-top elementor-widget elementor-widget-image-box\" data-id=\"fcef8db\" data-element_type=\"widget\" data-widget_type=\"image-box.default\">\n\t\t\t\t<div class=\"elementor-widget-container\">\n\t\t\t<div class=\"elementor-image-box-wrapper\"><figure class=\"elementor-image-box-img\"><img loading=\"lazy\" decoding=\"async\" width=\"242\" height=\"342\" src=\"https:\/\/www.chu-tours.fr\/neurochirurgie\/wp-content\/uploads\/sites\/18\/2025\/10\/Dr-Travers-et-Dr-Listrat.jpg\" class=\"attachment-full size-full wp-image-38\" alt=\"Dr Nadine TRAVERS et Dr Antoine Listrat\" srcset=\"https:\/\/www.chu-tours.fr\/neurochirurgie\/wp-content\/uploads\/sites\/18\/2025\/10\/Dr-Travers-et-Dr-Listrat.jpg 242w, https:\/\/www.chu-tours.fr\/neurochirurgie\/wp-content\/uploads\/sites\/18\/2025\/10\/Dr-Travers-et-Dr-Listrat-212x300.jpg 212w\" sizes=\"(max-width: 242px) 100vw, 242px\" \/><\/figure><div class=\"elementor-image-box-content\"><h3 class=\"elementor-image-box-title\">Dr Nadine TRAVERS et Dr Antoine Listrat<\/h3><p class=\"elementor-image-box-description\"><strong><\/strong><br \/>\n<br \/>\nPraticiens Hospitaliers<\/p><\/div><\/div>\t\t<\/div>\n\t\t\t\t<\/div>\n\t\t\t\t<\/div>\n\t\t\t\t\t<\/div>\n\t\t\t\t<\/div>\n\t\t\t\t<\/div>\n\t\t","protected":false},"excerpt":{"rendered":"<p>Pr Ilyess Zemmoura Chef de service Professeur des universit\u00e9s Praticien Hospitalier Pr Aymeric AMELOT Professeur des universit\u00e9s Praticien Hospitalier Pr Christophe DESTRIEUX Professeur des universit\u00e9s en Anatomie Praticien Hospitalier Pr Patrick FRANCOIS Professeur des universit\u00e9s Praticien Hospitalier Dr Mourad AGGAD Praticien Hospitalier Dr Alexia PLANTY-BONJOUR Assistante sp\u00e9cialiste \u00c9quipe P\u00e9diatrique Dr Nadine TRAVERS et Dr Antoine [&hellip;]<\/p>\n","protected":false},"author":4,"featured_media":0,"parent":0,"menu_order":0,"comment_status":"closed","ping_status":"closed","template":"","meta":{"_seopress_robots_primary_cat":"","_seopress_titles_title":"","_seopress_titles_desc":"","_seopress_robots_index":"","_exactmetrics_skip_tracking":false,"_exactmetrics_sitenote_active":false,"_exactmetrics_sitenote_note":"","_exactmetrics_sitenote_category":0,"_genesis_hide_title":false,"_genesis_hide_breadcrumbs":false,"_genesis_hide_singular_image":false,"_genesis_hide_footer_widgets":false,"_genesis_custom_body_class":"","_genesis_custom_post_class":"","_genesis_layout":"","footnotes":""},"publishpress_future_action":{"enabled":false,"date":"2026-04-26 19:48:31","action":"change-status","newStatus":"draft","terms":[],"taxonomy":""},"_links":{"self":[{"href":"https:\/\/www.chu-tours.fr\/neurochirurgie\/wp-json\/wp\/v2\/pages\/77"}],"collection":[{"href":"https:\/\/www.chu-tours.fr\/neurochirurgie\/wp-json\/wp\/v2\/pages"}],"about":[{"href":"https:\/\/www.chu-tours.fr\/neurochirurgie\/wp-json\/wp\/v2\/types\/page"}],"author":[{"embeddable":true,"href":"https:\/\/www.chu-tours.fr\/neurochirurgie\/wp-json\/wp\/v2\/users\/4"}],"replies":[{"embeddable":true,"href":"https:\/\/www.chu-tours.fr\/neurochirurgie\/wp-json\/wp\/v2\/comments?post=77"}],"version-history":[{"count":16,"href":"https:\/\/www.chu-tours.fr\/neurochirurgie\/wp-json\/wp\/v2\/pages\/77\/revisions"}],"predecessor-version":[{"id":94,"href":"https:\/\/www.chu-tours.fr\/neurochirurgie\/wp-json\/wp\/v2\/pages\/77\/revisions\/94"}],"wp:attachment":[{"href":"https:\/\/www.chu-tours.fr\/neurochirurgie\/wp-json\/wp\/v2\/media?parent=77"}],"curies":[{"name":"wp","href":"https:\/\/api.w.org\/{rel}","templated":true}]}}